{"id":1158,"date":"2025-09-02T20:44:20","date_gmt":"2025-09-02T20:44:20","guid":{"rendered":"https:\/\/supertortillamachines.com\/?post_type=product&#038;p=1158"},"modified":"2026-02-06T14:23:27","modified_gmt":"2026-02-06T14:23:27","slug":"horno-giratorio-con-bandejas-de-gran-capacidad-y-durabilidad-para-una-coccion-profesional","status":"publish","type":"product","link":"https:\/\/supertortillamachines.com\/es\/product\/swing-oven-with-trays-for-high-capacity-and-durability-for-professional-baking\/","title":{"rendered":"Horno Giratorio con Bandejas de Gran Capacidad y Durabilidad para la Cocci\u00f3n Profesional"},"content":{"rendered":"<h3>Horno giratorio - Gran capacidad y durabilidad para la panader\u00eda profesional<\/h3>\n<p>&nbsp;<\/p>\n<p>Nuestro horno Swing est\u00e1 dise\u00f1ado para satisfacer los m\u00e1s altos est\u00e1ndares de calidad y rendimiento en panader\u00eda comercial. Gracias a su robusta construcci\u00f3n y a sus materiales duraderos, este horno garantiza una larga vida \u00fatil al tiempo que ofrece excelentes resultados de horneado.<\/p>\n<p>&nbsp;<\/p>\n<p>Ideal para panader\u00edas, tortiller\u00edas e instalaciones de producci\u00f3n de alimentos, el horno oscilante ofrece una gran capacidad de producci\u00f3n para satisfacer la demanda incluso en horas punta. Su innovador sistema de bandeja oscilante garantiza una distribuci\u00f3n uniforme del calor, lo que se traduce en una cocci\u00f3n uniforme y una textura superior en cada lote.<\/p>\n<p>&nbsp;<\/p>\n<p>F\u00e1cil de manejar y energ\u00e9ticamente eficiente, este horno combina productividad, durabilidad y dise\u00f1o f\u00e1cil de usar, por lo que es la elecci\u00f3n perfecta para las empresas que requieren equipos de horneado fiables para elevar sus creaciones culinarias.<\/p>\n<p>&nbsp;<\/p>\n<p>Caracter\u00edsticas:<\/p>\n<ul>\n<li>Construcci\u00f3n robusta y duradera para un uso prolongado<\/li>\n<li>Sistema de bandeja basculante para una distribuci\u00f3n uniforme del calor<\/li>\n<li>Alta capacidad de producci\u00f3n para demandas comerciales<\/li>\n<li>Dise\u00f1o de f\u00e1cil manejo y bajo consumo<\/li>\n<li>Perfecto para panader\u00edas, tortiller\u00edas e industrias alimentarias<\/li>\n<\/ul>\n<p>&nbsp;<\/p>\n<p>Caracter\u00edsticas:<\/p>\n<ul>\n<li>De chapa galvanizada y acero inoxidable<\/li>\n<li>Mirilla panor\u00e1mica de cristal templado<\/li>\n<li>Luz interior<\/li>\n<li>Forrado con 4 pulgadas de lana mineral<\/li>\n<li>Alcanza los 220\u00b0C de 20 a 30 minutos en fr\u00edo<\/li>\n<li>Funciona con gas LP<\/li>\n<li>Panel digital (OPCIONAL)<\/li>\n<li>Sistema de vapor<\/li>\n<\/ul>\n<p><img decoding=\"async\" class=\"imgDescripcion\" src=\"https:\/\/supertortillamachines.com\/wp-content\/uploads\/2025\/09\/caracteristics-swing-oven.png\" alt=\"Cortadora y redondeadora de masa de trigo Infographic\" \/><\/p>\n<p><center>Infograf\u00eda Horno giratorio para panader\u00eda<\/center>&nbsp;<\/p>\n<p>Dimensiones:<\/p>\n<table class=\"tableDescription\">\n<thead>\n<tr>\n<th>Capacidad<\/th>\n<th>Frente<\/th>\n<th>Profundidad<\/th>\n<th>Altura<\/th>\n<\/tr>\n<\/thead>\n<tbody>\n<tr>\n<td>5 bandejas<\/td>\n<td>1,47 m (4,82 pies)<\/td>\n<td>2,07 m (6,79 pies)<\/td>\n<td>1,90 m (6,23 pies)<\/td>\n<\/tr>\n<tr>\n<td>10 bandejas<\/td>\n<td>1,97 m (6,46 pies)<\/td>\n<td>2,07 m (6,79 pies)<\/td>\n<td>1,90 m (6,23 pies)<\/td>\n<\/tr>\n<tr>\n<td>15 bandejas<\/td>\n<td>2,45 m (8,04 pies)<\/td>\n<td>2,07 m (6,79 pies)<\/td>\n<td>1,90 m (6,23 pies)<\/td>\n<\/tr>\n<tr>\n<td>20 bandejas<\/td>\n<td>2,95 m (9,68 pies)<\/td>\n<td>2,07 m (6,79 pies)<\/td>\n<td>1,90 m (6,23 pies)<\/td>\n<\/tr>\n<tr>\n<td>25 bandejas<\/td>\n<td>3,45 m (11,32 pies)<\/td>\n<td>2,07 m (6,79 pies)<\/td>\n<td>1,90 m (6,23 pies)<\/td>\n<\/tr>\n<tr>\n<td>30 bandejas<\/td>\n<td>3,95 m (12,96 pies)<\/td>\n<td>2,07 m (6,79 pies)<\/td>\n<td>1,90 m (6,23 pies)<\/td>\n<\/tr>\n<\/tbody>\n<\/table>\n<p><img decoding=\"async\" class=\"imgDescripcion\" src=\"https:\/\/supertortillamachines.com\/wp-content\/uploads\/2025\/09\/dimnsions-swing-oven.png\" alt=\"Dimensiones cortador y redondeador de masa de trigo\" \/><\/p>\n<p><center>Dimensiones Horno basculante<\/center>&nbsp;<\/p>\n<h4>Especificaciones:<\/h4>\n<table class=\"tableDescription\">\n<thead>\n<tr>\n<th>Capacidad de la bandeja<\/th>\n<th>5 bandejas<\/th>\n<th>10 bandejas<\/th>\n<th>15 bandejas<\/th>\n<th>20 bandejas<\/th>\n<th>25 bandejas<\/th>\n<th>30 bandejas<\/th>\n<\/tr>\n<\/thead>\n<tbody>\n<tr>\n<td>N\u00famero de bandejas por columpio<\/td>\n<td>1<\/td>\n<td>2<\/td>\n<td>3<\/td>\n<td>4<\/td>\n<td>5<\/td>\n<td>6<\/td>\n<\/tr>\n<tr>\n<td>Altura m\u00ednima para la colocaci\u00f3n del horno<\/td>\n<td>8,2 pies<br \/>\n(2.5 m)<\/td>\n<td>8,2 pies<br \/>\n(2.5 m)<\/td>\n<td>8,2 pies<br \/>\n(2.5 m)<\/td>\n<td>8,2 pies<br \/>\n(2.5 m)<\/td>\n<td>8,2 pies<br \/>\n(2.5 m)<\/td>\n<td>8,2 pies<br \/>\n(2.5 m)<\/td>\n<\/tr>\n<tr>\n<td>Peso total<\/td>\n<td>650 kg<\/td>\n<td>720 kg<\/td>\n<td>880 kg<\/td>\n<td>1.300 kg<\/td>\n<td>1.445 kg<\/td>\n<td>1.600 kg<\/td>\n<\/tr>\n<tr>\n<td>Capacidad del dep\u00f3sito de gasolina<\/td>\n<td>300 kg<\/td>\n<td>300 kg<\/td>\n<td>300 kg<\/td>\n<td>300 kg<\/td>\n<td>300 kg<\/td>\n<td>300 kg<\/td>\n<\/tr>\n<tr>\n<td>Capacidad del motor<\/td>\n<td>1\/2 CV<\/td>\n<td>1\/2 CV<\/td>\n<td>1\/2 CV<\/td>\n<td>1\/2 CV<\/td>\n<td>1\/2 CV<\/td>\n<td>3\/4 CV<\/td>\n<\/tr>\n<tr>\n<td>Consumo aproximado de gas en fr\u00edo<\/td>\n<td>1 L\/h<\/td>\n<td>1,25 L\/h<\/td>\n<td>1,65 l\/h<\/td>\n<td>2,7 L\/h<\/td>\n<td>2,95 L\/h<\/td>\n<td>3,3 L\/h<\/td>\n<\/tr>\n<tr>\n<td>Consumo aproximado de gas<\/td>\n<td>0,75 L\/h<\/td>\n<td>1,15 L\/h<\/td>\n<td>1,45 l\/h<\/td>\n<td>1,85 l\/h<\/td>\n<td>2,25 L\/h<\/td>\n<td>2,65 l\/h<\/td>\n<\/tr>\n<tr>\n<td>Capacidad de horneado de pan blanco (aprox. 16 piezas\/bandeja por hora)<\/td>\n<td>160<\/td>\n<td>320<\/td>\n<td>480<\/td>\n<td>640<\/td>\n<td>768<\/td>\n<td>960<\/td>\n<\/tr>\n<tr>\n<td>Capacidad de horneado de pasteler\u00eda dulce (aprox. 20 piezas\/bandeja por hora)<\/td>\n<td>200<\/td>\n<td>400<\/td>\n<td>600<\/td>\n<td>800<\/td>\n<td>960<\/td>\n<td>1200<\/td>\n<\/tr>\n<\/tbody>\n<\/table>\n<p>&nbsp;<\/p>\n<p>Estas m\u00e1quinas se fabrican bajo pedido y tardamos 15 d\u00edas laborables en enviarle su m\u00e1quina. Por favor, tenga esto en cuenta cuando haga su pedido.<\/p>\n<p>&nbsp;<\/p>\n<p>No lo dudes, tambi\u00e9n somos vendedores en ebay y puedes ver que somos un vendedor de confianza en<\/p>\n<p><a href=\"https:\/\/feedback.ebay.com\/ws\/eBayISAPI.dll?ViewFeedback2&amp;userid=woodandheat&amp;ftab=AllFeedback\">https:\/\/feedback.ebay.com\/ws\/eBayISAPI.dll?ViewFeedback2&amp;userid=woodandheat&amp;ftab=AllFeedback<\/a><\/p>\n<p>&nbsp;<\/p>\n<p><a href=\"https:\/\/supertortillamachines.com\/es\/\">www.supertortillamachines.com<\/a><\/p>\n<p>&nbsp;<\/p>\n<p>Es la mejor opci\u00f3n en m\u00e1quinas tortilladoras de harina para producci\u00f3n industrial. Somos una empresa con presencia en M\u00e9xico y Estados Unidos. Nuestras maquinas son de calidad hechas en Mexico y exportadas a nuestro almacen en USA. Es por eso que podemos enviar a un precio muy competitivo dentro de los EE.UU. y en todo el mundo.<\/p>\n<p>&nbsp;<\/p>\n<p>Si usted est\u00e1 en los EE.UU. ser\u00e1 muy f\u00e1cil comprar de nosotros, porque somos una corporaci\u00f3n de EE.UU., usted no tendr\u00e1 que lidiar con las aduanas en cualquier momento. Usted s\u00f3lo tiene que pedir y recibir\u00e1 su m\u00e1quina en cualquier direcci\u00f3n de EE.UU. dentro de los estados continentales.<\/p>","protected":false},"excerpt":{"rendered":"<p>Horno giratorio de gran capacidad para panader\u00edas y tortiller\u00edas. Duradero, eficiente y f\u00e1cil de usar, ofrece siempre resultados de horneado uniformes.<\/p>","protected":false},"featured_media":1162,"template":"","meta":{"om_disable_all_campaigns":false,"_monsterinsights_skip_tracking":false,"_monsterinsights_sitenote_active":false,"_monsterinsights_sitenote_note":"","_monsterinsights_sitenote_category":0},"product_brand":[57],"product_cat":[100,19,142],"product_tag":[139,103,102,140],"class_list":{"0":"post-1158","1":"product","2":"type-product","3":"status-publish","4":"has-post-thumbnail","6":"product_brand-super-tortilla-machines","7":"product_cat-bakery-products","8":"product_cat-tortilla-machines","9":"product_cat-premium-bakery","10":"product_tag-baking","11":"product_tag-bread","12":"product_tag-oven","13":"product_tag-swing","15":"first","16":"instock","17":"shipping-taxable","18":"purchasable","19":"product-type-variable"},"yoast_head":"<!-- This site is optimized with the Yoast SEO plugin v27.4 - https:\/\/yoast.com\/product\/yoast-seo-wordpress\/ -->\n<title>Swing Oven with Trays for High Capacity and Durability for Professional Baking - SUPER TORTILLA MACHINES<\/title>\n<meta name=\"description\" content=\"High-capacity Swing Oven for bakeries and tortilla factories. Durable, efficient, and easy to use, delivering consistent baking results every time.\" \/>\n<meta name=\"robots\" content=\"index, follow, max-snippet:-1, max-image-preview:large, max-video-preview:-1\" \/>\n<link rel=\"canonical\" href=\"https:\/\/supertortillamachines.com\/es\/producto\/horno-giratorio-con-bandejas-de-gran-capacidad-y-durabilidad-para-una-coccion-profesional\/\" \/>\n<meta property=\"og:locale\" content=\"es_MX\" \/>\n<meta property=\"og:type\" content=\"article\" \/>\n<meta property=\"og:title\" content=\"Swing Oven with Trays for High Capacity and Durability for Professional Baking - SUPER TORTILLA MACHINES\" \/>\n<meta property=\"og:description\" content=\"High-capacity Swing Oven for bakeries and tortilla factories. Durable, efficient, and easy to use, delivering consistent baking results every time.\" \/>\n<meta property=\"og:url\" content=\"https:\/\/supertortillamachines.com\/es\/producto\/horno-giratorio-con-bandejas-de-gran-capacidad-y-durabilidad-para-una-coccion-profesional\/\" \/>\n<meta property=\"og:site_name\" content=\"SUPER TORTILLA MACHINES\" \/>\n<meta property=\"article:modified_time\" content=\"2026-02-06T14:23:27+00:00\" \/>\n<meta property=\"og:image\" content=\"https:\/\/supertortillamachines.com\/wp-content\/uploads\/2025\/09\/Screenshot_1-1.png\" \/>\n\t<meta property=\"og:image:width\" content=\"1774\" \/>\n\t<meta property=\"og:image:height\" content=\"1524\" \/>\n\t<meta property=\"og:image:type\" content=\"image\/png\" \/>\n<meta name=\"twitter:card\" content=\"summary_large_image\" \/>\n<meta name=\"twitter:label1\" content=\"Tiempo de lectura\" \/>\n\t<meta name=\"twitter:data1\" content=\"4 minutos\" \/>\n<script type=\"application\/ld+json\" class=\"yoast-schema-graph\">{\"@context\":\"https:\\\/\\\/schema.org\",\"@graph\":[{\"@type\":\"WebPage\",\"@id\":\"https:\\\/\\\/supertortillamachines.com\\\/product\\\/swing-oven-with-trays-for-high-capacity-and-durability-for-professional-baking\\\/\",\"url\":\"https:\\\/\\\/supertortillamachines.com\\\/product\\\/swing-oven-with-trays-for-high-capacity-and-durability-for-professional-baking\\\/\",\"name\":\"Swing Oven with Trays for High Capacity and Durability for Professional Baking - SUPER TORTILLA MACHINES\",\"isPartOf\":{\"@id\":\"https:\\\/\\\/supertortillamachines.com\\\/#website\"},\"primaryImageOfPage\":{\"@id\":\"https:\\\/\\\/supertortillamachines.com\\\/product\\\/swing-oven-with-trays-for-high-capacity-and-durability-for-professional-baking\\\/#primaryimage\"},\"image\":{\"@id\":\"https:\\\/\\\/supertortillamachines.com\\\/product\\\/swing-oven-with-trays-for-high-capacity-and-durability-for-professional-baking\\\/#primaryimage\"},\"thumbnailUrl\":\"https:\\\/\\\/supertortillamachines.com\\\/wp-content\\\/uploads\\\/2025\\\/09\\\/Screenshot_1-1.png\",\"datePublished\":\"2025-09-02T20:44:20+00:00\",\"dateModified\":\"2026-02-06T14:23:27+00:00\",\"description\":\"High-capacity Swing Oven for bakeries and tortilla factories. Durable, efficient, and easy to use, delivering consistent baking results every time.\",\"breadcrumb\":{\"@id\":\"https:\\\/\\\/supertortillamachines.com\\\/product\\\/swing-oven-with-trays-for-high-capacity-and-durability-for-professional-baking\\\/#breadcrumb\"},\"inLanguage\":\"es\",\"potentialAction\":[{\"@type\":\"ReadAction\",\"target\":[\"https:\\\/\\\/supertortillamachines.com\\\/product\\\/swing-oven-with-trays-for-high-capacity-and-durability-for-professional-baking\\\/\"]}]},{\"@type\":\"ImageObject\",\"inLanguage\":\"es\",\"@id\":\"https:\\\/\\\/supertortillamachines.com\\\/product\\\/swing-oven-with-trays-for-high-capacity-and-durability-for-professional-baking\\\/#primaryimage\",\"url\":\"https:\\\/\\\/supertortillamachines.com\\\/wp-content\\\/uploads\\\/2025\\\/09\\\/Screenshot_1-1.png\",\"contentUrl\":\"https:\\\/\\\/supertortillamachines.com\\\/wp-content\\\/uploads\\\/2025\\\/09\\\/Screenshot_1-1.png\",\"width\":1774,\"height\":1524,\"caption\":\"Swing Oven Bread Baking with Trays\"},{\"@type\":\"BreadcrumbList\",\"@id\":\"https:\\\/\\\/supertortillamachines.com\\\/product\\\/swing-oven-with-trays-for-high-capacity-and-durability-for-professional-baking\\\/#breadcrumb\",\"itemListElement\":[{\"@type\":\"ListItem\",\"position\":1,\"name\":\"Home\",\"item\":\"https:\\\/\\\/supertortillamachines.com\\\/\"},{\"@type\":\"ListItem\",\"position\":2,\"name\":\"Shop\",\"item\":\"https:\\\/\\\/supertortillamachines.com\\\/shop\\\/\"},{\"@type\":\"ListItem\",\"position\":3,\"name\":\"Swing Oven with Trays for High Capacity and Durability for Professional Baking\"}]},{\"@type\":\"WebSite\",\"@id\":\"https:\\\/\\\/supertortillamachines.com\\\/#website\",\"url\":\"https:\\\/\\\/supertortillamachines.com\\\/\",\"name\":\"SUPER TORTILLA MACHINES\",\"description\":\"The best Mexican Tortilla Machines\",\"publisher\":{\"@id\":\"https:\\\/\\\/supertortillamachines.com\\\/#organization\"},\"potentialAction\":[{\"@type\":\"SearchAction\",\"target\":{\"@type\":\"EntryPoint\",\"urlTemplate\":\"https:\\\/\\\/supertortillamachines.com\\\/?s={search_term_string}\"},\"query-input\":{\"@type\":\"PropertyValueSpecification\",\"valueRequired\":true,\"valueName\":\"search_term_string\"}}],\"inLanguage\":\"es\"},{\"@type\":\"Organization\",\"@id\":\"https:\\\/\\\/supertortillamachines.com\\\/#organization\",\"name\":\"SUPER TORTILLA MACHINES\",\"url\":\"https:\\\/\\\/supertortillamachines.com\\\/\",\"logo\":{\"@type\":\"ImageObject\",\"inLanguage\":\"es\",\"@id\":\"https:\\\/\\\/supertortillamachines.com\\\/#\\\/schema\\\/logo\\\/image\\\/\",\"url\":\"https:\\\/\\\/supertortillamachines.com\\\/wp-content\\\/uploads\\\/2025\\\/07\\\/Supertortilla.jpg\",\"contentUrl\":\"https:\\\/\\\/supertortillamachines.com\\\/wp-content\\\/uploads\\\/2025\\\/07\\\/Supertortilla.jpg\",\"width\":221,\"height\":177,\"caption\":\" SUPER TORTILLA MACHINES \"},\"image\":{\"@id\":\"https:\\\/\\\/supertortillamachines.com\\\/#\\\/schema\\\/logo\\\/image\\\/\"}}]}<\/script>\n<!-- \/ Yoast SEO plugin. -->","yoast_head_json":{"title":"Horno Giratorio con Bandejas de Gran Capacidad y Durabilidad para Cocci\u00f3n Profesional - SUPER TORTILLA MACHINES","description":"Horno giratorio de gran capacidad para panader\u00edas y tortiller\u00edas. Duradero, eficiente y f\u00e1cil de usar, ofrece siempre resultados de horneado uniformes.","robots":{"index":"index","follow":"follow","max-snippet":"max-snippet:-1","max-image-preview":"max-image-preview:large","max-video-preview":"max-video-preview:-1"},"canonical":"https:\/\/supertortillamachines.com\/es\/producto\/horno-giratorio-con-bandejas-de-gran-capacidad-y-durabilidad-para-una-coccion-profesional\/","og_locale":"es_MX","og_type":"article","og_title":"Swing Oven with Trays for High Capacity and Durability for Professional Baking - SUPER TORTILLA MACHINES","og_description":"High-capacity Swing Oven for bakeries and tortilla factories. Durable, efficient, and easy to use, delivering consistent baking results every time.","og_url":"https:\/\/supertortillamachines.com\/es\/producto\/horno-giratorio-con-bandejas-de-gran-capacidad-y-durabilidad-para-una-coccion-profesional\/","og_site_name":"SUPER TORTILLA MACHINES","article_modified_time":"2026-02-06T14:23:27+00:00","og_image":[{"width":1774,"height":1524,"url":"https:\/\/supertortillamachines.com\/wp-content\/uploads\/2025\/09\/Screenshot_1-1.png","type":"image\/png"}],"twitter_card":"summary_large_image","twitter_misc":{"Tiempo de lectura":"4 minutos"},"schema":{"@context":"https:\/\/schema.org","@graph":[{"@type":"WebPage","@id":"https:\/\/supertortillamachines.com\/product\/swing-oven-with-trays-for-high-capacity-and-durability-for-professional-baking\/","url":"https:\/\/supertortillamachines.com\/product\/swing-oven-with-trays-for-high-capacity-and-durability-for-professional-baking\/","name":"Horno Giratorio con Bandejas de Gran Capacidad y Durabilidad para Cocci\u00f3n Profesional - SUPER TORTILLA MACHINES","isPartOf":{"@id":"https:\/\/supertortillamachines.com\/#website"},"primaryImageOfPage":{"@id":"https:\/\/supertortillamachines.com\/product\/swing-oven-with-trays-for-high-capacity-and-durability-for-professional-baking\/#primaryimage"},"image":{"@id":"https:\/\/supertortillamachines.com\/product\/swing-oven-with-trays-for-high-capacity-and-durability-for-professional-baking\/#primaryimage"},"thumbnailUrl":"https:\/\/supertortillamachines.com\/wp-content\/uploads\/2025\/09\/Screenshot_1-1.png","datePublished":"2025-09-02T20:44:20+00:00","dateModified":"2026-02-06T14:23:27+00:00","description":"Horno giratorio de gran capacidad para panader\u00edas y tortiller\u00edas. Duradero, eficiente y f\u00e1cil de usar, ofrece siempre resultados de horneado uniformes.","breadcrumb":{"@id":"https:\/\/supertortillamachines.com\/product\/swing-oven-with-trays-for-high-capacity-and-durability-for-professional-baking\/#breadcrumb"},"inLanguage":"es","potentialAction":[{"@type":"ReadAction","target":["https:\/\/supertortillamachines.com\/product\/swing-oven-with-trays-for-high-capacity-and-durability-for-professional-baking\/"]}]},{"@type":"ImageObject","inLanguage":"es","@id":"https:\/\/supertortillamachines.com\/product\/swing-oven-with-trays-for-high-capacity-and-durability-for-professional-baking\/#primaryimage","url":"https:\/\/supertortillamachines.com\/wp-content\/uploads\/2025\/09\/Screenshot_1-1.png","contentUrl":"https:\/\/supertortillamachines.com\/wp-content\/uploads\/2025\/09\/Screenshot_1-1.png","width":1774,"height":1524,"caption":"Swing Oven Bread Baking with Trays"},{"@type":"BreadcrumbList","@id":"https:\/\/supertortillamachines.com\/product\/swing-oven-with-trays-for-high-capacity-and-durability-for-professional-baking\/#breadcrumb","itemListElement":[{"@type":"ListItem","position":1,"name":"Home","item":"https:\/\/supertortillamachines.com\/"},{"@type":"ListItem","position":2,"name":"Shop","item":"https:\/\/supertortillamachines.com\/shop\/"},{"@type":"ListItem","position":3,"name":"Swing Oven with Trays for High Capacity and Durability for Professional Baking"}]},{"@type":"WebSite","@id":"https:\/\/supertortillamachines.com\/#website","url":"https:\/\/supertortillamachines.com\/","name":"SUPER TORTILLADORAS","description":"Las mejores Tortilladoras Mexicanas","publisher":{"@id":"https:\/\/supertortillamachines.com\/#organization"},"potentialAction":[{"@type":"SearchAction","target":{"@type":"EntryPoint","urlTemplate":"https:\/\/supertortillamachines.com\/?s={search_term_string}"},"query-input":{"@type":"PropertyValueSpecification","valueRequired":true,"valueName":"search_term_string"}}],"inLanguage":"es"},{"@type":"Organization","@id":"https:\/\/supertortillamachines.com\/#organization","name":"SUPER TORTILLADORAS","url":"https:\/\/supertortillamachines.com\/","logo":{"@type":"ImageObject","inLanguage":"es","@id":"https:\/\/supertortillamachines.com\/#\/schema\/logo\/image\/","url":"https:\/\/supertortillamachines.com\/wp-content\/uploads\/2025\/07\/Supertortilla.jpg","contentUrl":"https:\/\/supertortillamachines.com\/wp-content\/uploads\/2025\/07\/Supertortilla.jpg","width":221,"height":177,"caption":" SUPER TORTILLA MACHINES "},"image":{"@id":"https:\/\/supertortillamachines.com\/#\/schema\/logo\/image\/"}}]}},"jetpack_sharing_enabled":true,"_links":{"self":[{"href":"https:\/\/supertortillamachines.com\/es\/wp-json\/wp\/v2\/product\/1158","targetHints":{"allow":["GET"]}}],"collection":[{"href":"https:\/\/supertortillamachines.com\/es\/wp-json\/wp\/v2\/product"}],"about":[{"href":"https:\/\/supertortillamachines.com\/es\/wp-json\/wp\/v2\/types\/product"}],"wp:featuredmedia":[{"embeddable":true,"href":"https:\/\/supertortillamachines.com\/es\/wp-json\/wp\/v2\/media\/1162"}],"wp:attachment":[{"href":"https:\/\/supertortillamachines.com\/es\/wp-json\/wp\/v2\/media?parent=1158"}],"wp:term":[{"taxonomy":"product_brand","embeddable":true,"href":"https:\/\/supertortillamachines.com\/es\/wp-json\/wp\/v2\/product_brand?post=1158"},{"taxonomy":"product_cat","embeddable":true,"href":"https:\/\/supertortillamachines.com\/es\/wp-json\/wp\/v2\/product_cat?post=1158"},{"taxonomy":"product_tag","embeddable":true,"href":"https:\/\/supertortillamachines.com\/es\/wp-json\/wp\/v2\/product_tag?post=1158"}],"curies":[{"name":"wp","href":"https:\/\/api.w.org\/{rel}","templated":true}]}}