{"id":1211,"date":"2025-09-05T16:22:57","date_gmt":"2025-09-05T16:22:57","guid":{"rendered":"https:\/\/supertortillamachines.com\/?post_type=product&#038;p=1211"},"modified":"2025-09-18T16:02:31","modified_gmt":"2025-09-18T16:02:31","slug":"horno-vertical-estandar","status":"publish","type":"product","link":"https:\/\/supertortillamachines.com\/es\/product\/standard-vertical-bakery-oven\/","title":{"rendered":"Horno vertical est\u00e1ndar con caj\u00f3n de panader\u00eda"},"content":{"rendered":"<p>Nuestro horno vertical est\u00e1ndar, disponible en modelos de 3, 4 \u00f3 6 bandejas, es la soluci\u00f3n perfecta para panader\u00edas que necesitan eficiencia en un espacio compacto. Dise\u00f1ado para maximizar el espacio vertical, este horno se adapta perfectamente a las \u00e1reas de producci\u00f3n m\u00e1s peque\u00f1as sin comprometer el rendimiento.<\/p>\n<p>&nbsp;<\/p>\n<p>Equipada con rejillas reforzadas, mirilla de cristal templado, tapa de la puerta de acero inoxidable e iluminaci\u00f3n interior con enchufe E26, garantiza durabilidad y comodidad para el horneado diario. El aislamiento t\u00e9rmico de fibra de vidrio mantiene un calor constante, mientras que los quemadores tipo flauta y el term\u00f3metro incorporado (0\u00b0-300\u00b0C) proporcionan resultados de horneado precisos y fiables.<\/p>\n<p>&nbsp;<\/p>\n<p>Gracias a su dise\u00f1o vertical, este horno ahorra un valioso espacio en el suelo, por lo que es ideal para panader\u00edas, restaurantes y negocios de alimentaci\u00f3n con un espacio de cocina limitado. Fiable, pr\u00e1ctico y rentable, este horno forma parte de nuestra L\u00ednea Est\u00e1ndar, creada para satisfacer las necesidades esenciales de horneado.<\/p>\n<p>&nbsp;<\/p>\n<p>Caracter\u00edsticas:<\/p>\n<ul>\n<li>Disponible en modelos de 3, 4 \u00f3 6 bandejas para adaptarse a las distintas necesidades de producci\u00f3n<\/li>\n<li>El dise\u00f1o vertical ahorra espacio horizontal: ideal para panader\u00edas compactas<\/li>\n<li>Cremalleras reforzadas para mayor durabilidad y uso intensivo<\/li>\n<li>Ventana de visualizaci\u00f3n de cristal templado para una supervisi\u00f3n segura y sencilla<\/li>\n<li>Iluminaci\u00f3n interior con casquillo E26 (bombilla no incluida)<\/li>\n<li>Cubierta de la puerta de acero inoxidable para mayor durabilidad y f\u00e1cil limpieza<\/li>\n<li>Aislamiento t\u00e9rmico de fibra de vidrio para una cocci\u00f3n constante a alta temperatura<\/li>\n<li>Cuatro quemadores tipo flauta para una distribuci\u00f3n eficaz y uniforme del calor<\/li>\n<li>Term\u00f3metro incorporado (0\u00b0-300\u00b0C) para un control preciso de la temperatura<\/li>\n<li>Sistema de escape tipo chimenea para una correcta circulaci\u00f3n del aire y evacuaci\u00f3n del calor<\/li>\n<li>Ruedas resistentes de doble rodamiento con sistema de freno para mayor movilidad y estabilidad<\/li>\n<\/ul>\n<p>&nbsp;<\/p>\n<p>&nbsp;<\/p>\n<p>Estas m\u00e1quinas se fabrican bajo pedido y tardamos 15 d\u00edas laborables en enviarle su m\u00e1quina. Por favor, tenga esto en cuenta cuando haga su pedido.<\/p>\n<p>&nbsp;<\/p>\n<p>No lo dudes, tambi\u00e9n somos vendedores en ebay y puedes ver que somos un vendedor de confianza en<\/p>\n<p><a href=\"https:\/\/feedback.ebay.com\/ws\/eBayISAPI.dll?ViewFeedback2&amp;userid=woodandheat&amp;ftab=AllFeedback\">https:\/\/feedback.ebay.com\/ws\/eBayISAPI.dll?ViewFeedback2&amp;userid=woodandheat&amp;ftab=AllFeedback<\/a><\/p>\n<p>&nbsp;<\/p>\n<p><a href=\"https:\/\/supertortillamachines.com\/es\/\">www.supertortillamachines.com<\/a><\/p>\n<p>&nbsp;<\/p>\n<p>Es la mejor opci\u00f3n en m\u00e1quinas tortilladoras de harina para producci\u00f3n industrial. Somos una empresa con presencia en M\u00e9xico y Estados Unidos. Nuestras maquinas son de calidad hechas en Mexico y exportadas a nuestro almacen en USA. Es por eso que podemos enviar a un precio muy competitivo dentro de los EE.UU. y en todo el mundo.<\/p>\n<p>&nbsp;<\/p>\n<p>Si usted est\u00e1 en los EE.UU. ser\u00e1 muy f\u00e1cil comprar de nosotros, porque somos una corporaci\u00f3n de EE.UU., usted no tendr\u00e1 que lidiar con las aduanas en cualquier momento. Usted s\u00f3lo tiene que pedir y recibir\u00e1 su m\u00e1quina en cualquier direcci\u00f3n de EE.UU. dentro de los estados continentales.<\/p>","protected":false},"excerpt":{"rendered":"<p>Horno vertical compacto con 4 bandejas, rejillas reforzadas, ventana de visualizaci\u00f3n de cristal y rendimiento de horneado preciso para espacios de panader\u00eda peque\u00f1os.<\/p>","protected":false},"featured_media":1213,"template":"","meta":{"om_disable_all_campaigns":false,"_monsterinsights_skip_tracking":false,"_monsterinsights_sitenote_active":false,"_monsterinsights_sitenote_note":"","_monsterinsights_sitenote_category":0},"product_brand":[57],"product_cat":[100,19,143],"product_tag":[101,139,102,144],"class_list":{"0":"post-1211","1":"product","2":"type-product","3":"status-publish","4":"has-post-thumbnail","6":"product_brand-super-tortilla-machines","7":"product_cat-bakery-products","8":"product_cat-tortilla-machines","9":"product_cat-standard-bakery","10":"product_tag-bakery","11":"product_tag-baking","12":"product_tag-oven","13":"product_tag-standard","15":"first","16":"instock","17":"shipping-taxable","18":"purchasable","19":"product-type-variable"},"yoast_head":"<!-- This site is optimized with the Yoast SEO plugin v27.4 - https:\/\/yoast.com\/product\/yoast-seo-wordpress\/ -->\n<title>Standard Vertical Bakery Drawer Oven - SUPER TORTILLA MACHINES<\/title>\n<meta name=\"description\" content=\"Compact vertical oven available in 3, 4, or 6 tray models, efficient, durable, and ideal for bakeries with limited space.\" \/>\n<meta name=\"robots\" content=\"index, follow, max-snippet:-1, max-image-preview:large, max-video-preview:-1\" \/>\n<link rel=\"canonical\" href=\"https:\/\/supertortillamachines.com\/es\/producto\/horno-vertical-estandar\/\" \/>\n<meta property=\"og:locale\" content=\"es_MX\" \/>\n<meta property=\"og:type\" content=\"article\" \/>\n<meta property=\"og:title\" content=\"Standard Vertical Bakery Drawer Oven - SUPER TORTILLA MACHINES\" \/>\n<meta property=\"og:description\" content=\"Compact vertical oven available in 3, 4, or 6 tray models, efficient, durable, and ideal for bakeries with limited space.\" \/>\n<meta property=\"og:url\" content=\"https:\/\/supertortillamachines.com\/es\/producto\/horno-vertical-estandar\/\" \/>\n<meta property=\"og:site_name\" content=\"SUPER TORTILLA MACHINES\" \/>\n<meta property=\"article:modified_time\" content=\"2025-09-18T16:02:31+00:00\" \/>\n<meta property=\"og:image\" content=\"https:\/\/supertortillamachines.com\/wp-content\/uploads\/2025\/09\/standard-vertical-bakery-oven-1.png\" \/>\n\t<meta property=\"og:image:width\" content=\"520\" \/>\n\t<meta property=\"og:image:height\" content=\"420\" \/>\n\t<meta property=\"og:image:type\" content=\"image\/png\" \/>\n<meta name=\"twitter:card\" content=\"summary_large_image\" \/>\n<meta name=\"twitter:label1\" content=\"Tiempo de lectura\" \/>\n\t<meta name=\"twitter:data1\" content=\"2 minutos\" \/>\n<script type=\"application\/ld+json\" class=\"yoast-schema-graph\">{\"@context\":\"https:\\\/\\\/schema.org\",\"@graph\":[{\"@type\":\"WebPage\",\"@id\":\"https:\\\/\\\/supertortillamachines.com\\\/product\\\/standard-vertical-bakery-oven\\\/\",\"url\":\"https:\\\/\\\/supertortillamachines.com\\\/product\\\/standard-vertical-bakery-oven\\\/\",\"name\":\"Standard Vertical Bakery Drawer Oven - SUPER TORTILLA MACHINES\",\"isPartOf\":{\"@id\":\"https:\\\/\\\/supertortillamachines.com\\\/#website\"},\"primaryImageOfPage\":{\"@id\":\"https:\\\/\\\/supertortillamachines.com\\\/product\\\/standard-vertical-bakery-oven\\\/#primaryimage\"},\"image\":{\"@id\":\"https:\\\/\\\/supertortillamachines.com\\\/product\\\/standard-vertical-bakery-oven\\\/#primaryimage\"},\"thumbnailUrl\":\"https:\\\/\\\/supertortillamachines.com\\\/wp-content\\\/uploads\\\/2025\\\/09\\\/standard-vertical-bakery-oven-1.png\",\"datePublished\":\"2025-09-05T16:22:57+00:00\",\"dateModified\":\"2025-09-18T16:02:31+00:00\",\"description\":\"Compact vertical oven available in 3, 4, or 6 tray models, efficient, durable, and ideal for bakeries with limited space.\",\"breadcrumb\":{\"@id\":\"https:\\\/\\\/supertortillamachines.com\\\/product\\\/standard-vertical-bakery-oven\\\/#breadcrumb\"},\"inLanguage\":\"es\",\"potentialAction\":[{\"@type\":\"ReadAction\",\"target\":[\"https:\\\/\\\/supertortillamachines.com\\\/product\\\/standard-vertical-bakery-oven\\\/\"]}]},{\"@type\":\"ImageObject\",\"inLanguage\":\"es\",\"@id\":\"https:\\\/\\\/supertortillamachines.com\\\/product\\\/standard-vertical-bakery-oven\\\/#primaryimage\",\"url\":\"https:\\\/\\\/supertortillamachines.com\\\/wp-content\\\/uploads\\\/2025\\\/09\\\/standard-vertical-bakery-oven-1.png\",\"contentUrl\":\"https:\\\/\\\/supertortillamachines.com\\\/wp-content\\\/uploads\\\/2025\\\/09\\\/standard-vertical-bakery-oven-1.png\",\"width\":520,\"height\":420,\"caption\":\"Standard Vertical Bakery Oven\"},{\"@type\":\"BreadcrumbList\",\"@id\":\"https:\\\/\\\/supertortillamachines.com\\\/product\\\/standard-vertical-bakery-oven\\\/#breadcrumb\",\"itemListElement\":[{\"@type\":\"ListItem\",\"position\":1,\"name\":\"Home\",\"item\":\"https:\\\/\\\/supertortillamachines.com\\\/\"},{\"@type\":\"ListItem\",\"position\":2,\"name\":\"Shop\",\"item\":\"https:\\\/\\\/supertortillamachines.com\\\/shop\\\/\"},{\"@type\":\"ListItem\",\"position\":3,\"name\":\"Standard Vertical Bakery Drawer Oven\"}]},{\"@type\":\"WebSite\",\"@id\":\"https:\\\/\\\/supertortillamachines.com\\\/#website\",\"url\":\"https:\\\/\\\/supertortillamachines.com\\\/\",\"name\":\"SUPER TORTILLA MACHINES\",\"description\":\"The best Mexican Tortilla Machines\",\"publisher\":{\"@id\":\"https:\\\/\\\/supertortillamachines.com\\\/#organization\"},\"potentialAction\":[{\"@type\":\"SearchAction\",\"target\":{\"@type\":\"EntryPoint\",\"urlTemplate\":\"https:\\\/\\\/supertortillamachines.com\\\/?s={search_term_string}\"},\"query-input\":{\"@type\":\"PropertyValueSpecification\",\"valueRequired\":true,\"valueName\":\"search_term_string\"}}],\"inLanguage\":\"es\"},{\"@type\":\"Organization\",\"@id\":\"https:\\\/\\\/supertortillamachines.com\\\/#organization\",\"name\":\"SUPER TORTILLA MACHINES\",\"url\":\"https:\\\/\\\/supertortillamachines.com\\\/\",\"logo\":{\"@type\":\"ImageObject\",\"inLanguage\":\"es\",\"@id\":\"https:\\\/\\\/supertortillamachines.com\\\/#\\\/schema\\\/logo\\\/image\\\/\",\"url\":\"https:\\\/\\\/supertortillamachines.com\\\/wp-content\\\/uploads\\\/2025\\\/07\\\/Supertortilla.jpg\",\"contentUrl\":\"https:\\\/\\\/supertortillamachines.com\\\/wp-content\\\/uploads\\\/2025\\\/07\\\/Supertortilla.jpg\",\"width\":221,\"height\":177,\"caption\":\" SUPER TORTILLA MACHINES \"},\"image\":{\"@id\":\"https:\\\/\\\/supertortillamachines.com\\\/#\\\/schema\\\/logo\\\/image\\\/\"}}]}<\/script>\n<!-- \/ Yoast SEO plugin. -->","yoast_head_json":{"title":"Horno vertical est\u00e1ndar de caj\u00f3n para panader\u00eda - SUPER TORTILLA MACHINES","description":"Horno vertical compacto disponible en modelos de 3, 4 \u00f3 6 bandejas, eficiente, duradero e ideal para panader\u00edas con espacio limitado.","robots":{"index":"index","follow":"follow","max-snippet":"max-snippet:-1","max-image-preview":"max-image-preview:large","max-video-preview":"max-video-preview:-1"},"canonical":"https:\/\/supertortillamachines.com\/es\/producto\/horno-vertical-estandar\/","og_locale":"es_MX","og_type":"article","og_title":"Standard Vertical Bakery Drawer Oven - SUPER TORTILLA MACHINES","og_description":"Compact vertical oven available in 3, 4, or 6 tray models, efficient, durable, and ideal for bakeries with limited space.","og_url":"https:\/\/supertortillamachines.com\/es\/producto\/horno-vertical-estandar\/","og_site_name":"SUPER TORTILLA MACHINES","article_modified_time":"2025-09-18T16:02:31+00:00","og_image":[{"width":520,"height":420,"url":"https:\/\/supertortillamachines.com\/wp-content\/uploads\/2025\/09\/standard-vertical-bakery-oven-1.png","type":"image\/png"}],"twitter_card":"summary_large_image","twitter_misc":{"Tiempo de lectura":"2 minutos"},"schema":{"@context":"https:\/\/schema.org","@graph":[{"@type":"WebPage","@id":"https:\/\/supertortillamachines.com\/product\/standard-vertical-bakery-oven\/","url":"https:\/\/supertortillamachines.com\/product\/standard-vertical-bakery-oven\/","name":"Horno vertical est\u00e1ndar de caj\u00f3n para panader\u00eda - SUPER TORTILLA MACHINES","isPartOf":{"@id":"https:\/\/supertortillamachines.com\/#website"},"primaryImageOfPage":{"@id":"https:\/\/supertortillamachines.com\/product\/standard-vertical-bakery-oven\/#primaryimage"},"image":{"@id":"https:\/\/supertortillamachines.com\/product\/standard-vertical-bakery-oven\/#primaryimage"},"thumbnailUrl":"https:\/\/supertortillamachines.com\/wp-content\/uploads\/2025\/09\/standard-vertical-bakery-oven-1.png","datePublished":"2025-09-05T16:22:57+00:00","dateModified":"2025-09-18T16:02:31+00:00","description":"Horno vertical compacto disponible en modelos de 3, 4 \u00f3 6 bandejas, eficiente, duradero e ideal para panader\u00edas con espacio limitado.","breadcrumb":{"@id":"https:\/\/supertortillamachines.com\/product\/standard-vertical-bakery-oven\/#breadcrumb"},"inLanguage":"es","potentialAction":[{"@type":"ReadAction","target":["https:\/\/supertortillamachines.com\/product\/standard-vertical-bakery-oven\/"]}]},{"@type":"ImageObject","inLanguage":"es","@id":"https:\/\/supertortillamachines.com\/product\/standard-vertical-bakery-oven\/#primaryimage","url":"https:\/\/supertortillamachines.com\/wp-content\/uploads\/2025\/09\/standard-vertical-bakery-oven-1.png","contentUrl":"https:\/\/supertortillamachines.com\/wp-content\/uploads\/2025\/09\/standard-vertical-bakery-oven-1.png","width":520,"height":420,"caption":"Standard Vertical Bakery Oven"},{"@type":"BreadcrumbList","@id":"https:\/\/supertortillamachines.com\/product\/standard-vertical-bakery-oven\/#breadcrumb","itemListElement":[{"@type":"ListItem","position":1,"name":"Home","item":"https:\/\/supertortillamachines.com\/"},{"@type":"ListItem","position":2,"name":"Shop","item":"https:\/\/supertortillamachines.com\/shop\/"},{"@type":"ListItem","position":3,"name":"Standard Vertical Bakery Drawer Oven"}]},{"@type":"WebSite","@id":"https:\/\/supertortillamachines.com\/#website","url":"https:\/\/supertortillamachines.com\/","name":"SUPER TORTILLADORAS","description":"Las mejores Tortilladoras Mexicanas","publisher":{"@id":"https:\/\/supertortillamachines.com\/#organization"},"potentialAction":[{"@type":"SearchAction","target":{"@type":"EntryPoint","urlTemplate":"https:\/\/supertortillamachines.com\/?s={search_term_string}"},"query-input":{"@type":"PropertyValueSpecification","valueRequired":true,"valueName":"search_term_string"}}],"inLanguage":"es"},{"@type":"Organization","@id":"https:\/\/supertortillamachines.com\/#organization","name":"SUPER TORTILLADORAS","url":"https:\/\/supertortillamachines.com\/","logo":{"@type":"ImageObject","inLanguage":"es","@id":"https:\/\/supertortillamachines.com\/#\/schema\/logo\/image\/","url":"https:\/\/supertortillamachines.com\/wp-content\/uploads\/2025\/07\/Supertortilla.jpg","contentUrl":"https:\/\/supertortillamachines.com\/wp-content\/uploads\/2025\/07\/Supertortilla.jpg","width":221,"height":177,"caption":" SUPER TORTILLA MACHINES "},"image":{"@id":"https:\/\/supertortillamachines.com\/#\/schema\/logo\/image\/"}}]}},"jetpack_sharing_enabled":true,"_links":{"self":[{"href":"https:\/\/supertortillamachines.com\/es\/wp-json\/wp\/v2\/product\/1211","targetHints":{"allow":["GET"]}}],"collection":[{"href":"https:\/\/supertortillamachines.com\/es\/wp-json\/wp\/v2\/product"}],"about":[{"href":"https:\/\/supertortillamachines.com\/es\/wp-json\/wp\/v2\/types\/product"}],"wp:featuredmedia":[{"embeddable":true,"href":"https:\/\/supertortillamachines.com\/es\/wp-json\/wp\/v2\/media\/1213"}],"wp:attachment":[{"href":"https:\/\/supertortillamachines.com\/es\/wp-json\/wp\/v2\/media?parent=1211"}],"wp:term":[{"taxonomy":"product_brand","embeddable":true,"href":"https:\/\/supertortillamachines.com\/es\/wp-json\/wp\/v2\/product_brand?post=1211"},{"taxonomy":"product_cat","embeddable":true,"href":"https:\/\/supertortillamachines.com\/es\/wp-json\/wp\/v2\/product_cat?post=1211"},{"taxonomy":"product_tag","embeddable":true,"href":"https:\/\/supertortillamachines.com\/es\/wp-json\/wp\/v2\/product_tag?post=1211"}],"curies":[{"name":"wp","href":"https:\/\/api.w.org\/{rel}","templated":true}]}}