{"id":1225,"date":"2025-09-05T18:12:49","date_gmt":"2025-09-05T18:12:49","guid":{"rendered":"https:\/\/supertortillamachines.com\/?post_type=product&#038;p=1225"},"modified":"2025-09-18T16:02:31","modified_gmt":"2025-09-18T16:02:31","slug":"horno-de-cajones-compacto-estandar-disponible-en-2-4-o-6-bandejas","status":"publish","type":"product","link":"https:\/\/supertortillamachines.com\/es\/product\/standard-compact-drawer-oven-available-in-2-4-or-6-trays\/","title":{"rendered":"Horno de cajones compacto est\u00e1ndar - Disponible en 2, 4 \u00f3 6 bandejas"},"content":{"rendered":"<h3>Horno de cajones compacto<\/h3>\n<p>&nbsp;<\/p>\n<p>Nuestro horno de caj\u00f3n compacto est\u00e1 dise\u00f1ado para panader\u00edas que necesitan resultados profesionales en un espacio reducido. Disponible en modelos de 2, 4 o 6 bandejas -con ventanas de visualizaci\u00f3n de cristal templado opcionales-, se adapta perfectamente a las distintas necesidades de producci\u00f3n.<\/p>\n<p>&nbsp;<\/p>\n<p>Construido con acero esmaltado de alta calidad en el color de su elecci\u00f3n, este horno cuenta con rejillas reforzadas, tres quemadores tipo flauta y aislamiento de fibra de vidrio para una resistencia a altas temperaturas y un horneado uniforme. El term\u00f3metro integrado (0\u00b0-300\u00b0C) garantiza un control preciso de la temperatura, mientras que la salida de humos tipo chimenea proporciona una liberaci\u00f3n eficiente del calor.<\/p>\n<p>&nbsp;<\/p>\n<p>Para operaciones m\u00e1s peque\u00f1as, tambi\u00e9n est\u00e1 disponible una versi\u00f3n mini de 2 bandejas con ventana de cristal, que ofrece un rendimiento compacto sin sacrificar la calidad. Fiables, pr\u00e1cticos y vers\u00e1tiles, nuestros hornos de caj\u00f3n compactos forman parte de la l\u00ednea est\u00e1ndar, ideal para panader\u00edas, restaurantes y empresas alimentarias con espacio limitado.<\/p>\n<p>&nbsp;<\/p>\n<p>&nbsp;<\/p>\n<p>Caracter\u00edsticas:<\/p>\n<ul>\n<li>Disponible en modelos de 2, 4 \u00f3 6 bandejas (ventanas de cristal templado opcionales)<\/li>\n<li>Versi\u00f3n mini disponible: modelo de 2 bandejas (35\u00d750 cm) con ventana de cristal<\/li>\n<li>Fabricado en acero esmaltado del color que elija<\/li>\n<li>Aislamiento t\u00e9rmico de fibra de vidrio para altas temperaturas y cocci\u00f3n uniforme<\/li>\n<li>Cremalleras reforzadas para mayor durabilidad y uso intensivo<\/li>\n<li>Tres quemadores tipo flauta para una distribuci\u00f3n eficaz del calor<\/li>\n<li>Term\u00f3metro incorporado (0\u00b0-300\u00b0C) para un control preciso de la temperatura<\/li>\n<li>Sistema de escape tipo chimenea para una correcta circulaci\u00f3n del aire y evacuaci\u00f3n del calor<\/li>\n<li>Ventana de visualizaci\u00f3n de vidrio templado opcional para facilitar la supervisi\u00f3n durante la cocci\u00f3n<\/li>\n<li>Dise\u00f1o compacto que ahorra espacio manteniendo resultados profesionales<\/li>\n<\/ul>\n<p>&nbsp;<\/p>\n<p>Dimensiones:<\/p>\n<table class=\"tableDescription\" border=\"1\" cellspacing=\"0\" cellpadding=\"6\">\n<thead>\n<tr>\n<th>Bandejas<\/th>\n<th>Anchura<\/th>\n<th>Profundidad<\/th>\n<th>Altura<\/th>\n<\/tr>\n<\/thead>\n<tbody>\n<tr>\n<td>2 bandejas<\/td>\n<td>100 cm<\/td>\n<td>75 cm<\/td>\n<td>120 cm<\/td>\n<\/tr>\n<tr>\n<td>4 bandejas<\/td>\n<td>100 cm<\/td>\n<td>75 cm<\/td>\n<td>150 cm<\/td>\n<\/tr>\n<tr>\n<td>6 bandejas<\/td>\n<td>100 cm<\/td>\n<td>75 cm<\/td>\n<td>170 cm (66,9 pulg.)<\/td>\n<\/tr>\n<\/tbody>\n<\/table>\n<p>&nbsp;<\/p>\n<p>&nbsp;<\/p>\n<p>Estas m\u00e1quinas se fabrican bajo pedido y tardamos 15 d\u00edas laborables en enviarle su m\u00e1quina. Por favor, tenga esto en cuenta cuando haga su pedido.<\/p>\n<p>&nbsp;<\/p>\n<p>No lo dudes, tambi\u00e9n somos vendedores en ebay y puedes ver que somos un vendedor de confianza en<\/p>\n<p><a href=\"https:\/\/feedback.ebay.com\/ws\/eBayISAPI.dll?ViewFeedback2&amp;userid=woodandheat&amp;ftab=AllFeedback\">https:\/\/feedback.ebay.com\/ws\/eBayISAPI.dll?ViewFeedback2&amp;userid=woodandheat&amp;ftab=AllFeedback<\/a><\/p>\n<p>&nbsp;<\/p>\n<p><a href=\"https:\/\/supertortillamachines.com\/es\/\">www.supertortillamachines.com<\/a><\/p>\n<p>&nbsp;<\/p>\n<p>Es la mejor opci\u00f3n en m\u00e1quinas tortilladoras de harina para producci\u00f3n industrial. Somos una empresa con presencia en M\u00e9xico y Estados Unidos. Nuestras maquinas son de calidad hechas en Mexico y exportadas a nuestro almacen en USA. Es por eso que podemos enviar a un precio muy competitivo dentro de los EE.UU. y en todo el mundo.<\/p>\n<p>&nbsp;<\/p>\n<p>Si usted est\u00e1 en los EE.UU. ser\u00e1 muy f\u00e1cil comprar de nosotros, porque somos una corporaci\u00f3n de EE.UU., usted no tendr\u00e1 que lidiar con las aduanas en cualquier momento. Usted s\u00f3lo tiene que pedir y recibir\u00e1 su m\u00e1quina en cualquier direcci\u00f3n de EE.UU. dentro de los estados continentales.<\/p>\n<p>&nbsp;<\/p>","protected":false},"excerpt":{"rendered":"<p>Horno de cajones compacto en 2, 4 \u00f3 6 bandejas, con ventanas de cristal opcionales y versi\u00f3n mini de 2 bandejas: soluci\u00f3n de horneado eficiente y que ahorra espacio.<\/p>","protected":false},"featured_media":1226,"template":"","meta":{"om_disable_all_campaigns":false,"_monsterinsights_skip_tracking":false,"_monsterinsights_sitenote_active":false,"_monsterinsights_sitenote_note":"","_monsterinsights_sitenote_category":0},"product_brand":[57],"product_cat":[100,19,143],"product_tag":[101,139,141,102],"class_list":{"0":"post-1225","1":"product","2":"type-product","3":"status-publish","4":"has-post-thumbnail","6":"product_brand-super-tortilla-machines","7":"product_cat-bakery-products","8":"product_cat-tortilla-machines","9":"product_cat-standard-bakery","10":"product_tag-bakery","11":"product_tag-baking","12":"product_tag-drawer","13":"product_tag-oven","15":"first","16":"instock","17":"shipping-taxable","18":"purchasable","19":"product-type-variable"},"yoast_head":"<!-- This site is optimized with the Yoast SEO plugin v27.4 - https:\/\/yoast.com\/product\/yoast-seo-wordpress\/ -->\n<title>Standard Compact Drawer Oven - Available in 2, 4, or 6 Trays - SUPER TORTILLA MACHINES<\/title>\n<meta name=\"description\" content=\"Compact drawer oven in 2, 4, or 6 trays, with optional glass windows and mini 2-tray version - efficient and space-saving baking solution.\" \/>\n<meta name=\"robots\" content=\"index, follow, max-snippet:-1, max-image-preview:large, max-video-preview:-1\" \/>\n<link rel=\"canonical\" href=\"https:\/\/supertortillamachines.com\/es\/producto\/horno-de-cajones-compacto-estandar-disponible-en-2-4-o-6-bandejas\/\" \/>\n<meta property=\"og:locale\" content=\"es_MX\" \/>\n<meta property=\"og:type\" content=\"article\" \/>\n<meta property=\"og:title\" content=\"Standard Compact Drawer Oven - Available in 2, 4, or 6 Trays - SUPER TORTILLA MACHINES\" \/>\n<meta property=\"og:description\" content=\"Compact drawer oven in 2, 4, or 6 trays, with optional glass windows and mini 2-tray version - efficient and space-saving baking solution.\" \/>\n<meta property=\"og:url\" content=\"https:\/\/supertortillamachines.com\/es\/producto\/horno-de-cajones-compacto-estandar-disponible-en-2-4-o-6-bandejas\/\" \/>\n<meta property=\"og:site_name\" content=\"SUPER TORTILLA MACHINES\" \/>\n<meta property=\"article:modified_time\" content=\"2025-09-18T16:02:31+00:00\" \/>\n<meta property=\"og:image\" content=\"https:\/\/supertortillamachines.com\/wp-content\/uploads\/2025\/09\/compact-drawer-oven-1.jpg\" \/>\n\t<meta property=\"og:image:width\" content=\"1040\" \/>\n\t<meta property=\"og:image:height\" content=\"840\" \/>\n\t<meta property=\"og:image:type\" content=\"image\/jpeg\" \/>\n<meta name=\"twitter:card\" content=\"summary_large_image\" \/>\n<meta name=\"twitter:label1\" content=\"Tiempo de lectura\" \/>\n\t<meta name=\"twitter:data1\" content=\"2 minutos\" \/>\n<script type=\"application\/ld+json\" class=\"yoast-schema-graph\">{\"@context\":\"https:\\\/\\\/schema.org\",\"@graph\":[{\"@type\":\"WebPage\",\"@id\":\"https:\\\/\\\/supertortillamachines.com\\\/product\\\/standard-compact-drawer-oven-available-in-2-4-or-6-trays\\\/\",\"url\":\"https:\\\/\\\/supertortillamachines.com\\\/product\\\/standard-compact-drawer-oven-available-in-2-4-or-6-trays\\\/\",\"name\":\"Standard Compact Drawer Oven - Available in 2, 4, or 6 Trays - SUPER TORTILLA MACHINES\",\"isPartOf\":{\"@id\":\"https:\\\/\\\/supertortillamachines.com\\\/#website\"},\"primaryImageOfPage\":{\"@id\":\"https:\\\/\\\/supertortillamachines.com\\\/product\\\/standard-compact-drawer-oven-available-in-2-4-or-6-trays\\\/#primaryimage\"},\"image\":{\"@id\":\"https:\\\/\\\/supertortillamachines.com\\\/product\\\/standard-compact-drawer-oven-available-in-2-4-or-6-trays\\\/#primaryimage\"},\"thumbnailUrl\":\"https:\\\/\\\/supertortillamachines.com\\\/wp-content\\\/uploads\\\/2025\\\/09\\\/compact-drawer-oven-1.jpg\",\"datePublished\":\"2025-09-05T18:12:49+00:00\",\"dateModified\":\"2025-09-18T16:02:31+00:00\",\"description\":\"Compact drawer oven in 2, 4, or 6 trays, with optional glass windows and mini 2-tray version - efficient and space-saving baking solution.\",\"breadcrumb\":{\"@id\":\"https:\\\/\\\/supertortillamachines.com\\\/product\\\/standard-compact-drawer-oven-available-in-2-4-or-6-trays\\\/#breadcrumb\"},\"inLanguage\":\"es\",\"potentialAction\":[{\"@type\":\"ReadAction\",\"target\":[\"https:\\\/\\\/supertortillamachines.com\\\/product\\\/standard-compact-drawer-oven-available-in-2-4-or-6-trays\\\/\"]}]},{\"@type\":\"ImageObject\",\"inLanguage\":\"es\",\"@id\":\"https:\\\/\\\/supertortillamachines.com\\\/product\\\/standard-compact-drawer-oven-available-in-2-4-or-6-trays\\\/#primaryimage\",\"url\":\"https:\\\/\\\/supertortillamachines.com\\\/wp-content\\\/uploads\\\/2025\\\/09\\\/compact-drawer-oven-1.jpg\",\"contentUrl\":\"https:\\\/\\\/supertortillamachines.com\\\/wp-content\\\/uploads\\\/2025\\\/09\\\/compact-drawer-oven-1.jpg\",\"width\":1040,\"height\":840,\"caption\":\"Compact Drawer Oven\"},{\"@type\":\"BreadcrumbList\",\"@id\":\"https:\\\/\\\/supertortillamachines.com\\\/product\\\/standard-compact-drawer-oven-available-in-2-4-or-6-trays\\\/#breadcrumb\",\"itemListElement\":[{\"@type\":\"ListItem\",\"position\":1,\"name\":\"Home\",\"item\":\"https:\\\/\\\/supertortillamachines.com\\\/\"},{\"@type\":\"ListItem\",\"position\":2,\"name\":\"Shop\",\"item\":\"https:\\\/\\\/supertortillamachines.com\\\/shop\\\/\"},{\"@type\":\"ListItem\",\"position\":3,\"name\":\"Standard Compact Drawer Oven &#8211; Available in 2, 4, or 6 Trays\"}]},{\"@type\":\"WebSite\",\"@id\":\"https:\\\/\\\/supertortillamachines.com\\\/#website\",\"url\":\"https:\\\/\\\/supertortillamachines.com\\\/\",\"name\":\"SUPER TORTILLA MACHINES\",\"description\":\"The best Mexican Tortilla Machines\",\"publisher\":{\"@id\":\"https:\\\/\\\/supertortillamachines.com\\\/#organization\"},\"potentialAction\":[{\"@type\":\"SearchAction\",\"target\":{\"@type\":\"EntryPoint\",\"urlTemplate\":\"https:\\\/\\\/supertortillamachines.com\\\/?s={search_term_string}\"},\"query-input\":{\"@type\":\"PropertyValueSpecification\",\"valueRequired\":true,\"valueName\":\"search_term_string\"}}],\"inLanguage\":\"es\"},{\"@type\":\"Organization\",\"@id\":\"https:\\\/\\\/supertortillamachines.com\\\/#organization\",\"name\":\"SUPER TORTILLA MACHINES\",\"url\":\"https:\\\/\\\/supertortillamachines.com\\\/\",\"logo\":{\"@type\":\"ImageObject\",\"inLanguage\":\"es\",\"@id\":\"https:\\\/\\\/supertortillamachines.com\\\/#\\\/schema\\\/logo\\\/image\\\/\",\"url\":\"https:\\\/\\\/supertortillamachines.com\\\/wp-content\\\/uploads\\\/2025\\\/07\\\/Supertortilla.jpg\",\"contentUrl\":\"https:\\\/\\\/supertortillamachines.com\\\/wp-content\\\/uploads\\\/2025\\\/07\\\/Supertortilla.jpg\",\"width\":221,\"height\":177,\"caption\":\" SUPER TORTILLA MACHINES \"},\"image\":{\"@id\":\"https:\\\/\\\/supertortillamachines.com\\\/#\\\/schema\\\/logo\\\/image\\\/\"}}]}<\/script>\n<!-- \/ Yoast SEO plugin. -->","yoast_head_json":{"title":"Horno de caj\u00f3n compacto est\u00e1ndar - Disponible en 2, 4 \u00f3 6 bandejas - SUPER TORTILLA MACHINES","description":"Horno de cajones compacto en 2, 4 \u00f3 6 bandejas, con ventanas de cristal opcionales y versi\u00f3n mini de 2 bandejas: soluci\u00f3n de horneado eficiente y que ahorra espacio.","robots":{"index":"index","follow":"follow","max-snippet":"max-snippet:-1","max-image-preview":"max-image-preview:large","max-video-preview":"max-video-preview:-1"},"canonical":"https:\/\/supertortillamachines.com\/es\/producto\/horno-de-cajones-compacto-estandar-disponible-en-2-4-o-6-bandejas\/","og_locale":"es_MX","og_type":"article","og_title":"Standard Compact Drawer Oven - Available in 2, 4, or 6 Trays - SUPER TORTILLA MACHINES","og_description":"Compact drawer oven in 2, 4, or 6 trays, with optional glass windows and mini 2-tray version - efficient and space-saving baking solution.","og_url":"https:\/\/supertortillamachines.com\/es\/producto\/horno-de-cajones-compacto-estandar-disponible-en-2-4-o-6-bandejas\/","og_site_name":"SUPER TORTILLA MACHINES","article_modified_time":"2025-09-18T16:02:31+00:00","og_image":[{"width":1040,"height":840,"url":"https:\/\/supertortillamachines.com\/wp-content\/uploads\/2025\/09\/compact-drawer-oven-1.jpg","type":"image\/jpeg"}],"twitter_card":"summary_large_image","twitter_misc":{"Tiempo de lectura":"2 minutos"},"schema":{"@context":"https:\/\/schema.org","@graph":[{"@type":"WebPage","@id":"https:\/\/supertortillamachines.com\/product\/standard-compact-drawer-oven-available-in-2-4-or-6-trays\/","url":"https:\/\/supertortillamachines.com\/product\/standard-compact-drawer-oven-available-in-2-4-or-6-trays\/","name":"Horno de caj\u00f3n compacto est\u00e1ndar - Disponible en 2, 4 \u00f3 6 bandejas - SUPER TORTILLA MACHINES","isPartOf":{"@id":"https:\/\/supertortillamachines.com\/#website"},"primaryImageOfPage":{"@id":"https:\/\/supertortillamachines.com\/product\/standard-compact-drawer-oven-available-in-2-4-or-6-trays\/#primaryimage"},"image":{"@id":"https:\/\/supertortillamachines.com\/product\/standard-compact-drawer-oven-available-in-2-4-or-6-trays\/#primaryimage"},"thumbnailUrl":"https:\/\/supertortillamachines.com\/wp-content\/uploads\/2025\/09\/compact-drawer-oven-1.jpg","datePublished":"2025-09-05T18:12:49+00:00","dateModified":"2025-09-18T16:02:31+00:00","description":"Horno de cajones compacto en 2, 4 \u00f3 6 bandejas, con ventanas de cristal opcionales y versi\u00f3n mini de 2 bandejas: soluci\u00f3n de horneado eficiente y que ahorra espacio.","breadcrumb":{"@id":"https:\/\/supertortillamachines.com\/product\/standard-compact-drawer-oven-available-in-2-4-or-6-trays\/#breadcrumb"},"inLanguage":"es","potentialAction":[{"@type":"ReadAction","target":["https:\/\/supertortillamachines.com\/product\/standard-compact-drawer-oven-available-in-2-4-or-6-trays\/"]}]},{"@type":"ImageObject","inLanguage":"es","@id":"https:\/\/supertortillamachines.com\/product\/standard-compact-drawer-oven-available-in-2-4-or-6-trays\/#primaryimage","url":"https:\/\/supertortillamachines.com\/wp-content\/uploads\/2025\/09\/compact-drawer-oven-1.jpg","contentUrl":"https:\/\/supertortillamachines.com\/wp-content\/uploads\/2025\/09\/compact-drawer-oven-1.jpg","width":1040,"height":840,"caption":"Compact Drawer Oven"},{"@type":"BreadcrumbList","@id":"https:\/\/supertortillamachines.com\/product\/standard-compact-drawer-oven-available-in-2-4-or-6-trays\/#breadcrumb","itemListElement":[{"@type":"ListItem","position":1,"name":"Home","item":"https:\/\/supertortillamachines.com\/"},{"@type":"ListItem","position":2,"name":"Shop","item":"https:\/\/supertortillamachines.com\/shop\/"},{"@type":"ListItem","position":3,"name":"Standard Compact Drawer Oven &#8211; Available in 2, 4, or 6 Trays"}]},{"@type":"WebSite","@id":"https:\/\/supertortillamachines.com\/#website","url":"https:\/\/supertortillamachines.com\/","name":"SUPER TORTILLADORAS","description":"Las mejores Tortilladoras Mexicanas","publisher":{"@id":"https:\/\/supertortillamachines.com\/#organization"},"potentialAction":[{"@type":"SearchAction","target":{"@type":"EntryPoint","urlTemplate":"https:\/\/supertortillamachines.com\/?s={search_term_string}"},"query-input":{"@type":"PropertyValueSpecification","valueRequired":true,"valueName":"search_term_string"}}],"inLanguage":"es"},{"@type":"Organization","@id":"https:\/\/supertortillamachines.com\/#organization","name":"SUPER TORTILLADORAS","url":"https:\/\/supertortillamachines.com\/","logo":{"@type":"ImageObject","inLanguage":"es","@id":"https:\/\/supertortillamachines.com\/#\/schema\/logo\/image\/","url":"https:\/\/supertortillamachines.com\/wp-content\/uploads\/2025\/07\/Supertortilla.jpg","contentUrl":"https:\/\/supertortillamachines.com\/wp-content\/uploads\/2025\/07\/Supertortilla.jpg","width":221,"height":177,"caption":" SUPER TORTILLA MACHINES "},"image":{"@id":"https:\/\/supertortillamachines.com\/#\/schema\/logo\/image\/"}}]}},"jetpack_sharing_enabled":true,"_links":{"self":[{"href":"https:\/\/supertortillamachines.com\/es\/wp-json\/wp\/v2\/product\/1225","targetHints":{"allow":["GET"]}}],"collection":[{"href":"https:\/\/supertortillamachines.com\/es\/wp-json\/wp\/v2\/product"}],"about":[{"href":"https:\/\/supertortillamachines.com\/es\/wp-json\/wp\/v2\/types\/product"}],"wp:featuredmedia":[{"embeddable":true,"href":"https:\/\/supertortillamachines.com\/es\/wp-json\/wp\/v2\/media\/1226"}],"wp:attachment":[{"href":"https:\/\/supertortillamachines.com\/es\/wp-json\/wp\/v2\/media?parent=1225"}],"wp:term":[{"taxonomy":"product_brand","embeddable":true,"href":"https:\/\/supertortillamachines.com\/es\/wp-json\/wp\/v2\/product_brand?post=1225"},{"taxonomy":"product_cat","embeddable":true,"href":"https:\/\/supertortillamachines.com\/es\/wp-json\/wp\/v2\/product_cat?post=1225"},{"taxonomy":"product_tag","embeddable":true,"href":"https:\/\/supertortillamachines.com\/es\/wp-json\/wp\/v2\/product_tag?post=1225"}],"curies":[{"name":"wp","href":"https:\/\/api.w.org\/{rel}","templated":true}]}}