{"id":1262,"date":"2025-09-08T18:44:35","date_gmt":"2025-09-08T18:44:35","guid":{"rendered":"https:\/\/supertortillamachines.com\/?post_type=product&#038;p=1262"},"modified":"2025-09-18T16:02:35","modified_gmt":"2025-09-18T16:02:35","slug":"horno-profesional-de-cajon-con-2-4-o-6-bandejas","status":"publish","type":"product","link":"https:\/\/supertortillamachines.com\/es\/product\/professional-baking-drawer-oven-with-2-4-or-6-trays\/","title":{"rendered":"Horno profesional de caj\u00f3n con 2, 4 \u00f3 6 bandejas"},"content":{"rendered":"<h3>Horno profesional Premium - 2, 4 \u00f3 6 bandejas<\/h3>\n<p>&nbsp;<\/p>\n<p>Entre en el mundo de la gastronom\u00eda profesional con nuestro horno de caj\u00f3n Premium, dise\u00f1ado para chefs y panader\u00edas que exigen precisi\u00f3n, eficiencia y fiabilidad.<\/p>\n<p>&nbsp;<\/p>\n<p>Equipado con una avanzada tecnolog\u00eda de distribuci\u00f3n del calor, este horno garantiza una cocci\u00f3n perfectamente uniforme en todas las bandejas, ofreciendo siempre resultados uniformes. Su intuitivo panel de control digital permite realizar ajustes finos con precisi\u00f3n milim\u00e9trica, ofreci\u00e9ndole un control total sobre la temperatura y las condiciones de horneado.<\/p>\n<p>&nbsp;<\/p>\n<p>Disponibles en modelos de 2, 4 \u00f3 6 bandejas (bandejas de 45\u00d765 cm), cada versi\u00f3n est\u00e1 dise\u00f1ada para maximizar el rendimiento manteniendo un calor uniforme. Los modelos con 4 y 6 bandejas incluyen control de temperatura independiente por caj\u00f3n, lo que proporciona flexibilidad para varias recetas simult\u00e1neamente.<\/p>\n<p>&nbsp;<\/p>\n<p>Construido con ventanas de cristal templado, funcionamiento a gas LP y sistema de vapor opcional, este horno es la elecci\u00f3n ideal para los profesionales que desean una eficiencia superior, fiabilidad y resultados impecables en cada cocci\u00f3n.<\/p>\n<p>&nbsp;<\/p>\n<h4>Caracter\u00edsticas:<\/h4>\n<ul>\n<li>Horno profesional de gama alta para panader\u00edas y profesionales de la cocina<\/li>\n<li>Disponible en modelos de 2, 4 \u00f3 6 bandejas (bandejas de 45\u00d765 cm)<\/li>\n<li>Distribuci\u00f3n avanzada del calor para un horneado uniforme y consistente<\/li>\n<li>Panel de usuario digital para un control intuitivo y preciso<\/li>\n<li>Temperatura independiente por caj\u00f3n (disponible en modelos de 4 y 6 bandejas)<\/li>\n<li>Funciona con gas LP y requiere una conexi\u00f3n de 110 V<\/li>\n<li>Sistema de vapor opcional para una mayor versatilidad de horneado<\/li>\n<li>Ventana de cristal templado para una supervisi\u00f3n segura y sencilla<\/li>\n<li>Temperatura m\u00e1xima: 300\u00b0C<\/li>\n<\/ul>\n<p>&nbsp;<\/p>\n<h4>Especificaciones:<\/h4>\n<table class=\"tableDescription\">\n<thead>\n<tr>\n<th>Modelo<\/th>\n<th>N\u00famero de bandejas<\/th>\n<th>Tensi\u00f3n (V)<\/th>\n<th>Combustible<\/th>\n<th>Temperatura m\u00e1xima (\u00b0C)<\/th>\n<th>Potencia (Kw)<\/th>\n<th>Dimensiones (mm)<\/th>\n<\/tr>\n<\/thead>\n<tbody>\n<tr>\n<td>2 Bandejas<\/td>\n<td>2<\/td>\n<td>110<\/td>\n<td>GAS LP<\/td>\n<td>350<\/td>\n<td>0.33<\/td>\n<td>1310 X 840 X 640<\/td>\n<\/tr>\n<tr>\n<td>4 Bandejas<\/td>\n<td>4<\/td>\n<td>110<\/td>\n<td>GAS LP<\/td>\n<td>350<\/td>\n<td>0.66<\/td>\n<td>1310 X 840 X 1410<\/td>\n<\/tr>\n<tr>\n<td>6 Bandejas<\/td>\n<td>6<\/td>\n<td>110<\/td>\n<td>GAS LP<\/td>\n<td>350<\/td>\n<td>0.99<\/td>\n<td>1310 X 840 X 1660<\/td>\n<\/tr>\n<\/tbody>\n<\/table>\n<p>&nbsp;<\/p>\n<p><img decoding=\"async\" class=\"imgDescripcion\" src=\"https:\/\/supertortillamachines.com\/wp-content\/uploads\/2025\/09\/infography-professional-drawer-oven.png\" alt=\"Infograf\u00eda Horno de cajones profesional\" \/><\/p>\n<p><center>Infograf\u00eda Horno de cajones profesional<\/center>&nbsp;<\/p>\n<h4>Dimensiones:<\/h4>\n<table class=\"tableDescription\">\n<thead>\n<tr>\n<th colspan=\"4\">SIN VAPOR<\/th>\n<\/tr>\n<tr>\n<th>Modelo<\/th>\n<th>Anchura<\/th>\n<th>Profundidad<\/th>\n<th>Altura<\/th>\n<\/tr>\n<\/thead>\n<tbody>\n<tr>\n<td>2 bandejas<\/td>\n<td>142 cm (55,9 pulg.)<\/td>\n<td>90 cm<\/td>\n<td>58 cm<\/td>\n<\/tr>\n<tr>\n<td>4 bandejas<\/td>\n<td>142 cm (55,9 pulg.)<\/td>\n<td>90 cm<\/td>\n<td>131 cm<\/td>\n<\/tr>\n<tr>\n<td>6 bandejas<\/td>\n<td>142 cm (55,9 pulg.)<\/td>\n<td>90 cm<\/td>\n<td>63,8 pulgadas (162 cm)<\/td>\n<\/tr>\n<\/tbody>\n<\/table>\n<table class=\"tableDescription\">\n<thead>\n<tr>\n<th colspan=\"4\">CON VAPOR<\/th>\n<\/tr>\n<tr>\n<th>Modelo<\/th>\n<th>Anchura<\/th>\n<th>Profundidad<\/th>\n<th>Altura<\/th>\n<\/tr>\n<\/thead>\n<tbody>\n<tr>\n<td>2 bandejas<\/td>\n<td>142 cm (55,9 pulg.)<\/td>\n<td>111 cm<\/td>\n<td>58 cm<\/td>\n<\/tr>\n<tr>\n<td>4 bandejas<\/td>\n<td>142 cm (55,9 pulg.)<\/td>\n<td>111 cm<\/td>\n<td>131 cm<\/td>\n<\/tr>\n<tr>\n<td>6 bandejas<\/td>\n<td>142 cm (55,9 pulg.)<\/td>\n<td>111 cm<\/td>\n<td>63,8 pulgadas (162 cm)<\/td>\n<\/tr>\n<\/tbody>\n<\/table>\n<p>&nbsp;<\/p>\n<p><img decoding=\"async\" class=\"imgDescripcion\" src=\"https:\/\/supertortillamachines.com\/wp-content\/uploads\/2025\/09\/dimensions-professional-drawer-oven.png\" alt=\"Dimensiones Horno de cajones profesional\" \/><br \/>\n<center>Dimensiones Horno de cajones profesional<\/center>&nbsp;<\/p>\n<p>Estas m\u00e1quinas se fabrican bajo pedido y tardamos 15 d\u00edas laborables en enviarle su m\u00e1quina. Por favor, tenga esto en cuenta cuando haga su pedido.<\/p>\n<p>&nbsp;<\/p>\n<p>No lo dudes, tambi\u00e9n somos vendedores en ebay y puedes ver que somos un vendedor de confianza en<\/p>\n<p><a href=\"https:\/\/feedback.ebay.com\/ws\/eBayISAPI.dll?ViewFeedback2&amp;userid=woodandheat&amp;ftab=AllFeedback\">https:\/\/feedback.ebay.com\/ws\/eBayISAPI.dll?ViewFeedback2&amp;userid=woodandheat&amp;ftab=AllFeedback<\/a><\/p>\n<p>&nbsp;<\/p>\n<p><a href=\"https:\/\/supertortillamachines.com\/es\/\">www.supertortillamachines.com<\/a><\/p>\n<p>&nbsp;<\/p>\n<p>Es la mejor opci\u00f3n en m\u00e1quinas tortilladoras de harina para producci\u00f3n industrial. Somos una empresa con presencia en M\u00e9xico y Estados Unidos. Nuestras maquinas son de calidad hechas en Mexico y exportadas a nuestro almacen en USA. Es por eso que podemos enviar a un precio muy competitivo dentro de los EE.UU. y en todo el mundo.<\/p>\n<p>&nbsp;<\/p>\n<p>Si usted est\u00e1 en los EE.UU. ser\u00e1 muy f\u00e1cil comprar de nosotros, porque somos una corporaci\u00f3n de EE.UU., usted no tendr\u00e1 que lidiar con las aduanas en cualquier momento. Usted s\u00f3lo tiene que pedir y recibir\u00e1 su m\u00e1quina en cualquier direcci\u00f3n de EE.UU. dentro de los estados continentales.<\/p>","protected":false},"excerpt":{"rendered":"<p data-start=\"224\" data-end=\"380\">Horno profesional de alto rendimiento con controles digitales, temperatura independiente por caj\u00f3n y sistema de vapor opcional para un horneado preciso y uniforme.<\/p>","protected":false},"featured_media":1263,"template":"","meta":{"om_disable_all_campaigns":false,"_monsterinsights_skip_tracking":false,"_monsterinsights_sitenote_active":false,"_monsterinsights_sitenote_note":"","_monsterinsights_sitenote_category":0},"product_brand":[57],"product_cat":[100,19,142],"product_tag":[101,139,141,102,145,146],"class_list":{"0":"post-1262","1":"product","2":"type-product","3":"status-publish","4":"has-post-thumbnail","6":"product_brand-super-tortilla-machines","7":"product_cat-bakery-products","8":"product_cat-tortilla-machines","9":"product_cat-premium-bakery","10":"product_tag-bakery","11":"product_tag-baking","12":"product_tag-drawer","13":"product_tag-oven","14":"product_tag-premium","15":"product_tag-professional","17":"first","18":"instock","19":"shipping-taxable","20":"purchasable","21":"product-type-variable"},"yoast_head":"<!-- This site is optimized with the Yoast SEO plugin v27.5 - https:\/\/yoast.com\/product\/yoast-seo-wordpress\/ -->\n<title>Professional Baking Drawer Oven with 2, 4, or 6 Trays - SUPER TORTILLA MACHINES<\/title>\n<meta name=\"description\" content=\"High-performance professional oven with digital controls, independent temperature per drawer, and optional steam system for precise and consistent baking.\" \/>\n<meta name=\"robots\" content=\"index, follow, max-snippet:-1, max-image-preview:large, max-video-preview:-1\" \/>\n<link rel=\"canonical\" href=\"https:\/\/supertortillamachines.com\/es\/producto\/horno-profesional-de-cajon-con-2-4-o-6-bandejas\/\" \/>\n<meta property=\"og:locale\" content=\"es_MX\" \/>\n<meta property=\"og:type\" content=\"article\" \/>\n<meta property=\"og:title\" content=\"Professional Baking Drawer Oven with 2, 4, or 6 Trays - SUPER TORTILLA MACHINES\" \/>\n<meta property=\"og:description\" content=\"High-performance professional oven with digital controls, independent temperature per drawer, and optional steam system for precise and consistent baking.\" \/>\n<meta property=\"og:url\" content=\"https:\/\/supertortillamachines.com\/es\/producto\/horno-profesional-de-cajon-con-2-4-o-6-bandejas\/\" \/>\n<meta property=\"og:site_name\" content=\"SUPER TORTILLA MACHINES\" \/>\n<meta property=\"article:modified_time\" content=\"2025-09-18T16:02:35+00:00\" \/>\n<meta property=\"og:image\" content=\"https:\/\/supertortillamachines.com\/wp-content\/uploads\/2025\/09\/professional-drawer-oven-4-trays.jpg\" \/>\n\t<meta property=\"og:image:width\" content=\"1500\" \/>\n\t<meta property=\"og:image:height\" content=\"1212\" \/>\n\t<meta property=\"og:image:type\" content=\"image\/jpeg\" \/>\n<meta name=\"twitter:card\" content=\"summary_large_image\" \/>\n<meta name=\"twitter:label1\" content=\"Tiempo de lectura\" \/>\n\t<meta name=\"twitter:data1\" content=\"3 minutos\" \/>\n<script type=\"application\/ld+json\" class=\"yoast-schema-graph\">{\"@context\":\"https:\\\/\\\/schema.org\",\"@graph\":[{\"@type\":\"WebPage\",\"@id\":\"https:\\\/\\\/supertortillamachines.com\\\/product\\\/professional-baking-drawer-oven-with-2-4-or-6-trays\\\/\",\"url\":\"https:\\\/\\\/supertortillamachines.com\\\/product\\\/professional-baking-drawer-oven-with-2-4-or-6-trays\\\/\",\"name\":\"Professional Baking Drawer Oven with 2, 4, or 6 Trays - SUPER TORTILLA MACHINES\",\"isPartOf\":{\"@id\":\"https:\\\/\\\/supertortillamachines.com\\\/#website\"},\"primaryImageOfPage\":{\"@id\":\"https:\\\/\\\/supertortillamachines.com\\\/product\\\/professional-baking-drawer-oven-with-2-4-or-6-trays\\\/#primaryimage\"},\"image\":{\"@id\":\"https:\\\/\\\/supertortillamachines.com\\\/product\\\/professional-baking-drawer-oven-with-2-4-or-6-trays\\\/#primaryimage\"},\"thumbnailUrl\":\"https:\\\/\\\/supertortillamachines.com\\\/wp-content\\\/uploads\\\/2025\\\/09\\\/professional-drawer-oven-4-trays.jpg\",\"datePublished\":\"2025-09-08T18:44:35+00:00\",\"dateModified\":\"2025-09-18T16:02:35+00:00\",\"description\":\"High-performance professional oven with digital controls, independent temperature per drawer, and optional steam system for precise and consistent baking.\",\"breadcrumb\":{\"@id\":\"https:\\\/\\\/supertortillamachines.com\\\/product\\\/professional-baking-drawer-oven-with-2-4-or-6-trays\\\/#breadcrumb\"},\"inLanguage\":\"es\",\"potentialAction\":[{\"@type\":\"ReadAction\",\"target\":[\"https:\\\/\\\/supertortillamachines.com\\\/product\\\/professional-baking-drawer-oven-with-2-4-or-6-trays\\\/\"]}]},{\"@type\":\"ImageObject\",\"inLanguage\":\"es\",\"@id\":\"https:\\\/\\\/supertortillamachines.com\\\/product\\\/professional-baking-drawer-oven-with-2-4-or-6-trays\\\/#primaryimage\",\"url\":\"https:\\\/\\\/supertortillamachines.com\\\/wp-content\\\/uploads\\\/2025\\\/09\\\/professional-drawer-oven-4-trays.jpg\",\"contentUrl\":\"https:\\\/\\\/supertortillamachines.com\\\/wp-content\\\/uploads\\\/2025\\\/09\\\/professional-drawer-oven-4-trays.jpg\",\"width\":1500,\"height\":1212,\"caption\":\"Professional Drawer Oven 4 trays\"},{\"@type\":\"BreadcrumbList\",\"@id\":\"https:\\\/\\\/supertortillamachines.com\\\/product\\\/professional-baking-drawer-oven-with-2-4-or-6-trays\\\/#breadcrumb\",\"itemListElement\":[{\"@type\":\"ListItem\",\"position\":1,\"name\":\"Home\",\"item\":\"https:\\\/\\\/supertortillamachines.com\\\/\"},{\"@type\":\"ListItem\",\"position\":2,\"name\":\"Shop\",\"item\":\"https:\\\/\\\/supertortillamachines.com\\\/shop\\\/\"},{\"@type\":\"ListItem\",\"position\":3,\"name\":\"Professional Baking Drawer Oven with 2, 4, or 6 Trays\"}]},{\"@type\":\"WebSite\",\"@id\":\"https:\\\/\\\/supertortillamachines.com\\\/#website\",\"url\":\"https:\\\/\\\/supertortillamachines.com\\\/\",\"name\":\"SUPER TORTILLA MACHINES\",\"description\":\"The best Mexican Tortilla Machines\",\"publisher\":{\"@id\":\"https:\\\/\\\/supertortillamachines.com\\\/#organization\"},\"potentialAction\":[{\"@type\":\"SearchAction\",\"target\":{\"@type\":\"EntryPoint\",\"urlTemplate\":\"https:\\\/\\\/supertortillamachines.com\\\/?s={search_term_string}\"},\"query-input\":{\"@type\":\"PropertyValueSpecification\",\"valueRequired\":true,\"valueName\":\"search_term_string\"}}],\"inLanguage\":\"es\"},{\"@type\":\"Organization\",\"@id\":\"https:\\\/\\\/supertortillamachines.com\\\/#organization\",\"name\":\"SUPER TORTILLA MACHINES\",\"url\":\"https:\\\/\\\/supertortillamachines.com\\\/\",\"logo\":{\"@type\":\"ImageObject\",\"inLanguage\":\"es\",\"@id\":\"https:\\\/\\\/supertortillamachines.com\\\/#\\\/schema\\\/logo\\\/image\\\/\",\"url\":\"https:\\\/\\\/supertortillamachines.com\\\/wp-content\\\/uploads\\\/2025\\\/07\\\/Supertortilla.jpg\",\"contentUrl\":\"https:\\\/\\\/supertortillamachines.com\\\/wp-content\\\/uploads\\\/2025\\\/07\\\/Supertortilla.jpg\",\"width\":221,\"height\":177,\"caption\":\" SUPER TORTILLA MACHINES \"},\"image\":{\"@id\":\"https:\\\/\\\/supertortillamachines.com\\\/#\\\/schema\\\/logo\\\/image\\\/\"}}]}<\/script>\n<!-- \/ Yoast SEO plugin. -->","yoast_head_json":{"title":"Horno profesional de caj\u00f3n con 2, 4 \u00f3 6 bandejas - SUPER TORTILLA MACHINES","description":"Horno profesional de alto rendimiento con controles digitales, temperatura independiente por caj\u00f3n y sistema de vapor opcional para un horneado preciso y uniforme.","robots":{"index":"index","follow":"follow","max-snippet":"max-snippet:-1","max-image-preview":"max-image-preview:large","max-video-preview":"max-video-preview:-1"},"canonical":"https:\/\/supertortillamachines.com\/es\/producto\/horno-profesional-de-cajon-con-2-4-o-6-bandejas\/","og_locale":"es_MX","og_type":"article","og_title":"Professional Baking Drawer Oven with 2, 4, or 6 Trays - SUPER TORTILLA MACHINES","og_description":"High-performance professional oven with digital controls, independent temperature per drawer, and optional steam system for precise and consistent baking.","og_url":"https:\/\/supertortillamachines.com\/es\/producto\/horno-profesional-de-cajon-con-2-4-o-6-bandejas\/","og_site_name":"SUPER TORTILLA MACHINES","article_modified_time":"2025-09-18T16:02:35+00:00","og_image":[{"width":1500,"height":1212,"url":"https:\/\/supertortillamachines.com\/wp-content\/uploads\/2025\/09\/professional-drawer-oven-4-trays.jpg","type":"image\/jpeg"}],"twitter_card":"summary_large_image","twitter_misc":{"Tiempo de lectura":"3 minutos"},"schema":{"@context":"https:\/\/schema.org","@graph":[{"@type":"WebPage","@id":"https:\/\/supertortillamachines.com\/product\/professional-baking-drawer-oven-with-2-4-or-6-trays\/","url":"https:\/\/supertortillamachines.com\/product\/professional-baking-drawer-oven-with-2-4-or-6-trays\/","name":"Horno profesional de caj\u00f3n con 2, 4 \u00f3 6 bandejas - SUPER TORTILLA MACHINES","isPartOf":{"@id":"https:\/\/supertortillamachines.com\/#website"},"primaryImageOfPage":{"@id":"https:\/\/supertortillamachines.com\/product\/professional-baking-drawer-oven-with-2-4-or-6-trays\/#primaryimage"},"image":{"@id":"https:\/\/supertortillamachines.com\/product\/professional-baking-drawer-oven-with-2-4-or-6-trays\/#primaryimage"},"thumbnailUrl":"https:\/\/supertortillamachines.com\/wp-content\/uploads\/2025\/09\/professional-drawer-oven-4-trays.jpg","datePublished":"2025-09-08T18:44:35+00:00","dateModified":"2025-09-18T16:02:35+00:00","description":"Horno profesional de alto rendimiento con controles digitales, temperatura independiente por caj\u00f3n y sistema de vapor opcional para un horneado preciso y uniforme.","breadcrumb":{"@id":"https:\/\/supertortillamachines.com\/product\/professional-baking-drawer-oven-with-2-4-or-6-trays\/#breadcrumb"},"inLanguage":"es","potentialAction":[{"@type":"ReadAction","target":["https:\/\/supertortillamachines.com\/product\/professional-baking-drawer-oven-with-2-4-or-6-trays\/"]}]},{"@type":"ImageObject","inLanguage":"es","@id":"https:\/\/supertortillamachines.com\/product\/professional-baking-drawer-oven-with-2-4-or-6-trays\/#primaryimage","url":"https:\/\/supertortillamachines.com\/wp-content\/uploads\/2025\/09\/professional-drawer-oven-4-trays.jpg","contentUrl":"https:\/\/supertortillamachines.com\/wp-content\/uploads\/2025\/09\/professional-drawer-oven-4-trays.jpg","width":1500,"height":1212,"caption":"Professional Drawer Oven 4 trays"},{"@type":"BreadcrumbList","@id":"https:\/\/supertortillamachines.com\/product\/professional-baking-drawer-oven-with-2-4-or-6-trays\/#breadcrumb","itemListElement":[{"@type":"ListItem","position":1,"name":"Home","item":"https:\/\/supertortillamachines.com\/"},{"@type":"ListItem","position":2,"name":"Shop","item":"https:\/\/supertortillamachines.com\/shop\/"},{"@type":"ListItem","position":3,"name":"Professional Baking Drawer Oven with 2, 4, or 6 Trays"}]},{"@type":"WebSite","@id":"https:\/\/supertortillamachines.com\/#website","url":"https:\/\/supertortillamachines.com\/","name":"SUPER TORTILLADORAS","description":"Las mejores Tortilladoras Mexicanas","publisher":{"@id":"https:\/\/supertortillamachines.com\/#organization"},"potentialAction":[{"@type":"SearchAction","target":{"@type":"EntryPoint","urlTemplate":"https:\/\/supertortillamachines.com\/?s={search_term_string}"},"query-input":{"@type":"PropertyValueSpecification","valueRequired":true,"valueName":"search_term_string"}}],"inLanguage":"es"},{"@type":"Organization","@id":"https:\/\/supertortillamachines.com\/#organization","name":"SUPER TORTILLADORAS","url":"https:\/\/supertortillamachines.com\/","logo":{"@type":"ImageObject","inLanguage":"es","@id":"https:\/\/supertortillamachines.com\/#\/schema\/logo\/image\/","url":"https:\/\/supertortillamachines.com\/wp-content\/uploads\/2025\/07\/Supertortilla.jpg","contentUrl":"https:\/\/supertortillamachines.com\/wp-content\/uploads\/2025\/07\/Supertortilla.jpg","width":221,"height":177,"caption":" SUPER TORTILLA MACHINES "},"image":{"@id":"https:\/\/supertortillamachines.com\/#\/schema\/logo\/image\/"}}]}},"jetpack_sharing_enabled":true,"_links":{"self":[{"href":"https:\/\/supertortillamachines.com\/es\/wp-json\/wp\/v2\/product\/1262","targetHints":{"allow":["GET"]}}],"collection":[{"href":"https:\/\/supertortillamachines.com\/es\/wp-json\/wp\/v2\/product"}],"about":[{"href":"https:\/\/supertortillamachines.com\/es\/wp-json\/wp\/v2\/types\/product"}],"wp:featuredmedia":[{"embeddable":true,"href":"https:\/\/supertortillamachines.com\/es\/wp-json\/wp\/v2\/media\/1263"}],"wp:attachment":[{"href":"https:\/\/supertortillamachines.com\/es\/wp-json\/wp\/v2\/media?parent=1262"}],"wp:term":[{"taxonomy":"product_brand","embeddable":true,"href":"https:\/\/supertortillamachines.com\/es\/wp-json\/wp\/v2\/product_brand?post=1262"},{"taxonomy":"product_cat","embeddable":true,"href":"https:\/\/supertortillamachines.com\/es\/wp-json\/wp\/v2\/product_cat?post=1262"},{"taxonomy":"product_tag","embeddable":true,"href":"https:\/\/supertortillamachines.com\/es\/wp-json\/wp\/v2\/product_tag?post=1262"}],"curies":[{"name":"wp","href":"https:\/\/api.w.org\/{rel}","templated":true}]}}