{"id":1272,"date":"2025-09-09T17:24:12","date_gmt":"2025-09-09T17:24:12","guid":{"rendered":"https:\/\/supertortillamachines.com\/?post_type=product&#038;p=1272"},"modified":"2025-09-18T16:02:35","modified_gmt":"2025-09-18T16:02:35","slug":"horno-de-cajon-premium-de-acero-inoxidable-con-cristal-panoramico","status":"publish","type":"product","link":"https:\/\/supertortillamachines.com\/es\/product\/premium-stainless-steel-drawer-oven-with-panoramic-glass\/","title":{"rendered":"Horno de cajones de acero inoxidable de primera calidad con cristal panor\u00e1mico"},"content":{"rendered":"<h3>Horno de cajones de acero inoxidable de primera calidad con cristal panor\u00e1mico<\/h3>\n<p>&nbsp;<\/p>\n<p>El horno de caj\u00f3n de acero inoxidable Premium con cristal panor\u00e1mico est\u00e1 dise\u00f1ado para panader\u00edas y negocios de alimentaci\u00f3n que exigen durabilidad, eficiencia y resultados de horneado de precisi\u00f3n.<\/p>\n<p>&nbsp;<\/p>\n<p>Construido con un exterior de acero inoxidable y un interior de acero galvanizado, este horno proporciona una resistencia duradera contra el calor y el desgaste, al tiempo que garantiza un rendimiento de nivel profesional. Su perfecto aislamiento mantiene temperaturas de horneado constantes y reduce la p\u00e9rdida de energ\u00eda.<\/p>\n<p>&nbsp;<\/p>\n<p>La ventana panor\u00e1mica de vidrio templado ofrece una visi\u00f3n clara del proceso de horneado, permitiendo una f\u00e1cil supervisi\u00f3n sin comprometer la retenci\u00f3n del calor. Una v\u00e1lvula de control de llama garantiza una combusti\u00f3n eficiente, mientras que sus ruedas de doble rodamiento con sistema de frenado a\u00f1aden movilidad y seguridad.<\/p>\n<p>&nbsp;<\/p>\n<p>Para una mayor versatilidad, este horno puede equiparse con automatizaci\u00f3n opcional, cocci\u00f3n con piedra volc\u00e1nica y sistemas de vapor manuales o automatizados, lo que lo convierte en una opci\u00f3n fiable para panader\u00edas que desean un rendimiento profesional con caracter\u00edsticas modernas.<\/p>\n<p>&nbsp;<\/p>\n<p>Caracter\u00edsticas:<\/p>\n<ul>\n<li>Construcci\u00f3n de acero inoxidable de primera calidad para mayor durabilidad e higiene<\/li>\n<li>Interior de acero galvanizado para una mayor resistencia y longevidad<\/li>\n<li>Aislamiento t\u00e9rmico perfecto para un horneado energ\u00e9ticamente eficiente<\/li>\n<li>V\u00e1lvula de control de llama para una combusti\u00f3n eficiente del gas<\/li>\n<li>Montado sobre ruedas de doble rodamiento con sistema de frenado para mayor movilidad y seguridad<\/li>\n<li>Ventana panor\u00e1mica de cristal templado para supervisar f\u00e1cilmente la cocci\u00f3n<\/li>\n<li>Sistema de automatizaci\u00f3n opcional para facilitar el manejo<\/li>\n<li>Horneado con piedra volc\u00e1nica opcional para obtener resultados aut\u00e9nticamente artesanales<\/li>\n<li>Sistema de vapor opcional (manual o automatizado) para una aplicaci\u00f3n de horneado vers\u00e1til<\/li>\n<\/ul>\n<p><img decoding=\"async\" class=\"imgDescripcion\" src=\"https:\/\/supertortillamachines.com\/wp-content\/uploads\/2025\/09\/infographic-stainless-oven.png\" alt=\"Infograf\u00eda Horno con caj\u00f3n de acero inoxidable\" \/><\/p>\n<p>&nbsp;<\/p>\n<p>Dimensiones:<\/p>\n<table class=\"tableDescription\">\n<thead>\n<tr>\n<th>Bandejas<\/th>\n<th>Anchura<\/th>\n<th>Profundidad<\/th>\n<th>Altura<\/th>\n<\/tr>\n<\/thead>\n<tbody>\n<tr>\n<td>1 bandeja<\/td>\n<td>92,5 cm (36,4 in)<\/td>\n<td>70 cm<\/td>\n<td>155 cm<\/td>\n<\/tr>\n<tr>\n<td>2 bandejas<\/td>\n<td>92,5 cm (36,4 in)<\/td>\n<td>70 cm<\/td>\n<td>59,4 pulgadas (151 cm)<\/td>\n<\/tr>\n<tr>\n<td>3 bandejas<\/td>\n<td>92,5 cm (36,4 in)<\/td>\n<td>70 cm<\/td>\n<td>163,5 cm (64,4 in)<\/td>\n<\/tr>\n<tr>\n<td>4 bandejas<\/td>\n<td>120 cm<\/td>\n<td>92 cm<\/td>\n<td>59,4 pulgadas (151 cm)<\/td>\n<\/tr>\n<tr>\n<td>6 bandejas<\/td>\n<td>175 cm<\/td>\n<td>92 cm<\/td>\n<td>59,4 pulgadas (151 cm)<\/td>\n<\/tr>\n<tr>\n<td>8 bandejas<\/td>\n<td>230 cm<\/td>\n<td>92 cm<\/td>\n<td>59,4 pulgadas (151 cm)<\/td>\n<\/tr>\n<tr>\n<td>9 bandejas<\/td>\n<td>175 cm<\/td>\n<td>92 cm<\/td>\n<td>163,5 cm (64,4 in)<\/td>\n<\/tr>\n<tr>\n<td>12 bandejas<\/td>\n<td>230 cm<\/td>\n<td>95 cm<\/td>\n<td>163,5 cm (64,4 in)<\/td>\n<\/tr>\n<\/tbody>\n<\/table>\n<p>&nbsp;<\/p>\n<p>&nbsp;<\/p>\n<p>Estas m\u00e1quinas se fabrican bajo pedido y tardamos 15 d\u00edas laborables en enviarle su m\u00e1quina. Por favor, tenga esto en cuenta cuando haga su pedido.<\/p>\n<p>&nbsp;<\/p>\n<p>No lo dudes, tambi\u00e9n somos vendedores en ebay y puedes ver que somos un vendedor de confianza en<\/p>\n<p><a href=\"https:\/\/feedback.ebay.com\/ws\/eBayISAPI.dll?ViewFeedback2&amp;userid=woodandheat&amp;ftab=AllFeedback\">https:\/\/feedback.ebay.com\/ws\/eBayISAPI.dll?ViewFeedback2&amp;userid=woodandheat&amp;ftab=AllFeedback<\/a><\/p>\n<p>&nbsp;<\/p>\n<p><a href=\"https:\/\/supertortillamachines.com\/es\/\">www.supertortillamachines.com<\/a><\/p>\n<p>&nbsp;<\/p>\n<p>Es la mejor opci\u00f3n en m\u00e1quinas tortilladoras de harina para producci\u00f3n industrial. Somos una empresa con presencia en M\u00e9xico y Estados Unidos. Nuestras maquinas son de calidad hechas en Mexico y exportadas a nuestro almacen en USA. Es por eso que podemos enviar a un precio muy competitivo dentro de los EE.UU. y en todo el mundo.<\/p>\n<p>&nbsp;<\/p>\n<p>Si usted est\u00e1 en los EE.UU. ser\u00e1 muy f\u00e1cil comprar de nosotros, porque somos una corporaci\u00f3n de EE.UU., usted no tendr\u00e1 que lidiar con las aduanas en cualquier momento. Usted s\u00f3lo tiene que pedir y recibir\u00e1 su m\u00e1quina en cualquier direcci\u00f3n de EE.UU. dentro de los estados continentales.<\/p>","protected":false},"excerpt":{"rendered":"<p>Horno de caj\u00f3n de acero inoxidable con ventana panor\u00e1mica de cristal, aislamiento perfecto, control de llama y automatizaci\u00f3n opcional, piedra volc\u00e1nica y sistema de vapor.<\/p>","protected":false},"featured_media":1274,"template":"","meta":{"om_disable_all_campaigns":false,"_monsterinsights_skip_tracking":false,"_monsterinsights_sitenote_active":false,"_monsterinsights_sitenote_note":"","_monsterinsights_sitenote_category":0},"product_brand":[57],"product_cat":[100,19,142],"product_tag":[101,139,141,149,147,148],"class_list":{"0":"post-1272","1":"product","2":"type-product","3":"status-publish","4":"has-post-thumbnail","6":"product_brand-super-tortilla-machines","7":"product_cat-bakery-products","8":"product_cat-tortilla-machines","9":"product_cat-premium-bakery","10":"product_tag-bakery","11":"product_tag-baking","12":"product_tag-drawer","13":"product_tag-ove","14":"product_tag-stainless","15":"product_tag-steel","17":"first","18":"instock","19":"shipping-taxable","20":"purchasable","21":"product-type-variable"},"yoast_head":"<!-- This site is optimized with the Yoast SEO plugin v27.4 - https:\/\/yoast.com\/product\/yoast-seo-wordpress\/ -->\n<title>Premium Stainless Steel Drawer Oven with Panoramic Glass - SUPER TORTILLA MACHINES<\/title>\n<meta name=\"description\" content=\"Stainless steel drawer oven with panoramic glass window, perfect insulation, flame control, and optional automation, volcanic stone, and steam system.\" \/>\n<meta name=\"robots\" content=\"index, follow, max-snippet:-1, max-image-preview:large, max-video-preview:-1\" \/>\n<link rel=\"canonical\" href=\"https:\/\/supertortillamachines.com\/es\/producto\/horno-de-cajon-premium-de-acero-inoxidable-con-cristal-panoramico\/\" \/>\n<meta property=\"og:locale\" content=\"es_MX\" \/>\n<meta property=\"og:type\" content=\"article\" \/>\n<meta property=\"og:title\" content=\"Premium Stainless Steel Drawer Oven with Panoramic Glass - SUPER TORTILLA MACHINES\" \/>\n<meta property=\"og:description\" content=\"Stainless steel drawer oven with panoramic glass window, perfect insulation, flame control, and optional automation, volcanic stone, and steam system.\" \/>\n<meta property=\"og:url\" content=\"https:\/\/supertortillamachines.com\/es\/producto\/horno-de-cajon-premium-de-acero-inoxidable-con-cristal-panoramico\/\" \/>\n<meta property=\"og:site_name\" content=\"SUPER TORTILLA MACHINES\" \/>\n<meta property=\"article:modified_time\" content=\"2025-09-18T16:02:35+00:00\" \/>\n<meta property=\"og:image\" content=\"https:\/\/supertortillamachines.com\/wp-content\/uploads\/2025\/09\/stainless-steel-oven.jpg\" \/>\n\t<meta property=\"og:image:width\" content=\"1500\" \/>\n\t<meta property=\"og:image:height\" content=\"1125\" \/>\n\t<meta property=\"og:image:type\" content=\"image\/jpeg\" \/>\n<meta name=\"twitter:card\" content=\"summary_large_image\" \/>\n<meta name=\"twitter:label1\" content=\"Tiempo de lectura\" \/>\n\t<meta name=\"twitter:data1\" content=\"3 minutos\" \/>\n<script type=\"application\/ld+json\" class=\"yoast-schema-graph\">{\"@context\":\"https:\\\/\\\/schema.org\",\"@graph\":[{\"@type\":\"WebPage\",\"@id\":\"https:\\\/\\\/supertortillamachines.com\\\/product\\\/premium-stainless-steel-drawer-oven-with-panoramic-glass\\\/\",\"url\":\"https:\\\/\\\/supertortillamachines.com\\\/product\\\/premium-stainless-steel-drawer-oven-with-panoramic-glass\\\/\",\"name\":\"Premium Stainless Steel Drawer Oven with Panoramic Glass - SUPER TORTILLA MACHINES\",\"isPartOf\":{\"@id\":\"https:\\\/\\\/supertortillamachines.com\\\/#website\"},\"primaryImageOfPage\":{\"@id\":\"https:\\\/\\\/supertortillamachines.com\\\/product\\\/premium-stainless-steel-drawer-oven-with-panoramic-glass\\\/#primaryimage\"},\"image\":{\"@id\":\"https:\\\/\\\/supertortillamachines.com\\\/product\\\/premium-stainless-steel-drawer-oven-with-panoramic-glass\\\/#primaryimage\"},\"thumbnailUrl\":\"https:\\\/\\\/supertortillamachines.com\\\/wp-content\\\/uploads\\\/2025\\\/09\\\/stainless-steel-oven.jpg\",\"datePublished\":\"2025-09-09T17:24:12+00:00\",\"dateModified\":\"2025-09-18T16:02:35+00:00\",\"description\":\"Stainless steel drawer oven with panoramic glass window, perfect insulation, flame control, and optional automation, volcanic stone, and steam system.\",\"breadcrumb\":{\"@id\":\"https:\\\/\\\/supertortillamachines.com\\\/product\\\/premium-stainless-steel-drawer-oven-with-panoramic-glass\\\/#breadcrumb\"},\"inLanguage\":\"es\",\"potentialAction\":[{\"@type\":\"ReadAction\",\"target\":[\"https:\\\/\\\/supertortillamachines.com\\\/product\\\/premium-stainless-steel-drawer-oven-with-panoramic-glass\\\/\"]}]},{\"@type\":\"ImageObject\",\"inLanguage\":\"es\",\"@id\":\"https:\\\/\\\/supertortillamachines.com\\\/product\\\/premium-stainless-steel-drawer-oven-with-panoramic-glass\\\/#primaryimage\",\"url\":\"https:\\\/\\\/supertortillamachines.com\\\/wp-content\\\/uploads\\\/2025\\\/09\\\/stainless-steel-oven.jpg\",\"contentUrl\":\"https:\\\/\\\/supertortillamachines.com\\\/wp-content\\\/uploads\\\/2025\\\/09\\\/stainless-steel-oven.jpg\",\"width\":1500,\"height\":1125,\"caption\":\"Stainless Steel Drawer Oven\"},{\"@type\":\"BreadcrumbList\",\"@id\":\"https:\\\/\\\/supertortillamachines.com\\\/product\\\/premium-stainless-steel-drawer-oven-with-panoramic-glass\\\/#breadcrumb\",\"itemListElement\":[{\"@type\":\"ListItem\",\"position\":1,\"name\":\"Home\",\"item\":\"https:\\\/\\\/supertortillamachines.com\\\/\"},{\"@type\":\"ListItem\",\"position\":2,\"name\":\"Shop\",\"item\":\"https:\\\/\\\/supertortillamachines.com\\\/shop\\\/\"},{\"@type\":\"ListItem\",\"position\":3,\"name\":\"Premium Stainless Steel Drawer Oven with Panoramic Glass\"}]},{\"@type\":\"WebSite\",\"@id\":\"https:\\\/\\\/supertortillamachines.com\\\/#website\",\"url\":\"https:\\\/\\\/supertortillamachines.com\\\/\",\"name\":\"SUPER TORTILLA MACHINES\",\"description\":\"The best Mexican Tortilla Machines\",\"publisher\":{\"@id\":\"https:\\\/\\\/supertortillamachines.com\\\/#organization\"},\"potentialAction\":[{\"@type\":\"SearchAction\",\"target\":{\"@type\":\"EntryPoint\",\"urlTemplate\":\"https:\\\/\\\/supertortillamachines.com\\\/?s={search_term_string}\"},\"query-input\":{\"@type\":\"PropertyValueSpecification\",\"valueRequired\":true,\"valueName\":\"search_term_string\"}}],\"inLanguage\":\"es\"},{\"@type\":\"Organization\",\"@id\":\"https:\\\/\\\/supertortillamachines.com\\\/#organization\",\"name\":\"SUPER TORTILLA MACHINES\",\"url\":\"https:\\\/\\\/supertortillamachines.com\\\/\",\"logo\":{\"@type\":\"ImageObject\",\"inLanguage\":\"es\",\"@id\":\"https:\\\/\\\/supertortillamachines.com\\\/#\\\/schema\\\/logo\\\/image\\\/\",\"url\":\"https:\\\/\\\/supertortillamachines.com\\\/wp-content\\\/uploads\\\/2025\\\/07\\\/Supertortilla.jpg\",\"contentUrl\":\"https:\\\/\\\/supertortillamachines.com\\\/wp-content\\\/uploads\\\/2025\\\/07\\\/Supertortilla.jpg\",\"width\":221,\"height\":177,\"caption\":\" SUPER TORTILLA MACHINES \"},\"image\":{\"@id\":\"https:\\\/\\\/supertortillamachines.com\\\/#\\\/schema\\\/logo\\\/image\\\/\"}}]}<\/script>\n<!-- \/ Yoast SEO plugin. -->","yoast_head_json":{"title":"Horno de cajones de acero inoxidable Premium con cristal panor\u00e1mico - SUPER TORTILLA MACHINES","description":"Horno de caj\u00f3n de acero inoxidable con ventana panor\u00e1mica de cristal, aislamiento perfecto, control de llama y automatizaci\u00f3n opcional, piedra volc\u00e1nica y sistema de vapor.","robots":{"index":"index","follow":"follow","max-snippet":"max-snippet:-1","max-image-preview":"max-image-preview:large","max-video-preview":"max-video-preview:-1"},"canonical":"https:\/\/supertortillamachines.com\/es\/producto\/horno-de-cajon-premium-de-acero-inoxidable-con-cristal-panoramico\/","og_locale":"es_MX","og_type":"article","og_title":"Premium Stainless Steel Drawer Oven with Panoramic Glass - SUPER TORTILLA MACHINES","og_description":"Stainless steel drawer oven with panoramic glass window, perfect insulation, flame control, and optional automation, volcanic stone, and steam system.","og_url":"https:\/\/supertortillamachines.com\/es\/producto\/horno-de-cajon-premium-de-acero-inoxidable-con-cristal-panoramico\/","og_site_name":"SUPER TORTILLA MACHINES","article_modified_time":"2025-09-18T16:02:35+00:00","og_image":[{"width":1500,"height":1125,"url":"https:\/\/supertortillamachines.com\/wp-content\/uploads\/2025\/09\/stainless-steel-oven.jpg","type":"image\/jpeg"}],"twitter_card":"summary_large_image","twitter_misc":{"Tiempo de lectura":"3 minutos"},"schema":{"@context":"https:\/\/schema.org","@graph":[{"@type":"WebPage","@id":"https:\/\/supertortillamachines.com\/product\/premium-stainless-steel-drawer-oven-with-panoramic-glass\/","url":"https:\/\/supertortillamachines.com\/product\/premium-stainless-steel-drawer-oven-with-panoramic-glass\/","name":"Horno de cajones de acero inoxidable Premium con cristal panor\u00e1mico - SUPER TORTILLA MACHINES","isPartOf":{"@id":"https:\/\/supertortillamachines.com\/#website"},"primaryImageOfPage":{"@id":"https:\/\/supertortillamachines.com\/product\/premium-stainless-steel-drawer-oven-with-panoramic-glass\/#primaryimage"},"image":{"@id":"https:\/\/supertortillamachines.com\/product\/premium-stainless-steel-drawer-oven-with-panoramic-glass\/#primaryimage"},"thumbnailUrl":"https:\/\/supertortillamachines.com\/wp-content\/uploads\/2025\/09\/stainless-steel-oven.jpg","datePublished":"2025-09-09T17:24:12+00:00","dateModified":"2025-09-18T16:02:35+00:00","description":"Horno de caj\u00f3n de acero inoxidable con ventana panor\u00e1mica de cristal, aislamiento perfecto, control de llama y automatizaci\u00f3n opcional, piedra volc\u00e1nica y sistema de vapor.","breadcrumb":{"@id":"https:\/\/supertortillamachines.com\/product\/premium-stainless-steel-drawer-oven-with-panoramic-glass\/#breadcrumb"},"inLanguage":"es","potentialAction":[{"@type":"ReadAction","target":["https:\/\/supertortillamachines.com\/product\/premium-stainless-steel-drawer-oven-with-panoramic-glass\/"]}]},{"@type":"ImageObject","inLanguage":"es","@id":"https:\/\/supertortillamachines.com\/product\/premium-stainless-steel-drawer-oven-with-panoramic-glass\/#primaryimage","url":"https:\/\/supertortillamachines.com\/wp-content\/uploads\/2025\/09\/stainless-steel-oven.jpg","contentUrl":"https:\/\/supertortillamachines.com\/wp-content\/uploads\/2025\/09\/stainless-steel-oven.jpg","width":1500,"height":1125,"caption":"Stainless Steel Drawer Oven"},{"@type":"BreadcrumbList","@id":"https:\/\/supertortillamachines.com\/product\/premium-stainless-steel-drawer-oven-with-panoramic-glass\/#breadcrumb","itemListElement":[{"@type":"ListItem","position":1,"name":"Home","item":"https:\/\/supertortillamachines.com\/"},{"@type":"ListItem","position":2,"name":"Shop","item":"https:\/\/supertortillamachines.com\/shop\/"},{"@type":"ListItem","position":3,"name":"Premium Stainless Steel Drawer Oven with Panoramic Glass"}]},{"@type":"WebSite","@id":"https:\/\/supertortillamachines.com\/#website","url":"https:\/\/supertortillamachines.com\/","name":"SUPER TORTILLADORAS","description":"Las mejores Tortilladoras Mexicanas","publisher":{"@id":"https:\/\/supertortillamachines.com\/#organization"},"potentialAction":[{"@type":"SearchAction","target":{"@type":"EntryPoint","urlTemplate":"https:\/\/supertortillamachines.com\/?s={search_term_string}"},"query-input":{"@type":"PropertyValueSpecification","valueRequired":true,"valueName":"search_term_string"}}],"inLanguage":"es"},{"@type":"Organization","@id":"https:\/\/supertortillamachines.com\/#organization","name":"SUPER TORTILLADORAS","url":"https:\/\/supertortillamachines.com\/","logo":{"@type":"ImageObject","inLanguage":"es","@id":"https:\/\/supertortillamachines.com\/#\/schema\/logo\/image\/","url":"https:\/\/supertortillamachines.com\/wp-content\/uploads\/2025\/07\/Supertortilla.jpg","contentUrl":"https:\/\/supertortillamachines.com\/wp-content\/uploads\/2025\/07\/Supertortilla.jpg","width":221,"height":177,"caption":" SUPER TORTILLA MACHINES "},"image":{"@id":"https:\/\/supertortillamachines.com\/#\/schema\/logo\/image\/"}}]}},"jetpack_sharing_enabled":true,"_links":{"self":[{"href":"https:\/\/supertortillamachines.com\/es\/wp-json\/wp\/v2\/product\/1272","targetHints":{"allow":["GET"]}}],"collection":[{"href":"https:\/\/supertortillamachines.com\/es\/wp-json\/wp\/v2\/product"}],"about":[{"href":"https:\/\/supertortillamachines.com\/es\/wp-json\/wp\/v2\/types\/product"}],"wp:featuredmedia":[{"embeddable":true,"href":"https:\/\/supertortillamachines.com\/es\/wp-json\/wp\/v2\/media\/1274"}],"wp:attachment":[{"href":"https:\/\/supertortillamachines.com\/es\/wp-json\/wp\/v2\/media?parent=1272"}],"wp:term":[{"taxonomy":"product_brand","embeddable":true,"href":"https:\/\/supertortillamachines.com\/es\/wp-json\/wp\/v2\/product_brand?post=1272"},{"taxonomy":"product_cat","embeddable":true,"href":"https:\/\/supertortillamachines.com\/es\/wp-json\/wp\/v2\/product_cat?post=1272"},{"taxonomy":"product_tag","embeddable":true,"href":"https:\/\/supertortillamachines.com\/es\/wp-json\/wp\/v2\/product_tag?post=1272"}],"curies":[{"name":"wp","href":"https:\/\/api.w.org\/{rel}","templated":true}]}}