{"id":1391,"date":"2025-09-12T20:40:18","date_gmt":"2025-09-12T20:40:18","guid":{"rendered":"https:\/\/supertortillamachines.com\/?post_type=product&#038;p=1391"},"modified":"2025-09-18T16:02:46","modified_gmt":"2025-09-18T16:02:46","slug":"fermentadora-de-masa-16-32-modelos-de-bandeja","status":"publish","type":"product","link":"https:\/\/supertortillamachines.com\/es\/product\/bakery-dough-proofer-16-32-tray-models\/","title":{"rendered":"Fermentadora de masa para panader\u00eda Modelos de 16 y 32 bandejas"},"content":{"rendered":"<h3>La mezcla perfecta de elegancia y eficacia.<\/h3>\n<p>&nbsp;<\/p>\n<p>Nuestras fermentadoras de alta calidad est\u00e1n dise\u00f1adas para optimizar la producci\u00f3n de panader\u00eda y garantizar una calidad constante en cada lote. Con un entorno controlado de temperatura y humedad, la masa se desarrolla completamente, lo que da como resultado un pan m\u00e1s ligero, esponjoso y sabroso.<\/p>\n<p>&nbsp;<\/p>\n<p>F\u00e1ciles de manejar y fabricadas con materiales de alta calidad, estas fermentadoras son duraderas e ideales para panader\u00edas comerciales. Las configuraciones ajustables permiten a los panaderos ajustar con precisi\u00f3n las condiciones de fermentaci\u00f3n, garantizando resultados perfectos para una variedad de recetas, desde panes artesanales hasta masas especiales.<\/p>\n<p>&nbsp;<\/p>\n<p>Equipadas con ventanas de visualizaci\u00f3n de cristal templado y un control preciso de la humedad y la temperatura, nuestras c\u00e1maras de fermentaci\u00f3n no s\u00f3lo mejoran la calidad del producto, sino que tambi\u00e9n aumentan la eficacia al reducir el tiempo de fermentaci\u00f3n y ofrecer una programaci\u00f3n flexible de la producci\u00f3n.<\/p>\n<p>&nbsp;<\/p>\n<p>Caracter\u00edsticas:<\/p>\n<ul>\n<li>Disponible en modelos de 16 y 32 bandejas<\/li>\n<li>Tama\u00f1o de la bandeja: 45 \u00d7 64 cm (17,7\u2033 \u00d7 25,2\u2033)<\/li>\n<li>Gama de temperaturas: 30 - 60 \u00b0C (86 - 140 \u00b0F)<\/li>\n<li>Rango de humedad: 70 - 90%<\/li>\n<li>Ventana de cristal templado para facilitar la supervisi\u00f3n<\/li>\n<li>Gran durabilidad, dise\u00f1ado para panader\u00edas comerciales<\/li>\n<li>Control preciso de la humedad y la temperatura<\/li>\n<li>Dise\u00f1o elegante, rendimiento robusto<\/li>\n<\/ul>\n<p>&nbsp;<\/p>\n<table class=\"tableDescription\">\n<thead>\n<tr>\n<th>Modelo<\/th>\n<th>Capacidad de la bandeja<\/th>\n<th>Tensi\u00f3n<\/th>\n<th>Potencia<\/th>\n<th>Temperatura<\/th>\n<th>Rango de humedad<\/th>\n<th>Dimensiones (cm)<\/th>\n<th>Peso<\/th>\n<\/tr>\n<\/thead>\n<tbody>\n<tr>\n<td>F-16A<\/td>\n<td>16<\/td>\n<td>110 V<\/td>\n<td>2,6 kW<\/td>\n<td>30 - 60 \u00b0C (86 - 140 \u00b0F)<\/td>\n<td>70 - 90%<\/td>\n<td>69 \u00d7 48 \u00d7 193 cm (27,2\u2033 \u00d7 18,9\u2033 \u00d7 76,0\u2033)<\/td>\n<td>32 kg (70,5 libras)<\/td>\n<\/tr>\n<tr>\n<td>F-32A<\/td>\n<td>32<\/td>\n<td>110 V<\/td>\n<td>2,6 kW<\/td>\n<td>30 - 60 \u00b0C (86 - 140 \u00b0F)<\/td>\n<td>70 - 90%<\/td>\n<td>69 \u00d7 96 \u00d7 193 cm (27,2\u2033 \u00d7 37,8\u2033 \u00d7 76,0\u2033)<\/td>\n<td>32 kg (70,5 libras)<\/td>\n<\/tr>\n<\/tbody>\n<\/table>\n<p>&nbsp;<\/p>\n<p>&nbsp;<\/p>\n<p>Estas m\u00e1quinas se fabrican bajo pedido y tardamos 15 d\u00edas laborables en enviarle su m\u00e1quina. Por favor, tenga esto en cuenta cuando haga su pedido.<\/p>\n<p>&nbsp;<\/p>\n<p>No lo dudes, tambi\u00e9n somos vendedores en ebay y puedes ver que somos un vendedor de confianza en<\/p>\n<p><a href=\"https:\/\/feedback.ebay.com\/ws\/eBayISAPI.dll?ViewFeedback2&amp;userid=woodandheat&amp;ftab=AllFeedback\">https:\/\/feedback.ebay.com\/ws\/eBayISAPI.dll?ViewFeedback2&amp;userid=woodandheat&amp;ftab=AllFeedback<\/a><\/p>\n<p>&nbsp;<\/p>\n<p><a href=\"https:\/\/supertortillamachines.com\/es\/\">www.supertortillamachines.com<\/a><\/p>\n<p>&nbsp;<\/p>\n<p>Es la mejor opci\u00f3n en m\u00e1quinas tortilladoras de harina para producci\u00f3n industrial. Somos una empresa con presencia en M\u00e9xico y Estados Unidos. Nuestras maquinas son de calidad hechas en Mexico y exportadas a nuestro almacen en USA. Es por eso que podemos enviar a un precio muy competitivo dentro de los EE.UU. y en todo el mundo.<\/p>\n<p>&nbsp;<\/p>\n<p>Si usted est\u00e1 en los EE.UU. ser\u00e1 muy f\u00e1cil comprar de nosotros, porque somos una corporaci\u00f3n de EE.UU., usted no tendr\u00e1 que lidiar con las aduanas en cualquier momento. Usted s\u00f3lo tiene que pedir y recibir\u00e1 su m\u00e1quina en cualquier direcci\u00f3n de EE.UU. dentro de los estados continentales.<\/p>","protected":false},"excerpt":{"rendered":"<p data-start=\"361\" data-end=\"505\">Mejore la calidad del pan con nuestras fermentadoras premium. Fermentaci\u00f3n uniforme, control preciso de la humedad y la temperatura. Modelos para 16 y 32 bandejas.<\/p>","protected":false},"featured_media":1392,"template":"","meta":{"om_disable_all_campaigns":false,"_monsterinsights_skip_tracking":false,"_monsterinsights_sitenote_active":false,"_monsterinsights_sitenote_note":"","_monsterinsights_sitenote_category":0},"product_brand":[57],"product_cat":[100,19,142],"product_tag":[101,108,156],"class_list":{"0":"post-1391","1":"product","2":"type-product","3":"status-publish","4":"has-post-thumbnail","6":"product_brand-super-tortilla-machines","7":"product_cat-bakery-products","8":"product_cat-tortilla-machines","9":"product_cat-premium-bakery","10":"product_tag-bakery","11":"product_tag-dough","12":"product_tag-proofer","14":"first","15":"instock","16":"shipping-taxable","17":"purchasable","18":"product-type-variable"},"yoast_head":"<!-- This site is optimized with the Yoast SEO plugin v27.4 - https:\/\/yoast.com\/product\/yoast-seo-wordpress\/ -->\n<title>Bakery Dough Proofer 16 &amp; 32 Tray Models - SUPER TORTILLA MACHINES<\/title>\n<meta name=\"description\" content=\"Enhance bread quality with our premium dough proofers. Uniform fermentation, precise humidity &amp; temperature control. Models for 16 &amp; 32 trays.\" \/>\n<meta name=\"robots\" content=\"index, follow, max-snippet:-1, max-image-preview:large, max-video-preview:-1\" \/>\n<link rel=\"canonical\" href=\"https:\/\/supertortillamachines.com\/es\/producto\/fermentadora-de-masa-16-32-modelos-de-bandeja\/\" \/>\n<meta property=\"og:locale\" content=\"es_MX\" \/>\n<meta property=\"og:type\" content=\"article\" \/>\n<meta property=\"og:title\" content=\"Bakery Dough Proofer 16 &amp; 32 Tray Models - SUPER TORTILLA MACHINES\" \/>\n<meta property=\"og:description\" content=\"Enhance bread quality with our premium dough proofers. Uniform fermentation, precise humidity &amp; temperature control. Models for 16 &amp; 32 trays.\" \/>\n<meta property=\"og:url\" content=\"https:\/\/supertortillamachines.com\/es\/producto\/fermentadora-de-masa-16-32-modelos-de-bandeja\/\" \/>\n<meta property=\"og:site_name\" content=\"SUPER TORTILLA MACHINES\" \/>\n<meta property=\"article:modified_time\" content=\"2025-09-18T16:02:46+00:00\" \/>\n<meta property=\"og:image\" content=\"https:\/\/supertortillamachines.com\/wp-content\/uploads\/2025\/09\/dough-proofer-1.jpg\" \/>\n\t<meta property=\"og:image:width\" content=\"1500\" \/>\n\t<meta property=\"og:image:height\" content=\"1125\" \/>\n\t<meta property=\"og:image:type\" content=\"image\/jpeg\" \/>\n<meta name=\"twitter:card\" content=\"summary_large_image\" \/>\n<meta name=\"twitter:label1\" content=\"Tiempo de lectura\" \/>\n\t<meta name=\"twitter:data1\" content=\"2 minutos\" \/>\n<script type=\"application\/ld+json\" class=\"yoast-schema-graph\">{\"@context\":\"https:\\\/\\\/schema.org\",\"@graph\":[{\"@type\":\"WebPage\",\"@id\":\"https:\\\/\\\/supertortillamachines.com\\\/product\\\/bakery-dough-proofer-16-32-tray-models\\\/\",\"url\":\"https:\\\/\\\/supertortillamachines.com\\\/product\\\/bakery-dough-proofer-16-32-tray-models\\\/\",\"name\":\"Bakery Dough Proofer 16 & 32 Tray Models - SUPER TORTILLA MACHINES\",\"isPartOf\":{\"@id\":\"https:\\\/\\\/supertortillamachines.com\\\/#website\"},\"primaryImageOfPage\":{\"@id\":\"https:\\\/\\\/supertortillamachines.com\\\/product\\\/bakery-dough-proofer-16-32-tray-models\\\/#primaryimage\"},\"image\":{\"@id\":\"https:\\\/\\\/supertortillamachines.com\\\/product\\\/bakery-dough-proofer-16-32-tray-models\\\/#primaryimage\"},\"thumbnailUrl\":\"https:\\\/\\\/supertortillamachines.com\\\/wp-content\\\/uploads\\\/2025\\\/09\\\/dough-proofer-1.jpg\",\"datePublished\":\"2025-09-12T20:40:18+00:00\",\"dateModified\":\"2025-09-18T16:02:46+00:00\",\"description\":\"Enhance bread quality with our premium dough proofers. Uniform fermentation, precise humidity & temperature control. Models for 16 & 32 trays.\",\"breadcrumb\":{\"@id\":\"https:\\\/\\\/supertortillamachines.com\\\/product\\\/bakery-dough-proofer-16-32-tray-models\\\/#breadcrumb\"},\"inLanguage\":\"es\",\"potentialAction\":[{\"@type\":\"ReadAction\",\"target\":[\"https:\\\/\\\/supertortillamachines.com\\\/product\\\/bakery-dough-proofer-16-32-tray-models\\\/\"]}]},{\"@type\":\"ImageObject\",\"inLanguage\":\"es\",\"@id\":\"https:\\\/\\\/supertortillamachines.com\\\/product\\\/bakery-dough-proofer-16-32-tray-models\\\/#primaryimage\",\"url\":\"https:\\\/\\\/supertortillamachines.com\\\/wp-content\\\/uploads\\\/2025\\\/09\\\/dough-proofer-1.jpg\",\"contentUrl\":\"https:\\\/\\\/supertortillamachines.com\\\/wp-content\\\/uploads\\\/2025\\\/09\\\/dough-proofer-1.jpg\",\"width\":1500,\"height\":1125,\"caption\":\"Bakery Dough Proofer\"},{\"@type\":\"BreadcrumbList\",\"@id\":\"https:\\\/\\\/supertortillamachines.com\\\/product\\\/bakery-dough-proofer-16-32-tray-models\\\/#breadcrumb\",\"itemListElement\":[{\"@type\":\"ListItem\",\"position\":1,\"name\":\"Home\",\"item\":\"https:\\\/\\\/supertortillamachines.com\\\/\"},{\"@type\":\"ListItem\",\"position\":2,\"name\":\"Shop\",\"item\":\"https:\\\/\\\/supertortillamachines.com\\\/shop\\\/\"},{\"@type\":\"ListItem\",\"position\":3,\"name\":\"Bakery Dough Proofer 16 &#038; 32 Tray Models\"}]},{\"@type\":\"WebSite\",\"@id\":\"https:\\\/\\\/supertortillamachines.com\\\/#website\",\"url\":\"https:\\\/\\\/supertortillamachines.com\\\/\",\"name\":\"SUPER TORTILLA MACHINES\",\"description\":\"The best Mexican Tortilla Machines\",\"publisher\":{\"@id\":\"https:\\\/\\\/supertortillamachines.com\\\/#organization\"},\"potentialAction\":[{\"@type\":\"SearchAction\",\"target\":{\"@type\":\"EntryPoint\",\"urlTemplate\":\"https:\\\/\\\/supertortillamachines.com\\\/?s={search_term_string}\"},\"query-input\":{\"@type\":\"PropertyValueSpecification\",\"valueRequired\":true,\"valueName\":\"search_term_string\"}}],\"inLanguage\":\"es\"},{\"@type\":\"Organization\",\"@id\":\"https:\\\/\\\/supertortillamachines.com\\\/#organization\",\"name\":\"SUPER TORTILLA MACHINES\",\"url\":\"https:\\\/\\\/supertortillamachines.com\\\/\",\"logo\":{\"@type\":\"ImageObject\",\"inLanguage\":\"es\",\"@id\":\"https:\\\/\\\/supertortillamachines.com\\\/#\\\/schema\\\/logo\\\/image\\\/\",\"url\":\"https:\\\/\\\/supertortillamachines.com\\\/wp-content\\\/uploads\\\/2025\\\/07\\\/Supertortilla.jpg\",\"contentUrl\":\"https:\\\/\\\/supertortillamachines.com\\\/wp-content\\\/uploads\\\/2025\\\/07\\\/Supertortilla.jpg\",\"width\":221,\"height\":177,\"caption\":\" SUPER TORTILLA MACHINES \"},\"image\":{\"@id\":\"https:\\\/\\\/supertortillamachines.com\\\/#\\\/schema\\\/logo\\\/image\\\/\"}}]}<\/script>\n<!-- \/ Yoast SEO plugin. -->","yoast_head_json":{"title":"C\u00e1mara de fermentaci\u00f3n 16 y 32 bandejas - SUPER TORTILLA MACHINES","description":"Mejore la calidad del pan con nuestras fermentadoras premium. Fermentaci\u00f3n uniforme, control preciso de la humedad y la temperatura. Modelos para 16 y 32 bandejas.","robots":{"index":"index","follow":"follow","max-snippet":"max-snippet:-1","max-image-preview":"max-image-preview:large","max-video-preview":"max-video-preview:-1"},"canonical":"https:\/\/supertortillamachines.com\/es\/producto\/fermentadora-de-masa-16-32-modelos-de-bandeja\/","og_locale":"es_MX","og_type":"article","og_title":"Bakery Dough Proofer 16 & 32 Tray Models - SUPER TORTILLA MACHINES","og_description":"Enhance bread quality with our premium dough proofers. Uniform fermentation, precise humidity & temperature control. Models for 16 & 32 trays.","og_url":"https:\/\/supertortillamachines.com\/es\/producto\/fermentadora-de-masa-16-32-modelos-de-bandeja\/","og_site_name":"SUPER TORTILLA MACHINES","article_modified_time":"2025-09-18T16:02:46+00:00","og_image":[{"width":1500,"height":1125,"url":"https:\/\/supertortillamachines.com\/wp-content\/uploads\/2025\/09\/dough-proofer-1.jpg","type":"image\/jpeg"}],"twitter_card":"summary_large_image","twitter_misc":{"Tiempo de lectura":"2 minutos"},"schema":{"@context":"https:\/\/schema.org","@graph":[{"@type":"WebPage","@id":"https:\/\/supertortillamachines.com\/product\/bakery-dough-proofer-16-32-tray-models\/","url":"https:\/\/supertortillamachines.com\/product\/bakery-dough-proofer-16-32-tray-models\/","name":"C\u00e1mara de fermentaci\u00f3n 16 y 32 bandejas - SUPER TORTILLA MACHINES","isPartOf":{"@id":"https:\/\/supertortillamachines.com\/#website"},"primaryImageOfPage":{"@id":"https:\/\/supertortillamachines.com\/product\/bakery-dough-proofer-16-32-tray-models\/#primaryimage"},"image":{"@id":"https:\/\/supertortillamachines.com\/product\/bakery-dough-proofer-16-32-tray-models\/#primaryimage"},"thumbnailUrl":"https:\/\/supertortillamachines.com\/wp-content\/uploads\/2025\/09\/dough-proofer-1.jpg","datePublished":"2025-09-12T20:40:18+00:00","dateModified":"2025-09-18T16:02:46+00:00","description":"Mejore la calidad del pan con nuestras fermentadoras premium. Fermentaci\u00f3n uniforme, control preciso de la humedad y la temperatura. Modelos para 16 y 32 bandejas.","breadcrumb":{"@id":"https:\/\/supertortillamachines.com\/product\/bakery-dough-proofer-16-32-tray-models\/#breadcrumb"},"inLanguage":"es","potentialAction":[{"@type":"ReadAction","target":["https:\/\/supertortillamachines.com\/product\/bakery-dough-proofer-16-32-tray-models\/"]}]},{"@type":"ImageObject","inLanguage":"es","@id":"https:\/\/supertortillamachines.com\/product\/bakery-dough-proofer-16-32-tray-models\/#primaryimage","url":"https:\/\/supertortillamachines.com\/wp-content\/uploads\/2025\/09\/dough-proofer-1.jpg","contentUrl":"https:\/\/supertortillamachines.com\/wp-content\/uploads\/2025\/09\/dough-proofer-1.jpg","width":1500,"height":1125,"caption":"Bakery Dough Proofer"},{"@type":"BreadcrumbList","@id":"https:\/\/supertortillamachines.com\/product\/bakery-dough-proofer-16-32-tray-models\/#breadcrumb","itemListElement":[{"@type":"ListItem","position":1,"name":"Home","item":"https:\/\/supertortillamachines.com\/"},{"@type":"ListItem","position":2,"name":"Shop","item":"https:\/\/supertortillamachines.com\/shop\/"},{"@type":"ListItem","position":3,"name":"Bakery Dough Proofer 16 &#038; 32 Tray Models"}]},{"@type":"WebSite","@id":"https:\/\/supertortillamachines.com\/#website","url":"https:\/\/supertortillamachines.com\/","name":"SUPER TORTILLADORAS","description":"Las mejores Tortilladoras Mexicanas","publisher":{"@id":"https:\/\/supertortillamachines.com\/#organization"},"potentialAction":[{"@type":"SearchAction","target":{"@type":"EntryPoint","urlTemplate":"https:\/\/supertortillamachines.com\/?s={search_term_string}"},"query-input":{"@type":"PropertyValueSpecification","valueRequired":true,"valueName":"search_term_string"}}],"inLanguage":"es"},{"@type":"Organization","@id":"https:\/\/supertortillamachines.com\/#organization","name":"SUPER TORTILLADORAS","url":"https:\/\/supertortillamachines.com\/","logo":{"@type":"ImageObject","inLanguage":"es","@id":"https:\/\/supertortillamachines.com\/#\/schema\/logo\/image\/","url":"https:\/\/supertortillamachines.com\/wp-content\/uploads\/2025\/07\/Supertortilla.jpg","contentUrl":"https:\/\/supertortillamachines.com\/wp-content\/uploads\/2025\/07\/Supertortilla.jpg","width":221,"height":177,"caption":" SUPER TORTILLA MACHINES "},"image":{"@id":"https:\/\/supertortillamachines.com\/#\/schema\/logo\/image\/"}}]}},"jetpack_sharing_enabled":true,"_links":{"self":[{"href":"https:\/\/supertortillamachines.com\/es\/wp-json\/wp\/v2\/product\/1391","targetHints":{"allow":["GET"]}}],"collection":[{"href":"https:\/\/supertortillamachines.com\/es\/wp-json\/wp\/v2\/product"}],"about":[{"href":"https:\/\/supertortillamachines.com\/es\/wp-json\/wp\/v2\/types\/product"}],"wp:featuredmedia":[{"embeddable":true,"href":"https:\/\/supertortillamachines.com\/es\/wp-json\/wp\/v2\/media\/1392"}],"wp:attachment":[{"href":"https:\/\/supertortillamachines.com\/es\/wp-json\/wp\/v2\/media?parent=1391"}],"wp:term":[{"taxonomy":"product_brand","embeddable":true,"href":"https:\/\/supertortillamachines.com\/es\/wp-json\/wp\/v2\/product_brand?post=1391"},{"taxonomy":"product_cat","embeddable":true,"href":"https:\/\/supertortillamachines.com\/es\/wp-json\/wp\/v2\/product_cat?post=1391"},{"taxonomy":"product_tag","embeddable":true,"href":"https:\/\/supertortillamachines.com\/es\/wp-json\/wp\/v2\/product_tag?post=1391"}],"curies":[{"name":"wp","href":"https:\/\/api.w.org\/{rel}","templated":true}]}}