{"id":1407,"date":"2025-09-13T17:03:44","date_gmt":"2025-09-13T17:03:44","guid":{"rendered":"https:\/\/supertortillamachines.com\/?post_type=product&#038;p=1407"},"modified":"2025-09-18T16:02:47","modified_gmt":"2025-09-18T16:02:47","slug":"molinillo-de-ingredientes-para-panaderia-molino-de-acero-inoxidable-10-30-kg-con-o-sin-traccion","status":"publish","type":"product","link":"https:\/\/supertortillamachines.com\/es\/product\/bakery-dough-ingredient-grinder-stainless-steel-mill-10-30-kg-with-or-without-traction\/","title":{"rendered":"Picadora de masa e ingredientes para panader\u00eda - Molino de acero inoxidable, 10-30 kg Con o sin tracci\u00f3n"},"content":{"rendered":"<h3>Picadora de masa e ingredientes para panader\u00eda - Molino de acero inoxidable, 10-30 kg, con o sin tracci\u00f3n<\/h3>\n<p>&nbsp;<\/p>\n<p>Nuestra molinilla de panader\u00eda est\u00e1 dise\u00f1ada para panader\u00edas profesionales que requieren eficiencia y consistencia en el refinado de masas o ingredientes. Disponible en capacidades de 10, 20 y 30 kg, cada modelo se ofrece con o sin tracci\u00f3n, lo que ofrece a las panader\u00edas la flexibilidad de elegir el nivel de automatizaci\u00f3n que necesitan.<\/p>\n<p>&nbsp;<\/p>\n<p>Fabricada con una carcasa de acero inoxidable, rodillos de 4 pulgadas y cuchillas cromadas, esta amoladora garantiza durabilidad, higiene y un refinado preciso. Los modelos de tracci\u00f3n autom\u00e1tica permiten un procesamiento m\u00e1s suave y continuo, mientras que los modelos sin tracci\u00f3n ofrecen una soluci\u00f3n m\u00e1s asequible sin comprometer la calidad.<\/p>\n<p>&nbsp;<\/p>\n<p>Esta vers\u00e1til picadora es perfecta para refinar az\u00facar, cacao y otros ingredientes, as\u00ed como para conseguir masas m\u00e1s lisas y uniformes para panes y pasteles.<\/p>\n<p>&nbsp;<\/p>\n<p>Caracter\u00edsticas:<\/p>\n<ul>\n<li>Capacidades: 10 kg, 20 kg, 30 kg.<\/li>\n<li>Disponible con o sin tracci\u00f3n.<\/li>\n<li>Cuerpo de acero inoxidable para mayor durabilidad e higiene.<\/li>\n<li>Rodillos de 4 pulgadas con cuchillas cromadas para un afilado eficaz.<\/li>\n<li>Bol de acero inoxidable con soporte resistente.<\/li>\n<li>Motor de 1 CV, 110 V monof\u00e1sico.<\/li>\n<li>Dise\u00f1ado para refinar masas y procesar ingredientes.<\/li>\n<\/ul>\n<p>&nbsp;<\/p>\n<table class=\"tableDescription\">\n<thead>\n<tr>\n<th>Modelo<\/th>\n<th>Capacidad<\/th>\n<th>Tracci\u00f3n<\/th>\n<th>Rodillos<\/th>\n<th>Motor<\/th>\n<th>Taz\u00f3n<\/th>\n<\/tr>\n<\/thead>\n<tbody>\n<tr>\n<td>Picadora 10 kg<\/td>\n<td>10 kg<\/td>\n<td>No<\/td>\n<td>4\u2033 \u00d8 Cuchillas cromadas<\/td>\n<td>1 CV, 110 V<\/td>\n<td>Acero inoxidable<\/td>\n<\/tr>\n<tr>\n<td>Picadora 10 kg<\/td>\n<td>10 kg<\/td>\n<td>S\u00ed<\/td>\n<td>4\u2033 \u00d8 Cuchillas cromadas<\/td>\n<td>1 CV, 110 V<\/td>\n<td>Acero inoxidable<\/td>\n<\/tr>\n<tr>\n<td>Picadora 20 kg<\/td>\n<td>20 kg<\/td>\n<td>No<\/td>\n<td>4\u2033 \u00d8 Cuchillas cromadas<\/td>\n<td>1 CV, 110 V<\/td>\n<td>Acero inoxidable<\/td>\n<\/tr>\n<tr>\n<td>Picadora 20 kg<\/td>\n<td>20 kg<\/td>\n<td>S\u00ed<\/td>\n<td>4\u2033 \u00d8 Cuchillas cromadas<\/td>\n<td>1 CV, 110 V<\/td>\n<td>Acero inoxidable<\/td>\n<\/tr>\n<tr>\n<td>Picadora 30 kg<\/td>\n<td>30 kg<\/td>\n<td>No<\/td>\n<td>4\u2033 \u00d8 Cuchillas cromadas<\/td>\n<td>1 CV, 110 V<\/td>\n<td>Acero inoxidable<\/td>\n<\/tr>\n<tr>\n<td>Picadora 30 kg<\/td>\n<td>30 kg<\/td>\n<td>S\u00ed<\/td>\n<td>4\u2033 \u00d8 Cuchillas cromadas<\/td>\n<td>1 CV, 110 V<\/td>\n<td>Acero inoxidable<\/td>\n<\/tr>\n<\/tbody>\n<\/table>\n<p>&nbsp;<\/p>\n<p>&nbsp;<\/p>\n<p>Estas m\u00e1quinas se fabrican bajo pedido y tardamos 15 d\u00edas laborables en enviarle su m\u00e1quina. Por favor, tenga esto en cuenta cuando haga su pedido.<\/p>\n<p>&nbsp;<\/p>\n<p>No lo dudes, tambi\u00e9n somos vendedores en ebay y puedes ver que somos un vendedor de confianza en<\/p>\n<p><a href=\"https:\/\/feedback.ebay.com\/ws\/eBayISAPI.dll?ViewFeedback2&amp;userid=woodandheat&amp;ftab=AllFeedback\">https:\/\/feedback.ebay.com\/ws\/eBayISAPI.dll?ViewFeedback2&amp;userid=woodandheat&amp;ftab=AllFeedback<\/a><\/p>\n<p>&nbsp;<\/p>\n<p><a href=\"https:\/\/supertortillamachines.com\/es\/\">www.supertortillamachines.com<\/a><\/p>\n<p>&nbsp;<\/p>\n<p>Es la mejor opci\u00f3n en m\u00e1quinas tortilladoras de harina para producci\u00f3n industrial. Somos una empresa con presencia en M\u00e9xico y Estados Unidos. Nuestras maquinas son de calidad hechas en Mexico y exportadas a nuestro almacen en USA. Es por eso que podemos enviar a un precio muy competitivo dentro de los EE.UU. y en todo el mundo.<\/p>\n<p>&nbsp;<\/p>\n<p>Si usted est\u00e1 en los EE.UU. ser\u00e1 muy f\u00e1cil comprar de nosotros, porque somos una corporaci\u00f3n de EE.UU., usted no tendr\u00e1 que lidiar con las aduanas en cualquier momento. Usted s\u00f3lo tiene que pedir y recibir\u00e1 su m\u00e1quina en cualquier direcci\u00f3n de EE.UU. dentro de los estados continentales.<\/p>","protected":false},"excerpt":{"rendered":"<p data-start=\"855\" data-end=\"999\">Eficaz trituradora de panader\u00eda con acabado en acero inoxidable, capacidad de 10-30 kg, con o sin tracci\u00f3n. Perfecta para refinar masas e ingredientes.<\/p>","protected":false},"featured_media":1408,"template":"","meta":{"om_disable_all_campaigns":false,"_monsterinsights_skip_tracking":false,"_monsterinsights_sitenote_active":false,"_monsterinsights_sitenote_note":"","_monsterinsights_sitenote_category":0},"product_brand":[57],"product_cat":[100,19,143],"product_tag":[101,108,104,157,158],"class_list":{"0":"post-1407","1":"product","2":"type-product","3":"status-publish","4":"has-post-thumbnail","6":"product_brand-super-tortilla-machines","7":"product_cat-bakery-products","8":"product_cat-tortilla-machines","9":"product_cat-standard-bakery","10":"product_tag-bakery","11":"product_tag-dough","12":"product_tag-grinder","13":"product_tag-ingredient","14":"product_tag-mill","16":"first","17":"instock","18":"shipping-taxable","19":"purchasable","20":"product-type-variable"},"yoast_head":"<!-- This site is optimized with the Yoast SEO plugin v27.4 - https:\/\/yoast.com\/product\/yoast-seo-wordpress\/ -->\n<title>Bakery Dough &amp; Ingredient Grinder - Stainless Steel Mill, 10-30 kg With or Without Traction - SUPER TORTILLA MACHINES<\/title>\n<meta name=\"description\" content=\"Efficient bakery grinder with stainless steel finish, 10\u201330 kg capacity, with or without traction. Perfect for refining dough and ingredients.\" \/>\n<meta name=\"robots\" content=\"index, follow, max-snippet:-1, max-image-preview:large, max-video-preview:-1\" \/>\n<link rel=\"canonical\" href=\"https:\/\/supertortillamachines.com\/es\/producto\/molinillo-de-ingredientes-para-panaderia-molino-de-acero-inoxidable-10-30-kg-con-o-sin-traccion\/\" \/>\n<meta property=\"og:locale\" content=\"es_MX\" \/>\n<meta property=\"og:type\" content=\"article\" \/>\n<meta property=\"og:title\" content=\"Bakery Dough &amp; Ingredient Grinder - Stainless Steel Mill, 10-30 kg With or Without Traction - SUPER TORTILLA MACHINES\" \/>\n<meta property=\"og:description\" content=\"Efficient bakery grinder with stainless steel finish, 10\u201330 kg capacity, with or without traction. Perfect for refining dough and ingredients.\" \/>\n<meta property=\"og:url\" content=\"https:\/\/supertortillamachines.com\/es\/producto\/molinillo-de-ingredientes-para-panaderia-molino-de-acero-inoxidable-10-30-kg-con-o-sin-traccion\/\" \/>\n<meta property=\"og:site_name\" content=\"SUPER TORTILLA MACHINES\" \/>\n<meta property=\"article:modified_time\" content=\"2025-09-18T16:02:47+00:00\" \/>\n<meta property=\"og:image\" content=\"https:\/\/supertortillamachines.com\/wp-content\/uploads\/2025\/09\/bakery-dough-ingredient-grinder-mill-2.jpg\" \/>\n\t<meta property=\"og:image:width\" content=\"1500\" \/>\n\t<meta property=\"og:image:height\" content=\"1125\" \/>\n\t<meta property=\"og:image:type\" content=\"image\/jpeg\" \/>\n<meta name=\"twitter:card\" content=\"summary_large_image\" \/>\n<meta name=\"twitter:label1\" content=\"Tiempo de lectura\" \/>\n\t<meta name=\"twitter:data1\" content=\"1 minuto\" \/>\n<script type=\"application\/ld+json\" class=\"yoast-schema-graph\">{\"@context\":\"https:\\\/\\\/schema.org\",\"@graph\":[{\"@type\":\"WebPage\",\"@id\":\"https:\\\/\\\/supertortillamachines.com\\\/product\\\/bakery-dough-ingredient-grinder-stainless-steel-mill-10-30-kg-with-or-without-traction\\\/\",\"url\":\"https:\\\/\\\/supertortillamachines.com\\\/product\\\/bakery-dough-ingredient-grinder-stainless-steel-mill-10-30-kg-with-or-without-traction\\\/\",\"name\":\"Bakery Dough & Ingredient Grinder - Stainless Steel Mill, 10-30 kg With or Without Traction - SUPER TORTILLA MACHINES\",\"isPartOf\":{\"@id\":\"https:\\\/\\\/supertortillamachines.com\\\/#website\"},\"primaryImageOfPage\":{\"@id\":\"https:\\\/\\\/supertortillamachines.com\\\/product\\\/bakery-dough-ingredient-grinder-stainless-steel-mill-10-30-kg-with-or-without-traction\\\/#primaryimage\"},\"image\":{\"@id\":\"https:\\\/\\\/supertortillamachines.com\\\/product\\\/bakery-dough-ingredient-grinder-stainless-steel-mill-10-30-kg-with-or-without-traction\\\/#primaryimage\"},\"thumbnailUrl\":\"https:\\\/\\\/supertortillamachines.com\\\/wp-content\\\/uploads\\\/2025\\\/09\\\/bakery-dough-ingredient-grinder-mill-2.jpg\",\"datePublished\":\"2025-09-13T17:03:44+00:00\",\"dateModified\":\"2025-09-18T16:02:47+00:00\",\"description\":\"Efficient bakery grinder with stainless steel finish, 10\u201330 kg capacity, with or without traction. Perfect for refining dough and ingredients.\",\"breadcrumb\":{\"@id\":\"https:\\\/\\\/supertortillamachines.com\\\/product\\\/bakery-dough-ingredient-grinder-stainless-steel-mill-10-30-kg-with-or-without-traction\\\/#breadcrumb\"},\"inLanguage\":\"es\",\"potentialAction\":[{\"@type\":\"ReadAction\",\"target\":[\"https:\\\/\\\/supertortillamachines.com\\\/product\\\/bakery-dough-ingredient-grinder-stainless-steel-mill-10-30-kg-with-or-without-traction\\\/\"]}]},{\"@type\":\"ImageObject\",\"inLanguage\":\"es\",\"@id\":\"https:\\\/\\\/supertortillamachines.com\\\/product\\\/bakery-dough-ingredient-grinder-stainless-steel-mill-10-30-kg-with-or-without-traction\\\/#primaryimage\",\"url\":\"https:\\\/\\\/supertortillamachines.com\\\/wp-content\\\/uploads\\\/2025\\\/09\\\/bakery-dough-ingredient-grinder-mill-2.jpg\",\"contentUrl\":\"https:\\\/\\\/supertortillamachines.com\\\/wp-content\\\/uploads\\\/2025\\\/09\\\/bakery-dough-ingredient-grinder-mill-2.jpg\",\"width\":1500,\"height\":1125,\"caption\":\"Bakery Dough Ingredient Grinder Mill\"},{\"@type\":\"BreadcrumbList\",\"@id\":\"https:\\\/\\\/supertortillamachines.com\\\/product\\\/bakery-dough-ingredient-grinder-stainless-steel-mill-10-30-kg-with-or-without-traction\\\/#breadcrumb\",\"itemListElement\":[{\"@type\":\"ListItem\",\"position\":1,\"name\":\"Home\",\"item\":\"https:\\\/\\\/supertortillamachines.com\\\/\"},{\"@type\":\"ListItem\",\"position\":2,\"name\":\"Shop\",\"item\":\"https:\\\/\\\/supertortillamachines.com\\\/shop\\\/\"},{\"@type\":\"ListItem\",\"position\":3,\"name\":\"Bakery Dough &#038; Ingredient Grinder &#8211; Stainless Steel Mill, 10-30 kg With or Without Traction\"}]},{\"@type\":\"WebSite\",\"@id\":\"https:\\\/\\\/supertortillamachines.com\\\/#website\",\"url\":\"https:\\\/\\\/supertortillamachines.com\\\/\",\"name\":\"SUPER TORTILLA MACHINES\",\"description\":\"The best Mexican Tortilla Machines\",\"publisher\":{\"@id\":\"https:\\\/\\\/supertortillamachines.com\\\/#organization\"},\"potentialAction\":[{\"@type\":\"SearchAction\",\"target\":{\"@type\":\"EntryPoint\",\"urlTemplate\":\"https:\\\/\\\/supertortillamachines.com\\\/?s={search_term_string}\"},\"query-input\":{\"@type\":\"PropertyValueSpecification\",\"valueRequired\":true,\"valueName\":\"search_term_string\"}}],\"inLanguage\":\"es\"},{\"@type\":\"Organization\",\"@id\":\"https:\\\/\\\/supertortillamachines.com\\\/#organization\",\"name\":\"SUPER TORTILLA MACHINES\",\"url\":\"https:\\\/\\\/supertortillamachines.com\\\/\",\"logo\":{\"@type\":\"ImageObject\",\"inLanguage\":\"es\",\"@id\":\"https:\\\/\\\/supertortillamachines.com\\\/#\\\/schema\\\/logo\\\/image\\\/\",\"url\":\"https:\\\/\\\/supertortillamachines.com\\\/wp-content\\\/uploads\\\/2025\\\/07\\\/Supertortilla.jpg\",\"contentUrl\":\"https:\\\/\\\/supertortillamachines.com\\\/wp-content\\\/uploads\\\/2025\\\/07\\\/Supertortilla.jpg\",\"width\":221,\"height\":177,\"caption\":\" SUPER TORTILLA MACHINES \"},\"image\":{\"@id\":\"https:\\\/\\\/supertortillamachines.com\\\/#\\\/schema\\\/logo\\\/image\\\/\"}}]}<\/script>\n<!-- \/ Yoast SEO plugin. -->","yoast_head_json":{"title":"Picadora de masa e ingredientes para panader\u00eda - Molino de acero inoxidable, 10-30 kg Con o sin tracci\u00f3n - SUPER TORTILLA MACHINES","description":"Eficaz trituradora de panader\u00eda con acabado en acero inoxidable, capacidad de 10-30 kg, con o sin tracci\u00f3n. Perfecta para refinar masas e ingredientes.","robots":{"index":"index","follow":"follow","max-snippet":"max-snippet:-1","max-image-preview":"max-image-preview:large","max-video-preview":"max-video-preview:-1"},"canonical":"https:\/\/supertortillamachines.com\/es\/producto\/molinillo-de-ingredientes-para-panaderia-molino-de-acero-inoxidable-10-30-kg-con-o-sin-traccion\/","og_locale":"es_MX","og_type":"article","og_title":"Bakery Dough & Ingredient Grinder - Stainless Steel Mill, 10-30 kg With or Without Traction - SUPER TORTILLA MACHINES","og_description":"Efficient bakery grinder with stainless steel finish, 10\u201330 kg capacity, with or without traction. Perfect for refining dough and ingredients.","og_url":"https:\/\/supertortillamachines.com\/es\/producto\/molinillo-de-ingredientes-para-panaderia-molino-de-acero-inoxidable-10-30-kg-con-o-sin-traccion\/","og_site_name":"SUPER TORTILLA MACHINES","article_modified_time":"2025-09-18T16:02:47+00:00","og_image":[{"width":1500,"height":1125,"url":"https:\/\/supertortillamachines.com\/wp-content\/uploads\/2025\/09\/bakery-dough-ingredient-grinder-mill-2.jpg","type":"image\/jpeg"}],"twitter_card":"summary_large_image","twitter_misc":{"Tiempo de lectura":"1 minuto"},"schema":{"@context":"https:\/\/schema.org","@graph":[{"@type":"WebPage","@id":"https:\/\/supertortillamachines.com\/product\/bakery-dough-ingredient-grinder-stainless-steel-mill-10-30-kg-with-or-without-traction\/","url":"https:\/\/supertortillamachines.com\/product\/bakery-dough-ingredient-grinder-stainless-steel-mill-10-30-kg-with-or-without-traction\/","name":"Picadora de masa e ingredientes para panader\u00eda - Molino de acero inoxidable, 10-30 kg Con o sin tracci\u00f3n - SUPER TORTILLA MACHINES","isPartOf":{"@id":"https:\/\/supertortillamachines.com\/#website"},"primaryImageOfPage":{"@id":"https:\/\/supertortillamachines.com\/product\/bakery-dough-ingredient-grinder-stainless-steel-mill-10-30-kg-with-or-without-traction\/#primaryimage"},"image":{"@id":"https:\/\/supertortillamachines.com\/product\/bakery-dough-ingredient-grinder-stainless-steel-mill-10-30-kg-with-or-without-traction\/#primaryimage"},"thumbnailUrl":"https:\/\/supertortillamachines.com\/wp-content\/uploads\/2025\/09\/bakery-dough-ingredient-grinder-mill-2.jpg","datePublished":"2025-09-13T17:03:44+00:00","dateModified":"2025-09-18T16:02:47+00:00","description":"Eficaz trituradora de panader\u00eda con acabado en acero inoxidable, capacidad de 10-30 kg, con o sin tracci\u00f3n. Perfecta para refinar masas e ingredientes.","breadcrumb":{"@id":"https:\/\/supertortillamachines.com\/product\/bakery-dough-ingredient-grinder-stainless-steel-mill-10-30-kg-with-or-without-traction\/#breadcrumb"},"inLanguage":"es","potentialAction":[{"@type":"ReadAction","target":["https:\/\/supertortillamachines.com\/product\/bakery-dough-ingredient-grinder-stainless-steel-mill-10-30-kg-with-or-without-traction\/"]}]},{"@type":"ImageObject","inLanguage":"es","@id":"https:\/\/supertortillamachines.com\/product\/bakery-dough-ingredient-grinder-stainless-steel-mill-10-30-kg-with-or-without-traction\/#primaryimage","url":"https:\/\/supertortillamachines.com\/wp-content\/uploads\/2025\/09\/bakery-dough-ingredient-grinder-mill-2.jpg","contentUrl":"https:\/\/supertortillamachines.com\/wp-content\/uploads\/2025\/09\/bakery-dough-ingredient-grinder-mill-2.jpg","width":1500,"height":1125,"caption":"Bakery Dough Ingredient Grinder Mill"},{"@type":"BreadcrumbList","@id":"https:\/\/supertortillamachines.com\/product\/bakery-dough-ingredient-grinder-stainless-steel-mill-10-30-kg-with-or-without-traction\/#breadcrumb","itemListElement":[{"@type":"ListItem","position":1,"name":"Home","item":"https:\/\/supertortillamachines.com\/"},{"@type":"ListItem","position":2,"name":"Shop","item":"https:\/\/supertortillamachines.com\/shop\/"},{"@type":"ListItem","position":3,"name":"Bakery Dough &#038; Ingredient Grinder &#8211; Stainless Steel Mill, 10-30 kg With or Without Traction"}]},{"@type":"WebSite","@id":"https:\/\/supertortillamachines.com\/#website","url":"https:\/\/supertortillamachines.com\/","name":"SUPER TORTILLADORAS","description":"Las mejores Tortilladoras Mexicanas","publisher":{"@id":"https:\/\/supertortillamachines.com\/#organization"},"potentialAction":[{"@type":"SearchAction","target":{"@type":"EntryPoint","urlTemplate":"https:\/\/supertortillamachines.com\/?s={search_term_string}"},"query-input":{"@type":"PropertyValueSpecification","valueRequired":true,"valueName":"search_term_string"}}],"inLanguage":"es"},{"@type":"Organization","@id":"https:\/\/supertortillamachines.com\/#organization","name":"SUPER TORTILLADORAS","url":"https:\/\/supertortillamachines.com\/","logo":{"@type":"ImageObject","inLanguage":"es","@id":"https:\/\/supertortillamachines.com\/#\/schema\/logo\/image\/","url":"https:\/\/supertortillamachines.com\/wp-content\/uploads\/2025\/07\/Supertortilla.jpg","contentUrl":"https:\/\/supertortillamachines.com\/wp-content\/uploads\/2025\/07\/Supertortilla.jpg","width":221,"height":177,"caption":" SUPER TORTILLA MACHINES "},"image":{"@id":"https:\/\/supertortillamachines.com\/#\/schema\/logo\/image\/"}}]}},"jetpack_sharing_enabled":true,"_links":{"self":[{"href":"https:\/\/supertortillamachines.com\/es\/wp-json\/wp\/v2\/product\/1407","targetHints":{"allow":["GET"]}}],"collection":[{"href":"https:\/\/supertortillamachines.com\/es\/wp-json\/wp\/v2\/product"}],"about":[{"href":"https:\/\/supertortillamachines.com\/es\/wp-json\/wp\/v2\/types\/product"}],"wp:featuredmedia":[{"embeddable":true,"href":"https:\/\/supertortillamachines.com\/es\/wp-json\/wp\/v2\/media\/1408"}],"wp:attachment":[{"href":"https:\/\/supertortillamachines.com\/es\/wp-json\/wp\/v2\/media?parent=1407"}],"wp:term":[{"taxonomy":"product_brand","embeddable":true,"href":"https:\/\/supertortillamachines.com\/es\/wp-json\/wp\/v2\/product_brand?post=1407"},{"taxonomy":"product_cat","embeddable":true,"href":"https:\/\/supertortillamachines.com\/es\/wp-json\/wp\/v2\/product_cat?post=1407"},{"taxonomy":"product_tag","embeddable":true,"href":"https:\/\/supertortillamachines.com\/es\/wp-json\/wp\/v2\/product_tag?post=1407"}],"curies":[{"name":"wp","href":"https:\/\/api.w.org\/{rel}","templated":true}]}}