{"id":1610,"date":"2025-12-11T16:51:12","date_gmt":"2025-12-11T16:51:12","guid":{"rendered":"https:\/\/supertortillamachines.com\/?post_type=product&#038;p=1610"},"modified":"2026-02-16T16:13:40","modified_gmt":"2026-02-16T16:13:40","slug":"full-system-t6000-double-wide-wheat-flour-tortilla-machine-nsf-with-automatic-grill-28-in-wide","status":"publish","type":"product","link":"https:\/\/supertortillamachines.com\/es\/product\/full-system-t6000-double-wide-wheat-flour-tortilla-machine-nsf-with-automatic-grill-28-in-wide\/","title":{"rendered":"Full System T6000 Double Wide Wheat Flour Tortilla Machine NSF with Automatic Grill (28 in wide)"},"content":{"rendered":"<p>En <strong>T6000 Complete System<\/strong> is designed for businesses that demand <strong>high production capacity, full automation, and consistent tortilla quality<\/strong>. With the ability to produce up to <strong>2,400 wheat flour tortillas per hour<\/strong>, this system is ideal for tortilla factories, commercial kitchens, and restaurants looking to scale their production while ensuring delicious, fresh-made tortillas every time.<\/p>\n<p>&nbsp;<\/p>\n<p>This full system integrates every stage of the production process \u2014 from dough preparation to cooking, cooling, and rack storage \u2014 delivering a smooth and efficient workflow with minimal labor required.<\/p>\n<p>&nbsp;<\/p>\n<h3>\u2714\ufe0f What\u2019s Included in the Complete System<\/h3>\n<p>&nbsp;<\/p>\n<ul>\n<li><strong>T6000 Wheat Flour Tortilla Machine with Automatic Grill<\/strong><\/li>\n<li><strong>110 libras Mezcladora<\/strong> \u2013 For fast and consistent dough preparation<\/li>\n<li><strong>Unidad de corte<\/strong> \u2013 Automatic dough ball cutting and rounding<\/li>\n<li><strong>Nevera de 5 niveles<\/strong> \u2013 For proper cooling and texture stabilization<\/li>\n<li><strong>20-Tray Racks with Trays<\/strong> \u2013 For organized batch handling<\/li>\n<li><strong>Double Feeder<\/strong> \u2013 Increased efficiency for high production<\/li>\n<\/ul>\n<div class=\"tortilla-system-gallery\" style=\"display: flex; flex-wrap: wrap; justify-content: center; gap: 20px; text-align: center; margin: 30px 0;\">\n<figure style=\"width: 22%; min-width: 250px;\"><img decoding=\"async\" style=\"width: 100%; border-radius: 10px; box-shadow: 0 2px 8px rgba(0,0,0,0.2);\" src=\"https:\/\/supertortillamachines.com\/wp-content\/uploads\/2025\/12\/t6000-figcaption.jpg\" alt=\"T6000 Wheat Flour Tortilla Machine\" \/><figcaption style=\"margin-top: 10px; font-size: 0.95rem; color: #333; font-style: italic;\">T6000 Double Wide Wheat Flour Tortilla Machine<\/figcaption><\/figure>\n<figure style=\"width: 22%; min-width: 250px;\"><img decoding=\"async\" style=\"width: 100%; border-radius: 10px; box-shadow: 0 2px 8px rgba(0,0,0,0.2);\" src=\"https:\/\/supertortillamachines.com\/wp-content\/uploads\/2025\/11\/mixer-figcaption.jpg\" alt=\"110 libras Mezcladora\" \/><figcaption style=\"margin-top: 10px; font-size: 0.95rem; color: #333; font-style: italic;\">Amasadora 110 lbs - Prepara la masa con una consistencia perfecta<\/figcaption><\/figure>\n<figure style=\"width: 22%; min-width: 250px;\"><img decoding=\"async\" style=\"width: 100%; border-radius: 10px; box-shadow: 0 2px 8px rgba(0,0,0,0.2);\" src=\"https:\/\/supertortillamachines.com\/wp-content\/uploads\/2025\/11\/wheat-feeder-preview.jpg\" alt=\"Alimentador autom\u00e1tico\" \/><figcaption style=\"margin-top: 10px; font-size: 0.95rem; color: #333; font-style: italic;\">Alimentador - Transfiere la masa autom\u00e1ticamente a la m\u00e1quina de tortillas<\/figcaption><\/figure>\n<figure style=\"width: 22%; min-width: 250px;\"><img decoding=\"async\" style=\"width: 100%; border-radius: 10px; box-shadow: 0 2px 8px rgba(0,0,0,0.2);\" src=\"https:\/\/supertortillamachines.com\/wp-content\/uploads\/2025\/11\/rounder-cutter-figcaption.jpg\" alt=\"Unidad de redondeo y corte\" \/><figcaption style=\"margin-top: 10px; font-size: 0.95rem; color: #333; font-style: italic;\">Rounder-Cutter - Forma bolas de masa uniformes para cada tortilla<\/figcaption><\/figure>\n<figure style=\"width: 22%; min-width: 250px;\"><img decoding=\"async\" style=\"width: 100%; border-radius: 10px; box-shadow: 0 2px 8px rgba(0,0,0,0.2);\" src=\"https:\/\/supertortillamachines.com\/wp-content\/uploads\/2025\/11\/cooler-5-figure.jpg\" alt=\"Enfriador de 5 niveles y rejilla para bandejas\" \/><figcaption style=\"margin-top: 10px; font-size: 0.95rem; color: #333; font-style: italic;\">Enfriador de 5 niveles y rejilla para bandejas - Permite que las tortillas reposen y se enfr\u00eden uniformemente<\/figcaption><\/figure>\n<figure style=\"width: 22%; min-width: 250px;\"><img decoding=\"async\" style=\"width: 100%; border-radius: 10px; box-shadow: 0 2px 8px rgba(0,0,0,0.2);\" src=\"https:\/\/supertortillamachines.com\/wp-content\/uploads\/2025\/11\/20-tray-rack.jpg\" alt=\"20-Tray Rack With Trays\" \/><figcaption style=\"margin-top: 10px; font-size: 0.95rem; color: #333; font-style: italic;\">20-Tray Rack With Trays<\/figcaption><\/figure>\n<\/div>\n<p>&nbsp;<\/p>\n<p>An <strong>optional NSF certification<\/strong> is available for businesses requiring compliance with the highest sanitation and quality standards.<\/p>\n<p>&nbsp;<\/p>\n<h3>\ud83d\udd25 T6000 Machine \u2014 High Capacity &amp; Efficiency<\/h3>\n<p>&nbsp;<\/p>\n<p>The powerhouse of the system is the <strong>T6000 tortilla machine<\/strong>, capable of producing up to <strong>2,400 tortillas per hour<\/strong>. Simply load the dough balls, and the machine delivers fully cooked, hot, ready-to-eat tortillas with consistent size and texture.<br \/>\n&nbsp;<\/p>\n<h3>Caracter\u00edsticas principales<\/h3>\n<p>&nbsp;<\/p>\n<ul>\n<li><strong>High production output:<\/strong> Up to 40 tortillas per minute<\/li>\n<li><strong>Two electrically heated plates (28&#8243; wide)<\/strong> for tortillas up to 13&#8243;<\/li>\n<li><strong>Parrilla autom\u00e1tica<\/strong> for uniform cooking<\/li>\n<li><strong>Turbo heating system<\/strong> saving up to 50% gas<\/li>\n<li><strong>Control autom\u00e1tico de la temperatura<\/strong> for ideal cooking consistency<\/li>\n<li>Built for continuous, commercial-grade performance<\/li>\n<li>Supports both natural gas and propane<\/li>\n<li>Operates on <strong>220V \/ 60Hz<\/strong> (50Hz optional)<\/li>\n<\/ul>\n<p>&nbsp;<\/p>\n<h3>Especificaciones t\u00e9cnicas<\/h3>\n<p>&nbsp;<\/p>\n<ul>\n<li><strong>Max Production:<\/strong> 2,400 tortillas\/hour<\/li>\n<li><strong>Tama\u00f1o m\u00e1ximo de tortilla:<\/strong> 13 en<\/li>\n<li><strong>Heated Plates:<\/strong> 28&#8243; wide (2 plates)<\/li>\n<li><strong>Machine Dimensions:<\/strong> 71\u2033 L \u00d7 36\u2033 W \u00d7 53\u2033 H (180 \u00d7 92 \u00d7 135 cm)<\/li>\n<li><strong>Peso:<\/strong> 2600 lbs<\/li>\n<li><strong>Electrical Requirements:<\/strong> 220V \u2013 60Hz (50Hz optional)<\/li>\n<li><strong>Gas Type:<\/strong> Natural Gas or Propane<\/li>\n<li><strong>Turbo System:<\/strong> Up to 50% gas savings<\/li>\n<li><strong>Construction:<\/strong> Heavy-duty with stainless steel and industrial-grade components<\/li>\n<\/ul>\n<p>&nbsp;<\/p>\n<p>This complete T6000 system provides everything you need to start or scale your wheat flour tortilla production with reliability, efficiency, and exceptional output.<\/p>\n<p>&nbsp;<\/p>\n<div class=\"videomaxwidth\">\n<div class=\"videowrapper\" style=\"text-align: center;\"><div class=\"lyte-wrapper\" style=\"width:640px;max-width:100%;margin:5px auto;\"><div class=\"lyMe\" id=\"WYL_FZAJ8KH9oDA\"><div id=\"lyte_FZAJ8KH9oDA\" data-src=\"https:\/\/supertortillamachines.com\/wp-content\/plugins\/wp-youtube-lyte\/lyteCache.php?origThumbUrl=%2F%2Fi.ytimg.com%2Fvi%2FFZAJ8KH9oDA%2Fhqdefault.jpg\" class=\"pL\"><div class=\"tC\"><div class=\"tT\"><\/div><\/div><div class=\"play\"><\/div><div class=\"ctrl\"><div class=\"Lctrl\"><\/div><div class=\"Rctrl\"><\/div><\/div><\/div><noscript><a href=\"https:\/\/youtu.be\/FZAJ8KH9oDA\" rel=\"nofollow\"><img fetchpriority=\"high\" decoding=\"async\" src=\"https:\/\/supertortillamachines.com\/wp-content\/plugins\/wp-youtube-lyte\/lyteCache.php?origThumbUrl=https%3A%2F%2Fi.ytimg.com%2Fvi%2FFZAJ8KH9oDA%2F0.jpg\" alt=\"Miniatura de v\u00eddeo de YouTube\" width=\"640\" height=\"340\" \/><br \/>Ver este video en YouTube<\/a><\/noscript><\/div><\/div><div class=\"lL\" style=\"max-width:100%;width:640px;margin:5px auto;\"><\/div><\/div>\n<\/div>","protected":false},"excerpt":{"rendered":"<p>Puede hacer hasta 40 tortillas por minuto, es decir, \u00a1\u00a1\u00a12.400 tortillas por hora!!! S\u00f3lo tienes que poner las bolas de masa y la m\u00e1quina te dar\u00e1 tortillas totalmente cocidas, calientes y listas para comer.<\/p>","protected":false},"featured_media":1613,"template":"","meta":{"om_disable_all_campaigns":false,"_monsterinsights_skip_tracking":false,"_monsterinsights_sitenote_active":false,"_monsterinsights_sitenote_note":"","_monsterinsights_sitenote_category":0},"product_brand":[57],"product_cat":[160,65,59],"product_tag":[21,22,73,66,72],"class_list":{"0":"post-1610","1":"product","2":"type-product","3":"status-publish","4":"has-post-thumbnail","6":"product_brand-super-tortilla-machines","7":"product_cat-full-wheat-tortilla-system","8":"product_cat-industrial-production-wheat-flour-tortilla-machines","9":"product_cat-wheat-flour-tortilla-machines","10":"product_tag-flour","11":"product_tag-machine","12":"product_tag-tortilla","13":"product_tag-wheat","14":"product_tag-wide","16":"first","17":"instock","18":"shipping-taxable","19":"purchasable","20":"product-type-variable"},"yoast_head":"<!-- This site is optimized with the Yoast SEO plugin v27.5 - https:\/\/yoast.com\/product\/yoast-seo-wordpress\/ -->\n<title>Full Flour Tortilla Machine System T6000 Double Wide Tortilla NSF<\/title>\n<meta name=\"description\" content=\"Everything you need to start your Wheat Flour Tortilla Production with the efficient T6000 What Tortilla Machine, including NSF certification\" \/>\n<meta name=\"robots\" content=\"index, follow, max-snippet:-1, max-image-preview:large, max-video-preview:-1\" \/>\n<link rel=\"canonical\" href=\"https:\/\/supertortillamachines.com\/es\/producto\/full-system-t6000-double-wide-wheat-flour-tortilla-machine-nsf-with-automatic-grill-28-in-wide\/\" \/>\n<meta property=\"og:locale\" content=\"es_MX\" \/>\n<meta property=\"og:type\" content=\"article\" \/>\n<meta property=\"og:title\" content=\"Full Flour Tortilla Machine System T6000 Double Wide Tortilla NSF\" \/>\n<meta property=\"og:description\" content=\"Everything you need to start your Wheat Flour Tortilla Production with the efficient T6000 What Tortilla Machine, including NSF certification\" \/>\n<meta property=\"og:url\" content=\"https:\/\/supertortillamachines.com\/es\/producto\/full-system-t6000-double-wide-wheat-flour-tortilla-machine-nsf-with-automatic-grill-28-in-wide\/\" \/>\n<meta property=\"og:site_name\" content=\"SUPER TORTILLA MACHINES\" \/>\n<meta property=\"article:modified_time\" content=\"2026-02-16T16:13:40+00:00\" \/>\n<meta property=\"og:image\" content=\"https:\/\/supertortillamachines.com\/wp-content\/uploads\/2025\/12\/t6000-cortadora-boleadora.jpg\" \/>\n\t<meta property=\"og:image:width\" content=\"1500\" \/>\n\t<meta property=\"og:image:height\" content=\"1125\" \/>\n\t<meta property=\"og:image:type\" content=\"image\/jpeg\" \/>\n<meta name=\"twitter:card\" content=\"summary_large_image\" \/>\n<meta name=\"twitter:label1\" content=\"Tiempo de lectura\" \/>\n\t<meta name=\"twitter:data1\" content=\"4 minutos\" \/>\n<script type=\"application\/ld+json\" class=\"yoast-schema-graph\">{\"@context\":\"https:\\\/\\\/schema.org\",\"@graph\":[{\"@type\":\"WebPage\",\"@id\":\"https:\\\/\\\/supertortillamachines.com\\\/product\\\/full-system-t6000-double-wide-wheat-flour-tortilla-machine-nsf-with-automatic-grill-28-in-wide\\\/\",\"url\":\"https:\\\/\\\/supertortillamachines.com\\\/product\\\/full-system-t6000-double-wide-wheat-flour-tortilla-machine-nsf-with-automatic-grill-28-in-wide\\\/\",\"name\":\"Full Flour Tortilla Machine System T6000 Double Wide Tortilla NSF\",\"isPartOf\":{\"@id\":\"https:\\\/\\\/supertortillamachines.com\\\/#website\"},\"primaryImageOfPage\":{\"@id\":\"https:\\\/\\\/supertortillamachines.com\\\/product\\\/full-system-t6000-double-wide-wheat-flour-tortilla-machine-nsf-with-automatic-grill-28-in-wide\\\/#primaryimage\"},\"image\":{\"@id\":\"https:\\\/\\\/supertortillamachines.com\\\/product\\\/full-system-t6000-double-wide-wheat-flour-tortilla-machine-nsf-with-automatic-grill-28-in-wide\\\/#primaryimage\"},\"thumbnailUrl\":\"https:\\\/\\\/supertortillamachines.com\\\/wp-content\\\/uploads\\\/2025\\\/12\\\/t6000-cortadora-boleadora.jpg\",\"datePublished\":\"2025-12-11T16:51:12+00:00\",\"dateModified\":\"2026-02-16T16:13:40+00:00\",\"description\":\"Everything you need to start your Wheat Flour Tortilla Production with the efficient T6000 What Tortilla Machine, including NSF certification\",\"breadcrumb\":{\"@id\":\"https:\\\/\\\/supertortillamachines.com\\\/product\\\/full-system-t6000-double-wide-wheat-flour-tortilla-machine-nsf-with-automatic-grill-28-in-wide\\\/#breadcrumb\"},\"inLanguage\":\"es\",\"potentialAction\":[{\"@type\":\"ReadAction\",\"target\":[\"https:\\\/\\\/supertortillamachines.com\\\/product\\\/full-system-t6000-double-wide-wheat-flour-tortilla-machine-nsf-with-automatic-grill-28-in-wide\\\/\"]}]},{\"@type\":\"ImageObject\",\"inLanguage\":\"es\",\"@id\":\"https:\\\/\\\/supertortillamachines.com\\\/product\\\/full-system-t6000-double-wide-wheat-flour-tortilla-machine-nsf-with-automatic-grill-28-in-wide\\\/#primaryimage\",\"url\":\"https:\\\/\\\/supertortillamachines.com\\\/wp-content\\\/uploads\\\/2025\\\/12\\\/t6000-cortadora-boleadora.jpg\",\"contentUrl\":\"https:\\\/\\\/supertortillamachines.com\\\/wp-content\\\/uploads\\\/2025\\\/12\\\/t6000-cortadora-boleadora.jpg\",\"width\":1500,\"height\":1125,\"caption\":\"Full System T6000 Double Wide Wheat Flour Tortilla Machine NSF\"},{\"@type\":\"BreadcrumbList\",\"@id\":\"https:\\\/\\\/supertortillamachines.com\\\/product\\\/full-system-t6000-double-wide-wheat-flour-tortilla-machine-nsf-with-automatic-grill-28-in-wide\\\/#breadcrumb\",\"itemListElement\":[{\"@type\":\"ListItem\",\"position\":1,\"name\":\"Home\",\"item\":\"https:\\\/\\\/supertortillamachines.com\\\/\"},{\"@type\":\"ListItem\",\"position\":2,\"name\":\"Shop\",\"item\":\"https:\\\/\\\/supertortillamachines.com\\\/shop\\\/\"},{\"@type\":\"ListItem\",\"position\":3,\"name\":\"Full System T6000 Double Wide Wheat Flour Tortilla Machine NSF with Automatic Grill (28 in wide)\"}]},{\"@type\":\"WebSite\",\"@id\":\"https:\\\/\\\/supertortillamachines.com\\\/#website\",\"url\":\"https:\\\/\\\/supertortillamachines.com\\\/\",\"name\":\"SUPER TORTILLA MACHINES\",\"description\":\"The best Mexican Tortilla Machines\",\"publisher\":{\"@id\":\"https:\\\/\\\/supertortillamachines.com\\\/#organization\"},\"potentialAction\":[{\"@type\":\"SearchAction\",\"target\":{\"@type\":\"EntryPoint\",\"urlTemplate\":\"https:\\\/\\\/supertortillamachines.com\\\/?s={search_term_string}\"},\"query-input\":{\"@type\":\"PropertyValueSpecification\",\"valueRequired\":true,\"valueName\":\"search_term_string\"}}],\"inLanguage\":\"es\"},{\"@type\":\"Organization\",\"@id\":\"https:\\\/\\\/supertortillamachines.com\\\/#organization\",\"name\":\"SUPER TORTILLA MACHINES\",\"url\":\"https:\\\/\\\/supertortillamachines.com\\\/\",\"logo\":{\"@type\":\"ImageObject\",\"inLanguage\":\"es\",\"@id\":\"https:\\\/\\\/supertortillamachines.com\\\/#\\\/schema\\\/logo\\\/image\\\/\",\"url\":\"https:\\\/\\\/supertortillamachines.com\\\/wp-content\\\/uploads\\\/2025\\\/07\\\/Supertortilla.jpg\",\"contentUrl\":\"https:\\\/\\\/supertortillamachines.com\\\/wp-content\\\/uploads\\\/2025\\\/07\\\/Supertortilla.jpg\",\"width\":221,\"height\":177,\"caption\":\" SUPER TORTILLA MACHINES \"},\"image\":{\"@id\":\"https:\\\/\\\/supertortillamachines.com\\\/#\\\/schema\\\/logo\\\/image\\\/\"}}]}<\/script>\n<!-- \/ Yoast SEO plugin. -->","yoast_head_json":{"title":"Full Flour Tortilla Machine System T6000 Double Wide Tortilla NSF","description":"Everything you need to start your Wheat Flour Tortilla Production with the efficient T6000 What Tortilla Machine, including NSF certification","robots":{"index":"index","follow":"follow","max-snippet":"max-snippet:-1","max-image-preview":"max-image-preview:large","max-video-preview":"max-video-preview:-1"},"canonical":"https:\/\/supertortillamachines.com\/es\/producto\/full-system-t6000-double-wide-wheat-flour-tortilla-machine-nsf-with-automatic-grill-28-in-wide\/","og_locale":"es_MX","og_type":"article","og_title":"Full Flour Tortilla Machine System T6000 Double Wide Tortilla NSF","og_description":"Everything you need to start your Wheat Flour Tortilla Production with the efficient T6000 What Tortilla Machine, including NSF certification","og_url":"https:\/\/supertortillamachines.com\/es\/producto\/full-system-t6000-double-wide-wheat-flour-tortilla-machine-nsf-with-automatic-grill-28-in-wide\/","og_site_name":"SUPER TORTILLA MACHINES","article_modified_time":"2026-02-16T16:13:40+00:00","og_image":[{"width":1500,"height":1125,"url":"https:\/\/supertortillamachines.com\/wp-content\/uploads\/2025\/12\/t6000-cortadora-boleadora.jpg","type":"image\/jpeg"}],"twitter_card":"summary_large_image","twitter_misc":{"Tiempo de lectura":"4 minutos"},"schema":{"@context":"https:\/\/schema.org","@graph":[{"@type":"WebPage","@id":"https:\/\/supertortillamachines.com\/product\/full-system-t6000-double-wide-wheat-flour-tortilla-machine-nsf-with-automatic-grill-28-in-wide\/","url":"https:\/\/supertortillamachines.com\/product\/full-system-t6000-double-wide-wheat-flour-tortilla-machine-nsf-with-automatic-grill-28-in-wide\/","name":"Full Flour Tortilla Machine System T6000 Double Wide Tortilla NSF","isPartOf":{"@id":"https:\/\/supertortillamachines.com\/#website"},"primaryImageOfPage":{"@id":"https:\/\/supertortillamachines.com\/product\/full-system-t6000-double-wide-wheat-flour-tortilla-machine-nsf-with-automatic-grill-28-in-wide\/#primaryimage"},"image":{"@id":"https:\/\/supertortillamachines.com\/product\/full-system-t6000-double-wide-wheat-flour-tortilla-machine-nsf-with-automatic-grill-28-in-wide\/#primaryimage"},"thumbnailUrl":"https:\/\/supertortillamachines.com\/wp-content\/uploads\/2025\/12\/t6000-cortadora-boleadora.jpg","datePublished":"2025-12-11T16:51:12+00:00","dateModified":"2026-02-16T16:13:40+00:00","description":"Everything you need to start your Wheat Flour Tortilla Production with the efficient T6000 What Tortilla Machine, including NSF certification","breadcrumb":{"@id":"https:\/\/supertortillamachines.com\/product\/full-system-t6000-double-wide-wheat-flour-tortilla-machine-nsf-with-automatic-grill-28-in-wide\/#breadcrumb"},"inLanguage":"es","potentialAction":[{"@type":"ReadAction","target":["https:\/\/supertortillamachines.com\/product\/full-system-t6000-double-wide-wheat-flour-tortilla-machine-nsf-with-automatic-grill-28-in-wide\/"]}]},{"@type":"ImageObject","inLanguage":"es","@id":"https:\/\/supertortillamachines.com\/product\/full-system-t6000-double-wide-wheat-flour-tortilla-machine-nsf-with-automatic-grill-28-in-wide\/#primaryimage","url":"https:\/\/supertortillamachines.com\/wp-content\/uploads\/2025\/12\/t6000-cortadora-boleadora.jpg","contentUrl":"https:\/\/supertortillamachines.com\/wp-content\/uploads\/2025\/12\/t6000-cortadora-boleadora.jpg","width":1500,"height":1125,"caption":"Full System T6000 Double Wide Wheat Flour Tortilla Machine NSF"},{"@type":"BreadcrumbList","@id":"https:\/\/supertortillamachines.com\/product\/full-system-t6000-double-wide-wheat-flour-tortilla-machine-nsf-with-automatic-grill-28-in-wide\/#breadcrumb","itemListElement":[{"@type":"ListItem","position":1,"name":"Home","item":"https:\/\/supertortillamachines.com\/"},{"@type":"ListItem","position":2,"name":"Shop","item":"https:\/\/supertortillamachines.com\/shop\/"},{"@type":"ListItem","position":3,"name":"Full System T6000 Double Wide Wheat Flour Tortilla Machine NSF with Automatic Grill (28 in wide)"}]},{"@type":"WebSite","@id":"https:\/\/supertortillamachines.com\/#website","url":"https:\/\/supertortillamachines.com\/","name":"SUPER TORTILLADORAS","description":"Las mejores Tortilladoras Mexicanas","publisher":{"@id":"https:\/\/supertortillamachines.com\/#organization"},"potentialAction":[{"@type":"SearchAction","target":{"@type":"EntryPoint","urlTemplate":"https:\/\/supertortillamachines.com\/?s={search_term_string}"},"query-input":{"@type":"PropertyValueSpecification","valueRequired":true,"valueName":"search_term_string"}}],"inLanguage":"es"},{"@type":"Organization","@id":"https:\/\/supertortillamachines.com\/#organization","name":"SUPER TORTILLADORAS","url":"https:\/\/supertortillamachines.com\/","logo":{"@type":"ImageObject","inLanguage":"es","@id":"https:\/\/supertortillamachines.com\/#\/schema\/logo\/image\/","url":"https:\/\/supertortillamachines.com\/wp-content\/uploads\/2025\/07\/Supertortilla.jpg","contentUrl":"https:\/\/supertortillamachines.com\/wp-content\/uploads\/2025\/07\/Supertortilla.jpg","width":221,"height":177,"caption":" SUPER TORTILLA MACHINES "},"image":{"@id":"https:\/\/supertortillamachines.com\/#\/schema\/logo\/image\/"}}]}},"jetpack_sharing_enabled":true,"_links":{"self":[{"href":"https:\/\/supertortillamachines.com\/es\/wp-json\/wp\/v2\/product\/1610","targetHints":{"allow":["GET"]}}],"collection":[{"href":"https:\/\/supertortillamachines.com\/es\/wp-json\/wp\/v2\/product"}],"about":[{"href":"https:\/\/supertortillamachines.com\/es\/wp-json\/wp\/v2\/types\/product"}],"wp:featuredmedia":[{"embeddable":true,"href":"https:\/\/supertortillamachines.com\/es\/wp-json\/wp\/v2\/media\/1613"}],"wp:attachment":[{"href":"https:\/\/supertortillamachines.com\/es\/wp-json\/wp\/v2\/media?parent=1610"}],"wp:term":[{"taxonomy":"product_brand","embeddable":true,"href":"https:\/\/supertortillamachines.com\/es\/wp-json\/wp\/v2\/product_brand?post=1610"},{"taxonomy":"product_cat","embeddable":true,"href":"https:\/\/supertortillamachines.com\/es\/wp-json\/wp\/v2\/product_cat?post=1610"},{"taxonomy":"product_tag","embeddable":true,"href":"https:\/\/supertortillamachines.com\/es\/wp-json\/wp\/v2\/product_tag?post=1610"}],"curies":[{"name":"wp","href":"https:\/\/api.w.org\/{rel}","templated":true}]}}