{"id":327,"date":"2025-07-19T17:27:50","date_gmt":"2025-07-19T17:27:50","guid":{"rendered":"https:\/\/supertortillamachines.com\/?post_type=product&#038;p=327"},"modified":"2025-12-01T20:31:11","modified_gmt":"2025-12-01T20:31:11","slug":"t5000-maquina-de-tortillas-de-harina-totalmente-electrica-con-parrilla-automatica-para-tortillas-de-trigo","status":"publish","type":"product","link":"https:\/\/supertortillamachines.com\/es\/product\/t5000-all-electric-flour-tortilla-machine-with-automatic-grill-for-wheat-tortillas\/","title":{"rendered":"T5000 All Electric Flour tortilla machine with automatic grill for wheat tortillas F-1414-2-4-E"},"content":{"rendered":"<h3>ESTA GRAN M\u00c1QUINA NO NECESITA GAS<\/h3>\n<p>Tiene un horno el\u00e9ctrico, por lo que puedes cocinar las tortillas sin gas natural ni gas propano.<\/p>\n<p>Esta tortilladora el\u00e9ctrica es perfecta para lugares donde es dif\u00edcil conseguir una l\u00ednea de gas. Le ayudar\u00e1 tambi\u00e9n a conseguir las aprobaciones m\u00e1s r\u00e1pido ya que no necesitar\u00e1 que le visite un inspector de gas ni necesitar\u00e1 una instalaci\u00f3n de gas.<\/p>\n<p>\u00a1\u00a1\u00a1\u00a1Esta m\u00e1quina es ideal para iniciar su negocio de tortillas de harina o para instalarla en su restaurante y empezar a ofrecer tortillas de harina reci\u00e9n hechas a sus clientes !!!!<\/p>\n<p>Puede hacer hasta 20 tortillas por minuto, lo que significa 1.200 tortillas por hora !!!.S\u00f3lo tiene que poner las bolas de masa y la m\u00e1quina le dar\u00e1 tortillas totalmente cocidas, calientes y listas para comer.<\/p>\n<p>CARACTER\u00cdSTICAS DEL ART\u00cdCULO:<\/p>\n<ul>\n<li>Parrilla \/ plancha automatizada calentada EL\u00c9CTRICAMENTE.<\/li>\n<li>Funcionamiento de la PANTALLA T\u00c1CTIL.<\/li>\n<li>Control autom\u00e1tico de la temperatura de la prensa y del horno.<\/li>\n<li>Contador de salida de tortillas. (indica cu\u00e1ntas tortillas ha hecho la m\u00e1quina).<\/li>\n<li>Transportador alimentador de bolas de masa con sensores \u00f3pticos.<\/li>\n<li>Placas de 14\u2033 calentadas el\u00e9ctricamente, eso significa hasta tortillas de 13\u2033. (220 Voltios 60 Hz) se puede ajustar f\u00e1cilmente para 220 Voltios. <strong>50 Hz<\/strong>).<\/li>\n<li>Peso neto 800 lbs.<\/li>\n<li>Dimensiones de la m\u00e1quina 53\u2033 de altura m\u00e1xima, 71\u2033 de longitud, 32\u2033 de ancho (135 cm de altura m\u00e1xima, 180 cm de longitud, 80 cm de ancho).<\/li>\n<li>Requisitos el\u00e9ctricos trif\u00e1sicos 220 voltios 50\/60 Hz.<\/li>\n<li>Parrilla autom\u00e1tica.<\/li>\n<li>Control autom\u00e1tico de la temperatura.<\/li>\n<\/ul>\n<p><a href=\"\/es\/.\/system\/download\/T5000_Flour_tortilla_brochure.pdf\/\" target=\"_blank\" rel=\"noopener\">Vea el folleto completo aqu\u00ed<\/a><\/p>\n<p>Mira c\u00f3mo funciona en los siguientes v\u00eddeos<\/p>\n<div class=\"hdvideomaxwidth\">\n<div class=\"hdvideowrapper\" style=\"text-align: center;\"><div class=\"lyte-wrapper\" style=\"width:640px;max-width:100%;margin:5px auto;\"><div class=\"lyMe\" id=\"WYL_N2XOKKdMnho\"><div id=\"lyte_N2XOKKdMnho\" data-src=\"https:\/\/supertortillamachines.com\/wp-content\/plugins\/wp-youtube-lyte\/lyteCache.php?origThumbUrl=%2F%2Fi.ytimg.com%2Fvi%2FN2XOKKdMnho%2Fhqdefault.jpg\" class=\"pL\"><div class=\"tC\"><div class=\"tT\"><\/div><\/div><div class=\"play\"><\/div><div class=\"ctrl\"><div class=\"Lctrl\"><\/div><div class=\"Rctrl\"><\/div><\/div><\/div><noscript><a href=\"https:\/\/youtu.be\/N2XOKKdMnho\" rel=\"nofollow\"><img fetchpriority=\"high\" decoding=\"async\" src=\"https:\/\/supertortillamachines.com\/wp-content\/plugins\/wp-youtube-lyte\/lyteCache.php?origThumbUrl=https%3A%2F%2Fi.ytimg.com%2Fvi%2FN2XOKKdMnho%2F0.jpg\" alt=\"Miniatura de v\u00eddeo de YouTube\" width=\"640\" height=\"340\" \/><br \/>Ver este video en YouTube<\/a><\/noscript><\/div><\/div><div class=\"lL\" style=\"max-width:100%;width:640px;margin:5px auto;\"><\/div><\/div>\n<\/div>\n<div class=\"hdvideomaxwidth\">\n<div class=\"hdvideowrapper\" style=\"text-align: center;\"><div class=\"lyte-wrapper\" style=\"width:640px;max-width:100%;margin:5px auto;\"><div class=\"lyMe\" id=\"WYL_zdRsmxe2dTI\"><div id=\"lyte_zdRsmxe2dTI\" data-src=\"https:\/\/supertortillamachines.com\/wp-content\/plugins\/wp-youtube-lyte\/lyteCache.php?origThumbUrl=%2F%2Fi.ytimg.com%2Fvi%2FzdRsmxe2dTI%2Fhqdefault.jpg\" class=\"pL\"><div class=\"tC\"><div class=\"tT\"><\/div><\/div><div class=\"play\"><\/div><div class=\"ctrl\"><div class=\"Lctrl\"><\/div><div class=\"Rctrl\"><\/div><\/div><\/div><noscript><a href=\"https:\/\/youtu.be\/zdRsmxe2dTI\" rel=\"nofollow\"><img decoding=\"async\" src=\"https:\/\/supertortillamachines.com\/wp-content\/plugins\/wp-youtube-lyte\/lyteCache.php?origThumbUrl=https%3A%2F%2Fi.ytimg.com%2Fvi%2FzdRsmxe2dTI%2F0.jpg\" alt=\"Miniatura de v\u00eddeo de YouTube\" width=\"640\" height=\"340\" \/><br \/>Ver este video en YouTube<\/a><\/noscript><\/div><\/div><div class=\"lL\" style=\"max-width:100%;width:640px;margin:5px auto;\"><\/div><\/div>\n<\/div>\n<p>Estas m\u00e1quinas se fabrican bajo pedido y tardamos 15 d\u00edas laborables en enviarle su m\u00e1quina. Por favor, tenga esto en cuenta cuando haga su pedido.<\/p>\n<p>No lo dudes, tambi\u00e9n somos vendedores en ebay y puedes ver que somos un vendedor de confianza en<br \/>\n<a style=\"background-color: #ffffff; color: #26518a;\" href=\"http:\/\/feedback.ebay.com\/ws\/eBayISAPI.dll?ViewFeedback2&amp;userid=woodandheat&amp;ftab=AllFeedback\">http:\/\/feedback.ebay.com\/ws\/eBayISAPI.dll?ViewFeedback2<\/a><\/p>\n<p><a href=\"https:\/\/supertortillamachines.com\/es\/\">www.supertortillamachines.com<\/a><br \/>\nEs la mejor opci\u00f3n en m\u00e1quinas tortilladoras de harina para producci\u00f3n industrial. Somos una empresa con presencia en M\u00e9xico y Estados Unidos. Nuestras maquinas son de calidad hechas en Mexico y exportadas a nuestro almacen en USA. Es por eso que podemos enviar a un precio muy competitivo dentro de los EE.UU. y en todo el mundo.<\/p>\n<p>Si usted est\u00e1 en los EE.UU. ser\u00e1 muy f\u00e1cil comprar de nosotros, porque somos una corporaci\u00f3n de EE.UU., usted no tendr\u00e1 que lidiar con las aduanas en cualquier momento. Usted s\u00f3lo tiene que pedir y recibir\u00e1 su m\u00e1quina en cualquier direcci\u00f3n de EE.UU. dentro de los estados continentales.<\/p>\n<p>Nota importante: Esta m\u00e1quina no est\u00e1 dise\u00f1ada para TORTILLAS DE MA\u00cdZ.<\/p>","protected":false},"excerpt":{"rendered":"<p>Esta tortilladora el\u00e9ctrica es perfecta para lugares donde es dif\u00edcil conseguir una l\u00ednea de gas. Le ayudar\u00e1 tambi\u00e9n a conseguir las aprobaciones m\u00e1s r\u00e1pido ya que no necesitar\u00e1 que le visite un inspector de gas ni necesitar\u00e1 una instalaci\u00f3n de gas.<\/p>\n<p>NSF Certificate optional, certificate number: F-1414-2-4-E<br \/>\n<a href=\"https:\/\/info.nsf.org\/Certified\/Food\/Listings.asp?Company=C0568767&amp;Standard=169\" target=\"_blank\" rel=\"noopener\">Click here to see the NSF listings<\/a>.<\/p>","protected":false},"featured_media":328,"template":"","meta":{"om_disable_all_campaigns":false,"_monsterinsights_skip_tracking":false,"_monsterinsights_sitenote_active":false,"_monsterinsights_sitenote_note":"","_monsterinsights_sitenote_category":0},"product_brand":[57],"product_cat":[65,59],"product_tag":[21,23,22,66],"class_list":{"0":"post-327","1":"product","2":"type-product","3":"status-publish","4":"has-post-thumbnail","6":"product_brand-super-tortilla-machines","7":"product_cat-industrial-production-wheat-flour-tortilla-machines","8":"product_cat-wheat-flour-tortilla-machines","9":"product_tag-flour","10":"product_tag-flour-tortilla","11":"product_tag-machine","12":"product_tag-wheat","14":"first","15":"instock","16":"featured","17":"shipping-taxable","18":"purchasable","19":"product-type-variable"},"yoast_head":"<!-- This site is optimized with the Yoast SEO plugin v27.3 - https:\/\/yoast.com\/product\/yoast-seo-wordpress\/ -->\n<title>T5000 All Electric Wheat Flour Tortilla Machine Automatic Grill<\/title>\n<meta name=\"description\" content=\"This electric tortilla machine does not require gas. This is a great machine to start your flour tortilla business or to install it in your restaurant.\" \/>\n<meta name=\"robots\" content=\"index, follow, max-snippet:-1, max-image-preview:large, max-video-preview:-1\" \/>\n<link rel=\"canonical\" href=\"https:\/\/supertortillamachines.com\/es\/producto\/t5000-maquina-de-tortillas-de-harina-totalmente-electrica-con-parrilla-automatica-para-tortillas-de-trigo\/\" \/>\n<meta property=\"og:locale\" content=\"es_MX\" \/>\n<meta property=\"og:type\" content=\"article\" \/>\n<meta property=\"og:title\" content=\"T5000 All Electric Wheat Flour Tortilla Machine Automatic Grill\" \/>\n<meta property=\"og:description\" content=\"This electric tortilla machine does not require gas. This is a great machine to start your flour tortilla business or to install it in your restaurant.\" \/>\n<meta property=\"og:url\" content=\"https:\/\/supertortillamachines.com\/es\/producto\/t5000-maquina-de-tortillas-de-harina-totalmente-electrica-con-parrilla-automatica-para-tortillas-de-trigo\/\" \/>\n<meta property=\"og:site_name\" content=\"SUPER TORTILLA MACHINES\" \/>\n<meta property=\"article:modified_time\" content=\"2025-12-01T20:31:11+00:00\" \/>\n<meta property=\"og:image\" content=\"https:\/\/supertortillamachines.com\/wp-content\/uploads\/2025\/07\/snapedit_1752943676404.webp\" \/>\n\t<meta property=\"og:image:width\" content=\"1200\" \/>\n\t<meta property=\"og:image:height\" content=\"1200\" \/>\n\t<meta property=\"og:image:type\" content=\"image\/webp\" \/>\n<meta name=\"twitter:card\" content=\"summary_large_image\" \/>\n<meta name=\"twitter:label1\" content=\"Tiempo de lectura\" \/>\n\t<meta name=\"twitter:data1\" content=\"2 minutos\" \/>\n<script type=\"application\/ld+json\" class=\"yoast-schema-graph\">{\"@context\":\"https:\\\/\\\/schema.org\",\"@graph\":[{\"@type\":\"WebPage\",\"@id\":\"https:\\\/\\\/supertortillamachines.com\\\/product\\\/t5000-all-electric-flour-tortilla-machine-with-automatic-grill-for-wheat-tortillas\\\/\",\"url\":\"https:\\\/\\\/supertortillamachines.com\\\/product\\\/t5000-all-electric-flour-tortilla-machine-with-automatic-grill-for-wheat-tortillas\\\/\",\"name\":\"T5000 All Electric Wheat Flour Tortilla Machine Automatic Grill\",\"isPartOf\":{\"@id\":\"https:\\\/\\\/supertortillamachines.com\\\/#website\"},\"primaryImageOfPage\":{\"@id\":\"https:\\\/\\\/supertortillamachines.com\\\/product\\\/t5000-all-electric-flour-tortilla-machine-with-automatic-grill-for-wheat-tortillas\\\/#primaryimage\"},\"image\":{\"@id\":\"https:\\\/\\\/supertortillamachines.com\\\/product\\\/t5000-all-electric-flour-tortilla-machine-with-automatic-grill-for-wheat-tortillas\\\/#primaryimage\"},\"thumbnailUrl\":\"https:\\\/\\\/supertortillamachines.com\\\/wp-content\\\/uploads\\\/2025\\\/07\\\/snapedit_1752943676404.webp\",\"datePublished\":\"2025-07-19T17:27:50+00:00\",\"dateModified\":\"2025-12-01T20:31:11+00:00\",\"description\":\"This electric tortilla machine does not require gas. This is a great machine to start your flour tortilla business or to install it in your restaurant.\",\"breadcrumb\":{\"@id\":\"https:\\\/\\\/supertortillamachines.com\\\/product\\\/t5000-all-electric-flour-tortilla-machine-with-automatic-grill-for-wheat-tortillas\\\/#breadcrumb\"},\"inLanguage\":\"es\",\"potentialAction\":[{\"@type\":\"ReadAction\",\"target\":[\"https:\\\/\\\/supertortillamachines.com\\\/product\\\/t5000-all-electric-flour-tortilla-machine-with-automatic-grill-for-wheat-tortillas\\\/\"]}]},{\"@type\":\"ImageObject\",\"inLanguage\":\"es\",\"@id\":\"https:\\\/\\\/supertortillamachines.com\\\/product\\\/t5000-all-electric-flour-tortilla-machine-with-automatic-grill-for-wheat-tortillas\\\/#primaryimage\",\"url\":\"https:\\\/\\\/supertortillamachines.com\\\/wp-content\\\/uploads\\\/2025\\\/07\\\/snapedit_1752943676404.webp\",\"contentUrl\":\"https:\\\/\\\/supertortillamachines.com\\\/wp-content\\\/uploads\\\/2025\\\/07\\\/snapedit_1752943676404.webp\",\"width\":1200,\"height\":1200,\"caption\":\"T5000 all electric wheat flour tortilla machine\"},{\"@type\":\"BreadcrumbList\",\"@id\":\"https:\\\/\\\/supertortillamachines.com\\\/product\\\/t5000-all-electric-flour-tortilla-machine-with-automatic-grill-for-wheat-tortillas\\\/#breadcrumb\",\"itemListElement\":[{\"@type\":\"ListItem\",\"position\":1,\"name\":\"Home\",\"item\":\"https:\\\/\\\/supertortillamachines.com\\\/\"},{\"@type\":\"ListItem\",\"position\":2,\"name\":\"Shop\",\"item\":\"https:\\\/\\\/supertortillamachines.com\\\/shop\\\/\"},{\"@type\":\"ListItem\",\"position\":3,\"name\":\"T5000 All Electric Flour tortilla machine with automatic grill for wheat tortillas F-1414-2-4-E\"}]},{\"@type\":\"WebSite\",\"@id\":\"https:\\\/\\\/supertortillamachines.com\\\/#website\",\"url\":\"https:\\\/\\\/supertortillamachines.com\\\/\",\"name\":\"SUPER TORTILLA MACHINES\",\"description\":\"The best Mexican Tortilla Machines\",\"publisher\":{\"@id\":\"https:\\\/\\\/supertortillamachines.com\\\/#organization\"},\"potentialAction\":[{\"@type\":\"SearchAction\",\"target\":{\"@type\":\"EntryPoint\",\"urlTemplate\":\"https:\\\/\\\/supertortillamachines.com\\\/?s={search_term_string}\"},\"query-input\":{\"@type\":\"PropertyValueSpecification\",\"valueRequired\":true,\"valueName\":\"search_term_string\"}}],\"inLanguage\":\"es\"},{\"@type\":\"Organization\",\"@id\":\"https:\\\/\\\/supertortillamachines.com\\\/#organization\",\"name\":\"SUPER TORTILLA MACHINES\",\"url\":\"https:\\\/\\\/supertortillamachines.com\\\/\",\"logo\":{\"@type\":\"ImageObject\",\"inLanguage\":\"es\",\"@id\":\"https:\\\/\\\/supertortillamachines.com\\\/#\\\/schema\\\/logo\\\/image\\\/\",\"url\":\"https:\\\/\\\/supertortillamachines.com\\\/wp-content\\\/uploads\\\/2025\\\/07\\\/Supertortilla.jpg\",\"contentUrl\":\"https:\\\/\\\/supertortillamachines.com\\\/wp-content\\\/uploads\\\/2025\\\/07\\\/Supertortilla.jpg\",\"width\":221,\"height\":177,\"caption\":\" SUPER TORTILLA MACHINES \"},\"image\":{\"@id\":\"https:\\\/\\\/supertortillamachines.com\\\/#\\\/schema\\\/logo\\\/image\\\/\"}}]}<\/script>\n<!-- \/ Yoast SEO plugin. -->","yoast_head_json":{"title":"T5000 Tortilladora El\u00e9ctrica de Harina de Trigo Parrilla Autom\u00e1tica","description":"Esta m\u00e1quina el\u00e9ctrica para hacer tortillas no necesita gas. Esta es una gran m\u00e1quina para comenzar su negocio de tortillas de harina o para instalarla en su restaurante.","robots":{"index":"index","follow":"follow","max-snippet":"max-snippet:-1","max-image-preview":"max-image-preview:large","max-video-preview":"max-video-preview:-1"},"canonical":"https:\/\/supertortillamachines.com\/es\/producto\/t5000-maquina-de-tortillas-de-harina-totalmente-electrica-con-parrilla-automatica-para-tortillas-de-trigo\/","og_locale":"es_MX","og_type":"article","og_title":"T5000 All Electric Wheat Flour Tortilla Machine Automatic Grill","og_description":"This electric tortilla machine does not require gas. This is a great machine to start your flour tortilla business or to install it in your restaurant.","og_url":"https:\/\/supertortillamachines.com\/es\/producto\/t5000-maquina-de-tortillas-de-harina-totalmente-electrica-con-parrilla-automatica-para-tortillas-de-trigo\/","og_site_name":"SUPER TORTILLA MACHINES","article_modified_time":"2025-12-01T20:31:11+00:00","og_image":[{"width":1200,"height":1200,"url":"https:\/\/supertortillamachines.com\/wp-content\/uploads\/2025\/07\/snapedit_1752943676404.webp","type":"image\/webp"}],"twitter_card":"summary_large_image","twitter_misc":{"Tiempo de lectura":"2 minutos"},"schema":{"@context":"https:\/\/schema.org","@graph":[{"@type":"WebPage","@id":"https:\/\/supertortillamachines.com\/product\/t5000-all-electric-flour-tortilla-machine-with-automatic-grill-for-wheat-tortillas\/","url":"https:\/\/supertortillamachines.com\/product\/t5000-all-electric-flour-tortilla-machine-with-automatic-grill-for-wheat-tortillas\/","name":"T5000 Tortilladora El\u00e9ctrica de Harina de Trigo Parrilla Autom\u00e1tica","isPartOf":{"@id":"https:\/\/supertortillamachines.com\/#website"},"primaryImageOfPage":{"@id":"https:\/\/supertortillamachines.com\/product\/t5000-all-electric-flour-tortilla-machine-with-automatic-grill-for-wheat-tortillas\/#primaryimage"},"image":{"@id":"https:\/\/supertortillamachines.com\/product\/t5000-all-electric-flour-tortilla-machine-with-automatic-grill-for-wheat-tortillas\/#primaryimage"},"thumbnailUrl":"https:\/\/supertortillamachines.com\/wp-content\/uploads\/2025\/07\/snapedit_1752943676404.webp","datePublished":"2025-07-19T17:27:50+00:00","dateModified":"2025-12-01T20:31:11+00:00","description":"Esta m\u00e1quina el\u00e9ctrica para hacer tortillas no necesita gas. Esta es una gran m\u00e1quina para comenzar su negocio de tortillas de harina o para instalarla en su restaurante.","breadcrumb":{"@id":"https:\/\/supertortillamachines.com\/product\/t5000-all-electric-flour-tortilla-machine-with-automatic-grill-for-wheat-tortillas\/#breadcrumb"},"inLanguage":"es","potentialAction":[{"@type":"ReadAction","target":["https:\/\/supertortillamachines.com\/product\/t5000-all-electric-flour-tortilla-machine-with-automatic-grill-for-wheat-tortillas\/"]}]},{"@type":"ImageObject","inLanguage":"es","@id":"https:\/\/supertortillamachines.com\/product\/t5000-all-electric-flour-tortilla-machine-with-automatic-grill-for-wheat-tortillas\/#primaryimage","url":"https:\/\/supertortillamachines.com\/wp-content\/uploads\/2025\/07\/snapedit_1752943676404.webp","contentUrl":"https:\/\/supertortillamachines.com\/wp-content\/uploads\/2025\/07\/snapedit_1752943676404.webp","width":1200,"height":1200,"caption":"T5000 all electric wheat flour tortilla machine"},{"@type":"BreadcrumbList","@id":"https:\/\/supertortillamachines.com\/product\/t5000-all-electric-flour-tortilla-machine-with-automatic-grill-for-wheat-tortillas\/#breadcrumb","itemListElement":[{"@type":"ListItem","position":1,"name":"Home","item":"https:\/\/supertortillamachines.com\/"},{"@type":"ListItem","position":2,"name":"Shop","item":"https:\/\/supertortillamachines.com\/shop\/"},{"@type":"ListItem","position":3,"name":"T5000 All Electric Flour tortilla machine with automatic grill for wheat tortillas F-1414-2-4-E"}]},{"@type":"WebSite","@id":"https:\/\/supertortillamachines.com\/#website","url":"https:\/\/supertortillamachines.com\/","name":"SUPER TORTILLADORAS","description":"Las mejores Tortilladoras Mexicanas","publisher":{"@id":"https:\/\/supertortillamachines.com\/#organization"},"potentialAction":[{"@type":"SearchAction","target":{"@type":"EntryPoint","urlTemplate":"https:\/\/supertortillamachines.com\/?s={search_term_string}"},"query-input":{"@type":"PropertyValueSpecification","valueRequired":true,"valueName":"search_term_string"}}],"inLanguage":"es"},{"@type":"Organization","@id":"https:\/\/supertortillamachines.com\/#organization","name":"SUPER TORTILLADORAS","url":"https:\/\/supertortillamachines.com\/","logo":{"@type":"ImageObject","inLanguage":"es","@id":"https:\/\/supertortillamachines.com\/#\/schema\/logo\/image\/","url":"https:\/\/supertortillamachines.com\/wp-content\/uploads\/2025\/07\/Supertortilla.jpg","contentUrl":"https:\/\/supertortillamachines.com\/wp-content\/uploads\/2025\/07\/Supertortilla.jpg","width":221,"height":177,"caption":" SUPER TORTILLA MACHINES "},"image":{"@id":"https:\/\/supertortillamachines.com\/#\/schema\/logo\/image\/"}}]}},"jetpack_sharing_enabled":true,"_links":{"self":[{"href":"https:\/\/supertortillamachines.com\/es\/wp-json\/wp\/v2\/product\/327","targetHints":{"allow":["GET"]}}],"collection":[{"href":"https:\/\/supertortillamachines.com\/es\/wp-json\/wp\/v2\/product"}],"about":[{"href":"https:\/\/supertortillamachines.com\/es\/wp-json\/wp\/v2\/types\/product"}],"wp:featuredmedia":[{"embeddable":true,"href":"https:\/\/supertortillamachines.com\/es\/wp-json\/wp\/v2\/media\/328"}],"wp:attachment":[{"href":"https:\/\/supertortillamachines.com\/es\/wp-json\/wp\/v2\/media?parent=327"}],"wp:term":[{"taxonomy":"product_brand","embeddable":true,"href":"https:\/\/supertortillamachines.com\/es\/wp-json\/wp\/v2\/product_brand?post=327"},{"taxonomy":"product_cat","embeddable":true,"href":"https:\/\/supertortillamachines.com\/es\/wp-json\/wp\/v2\/product_cat?post=327"},{"taxonomy":"product_tag","embeddable":true,"href":"https:\/\/supertortillamachines.com\/es\/wp-json\/wp\/v2\/product_tag?post=327"}],"curies":[{"name":"wp","href":"https:\/\/api.w.org\/{rel}","templated":true}]}}