{"id":338,"date":"2025-07-21T15:14:00","date_gmt":"2025-07-21T15:14:00","guid":{"rendered":"https:\/\/supertortillamachines.com\/?post_type=product&#038;p=338"},"modified":"2025-11-26T15:03:34","modified_gmt":"2025-11-26T15:03:34","slug":"t6000-maquina-de-tortillas-de-harina-de-trigo-de-doble-ancho-con-parrilla-automatica-30-in-de-ancho","status":"publish","type":"product","link":"https:\/\/supertortillamachines.com\/es\/product\/t6000-double-wide-wheat-flour-tortilla-machine-with-automatic-grill-30-in-wide\/","title":{"rendered":"T6000 Tortilladora de harina de trigo de doble ancho con parrilla autom\u00e1tica (28 pulgadas de ancho)"},"content":{"rendered":"<p>\u00a1Esta es una gran m\u00e1quina para comenzar su negocio de tortillas de harina o para instalarla en su restaurante y comenzar a ofrecer tortillas de harina reci\u00e9n hechas frescas a sus clientes!<\/p>\n<p>Puede hacer hasta 40 tortillas por minuto, es decir, \u00a1\u00a1\u00a12.400 tortillas por hora!!! S\u00f3lo tienes que poner las bolas de masa y la m\u00e1quina te dar\u00e1 tortillas totalmente cocidas, calientes y listas para comer.<\/p>\n<p><strong>CARACTER\u00cdSTICAS DEL ART\u00cdCULO<\/strong><\/p>\n<ul>\n<li>2 Placas de 28\u2033 de ancho calentadas el\u00e9ctricamente, eso significa hasta tortillas de 13\u2033. (220 voltios 60 Hz) se puede ajustar f\u00e1cilmente para 220 50Hz.<\/li>\n<li>Peso neto 2600 lbs.<\/li>\n<li>Dimensiones de la m\u00e1quina: 53\u2033 Altura m\u00e1xima, 71\u2033 Longitud, 36\u2033 Ancho (135 cm Altura m\u00e1xima, 180 cm Longitud, 92cm ancho).<\/li>\n<li>Motor el\u00e9ctrico de 220 voltios y 60 Hz.<\/li>\n<li>Parrilla autom\u00e1tica calentada por gas propano o gas natural.<\/li>\n<li>Parrilla autom\u00e1tica.<\/li>\n<li>Esta m\u00e1quina tiene un sistema turbo que le permitir\u00e1 ahorrar hasta 50% de gas en comparaci\u00f3n con las m\u00e1quinas con quemadores regulares..<\/li>\n<li>Control autom\u00e1tico de la temperatura.<\/li>\n<\/ul>\n<p><a href=\"https:\/\/supertortillamachines.com\/es\/admin\/system\/download\/T5000_Flour_tortilla_brochure.pdf\/\" target=\"_blank\" rel=\"noopener\">Vea el folleto completo aqu\u00ed<\/a>\u00a0<strong><br \/>\n<\/strong><\/p>\n<p><strong>Mira c\u00f3mo funciona en los siguientes v\u00eddeos<\/strong><\/p>\n<div class=\"videomaxwidth\">\n<div class=\"videowrapper\" style=\"text-align: center;\"><div class=\"lyte-wrapper\" style=\"width:640px;max-width:100%;margin:5px auto;\"><div class=\"lyMe\" id=\"WYL_FZAJ8KH9oDA\"><div id=\"lyte_FZAJ8KH9oDA\" data-src=\"https:\/\/supertortillamachines.com\/wp-content\/plugins\/wp-youtube-lyte\/lyteCache.php?origThumbUrl=%2F%2Fi.ytimg.com%2Fvi%2FFZAJ8KH9oDA%2Fhqdefault.jpg\" class=\"pL\"><div class=\"tC\"><div class=\"tT\"><\/div><\/div><div class=\"play\"><\/div><div class=\"ctrl\"><div class=\"Lctrl\"><\/div><div class=\"Rctrl\"><\/div><\/div><\/div><noscript><a href=\"https:\/\/youtu.be\/FZAJ8KH9oDA\" rel=\"nofollow\"><img fetchpriority=\"high\" decoding=\"async\" src=\"https:\/\/supertortillamachines.com\/wp-content\/plugins\/wp-youtube-lyte\/lyteCache.php?origThumbUrl=https%3A%2F%2Fi.ytimg.com%2Fvi%2FFZAJ8KH9oDA%2F0.jpg\" alt=\"Miniatura de v\u00eddeo de YouTube\" width=\"640\" height=\"340\" \/><br \/>Ver este video en YouTube<\/a><\/noscript><\/div><\/div><div class=\"lL\" style=\"max-width:100%;width:640px;margin:5px auto;\"><\/div><\/div>\n<\/div>\n<p>Estas m\u00e1quinas se fabrican bajo pedido y tardamos 15 d\u00edas laborables en enviarle su m\u00e1quina. Por favor, tenga esto en cuenta cuando haga su pedido.<\/p>\n<p>No lo dudes, tambi\u00e9n somos vendedores en ebay y puedes ver que somos un vendedor de confianza en<\/p>\n<div><a href=\"https:\/\/feedback.ebay.com\/ws\/eBayISAPI.dll?ViewFeedback2&amp;userid=woodandheat&amp;ftab=AllFeedback\">http:\/\/feedback.ebay.com\/ws\/eBayISAPI.dll?ViewFeedback2&amp;userid=woodandheat&amp;ftab=AllFeedback<\/a><\/div>\n<div><a href=\"https:\/\/supertortillamachines.com\/es\/\">www.supertortillamachines.com<\/a><\/div>\n<p>Es la mejor opci\u00f3n en m\u00e1quinas tortilladoras de harina de trigo para producci\u00f3n industrial. Somos una empresa con presencia en M\u00e9xico y Estados Unidos. Nuestras maquinas son de calidad hechas en Mexico y exportadas a nuestro almacen en USA. Es por eso que podemos enviar a un precio muy competitivo dentro de los EE.UU. y en todo el mundo.<\/p>\n<p>Si usted est\u00e1 en los EE.UU. ser\u00e1 muy f\u00e1cil comprar de nosotros, porque somos una corporaci\u00f3n de EE.UU., usted no tendr\u00e1 que lidiar con las aduanas en cualquier momento. Usted s\u00f3lo tiene que pedir y recibir\u00e1 su m\u00e1quina en cualquier direcci\u00f3n de EE.UU. dentro de los estados continentales.<\/p>\n<p>Nota importante: Esta m\u00e1quina no est\u00e1 dise\u00f1ada para TORTILLA DE MA\u00cdZ.<\/p>\n<\/div>","protected":false},"excerpt":{"rendered":"<p>Puede hacer hasta 40 tortillas por minuto, es decir, \u00a1\u00a1\u00a12.400 tortillas por hora!!! S\u00f3lo tienes que poner las bolas de masa y la m\u00e1quina te dar\u00e1 tortillas totalmente cocidas, calientes y listas para comer.<\/p>","protected":false},"featured_media":1582,"template":"","meta":{"om_disable_all_campaigns":false,"_monsterinsights_skip_tracking":false,"_monsterinsights_sitenote_active":false,"_monsterinsights_sitenote_note":"","_monsterinsights_sitenote_category":0},"product_brand":[57],"product_cat":[65,59],"product_tag":[21,22,73,66,72],"class_list":{"0":"post-338","1":"product","2":"type-product","3":"status-publish","4":"has-post-thumbnail","6":"product_brand-super-tortilla-machines","7":"product_cat-industrial-production-wheat-flour-tortilla-machines","8":"product_cat-wheat-flour-tortilla-machines","9":"product_tag-flour","10":"product_tag-machine","11":"product_tag-tortilla","12":"product_tag-wheat","13":"product_tag-wide","15":"first","16":"instock","17":"shipping-taxable","18":"purchasable","19":"product-type-variable"},"yoast_head":"<!-- This site is optimized with the Yoast SEO plugin v27.4 - https:\/\/yoast.com\/product\/yoast-seo-wordpress\/ -->\n<title>T6000 Double Wide Wheat Flour Tortilla Machine Automatic Grill<\/title>\n<meta name=\"description\" content=\"You can make up to 40 tortillas per minute! You only need to put the dough balls and the machine will give you fully cooked tortillas, hot and ready to eat.\" \/>\n<meta name=\"robots\" content=\"index, follow, max-snippet:-1, max-image-preview:large, max-video-preview:-1\" \/>\n<link rel=\"canonical\" href=\"https:\/\/supertortillamachines.com\/es\/producto\/t6000-maquina-de-tortillas-de-harina-de-trigo-de-doble-ancho-con-parrilla-automatica-30-in-de-ancho\/\" \/>\n<meta property=\"og:locale\" content=\"es_MX\" \/>\n<meta property=\"og:type\" content=\"article\" \/>\n<meta property=\"og:title\" content=\"T6000 Double Wide Wheat Flour Tortilla Machine Automatic Grill\" \/>\n<meta property=\"og:description\" content=\"You can make up to 40 tortillas per minute! You only need to put the dough balls and the machine will give you fully cooked tortillas, hot and ready to eat.\" \/>\n<meta property=\"og:url\" content=\"https:\/\/supertortillamachines.com\/es\/producto\/t6000-maquina-de-tortillas-de-harina-de-trigo-de-doble-ancho-con-parrilla-automatica-30-in-de-ancho\/\" \/>\n<meta property=\"og:site_name\" content=\"SUPER TORTILLA MACHINES\" \/>\n<meta property=\"article:modified_time\" content=\"2025-11-26T15:03:34+00:00\" \/>\n<meta property=\"og:image\" content=\"https:\/\/supertortillamachines.com\/wp-content\/uploads\/2025\/07\/T6000-wheat-flour-tortilla-machine.jpg\" \/>\n\t<meta property=\"og:image:width\" content=\"1500\" \/>\n\t<meta property=\"og:image:height\" content=\"1125\" \/>\n\t<meta property=\"og:image:type\" content=\"image\/jpeg\" \/>\n<meta name=\"twitter:card\" content=\"summary_large_image\" \/>\n<meta name=\"twitter:label1\" content=\"Tiempo de lectura\" \/>\n\t<meta name=\"twitter:data1\" content=\"2 minutos\" \/>\n<script type=\"application\/ld+json\" class=\"yoast-schema-graph\">{\"@context\":\"https:\\\/\\\/schema.org\",\"@graph\":[{\"@type\":\"WebPage\",\"@id\":\"https:\\\/\\\/supertortillamachines.com\\\/product\\\/t6000-double-wide-wheat-flour-tortilla-machine-with-automatic-grill-30-in-wide\\\/\",\"url\":\"https:\\\/\\\/supertortillamachines.com\\\/product\\\/t6000-double-wide-wheat-flour-tortilla-machine-with-automatic-grill-30-in-wide\\\/\",\"name\":\"T6000 Double Wide Wheat Flour Tortilla Machine Automatic Grill\",\"isPartOf\":{\"@id\":\"https:\\\/\\\/supertortillamachines.com\\\/#website\"},\"primaryImageOfPage\":{\"@id\":\"https:\\\/\\\/supertortillamachines.com\\\/product\\\/t6000-double-wide-wheat-flour-tortilla-machine-with-automatic-grill-30-in-wide\\\/#primaryimage\"},\"image\":{\"@id\":\"https:\\\/\\\/supertortillamachines.com\\\/product\\\/t6000-double-wide-wheat-flour-tortilla-machine-with-automatic-grill-30-in-wide\\\/#primaryimage\"},\"thumbnailUrl\":\"https:\\\/\\\/supertortillamachines.com\\\/wp-content\\\/uploads\\\/2025\\\/07\\\/T6000-wheat-flour-tortilla-machine.jpg\",\"datePublished\":\"2025-07-21T15:14:00+00:00\",\"dateModified\":\"2025-11-26T15:03:34+00:00\",\"description\":\"You can make up to 40 tortillas per minute! You only need to put the dough balls and the machine will give you fully cooked tortillas, hot and ready to eat.\",\"breadcrumb\":{\"@id\":\"https:\\\/\\\/supertortillamachines.com\\\/product\\\/t6000-double-wide-wheat-flour-tortilla-machine-with-automatic-grill-30-in-wide\\\/#breadcrumb\"},\"inLanguage\":\"es\",\"potentialAction\":[{\"@type\":\"ReadAction\",\"target\":[\"https:\\\/\\\/supertortillamachines.com\\\/product\\\/t6000-double-wide-wheat-flour-tortilla-machine-with-automatic-grill-30-in-wide\\\/\"]}]},{\"@type\":\"ImageObject\",\"inLanguage\":\"es\",\"@id\":\"https:\\\/\\\/supertortillamachines.com\\\/product\\\/t6000-double-wide-wheat-flour-tortilla-machine-with-automatic-grill-30-in-wide\\\/#primaryimage\",\"url\":\"https:\\\/\\\/supertortillamachines.com\\\/wp-content\\\/uploads\\\/2025\\\/07\\\/T6000-wheat-flour-tortilla-machine.jpg\",\"contentUrl\":\"https:\\\/\\\/supertortillamachines.com\\\/wp-content\\\/uploads\\\/2025\\\/07\\\/T6000-wheat-flour-tortilla-machine.jpg\",\"width\":1500,\"height\":1125,\"caption\":\"T6000 Wheat Flour Tortilla Machine\"},{\"@type\":\"BreadcrumbList\",\"@id\":\"https:\\\/\\\/supertortillamachines.com\\\/product\\\/t6000-double-wide-wheat-flour-tortilla-machine-with-automatic-grill-30-in-wide\\\/#breadcrumb\",\"itemListElement\":[{\"@type\":\"ListItem\",\"position\":1,\"name\":\"Home\",\"item\":\"https:\\\/\\\/supertortillamachines.com\\\/\"},{\"@type\":\"ListItem\",\"position\":2,\"name\":\"Shop\",\"item\":\"https:\\\/\\\/supertortillamachines.com\\\/shop\\\/\"},{\"@type\":\"ListItem\",\"position\":3,\"name\":\"T6000 Double wide Wheat Flour tortilla machine with automatic grill (28 in wide)\"}]},{\"@type\":\"WebSite\",\"@id\":\"https:\\\/\\\/supertortillamachines.com\\\/#website\",\"url\":\"https:\\\/\\\/supertortillamachines.com\\\/\",\"name\":\"SUPER TORTILLA MACHINES\",\"description\":\"The best Mexican Tortilla Machines\",\"publisher\":{\"@id\":\"https:\\\/\\\/supertortillamachines.com\\\/#organization\"},\"potentialAction\":[{\"@type\":\"SearchAction\",\"target\":{\"@type\":\"EntryPoint\",\"urlTemplate\":\"https:\\\/\\\/supertortillamachines.com\\\/?s={search_term_string}\"},\"query-input\":{\"@type\":\"PropertyValueSpecification\",\"valueRequired\":true,\"valueName\":\"search_term_string\"}}],\"inLanguage\":\"es\"},{\"@type\":\"Organization\",\"@id\":\"https:\\\/\\\/supertortillamachines.com\\\/#organization\",\"name\":\"SUPER TORTILLA MACHINES\",\"url\":\"https:\\\/\\\/supertortillamachines.com\\\/\",\"logo\":{\"@type\":\"ImageObject\",\"inLanguage\":\"es\",\"@id\":\"https:\\\/\\\/supertortillamachines.com\\\/#\\\/schema\\\/logo\\\/image\\\/\",\"url\":\"https:\\\/\\\/supertortillamachines.com\\\/wp-content\\\/uploads\\\/2025\\\/07\\\/Supertortilla.jpg\",\"contentUrl\":\"https:\\\/\\\/supertortillamachines.com\\\/wp-content\\\/uploads\\\/2025\\\/07\\\/Supertortilla.jpg\",\"width\":221,\"height\":177,\"caption\":\" SUPER TORTILLA MACHINES \"},\"image\":{\"@id\":\"https:\\\/\\\/supertortillamachines.com\\\/#\\\/schema\\\/logo\\\/image\\\/\"}}]}<\/script>\n<!-- \/ Yoast SEO plugin. -->","yoast_head_json":{"title":"T6000 Tortilladora de Harina de Trigo Doble Ancho Parrilla Autom\u00e1tica","description":"\u00a1Puede hacer hasta 40 tortillas por minuto! S\u00f3lo tienes que poner las bolas de masa y la m\u00e1quina te dar\u00e1 tortillas totalmente cocidas, calientes y listas para comer.","robots":{"index":"index","follow":"follow","max-snippet":"max-snippet:-1","max-image-preview":"max-image-preview:large","max-video-preview":"max-video-preview:-1"},"canonical":"https:\/\/supertortillamachines.com\/es\/producto\/t6000-maquina-de-tortillas-de-harina-de-trigo-de-doble-ancho-con-parrilla-automatica-30-in-de-ancho\/","og_locale":"es_MX","og_type":"article","og_title":"T6000 Double Wide Wheat Flour Tortilla Machine Automatic Grill","og_description":"You can make up to 40 tortillas per minute! You only need to put the dough balls and the machine will give you fully cooked tortillas, hot and ready to eat.","og_url":"https:\/\/supertortillamachines.com\/es\/producto\/t6000-maquina-de-tortillas-de-harina-de-trigo-de-doble-ancho-con-parrilla-automatica-30-in-de-ancho\/","og_site_name":"SUPER TORTILLA MACHINES","article_modified_time":"2025-11-26T15:03:34+00:00","og_image":[{"width":1500,"height":1125,"url":"https:\/\/supertortillamachines.com\/wp-content\/uploads\/2025\/07\/T6000-wheat-flour-tortilla-machine.jpg","type":"image\/jpeg"}],"twitter_card":"summary_large_image","twitter_misc":{"Tiempo de lectura":"2 minutos"},"schema":{"@context":"https:\/\/schema.org","@graph":[{"@type":"WebPage","@id":"https:\/\/supertortillamachines.com\/product\/t6000-double-wide-wheat-flour-tortilla-machine-with-automatic-grill-30-in-wide\/","url":"https:\/\/supertortillamachines.com\/product\/t6000-double-wide-wheat-flour-tortilla-machine-with-automatic-grill-30-in-wide\/","name":"T6000 Tortilladora de Harina de Trigo Doble Ancho Parrilla Autom\u00e1tica","isPartOf":{"@id":"https:\/\/supertortillamachines.com\/#website"},"primaryImageOfPage":{"@id":"https:\/\/supertortillamachines.com\/product\/t6000-double-wide-wheat-flour-tortilla-machine-with-automatic-grill-30-in-wide\/#primaryimage"},"image":{"@id":"https:\/\/supertortillamachines.com\/product\/t6000-double-wide-wheat-flour-tortilla-machine-with-automatic-grill-30-in-wide\/#primaryimage"},"thumbnailUrl":"https:\/\/supertortillamachines.com\/wp-content\/uploads\/2025\/07\/T6000-wheat-flour-tortilla-machine.jpg","datePublished":"2025-07-21T15:14:00+00:00","dateModified":"2025-11-26T15:03:34+00:00","description":"\u00a1Puede hacer hasta 40 tortillas por minuto! S\u00f3lo tienes que poner las bolas de masa y la m\u00e1quina te dar\u00e1 tortillas totalmente cocidas, calientes y listas para comer.","breadcrumb":{"@id":"https:\/\/supertortillamachines.com\/product\/t6000-double-wide-wheat-flour-tortilla-machine-with-automatic-grill-30-in-wide\/#breadcrumb"},"inLanguage":"es","potentialAction":[{"@type":"ReadAction","target":["https:\/\/supertortillamachines.com\/product\/t6000-double-wide-wheat-flour-tortilla-machine-with-automatic-grill-30-in-wide\/"]}]},{"@type":"ImageObject","inLanguage":"es","@id":"https:\/\/supertortillamachines.com\/product\/t6000-double-wide-wheat-flour-tortilla-machine-with-automatic-grill-30-in-wide\/#primaryimage","url":"https:\/\/supertortillamachines.com\/wp-content\/uploads\/2025\/07\/T6000-wheat-flour-tortilla-machine.jpg","contentUrl":"https:\/\/supertortillamachines.com\/wp-content\/uploads\/2025\/07\/T6000-wheat-flour-tortilla-machine.jpg","width":1500,"height":1125,"caption":"T6000 Wheat Flour Tortilla Machine"},{"@type":"BreadcrumbList","@id":"https:\/\/supertortillamachines.com\/product\/t6000-double-wide-wheat-flour-tortilla-machine-with-automatic-grill-30-in-wide\/#breadcrumb","itemListElement":[{"@type":"ListItem","position":1,"name":"Home","item":"https:\/\/supertortillamachines.com\/"},{"@type":"ListItem","position":2,"name":"Shop","item":"https:\/\/supertortillamachines.com\/shop\/"},{"@type":"ListItem","position":3,"name":"T6000 Double wide Wheat Flour tortilla machine with automatic grill (28 in wide)"}]},{"@type":"WebSite","@id":"https:\/\/supertortillamachines.com\/#website","url":"https:\/\/supertortillamachines.com\/","name":"SUPER TORTILLADORAS","description":"Las mejores Tortilladoras Mexicanas","publisher":{"@id":"https:\/\/supertortillamachines.com\/#organization"},"potentialAction":[{"@type":"SearchAction","target":{"@type":"EntryPoint","urlTemplate":"https:\/\/supertortillamachines.com\/?s={search_term_string}"},"query-input":{"@type":"PropertyValueSpecification","valueRequired":true,"valueName":"search_term_string"}}],"inLanguage":"es"},{"@type":"Organization","@id":"https:\/\/supertortillamachines.com\/#organization","name":"SUPER TORTILLADORAS","url":"https:\/\/supertortillamachines.com\/","logo":{"@type":"ImageObject","inLanguage":"es","@id":"https:\/\/supertortillamachines.com\/#\/schema\/logo\/image\/","url":"https:\/\/supertortillamachines.com\/wp-content\/uploads\/2025\/07\/Supertortilla.jpg","contentUrl":"https:\/\/supertortillamachines.com\/wp-content\/uploads\/2025\/07\/Supertortilla.jpg","width":221,"height":177,"caption":" SUPER TORTILLA MACHINES "},"image":{"@id":"https:\/\/supertortillamachines.com\/#\/schema\/logo\/image\/"}}]}},"jetpack_sharing_enabled":true,"_links":{"self":[{"href":"https:\/\/supertortillamachines.com\/es\/wp-json\/wp\/v2\/product\/338","targetHints":{"allow":["GET"]}}],"collection":[{"href":"https:\/\/supertortillamachines.com\/es\/wp-json\/wp\/v2\/product"}],"about":[{"href":"https:\/\/supertortillamachines.com\/es\/wp-json\/wp\/v2\/types\/product"}],"wp:featuredmedia":[{"embeddable":true,"href":"https:\/\/supertortillamachines.com\/es\/wp-json\/wp\/v2\/media\/1582"}],"wp:attachment":[{"href":"https:\/\/supertortillamachines.com\/es\/wp-json\/wp\/v2\/media?parent=338"}],"wp:term":[{"taxonomy":"product_brand","embeddable":true,"href":"https:\/\/supertortillamachines.com\/es\/wp-json\/wp\/v2\/product_brand?post=338"},{"taxonomy":"product_cat","embeddable":true,"href":"https:\/\/supertortillamachines.com\/es\/wp-json\/wp\/v2\/product_cat?post=338"},{"taxonomy":"product_tag","embeddable":true,"href":"https:\/\/supertortillamachines.com\/es\/wp-json\/wp\/v2\/product_tag?post=338"}],"curies":[{"name":"wp","href":"https:\/\/api.w.org\/{rel}","templated":true}]}}