{"id":350,"date":"2025-07-21T16:37:42","date_gmt":"2025-07-21T16:37:42","guid":{"rendered":"https:\/\/supertortillamachines.com\/?post_type=product&#038;p=350"},"modified":"2025-10-22T19:08:02","modified_gmt":"2025-10-22T19:08:02","slug":"t7000-maquina-de-tortillas-de-harina-de-trigo-con-sistema-automatico-de-parrilla-y-alimentadores","status":"publish","type":"product","link":"https:\/\/supertortillamachines.com\/es\/product\/t7000-wheat-flour-tortilla-machine-with-automatic-grill-and-feeders-system\/","title":{"rendered":"T7000 Tortilladora de harina de trigo con parrilla autom\u00e1tica y sistema de alimentaci\u00f3n"},"content":{"rendered":"<p>T7000 Tortilladora de harina de trigo con parrilla autom\u00e1tica y sistema de alimentaci\u00f3n<\/p>\n<p>\u00a1\u00a1\u00a1D\u00cdGANOS SUS NECESIDADES Y P\u00cdDANOS PRESUPUESTO DE ESTA M\u00c1QUINA !!!<\/p>\n<ul>\n<li>Incluye sensores \u00f3pticos.<\/li>\n<li>La nevera de 36 pulgadas de ancho tambi\u00e9n est\u00e1 disponible bajo pedido.<\/li>\n<li>Placas de 36\u2033 calentadas el\u00e9ctricamente, eso significa hasta tortillas de 14\u2033. (220 voltios 60 Hz) se puede ajustar f\u00e1cilmente para 220 voltios 50Hz.<\/li>\n<li>Peso neto 2800 lbs.<\/li>\n<li>Requisitos el\u00e9ctricos 220 voltios 50\/60 Hz.<\/li>\n<\/ul>\n<ul>\n<li>Parrilla autom\u00e1tica<\/li>\n<li>Esta m\u00e1quina tiene un sistema turbo que le permitir\u00e1 ahorrar hasta 50% de gas en comparaci\u00f3n con las m\u00e1quinas con quemadores normales.<\/li>\n<li>Control autom\u00e1tico de la temperatura<\/li>\n<\/ul>\n<p><a href=\"https:\/\/supertortillamachines.com\/es\/admin\/system\/download\/T5000_Flour_tortilla_brochure.pdf\/\" target=\"_blank\" rel=\"noopener\">Vea el folleto completo aqu\u00ed<\/a><\/p>\n<p style=\"text-align: center;\"><strong>Mira c\u00f3mo funciona en los siguientes v\u00eddeos<\/strong><\/p>\n<div class=\"videomaxwidth\">\n<div class=\"videowrapper\" style=\"text-align: center;\"><div class=\"lyte-wrapper\" style=\"width:640px;max-width:100%;margin:5px auto;\"><div class=\"lyMe\" id=\"WYL_Nbeq0wWGbxQ\"><div id=\"lyte_Nbeq0wWGbxQ\" data-src=\"https:\/\/supertortillamachines.com\/wp-content\/plugins\/wp-youtube-lyte\/lyteCache.php?origThumbUrl=%2F%2Fi.ytimg.com%2Fvi%2FNbeq0wWGbxQ%2Fhqdefault.jpg\" class=\"pL\"><div class=\"tC\"><div class=\"tT\"><\/div><\/div><div class=\"play\"><\/div><div class=\"ctrl\"><div class=\"Lctrl\"><\/div><div class=\"Rctrl\"><\/div><\/div><\/div><noscript><a href=\"https:\/\/youtu.be\/Nbeq0wWGbxQ\" rel=\"nofollow\"><img fetchpriority=\"high\" decoding=\"async\" src=\"https:\/\/supertortillamachines.com\/wp-content\/plugins\/wp-youtube-lyte\/lyteCache.php?origThumbUrl=https%3A%2F%2Fi.ytimg.com%2Fvi%2FNbeq0wWGbxQ%2F0.jpg\" alt=\"Miniatura de v\u00eddeo de YouTube\" width=\"640\" height=\"340\" \/><br \/>Ver este video en YouTube<\/a><\/noscript><\/div><\/div><div class=\"lL\" style=\"max-width:100%;width:640px;margin:5px auto;\"><\/div><\/div>\n<\/div>\n<p>Estas m\u00e1quinas se fabrican bajo pedido y tardamos 15 d\u00edas laborables en enviarle su m\u00e1quina. Por favor, tenga esto en cuenta cuando haga su pedido.<\/p>\n<p>No lo dudes, tambi\u00e9n somos vendedores en ebay y puedes ver que somos un vendedor de confianza en<\/p>\n<div><a href=\"http:\/\/feedback.ebay.com\/ws\/eBayISAPI.dll?ViewFeedback2&amp;userid=woodandheat&amp;ftab=AllFeedback\">http:\/\/feedback.ebay.com\/ws\/eBayISAPI.dll?ViewFeedback2&amp;userid=woodandheat&amp;ftab=AllFeedback<\/a><\/div>\n<div><a href=\"http:\/\/weebly-link\/607398779830849657\">www.supertortillamachines.com<\/a><\/div>\n<p>Es la mejor opci\u00f3n en M\u00e1quinas tortilladoras de ma\u00edz para producci\u00f3n industrial. Somos una empresa con presencia en M\u00e9xico y Estados Unidos. Nuestras maquinas son de calidad hechas en Mexico y exportadas a nuestro almacen en USA. Es por eso que podemos enviar a un precio muy competitivo dentro de los EE.UU. y en todo el mundo.<\/p>\n<p>Si usted est\u00e1 en los EE.UU. ser\u00e1 muy f\u00e1cil comprar de nosotros, porque somos una corporaci\u00f3n de EE.UU., usted no tendr\u00e1 que lidiar con las aduanas en cualquier momento. Usted s\u00f3lo tiene que pedir y recibir\u00e1 su m\u00e1quina en cualquier direcci\u00f3n de EE.UU. dentro de los estados continentales.<\/p>\n<p>Nota importante: Esta m\u00e1quina no est\u00e1 dise\u00f1ada para TORTILLA DE MA\u00cdZ.<\/p>","protected":false},"excerpt":{"rendered":"<p>Esta m\u00e1quina tiene un sistema turbo que le permitir\u00e1 ahorrar hasta 50% de gas en comparaci\u00f3n con las m\u00e1quinas con quemadores normales. Incluye control de temperatura automatizado.<\/p>","protected":false},"featured_media":1494,"template":"","meta":{"om_disable_all_campaigns":false,"_monsterinsights_skip_tracking":false,"_monsterinsights_sitenote_active":false,"_monsterinsights_sitenote_note":"","_monsterinsights_sitenote_category":0},"product_brand":[57],"product_cat":[65,59],"product_tag":[21,74,22,69,73,66],"class_list":{"0":"post-350","1":"product","2":"type-product","3":"status-publish","4":"has-post-thumbnail","6":"product_brand-super-tortilla-machines","7":"product_cat-industrial-production-wheat-flour-tortilla-machines","8":"product_cat-wheat-flour-tortilla-machines","9":"product_tag-flour","10":"product_tag-line","11":"product_tag-machine","12":"product_tag-production","13":"product_tag-tortilla","14":"product_tag-wheat","16":"first","17":"instock","18":"featured","19":"shipping-taxable","20":"purchasable","21":"product-type-variable"},"yoast_head":"<!-- This site is optimized with the Yoast SEO plugin v27.5 - https:\/\/yoast.com\/product\/yoast-seo-wordpress\/ -->\n<title>T7000 Wheat Flour Tortilla Machine with automatic grill and feeders<\/title>\n<meta name=\"description\" content=\"Automated grill. This machine has a turbo system that will let you save up to 50% of gas compared with machines with regular burners.\" \/>\n<meta name=\"robots\" content=\"index, follow, max-snippet:-1, max-image-preview:large, max-video-preview:-1\" \/>\n<link rel=\"canonical\" href=\"https:\/\/supertortillamachines.com\/es\/producto\/t7000-maquina-de-tortillas-de-harina-de-trigo-con-sistema-automatico-de-parrilla-y-alimentadores\/\" \/>\n<meta property=\"og:locale\" content=\"es_MX\" \/>\n<meta property=\"og:type\" content=\"article\" \/>\n<meta property=\"og:title\" content=\"T7000 Wheat Flour Tortilla Machine with automatic grill and feeders\" \/>\n<meta property=\"og:description\" content=\"Automated grill. This machine has a turbo system that will let you save up to 50% of gas compared with machines with regular burners.\" \/>\n<meta property=\"og:url\" content=\"https:\/\/supertortillamachines.com\/es\/producto\/t7000-maquina-de-tortillas-de-harina-de-trigo-con-sistema-automatico-de-parrilla-y-alimentadores\/\" \/>\n<meta property=\"og:site_name\" content=\"SUPER TORTILLA MACHINES\" \/>\n<meta property=\"article:modified_time\" content=\"2025-10-22T19:08:02+00:00\" \/>\n<meta property=\"og:image\" content=\"https:\/\/supertortillamachines.com\/wp-content\/uploads\/2025\/07\/wheat-flour-tortilla-machine-t7000.jpg\" \/>\n\t<meta property=\"og:image:width\" content=\"1500\" \/>\n\t<meta property=\"og:image:height\" content=\"1125\" \/>\n\t<meta property=\"og:image:type\" content=\"image\/jpeg\" \/>\n<meta name=\"twitter:card\" content=\"summary_large_image\" \/>\n<meta name=\"twitter:label1\" content=\"Tiempo de lectura\" \/>\n\t<meta name=\"twitter:data1\" content=\"2 minutos\" \/>\n<script type=\"application\/ld+json\" class=\"yoast-schema-graph\">{\"@context\":\"https:\\\/\\\/schema.org\",\"@graph\":[{\"@type\":\"WebPage\",\"@id\":\"https:\\\/\\\/supertortillamachines.com\\\/product\\\/t7000-wheat-flour-tortilla-machine-with-automatic-grill-and-feeders-system\\\/\",\"url\":\"https:\\\/\\\/supertortillamachines.com\\\/product\\\/t7000-wheat-flour-tortilla-machine-with-automatic-grill-and-feeders-system\\\/\",\"name\":\"T7000 Wheat Flour Tortilla Machine with automatic grill and feeders\",\"isPartOf\":{\"@id\":\"https:\\\/\\\/supertortillamachines.com\\\/#website\"},\"primaryImageOfPage\":{\"@id\":\"https:\\\/\\\/supertortillamachines.com\\\/product\\\/t7000-wheat-flour-tortilla-machine-with-automatic-grill-and-feeders-system\\\/#primaryimage\"},\"image\":{\"@id\":\"https:\\\/\\\/supertortillamachines.com\\\/product\\\/t7000-wheat-flour-tortilla-machine-with-automatic-grill-and-feeders-system\\\/#primaryimage\"},\"thumbnailUrl\":\"https:\\\/\\\/supertortillamachines.com\\\/wp-content\\\/uploads\\\/2025\\\/07\\\/wheat-flour-tortilla-machine-t7000.jpg\",\"datePublished\":\"2025-07-21T16:37:42+00:00\",\"dateModified\":\"2025-10-22T19:08:02+00:00\",\"description\":\"Automated grill. This machine has a turbo system that will let you save up to 50% of gas compared with machines with regular burners.\",\"breadcrumb\":{\"@id\":\"https:\\\/\\\/supertortillamachines.com\\\/product\\\/t7000-wheat-flour-tortilla-machine-with-automatic-grill-and-feeders-system\\\/#breadcrumb\"},\"inLanguage\":\"es\",\"potentialAction\":[{\"@type\":\"ReadAction\",\"target\":[\"https:\\\/\\\/supertortillamachines.com\\\/product\\\/t7000-wheat-flour-tortilla-machine-with-automatic-grill-and-feeders-system\\\/\"]}]},{\"@type\":\"ImageObject\",\"inLanguage\":\"es\",\"@id\":\"https:\\\/\\\/supertortillamachines.com\\\/product\\\/t7000-wheat-flour-tortilla-machine-with-automatic-grill-and-feeders-system\\\/#primaryimage\",\"url\":\"https:\\\/\\\/supertortillamachines.com\\\/wp-content\\\/uploads\\\/2025\\\/07\\\/wheat-flour-tortilla-machine-t7000.jpg\",\"contentUrl\":\"https:\\\/\\\/supertortillamachines.com\\\/wp-content\\\/uploads\\\/2025\\\/07\\\/wheat-flour-tortilla-machine-t7000.jpg\",\"width\":1500,\"height\":1125,\"caption\":\"T7000 Wheat Flour tortilla machine with automatic grill and feeders system\"},{\"@type\":\"BreadcrumbList\",\"@id\":\"https:\\\/\\\/supertortillamachines.com\\\/product\\\/t7000-wheat-flour-tortilla-machine-with-automatic-grill-and-feeders-system\\\/#breadcrumb\",\"itemListElement\":[{\"@type\":\"ListItem\",\"position\":1,\"name\":\"Home\",\"item\":\"https:\\\/\\\/supertortillamachines.com\\\/\"},{\"@type\":\"ListItem\",\"position\":2,\"name\":\"Shop\",\"item\":\"https:\\\/\\\/supertortillamachines.com\\\/shop\\\/\"},{\"@type\":\"ListItem\",\"position\":3,\"name\":\"T7000 Wheat Flour tortilla machine with automatic grill and feeders system\"}]},{\"@type\":\"WebSite\",\"@id\":\"https:\\\/\\\/supertortillamachines.com\\\/#website\",\"url\":\"https:\\\/\\\/supertortillamachines.com\\\/\",\"name\":\"SUPER TORTILLA MACHINES\",\"description\":\"The best Mexican Tortilla Machines\",\"publisher\":{\"@id\":\"https:\\\/\\\/supertortillamachines.com\\\/#organization\"},\"potentialAction\":[{\"@type\":\"SearchAction\",\"target\":{\"@type\":\"EntryPoint\",\"urlTemplate\":\"https:\\\/\\\/supertortillamachines.com\\\/?s={search_term_string}\"},\"query-input\":{\"@type\":\"PropertyValueSpecification\",\"valueRequired\":true,\"valueName\":\"search_term_string\"}}],\"inLanguage\":\"es\"},{\"@type\":\"Organization\",\"@id\":\"https:\\\/\\\/supertortillamachines.com\\\/#organization\",\"name\":\"SUPER TORTILLA MACHINES\",\"url\":\"https:\\\/\\\/supertortillamachines.com\\\/\",\"logo\":{\"@type\":\"ImageObject\",\"inLanguage\":\"es\",\"@id\":\"https:\\\/\\\/supertortillamachines.com\\\/#\\\/schema\\\/logo\\\/image\\\/\",\"url\":\"https:\\\/\\\/supertortillamachines.com\\\/wp-content\\\/uploads\\\/2025\\\/07\\\/Supertortilla.jpg\",\"contentUrl\":\"https:\\\/\\\/supertortillamachines.com\\\/wp-content\\\/uploads\\\/2025\\\/07\\\/Supertortilla.jpg\",\"width\":221,\"height\":177,\"caption\":\" SUPER TORTILLA MACHINES \"},\"image\":{\"@id\":\"https:\\\/\\\/supertortillamachines.com\\\/#\\\/schema\\\/logo\\\/image\\\/\"}}]}<\/script>\n<!-- \/ Yoast SEO plugin. -->","yoast_head_json":{"title":"T7000 Tortilladora de harina de trigo con parrilla y alimentadores autom\u00e1ticos","description":"Grill automatizado. Esta m\u00e1quina tiene un sistema turbo que le permitir\u00e1 ahorrar hasta 50% de gas en comparaci\u00f3n con las m\u00e1quinas con quemadores normales.","robots":{"index":"index","follow":"follow","max-snippet":"max-snippet:-1","max-image-preview":"max-image-preview:large","max-video-preview":"max-video-preview:-1"},"canonical":"https:\/\/supertortillamachines.com\/es\/producto\/t7000-maquina-de-tortillas-de-harina-de-trigo-con-sistema-automatico-de-parrilla-y-alimentadores\/","og_locale":"es_MX","og_type":"article","og_title":"T7000 Wheat Flour Tortilla Machine with automatic grill and feeders","og_description":"Automated grill. This machine has a turbo system that will let you save up to 50% of gas compared with machines with regular burners.","og_url":"https:\/\/supertortillamachines.com\/es\/producto\/t7000-maquina-de-tortillas-de-harina-de-trigo-con-sistema-automatico-de-parrilla-y-alimentadores\/","og_site_name":"SUPER TORTILLA MACHINES","article_modified_time":"2025-10-22T19:08:02+00:00","og_image":[{"width":1500,"height":1125,"url":"https:\/\/supertortillamachines.com\/wp-content\/uploads\/2025\/07\/wheat-flour-tortilla-machine-t7000.jpg","type":"image\/jpeg"}],"twitter_card":"summary_large_image","twitter_misc":{"Tiempo de lectura":"2 minutos"},"schema":{"@context":"https:\/\/schema.org","@graph":[{"@type":"WebPage","@id":"https:\/\/supertortillamachines.com\/product\/t7000-wheat-flour-tortilla-machine-with-automatic-grill-and-feeders-system\/","url":"https:\/\/supertortillamachines.com\/product\/t7000-wheat-flour-tortilla-machine-with-automatic-grill-and-feeders-system\/","name":"T7000 Tortilladora de harina de trigo con parrilla y alimentadores autom\u00e1ticos","isPartOf":{"@id":"https:\/\/supertortillamachines.com\/#website"},"primaryImageOfPage":{"@id":"https:\/\/supertortillamachines.com\/product\/t7000-wheat-flour-tortilla-machine-with-automatic-grill-and-feeders-system\/#primaryimage"},"image":{"@id":"https:\/\/supertortillamachines.com\/product\/t7000-wheat-flour-tortilla-machine-with-automatic-grill-and-feeders-system\/#primaryimage"},"thumbnailUrl":"https:\/\/supertortillamachines.com\/wp-content\/uploads\/2025\/07\/wheat-flour-tortilla-machine-t7000.jpg","datePublished":"2025-07-21T16:37:42+00:00","dateModified":"2025-10-22T19:08:02+00:00","description":"Grill automatizado. Esta m\u00e1quina tiene un sistema turbo que le permitir\u00e1 ahorrar hasta 50% de gas en comparaci\u00f3n con las m\u00e1quinas con quemadores normales.","breadcrumb":{"@id":"https:\/\/supertortillamachines.com\/product\/t7000-wheat-flour-tortilla-machine-with-automatic-grill-and-feeders-system\/#breadcrumb"},"inLanguage":"es","potentialAction":[{"@type":"ReadAction","target":["https:\/\/supertortillamachines.com\/product\/t7000-wheat-flour-tortilla-machine-with-automatic-grill-and-feeders-system\/"]}]},{"@type":"ImageObject","inLanguage":"es","@id":"https:\/\/supertortillamachines.com\/product\/t7000-wheat-flour-tortilla-machine-with-automatic-grill-and-feeders-system\/#primaryimage","url":"https:\/\/supertortillamachines.com\/wp-content\/uploads\/2025\/07\/wheat-flour-tortilla-machine-t7000.jpg","contentUrl":"https:\/\/supertortillamachines.com\/wp-content\/uploads\/2025\/07\/wheat-flour-tortilla-machine-t7000.jpg","width":1500,"height":1125,"caption":"T7000 Wheat Flour tortilla machine with automatic grill and feeders system"},{"@type":"BreadcrumbList","@id":"https:\/\/supertortillamachines.com\/product\/t7000-wheat-flour-tortilla-machine-with-automatic-grill-and-feeders-system\/#breadcrumb","itemListElement":[{"@type":"ListItem","position":1,"name":"Home","item":"https:\/\/supertortillamachines.com\/"},{"@type":"ListItem","position":2,"name":"Shop","item":"https:\/\/supertortillamachines.com\/shop\/"},{"@type":"ListItem","position":3,"name":"T7000 Wheat Flour tortilla machine with automatic grill and feeders system"}]},{"@type":"WebSite","@id":"https:\/\/supertortillamachines.com\/#website","url":"https:\/\/supertortillamachines.com\/","name":"SUPER TORTILLADORAS","description":"Las mejores Tortilladoras Mexicanas","publisher":{"@id":"https:\/\/supertortillamachines.com\/#organization"},"potentialAction":[{"@type":"SearchAction","target":{"@type":"EntryPoint","urlTemplate":"https:\/\/supertortillamachines.com\/?s={search_term_string}"},"query-input":{"@type":"PropertyValueSpecification","valueRequired":true,"valueName":"search_term_string"}}],"inLanguage":"es"},{"@type":"Organization","@id":"https:\/\/supertortillamachines.com\/#organization","name":"SUPER TORTILLADORAS","url":"https:\/\/supertortillamachines.com\/","logo":{"@type":"ImageObject","inLanguage":"es","@id":"https:\/\/supertortillamachines.com\/#\/schema\/logo\/image\/","url":"https:\/\/supertortillamachines.com\/wp-content\/uploads\/2025\/07\/Supertortilla.jpg","contentUrl":"https:\/\/supertortillamachines.com\/wp-content\/uploads\/2025\/07\/Supertortilla.jpg","width":221,"height":177,"caption":" SUPER TORTILLA MACHINES "},"image":{"@id":"https:\/\/supertortillamachines.com\/#\/schema\/logo\/image\/"}}]}},"jetpack_sharing_enabled":true,"_links":{"self":[{"href":"https:\/\/supertortillamachines.com\/es\/wp-json\/wp\/v2\/product\/350","targetHints":{"allow":["GET"]}}],"collection":[{"href":"https:\/\/supertortillamachines.com\/es\/wp-json\/wp\/v2\/product"}],"about":[{"href":"https:\/\/supertortillamachines.com\/es\/wp-json\/wp\/v2\/types\/product"}],"wp:featuredmedia":[{"embeddable":true,"href":"https:\/\/supertortillamachines.com\/es\/wp-json\/wp\/v2\/media\/1494"}],"wp:attachment":[{"href":"https:\/\/supertortillamachines.com\/es\/wp-json\/wp\/v2\/media?parent=350"}],"wp:term":[{"taxonomy":"product_brand","embeddable":true,"href":"https:\/\/supertortillamachines.com\/es\/wp-json\/wp\/v2\/product_brand?post=350"},{"taxonomy":"product_cat","embeddable":true,"href":"https:\/\/supertortillamachines.com\/es\/wp-json\/wp\/v2\/product_cat?post=350"},{"taxonomy":"product_tag","embeddable":true,"href":"https:\/\/supertortillamachines.com\/es\/wp-json\/wp\/v2\/product_tag?post=350"}],"curies":[{"name":"wp","href":"https:\/\/api.w.org\/{rel}","templated":true}]}}