{"id":374,"date":"2025-07-22T21:54:39","date_gmt":"2025-07-22T21:54:39","guid":{"rendered":"https:\/\/supertortillamachines.com\/?post_type=product&#038;p=374"},"modified":"2025-10-03T14:51:48","modified_gmt":"2025-10-03T14:51:48","slug":"t2500-maquina-de-tortillas-de-harina-de-trigo-con-parrilla-manual","status":"publish","type":"product","link":"https:\/\/supertortillamachines.com\/es\/product\/t2500-wheat-flour-tortilla-machine-with-manual-grill\/","title":{"rendered":"T2500 Tortilladora de harina de trigo con parrilla manual"},"content":{"rendered":"<p>T2500 MAQUINA DE TORTILLAS DE HARINA DE TRIGO CON PARRILLA MANUAL<\/p>\n<p>\u00a1\u00a1\u00a1\u00a1Esta m\u00e1quina es ideal para iniciar su negocio de tortillas de harina o para instalarla en su restaurante y empezar a ofrecer tortillas de harina reci\u00e9n hechas a sus clientes !!!!<\/p>\n<p>S\u00f3lo tienes que poner la bola de masa en la prensa, luego mover la palanca de la m\u00e1quina y obtendr\u00e1s una tortilla extendida que se deslizar\u00e1 en la parrilla, donde podr\u00e1s terminar de cocinarla.<\/p>\n<p>Puede hacer hasta 20 tortillas por minuto, es decir, \u00a1\u00a1\u00a11.200 tortillas por hora!!! S\u00f3lo tiene que introducir las bolas de masa y la m\u00e1quina le proporcionar\u00e1 tortillas totalmente cocidas, calientes y listas para comer.<\/p>\n<p><strong>CARACTER\u00cdSTICAS DEL ART\u00cdCULO<\/strong><\/p>\n<ul>\n<li>Placas de 14\u2033 calentadas por gas, lo que significa hasta tortillas de 13\u2033. Tambi\u00e9n se puede convertir a placas calentadas el\u00e9ctricamente.<\/li>\n<li>No necesita electricidad.<\/li>\n<li>Peso neto 300 lbs.<\/li>\n<li>Dimensiones de la m\u00e1quina 53\u2033 de altura m\u00e1xima, 71\u2033 de longitud, 32\u2033 de ancho (135 cm de altura m\u00e1xima, 180 cm de longitud, 80 cm de ancho).<\/li>\n<li>Gas propano o gas natural.<\/li>\n<\/ul>\n<p style=\"text-align: center;\"><strong>Vea c\u00f3mo funciona en el siguiente v\u00eddeo<\/strong><br \/>\n<div class=\"lyte-wrapper\" style=\"width:640px;max-width:100%;margin:5px auto;\"><div class=\"lyMe\" id=\"WYL_Nxff6zO-Fa8\"><div id=\"lyte_Nxff6zO-Fa8\" data-src=\"https:\/\/supertortillamachines.com\/wp-content\/plugins\/wp-youtube-lyte\/lyteCache.php?origThumbUrl=%2F%2Fi.ytimg.com%2Fvi%2FNxff6zO-Fa8%2Fhqdefault.jpg\" class=\"pL\"><div class=\"tC\"><div class=\"tT\"><\/div><\/div><div class=\"play\"><\/div><div class=\"ctrl\"><div class=\"Lctrl\"><\/div><div class=\"Rctrl\"><\/div><\/div><\/div><noscript><a href=\"https:\/\/youtu.be\/Nxff6zO-Fa8\" rel=\"nofollow\"><img fetchpriority=\"high\" decoding=\"async\" src=\"https:\/\/supertortillamachines.com\/wp-content\/plugins\/wp-youtube-lyte\/lyteCache.php?origThumbUrl=https%3A%2F%2Fi.ytimg.com%2Fvi%2FNxff6zO-Fa8%2F0.jpg\" alt=\"Miniatura de v\u00eddeo de YouTube\" width=\"640\" height=\"340\" \/><br \/>Ver este video en YouTube<\/a><\/noscript><\/div><\/div><div class=\"lL\" style=\"max-width:100%;width:640px;margin:5px auto;\"><\/div><\/p>\n<p>Estas m\u00e1quinas se fabrican bajo pedido y tardamos 15 d\u00edas laborables en enviarle su m\u00e1quina. Por favor, tenga esto en cuenta cuando haga su pedido.<\/p>\n<p>No lo dudes, tambi\u00e9n somos vendedores en ebay y puedes ver que somos un vendedor de confianza en<\/p>\n<div><a href=\"http:\/\/feedback.ebay.com\/ws\/eBayISAPI.dll?ViewFeedback2&amp;userid=woodandheat&amp;ftab=AllFeedback\">http:\/\/feedback.ebay.com\/ws\/eBayISAPI.dll?ViewFeedback2&amp;userid=woodandheat&amp;ftab=AllFeedback<\/a><\/div>\n<div><a href=\"http:\/\/weebly-link\/607398779830849657\">www.supertortillamachines.com<\/a><\/div>\n<p>Es la mejor opci\u00f3n en M\u00e1quinas tortilladoras de ma\u00edz para producci\u00f3n industrial. Somos una empresa con presencia en M\u00e9xico y Estados Unidos. Nuestras maquinas son de calidad hechas en Mexico y exportadas a nuestro almacen en USA. Es por eso que podemos enviar a un precio muy competitivo dentro de los EE.UU. y en todo el mundo.<\/p>\n<p>Si usted est\u00e1 en los EE.UU. ser\u00e1 muy f\u00e1cil comprar de nosotros, porque somos una corporaci\u00f3n de EE.UU., usted no tendr\u00e1 que lidiar con las aduanas en cualquier momento. Usted s\u00f3lo tiene que pedir y recibir\u00e1 su m\u00e1quina en cualquier direcci\u00f3n de EE.UU. dentro de los estados continentales.<\/p>\n<p>Nota importante: Esta m\u00e1quina no est\u00e1 dise\u00f1ada para TORTILLA DE MA\u00cdZ.<\/p>","protected":false},"excerpt":{"rendered":"<p>Puede hacer hasta 20 tortillas por minuto, es decir, \u00a1\u00a1\u00a11.200 tortillas por hora!!! S\u00f3lo tiene que introducir las bolas de masa y la m\u00e1quina le proporcionar\u00e1 tortillas totalmente cocidas, calientes y listas para comer.<\/p>","protected":false},"featured_media":1446,"template":"","meta":{"om_disable_all_campaigns":false,"_monsterinsights_skip_tracking":false,"_monsterinsights_sitenote_active":false,"_monsterinsights_sitenote_note":"","_monsterinsights_sitenote_category":0},"product_brand":[57],"product_cat":[65,59],"product_tag":[21,22,73,66],"class_list":{"0":"post-374","1":"product","2":"type-product","3":"status-publish","4":"has-post-thumbnail","6":"product_brand-super-tortilla-machines","7":"product_cat-industrial-production-wheat-flour-tortilla-machines","8":"product_cat-wheat-flour-tortilla-machines","9":"product_tag-flour","10":"product_tag-machine","11":"product_tag-tortilla","12":"product_tag-wheat","14":"first","15":"instock","16":"sale","17":"shipping-taxable","18":"purchasable","19":"product-type-simple"},"yoast_head":"<!-- This site is optimized with the Yoast SEO plugin v27.4 - https:\/\/yoast.com\/product\/yoast-seo-wordpress\/ -->\n<title>T2500 Wheat Flour tortilla machine with manual grill<\/title>\n<meta name=\"description\" content=\"Put the dough ball on the press, then move the lever of the machine and you will get an extended tortilla that will slide in the grill.\" \/>\n<meta name=\"robots\" content=\"index, follow, max-snippet:-1, max-image-preview:large, max-video-preview:-1\" \/>\n<link rel=\"canonical\" href=\"https:\/\/supertortillamachines.com\/es\/producto\/t2500-maquina-de-tortillas-de-harina-de-trigo-con-parrilla-manual\/\" \/>\n<meta property=\"og:locale\" content=\"es_MX\" \/>\n<meta property=\"og:type\" content=\"article\" \/>\n<meta property=\"og:title\" content=\"T2500 Wheat Flour tortilla machine with manual grill\" \/>\n<meta property=\"og:description\" content=\"Put the dough ball on the press, then move the lever of the machine and you will get an extended tortilla that will slide in the grill.\" \/>\n<meta property=\"og:url\" content=\"https:\/\/supertortillamachines.com\/es\/producto\/t2500-maquina-de-tortillas-de-harina-de-trigo-con-parrilla-manual\/\" \/>\n<meta property=\"og:site_name\" content=\"SUPER TORTILLA MACHINES\" \/>\n<meta property=\"article:modified_time\" content=\"2025-10-03T14:51:48+00:00\" \/>\n<meta property=\"og:image\" content=\"https:\/\/supertortillamachines.com\/wp-content\/uploads\/2025\/07\/T2500.jpg\" \/>\n\t<meta property=\"og:image:width\" content=\"1500\" \/>\n\t<meta property=\"og:image:height\" content=\"1125\" \/>\n\t<meta property=\"og:image:type\" content=\"image\/jpeg\" \/>\n<meta name=\"twitter:card\" content=\"summary_large_image\" \/>\n<meta name=\"twitter:label1\" content=\"Tiempo de lectura\" \/>\n\t<meta name=\"twitter:data1\" content=\"2 minutos\" \/>\n<script type=\"application\/ld+json\" class=\"yoast-schema-graph\">{\"@context\":\"https:\\\/\\\/schema.org\",\"@graph\":[{\"@type\":\"WebPage\",\"@id\":\"https:\\\/\\\/supertortillamachines.com\\\/product\\\/t2500-wheat-flour-tortilla-machine-with-manual-grill\\\/\",\"url\":\"https:\\\/\\\/supertortillamachines.com\\\/product\\\/t2500-wheat-flour-tortilla-machine-with-manual-grill\\\/\",\"name\":\"T2500 Wheat Flour tortilla machine with manual grill\",\"isPartOf\":{\"@id\":\"https:\\\/\\\/supertortillamachines.com\\\/#website\"},\"primaryImageOfPage\":{\"@id\":\"https:\\\/\\\/supertortillamachines.com\\\/product\\\/t2500-wheat-flour-tortilla-machine-with-manual-grill\\\/#primaryimage\"},\"image\":{\"@id\":\"https:\\\/\\\/supertortillamachines.com\\\/product\\\/t2500-wheat-flour-tortilla-machine-with-manual-grill\\\/#primaryimage\"},\"thumbnailUrl\":\"https:\\\/\\\/supertortillamachines.com\\\/wp-content\\\/uploads\\\/2025\\\/07\\\/T2500.jpg\",\"datePublished\":\"2025-07-22T21:54:39+00:00\",\"dateModified\":\"2025-10-03T14:51:48+00:00\",\"description\":\"Put the dough ball on the press, then move the lever of the machine and you will get an extended tortilla that will slide in the grill.\",\"breadcrumb\":{\"@id\":\"https:\\\/\\\/supertortillamachines.com\\\/product\\\/t2500-wheat-flour-tortilla-machine-with-manual-grill\\\/#breadcrumb\"},\"inLanguage\":\"es\",\"potentialAction\":[{\"@type\":\"ReadAction\",\"target\":[\"https:\\\/\\\/supertortillamachines.com\\\/product\\\/t2500-wheat-flour-tortilla-machine-with-manual-grill\\\/\"]}]},{\"@type\":\"ImageObject\",\"inLanguage\":\"es\",\"@id\":\"https:\\\/\\\/supertortillamachines.com\\\/product\\\/t2500-wheat-flour-tortilla-machine-with-manual-grill\\\/#primaryimage\",\"url\":\"https:\\\/\\\/supertortillamachines.com\\\/wp-content\\\/uploads\\\/2025\\\/07\\\/T2500.jpg\",\"contentUrl\":\"https:\\\/\\\/supertortillamachines.com\\\/wp-content\\\/uploads\\\/2025\\\/07\\\/T2500.jpg\",\"width\":1500,\"height\":1125,\"caption\":\"T2500 Wheat Flour tortilla machine with manual grill\"},{\"@type\":\"BreadcrumbList\",\"@id\":\"https:\\\/\\\/supertortillamachines.com\\\/product\\\/t2500-wheat-flour-tortilla-machine-with-manual-grill\\\/#breadcrumb\",\"itemListElement\":[{\"@type\":\"ListItem\",\"position\":1,\"name\":\"Home\",\"item\":\"https:\\\/\\\/supertortillamachines.com\\\/\"},{\"@type\":\"ListItem\",\"position\":2,\"name\":\"Shop\",\"item\":\"https:\\\/\\\/supertortillamachines.com\\\/shop\\\/\"},{\"@type\":\"ListItem\",\"position\":3,\"name\":\"T2500 Wheat Flour tortilla machine with manual grill\"}]},{\"@type\":\"WebSite\",\"@id\":\"https:\\\/\\\/supertortillamachines.com\\\/#website\",\"url\":\"https:\\\/\\\/supertortillamachines.com\\\/\",\"name\":\"SUPER TORTILLA MACHINES\",\"description\":\"The best Mexican Tortilla Machines\",\"publisher\":{\"@id\":\"https:\\\/\\\/supertortillamachines.com\\\/#organization\"},\"potentialAction\":[{\"@type\":\"SearchAction\",\"target\":{\"@type\":\"EntryPoint\",\"urlTemplate\":\"https:\\\/\\\/supertortillamachines.com\\\/?s={search_term_string}\"},\"query-input\":{\"@type\":\"PropertyValueSpecification\",\"valueRequired\":true,\"valueName\":\"search_term_string\"}}],\"inLanguage\":\"es\"},{\"@type\":\"Organization\",\"@id\":\"https:\\\/\\\/supertortillamachines.com\\\/#organization\",\"name\":\"SUPER TORTILLA MACHINES\",\"url\":\"https:\\\/\\\/supertortillamachines.com\\\/\",\"logo\":{\"@type\":\"ImageObject\",\"inLanguage\":\"es\",\"@id\":\"https:\\\/\\\/supertortillamachines.com\\\/#\\\/schema\\\/logo\\\/image\\\/\",\"url\":\"https:\\\/\\\/supertortillamachines.com\\\/wp-content\\\/uploads\\\/2025\\\/07\\\/Supertortilla.jpg\",\"contentUrl\":\"https:\\\/\\\/supertortillamachines.com\\\/wp-content\\\/uploads\\\/2025\\\/07\\\/Supertortilla.jpg\",\"width\":221,\"height\":177,\"caption\":\" SUPER TORTILLA MACHINES \"},\"image\":{\"@id\":\"https:\\\/\\\/supertortillamachines.com\\\/#\\\/schema\\\/logo\\\/image\\\/\"}}]}<\/script>\n<!-- \/ Yoast SEO plugin. -->","yoast_head_json":{"title":"T2500 Tortilladora de harina de trigo con parrilla manual","description":"Ponga la bola de masa en la prensa, luego mueva la palanca de la m\u00e1quina y obtendr\u00e1 una tortilla extendida que se deslizar\u00e1 en la parrilla.","robots":{"index":"index","follow":"follow","max-snippet":"max-snippet:-1","max-image-preview":"max-image-preview:large","max-video-preview":"max-video-preview:-1"},"canonical":"https:\/\/supertortillamachines.com\/es\/producto\/t2500-maquina-de-tortillas-de-harina-de-trigo-con-parrilla-manual\/","og_locale":"es_MX","og_type":"article","og_title":"T2500 Wheat Flour tortilla machine with manual grill","og_description":"Put the dough ball on the press, then move the lever of the machine and you will get an extended tortilla that will slide in the grill.","og_url":"https:\/\/supertortillamachines.com\/es\/producto\/t2500-maquina-de-tortillas-de-harina-de-trigo-con-parrilla-manual\/","og_site_name":"SUPER TORTILLA MACHINES","article_modified_time":"2025-10-03T14:51:48+00:00","og_image":[{"width":1500,"height":1125,"url":"https:\/\/supertortillamachines.com\/wp-content\/uploads\/2025\/07\/T2500.jpg","type":"image\/jpeg"}],"twitter_card":"summary_large_image","twitter_misc":{"Tiempo de lectura":"2 minutos"},"schema":{"@context":"https:\/\/schema.org","@graph":[{"@type":"WebPage","@id":"https:\/\/supertortillamachines.com\/product\/t2500-wheat-flour-tortilla-machine-with-manual-grill\/","url":"https:\/\/supertortillamachines.com\/product\/t2500-wheat-flour-tortilla-machine-with-manual-grill\/","name":"T2500 Tortilladora de harina de trigo con parrilla manual","isPartOf":{"@id":"https:\/\/supertortillamachines.com\/#website"},"primaryImageOfPage":{"@id":"https:\/\/supertortillamachines.com\/product\/t2500-wheat-flour-tortilla-machine-with-manual-grill\/#primaryimage"},"image":{"@id":"https:\/\/supertortillamachines.com\/product\/t2500-wheat-flour-tortilla-machine-with-manual-grill\/#primaryimage"},"thumbnailUrl":"https:\/\/supertortillamachines.com\/wp-content\/uploads\/2025\/07\/T2500.jpg","datePublished":"2025-07-22T21:54:39+00:00","dateModified":"2025-10-03T14:51:48+00:00","description":"Ponga la bola de masa en la prensa, luego mueva la palanca de la m\u00e1quina y obtendr\u00e1 una tortilla extendida que se deslizar\u00e1 en la parrilla.","breadcrumb":{"@id":"https:\/\/supertortillamachines.com\/product\/t2500-wheat-flour-tortilla-machine-with-manual-grill\/#breadcrumb"},"inLanguage":"es","potentialAction":[{"@type":"ReadAction","target":["https:\/\/supertortillamachines.com\/product\/t2500-wheat-flour-tortilla-machine-with-manual-grill\/"]}]},{"@type":"ImageObject","inLanguage":"es","@id":"https:\/\/supertortillamachines.com\/product\/t2500-wheat-flour-tortilla-machine-with-manual-grill\/#primaryimage","url":"https:\/\/supertortillamachines.com\/wp-content\/uploads\/2025\/07\/T2500.jpg","contentUrl":"https:\/\/supertortillamachines.com\/wp-content\/uploads\/2025\/07\/T2500.jpg","width":1500,"height":1125,"caption":"T2500 Wheat Flour tortilla machine with manual grill"},{"@type":"BreadcrumbList","@id":"https:\/\/supertortillamachines.com\/product\/t2500-wheat-flour-tortilla-machine-with-manual-grill\/#breadcrumb","itemListElement":[{"@type":"ListItem","position":1,"name":"Home","item":"https:\/\/supertortillamachines.com\/"},{"@type":"ListItem","position":2,"name":"Shop","item":"https:\/\/supertortillamachines.com\/shop\/"},{"@type":"ListItem","position":3,"name":"T2500 Wheat Flour tortilla machine with manual grill"}]},{"@type":"WebSite","@id":"https:\/\/supertortillamachines.com\/#website","url":"https:\/\/supertortillamachines.com\/","name":"SUPER TORTILLADORAS","description":"Las mejores Tortilladoras Mexicanas","publisher":{"@id":"https:\/\/supertortillamachines.com\/#organization"},"potentialAction":[{"@type":"SearchAction","target":{"@type":"EntryPoint","urlTemplate":"https:\/\/supertortillamachines.com\/?s={search_term_string}"},"query-input":{"@type":"PropertyValueSpecification","valueRequired":true,"valueName":"search_term_string"}}],"inLanguage":"es"},{"@type":"Organization","@id":"https:\/\/supertortillamachines.com\/#organization","name":"SUPER TORTILLADORAS","url":"https:\/\/supertortillamachines.com\/","logo":{"@type":"ImageObject","inLanguage":"es","@id":"https:\/\/supertortillamachines.com\/#\/schema\/logo\/image\/","url":"https:\/\/supertortillamachines.com\/wp-content\/uploads\/2025\/07\/Supertortilla.jpg","contentUrl":"https:\/\/supertortillamachines.com\/wp-content\/uploads\/2025\/07\/Supertortilla.jpg","width":221,"height":177,"caption":" SUPER TORTILLA MACHINES "},"image":{"@id":"https:\/\/supertortillamachines.com\/#\/schema\/logo\/image\/"}}]}},"jetpack_sharing_enabled":true,"_links":{"self":[{"href":"https:\/\/supertortillamachines.com\/es\/wp-json\/wp\/v2\/product\/374","targetHints":{"allow":["GET"]}}],"collection":[{"href":"https:\/\/supertortillamachines.com\/es\/wp-json\/wp\/v2\/product"}],"about":[{"href":"https:\/\/supertortillamachines.com\/es\/wp-json\/wp\/v2\/types\/product"}],"wp:featuredmedia":[{"embeddable":true,"href":"https:\/\/supertortillamachines.com\/es\/wp-json\/wp\/v2\/media\/1446"}],"wp:attachment":[{"href":"https:\/\/supertortillamachines.com\/es\/wp-json\/wp\/v2\/media?parent=374"}],"wp:term":[{"taxonomy":"product_brand","embeddable":true,"href":"https:\/\/supertortillamachines.com\/es\/wp-json\/wp\/v2\/product_brand?post=374"},{"taxonomy":"product_cat","embeddable":true,"href":"https:\/\/supertortillamachines.com\/es\/wp-json\/wp\/v2\/product_cat?post=374"},{"taxonomy":"product_tag","embeddable":true,"href":"https:\/\/supertortillamachines.com\/es\/wp-json\/wp\/v2\/product_tag?post=374"}],"curies":[{"name":"wp","href":"https:\/\/api.w.org\/{rel}","templated":true}]}}