{"id":390,"date":"2025-07-23T15:27:54","date_gmt":"2025-07-23T15:27:54","guid":{"rendered":"https:\/\/supertortillamachines.com\/?post_type=product&#038;p=390"},"modified":"2025-12-01T20:14:59","modified_gmt":"2025-12-01T20:14:59","slug":"c9000-maquina-automatica-de-tortilla-de-maiz","status":"publish","type":"product","link":"https:\/\/supertortillamachines.com\/es\/product\/c9000-automatic-corn-tortilla-machine\/","title":{"rendered":"C9000 Automatic Corn Tortilla Machine C-0810-3-5-G"},"content":{"rendered":"<h3><b>CARACTER\u00cdSTICAS DE LA M\u00c1QUINA<\/b><\/h3>\n<ul>\n<li>Producci\u00f3n de 3000 a 5000 tortillas por hora<\/li>\n<li>220 voltios 60 Hz que pueden ajustarse f\u00e1cilmente a 220 voltios 50 Hz<\/li>\n<li>Peso neto 680 kg (1500 lbs)<\/li>\n<li>Dimensiones de la m\u00e1quina: Altura m\u00e1xima 60\u2033 149\u2033 Longitud, 44\u2033 Anchura (Altura 1,53 m, Longitud 3,79 m, Anchura 1,12 m).<\/li>\n<li>Funciona con rodillos (puede cambiar el tama\u00f1o de las cuchillas en cualquier momento)<\/li>\n<li>Parrilla autom\u00e1tica calentada con gas natural o propano<\/li>\n<li>Parrilla autom\u00e1tica<\/li>\n<li>Esta m\u00e1quina tiene un sistema turbo que le permitir\u00e1 ahorrar hasta 50% de gas en comparaci\u00f3n con otras m\u00e1quinas con quemadores normales.<\/li>\n<li>No incluye alimentador<\/li>\n<li>Vea c\u00f3mo funciona en los siguientes v\u00eddeos<\/li>\n<\/ul>\n<h3>Hay tres opciones para estas m\u00e1quinas<\/h3>\n<p><b>B\u00e1sico<\/b><br \/>\nLa m\u00e1quina perfecta Para iniciar su negocio. Necesita encender el horno con un mechero.<\/p>\n<p><b>Equipado<\/b><br \/>\nEs la m\u00e1quina perfecta para iniciar su negocio y est\u00e1 equipada con todo lo siguiente<\/p>\n<ul>\n<li>V\u00e1lvulas de gas el\u00e9ctricas para controlar el encendido.<\/li>\n<li>Encendido electr\u00f3nico con sensores de retroalimentaci\u00f3n. S\u00f3lo hay que pulsar un bot\u00f3n y la m\u00e1quina se enciende sola, y en caso de fallo de encendido se protege y cierra todas las v\u00e1lvulas de gas.<\/li>\n<li>Control de velocidad de la m\u00e1quina<\/li>\n<li>Control de temperatura para facilitar la mejor temperatura de cocci\u00f3n de la tortilla.<\/li>\n<\/ul>\n<p><b>Certificado NSF<\/b><br \/>\nEs la m\u00e1quina perfecta para poner en marcha su negocio.<\/p>\n<p>Tiene todo lo que tiene la m\u00e1quina Equipped, adem\u00e1s de los materiales necesarios y est\u00e1 certificada por NSF.<\/p>\n<p>Puede ver que Super Tortilla Machines est\u00e1 registrada y certificada por NSF en el siguiente enlace. <a href=\"https:\/\/info.nsf.org\/Certified\/Food\/Listings.asp?Company=C0568767&amp;Standard=169\">Listado certificado NSF<\/a><\/p>\n<p>Estas m\u00e1quinas se fabrican bajo pedido y tardan 15 d\u00edas laborables en enviarse. Por favor, tenga esto en cuenta al realizar su pedido<\/p>\n<p><center><div class=\"lyte-wrapper\" style=\"width:640px;max-width:100%;margin:5px auto;\"><div class=\"lyMe\" id=\"WYL_UzAhII39WVs\"><div id=\"lyte_UzAhII39WVs\" data-src=\"https:\/\/supertortillamachines.com\/wp-content\/plugins\/wp-youtube-lyte\/lyteCache.php?origThumbUrl=%2F%2Fi.ytimg.com%2Fvi%2FUzAhII39WVs%2Fhqdefault.jpg\" class=\"pL\"><div class=\"tC\"><div class=\"tT\"><\/div><\/div><div class=\"play\"><\/div><div class=\"ctrl\"><div class=\"Lctrl\"><\/div><div class=\"Rctrl\"><\/div><\/div><\/div><noscript><a href=\"https:\/\/youtu.be\/UzAhII39WVs\" rel=\"nofollow\"><img fetchpriority=\"high\" decoding=\"async\" src=\"https:\/\/supertortillamachines.com\/wp-content\/plugins\/wp-youtube-lyte\/lyteCache.php?origThumbUrl=https%3A%2F%2Fi.ytimg.com%2Fvi%2FUzAhII39WVs%2F0.jpg\" alt=\"Miniatura de v\u00eddeo de YouTube\" width=\"640\" height=\"340\" \/><br \/>Ver este video en YouTube<\/a><\/noscript><\/div><\/div><div class=\"lL\" style=\"max-width:100%;width:640px;margin:5px auto;\"><\/div><\/center>No se preocupe, somos proveedores de ebay y puede comprobar que somos un vendedor fiable en:<br \/>\n<a style=\"background-color: #ffffff; color: #26518a;\" href=\"http:\/\/feedback.ebay.com\/ws\/eBayISAPI.dll?ViewFeedback2&amp;userid=woodandheat&amp;ftab=AllFeedback\">http:\/\/feedback.ebay.com\/ws\/eBayISAPI.dll?ViewFeedback2<\/a><\/p>\n<p><a href=\"https:\/\/supertortillamachines.com\/es\/\">www.supertortillamachines.com<\/a><\/p>\n<p>Es la mejor opci\u00f3n de m\u00e1quina para la producci\u00f3n industrial de tortillas de ma\u00edz. Somos una empresa con presencia en M\u00e9xico y Estados Unidos. Nuestras m\u00e1quinas son de calidad, hechas en M\u00e9xico y exportadas a nuestro almac\u00e9n en Estados Unidos. Es por esto que podemos enviar con tarifas competitivas dentro de los Estados Unidos y a todo el mundo.<\/p>\n<p>Si usted se encuentra dentro de los Estados Unidos es muy f\u00e1cil realizar su compra con nosotros, ya que somos una corporaci\u00f3n americana, no necesita batallar con aduanas en ning\u00fan momento. S\u00f3lo tiene que hacer el pedido y recibir\u00e1 su m\u00e1quina en cualquier lugar dentro de los estados continentales de Am\u00e9rica<\/p>\n<p>Nota importante: Esta m\u00e1quina NO est\u00e1 dise\u00f1ada para hacer TORTILLA DE HARINA DE TRIGO<\/p>","protected":false},"excerpt":{"rendered":"<p>Tortilladora con una producci\u00f3n de 3000 a 5000 tortillas por hora y funciona con Rodillos (se puede cambiar el tama\u00f1o de los cortadores en cualquier momento)<\/p>\n<p>NSF Certificate optional, certificate number: C-0810-3-5-G<br \/>\n<a href=\"https:\/\/info.nsf.org\/Certified\/Food\/Listings.asp?Company=C0568767&amp;Standard=169\" target=\"_blank\" rel=\"noopener\">Click here to see the NSF listings<\/a>.<\/p>","protected":false},"featured_media":392,"template":"","meta":{"om_disable_all_campaigns":false,"_monsterinsights_skip_tracking":false,"_monsterinsights_sitenote_active":false,"_monsterinsights_sitenote_note":"","_monsterinsights_sitenote_category":0},"product_brand":[57],"product_cat":[58,60],"product_tag":[88,21,22,73],"class_list":{"0":"post-390","1":"product","2":"type-product","3":"status-publish","4":"has-post-thumbnail","6":"product_brand-super-tortilla-machines","7":"product_cat-corn-flour-tortilla-machines","8":"product_cat-industrial-production-corn-flour-tortilla-machines","9":"product_tag-corn","10":"product_tag-flour","11":"product_tag-machine","12":"product_tag-tortilla","14":"first","15":"instock","16":"featured","17":"shipping-taxable","18":"purchasable","19":"product-type-variable"},"yoast_head":"<!-- This site is optimized with the Yoast SEO plugin v27.3 - https:\/\/yoast.com\/product\/yoast-seo-wordpress\/ -->\n<title>C9000 Automatic Corn Tortilla Machine C-0810-3-5-G - SUPER TORTILLA MACHINES<\/title>\n<meta name=\"description\" content=\"Tortilla Machine with a production of 3000 to 5000 tortillas per hour and works with Rollers (you can change the size of cutters at any time)\" \/>\n<meta name=\"robots\" content=\"index, follow, max-snippet:-1, max-image-preview:large, max-video-preview:-1\" \/>\n<link rel=\"canonical\" href=\"https:\/\/supertortillamachines.com\/es\/producto\/c9000-maquina-automatica-de-tortilla-de-maiz\/\" \/>\n<meta property=\"og:locale\" content=\"es_MX\" \/>\n<meta property=\"og:type\" content=\"article\" \/>\n<meta property=\"og:title\" content=\"C9000 Automatic Corn Tortilla Machine C-0810-3-5-G - SUPER TORTILLA MACHINES\" \/>\n<meta property=\"og:description\" content=\"Tortilla Machine with a production of 3000 to 5000 tortillas per hour and works with Rollers (you can change the size of cutters at any time)\" \/>\n<meta property=\"og:url\" content=\"https:\/\/supertortillamachines.com\/es\/producto\/c9000-maquina-automatica-de-tortilla-de-maiz\/\" \/>\n<meta property=\"og:site_name\" content=\"SUPER TORTILLA MACHINES\" \/>\n<meta property=\"article:modified_time\" content=\"2025-12-01T20:14:59+00:00\" \/>\n<meta property=\"og:image\" content=\"https:\/\/supertortillamachines.com\/wp-content\/uploads\/2025\/07\/c9000-0.jpg\" \/>\n\t<meta property=\"og:image:width\" content=\"1200\" \/>\n\t<meta property=\"og:image:height\" content=\"1200\" \/>\n\t<meta property=\"og:image:type\" content=\"image\/jpeg\" \/>\n<meta name=\"twitter:card\" content=\"summary_large_image\" \/>\n<meta name=\"twitter:label1\" content=\"Tiempo de lectura\" \/>\n\t<meta name=\"twitter:data1\" content=\"3 minutos\" \/>\n<script type=\"application\/ld+json\" class=\"yoast-schema-graph\">{\"@context\":\"https:\\\/\\\/schema.org\",\"@graph\":[{\"@type\":\"WebPage\",\"@id\":\"https:\\\/\\\/supertortillamachines.com\\\/product\\\/c9000-automatic-corn-tortilla-machine\\\/\",\"url\":\"https:\\\/\\\/supertortillamachines.com\\\/product\\\/c9000-automatic-corn-tortilla-machine\\\/\",\"name\":\"C9000 Automatic Corn Tortilla Machine C-0810-3-5-G - SUPER TORTILLA MACHINES\",\"isPartOf\":{\"@id\":\"https:\\\/\\\/supertortillamachines.com\\\/#website\"},\"primaryImageOfPage\":{\"@id\":\"https:\\\/\\\/supertortillamachines.com\\\/product\\\/c9000-automatic-corn-tortilla-machine\\\/#primaryimage\"},\"image\":{\"@id\":\"https:\\\/\\\/supertortillamachines.com\\\/product\\\/c9000-automatic-corn-tortilla-machine\\\/#primaryimage\"},\"thumbnailUrl\":\"https:\\\/\\\/supertortillamachines.com\\\/wp-content\\\/uploads\\\/2025\\\/07\\\/c9000-0.jpg\",\"datePublished\":\"2025-07-23T15:27:54+00:00\",\"dateModified\":\"2025-12-01T20:14:59+00:00\",\"description\":\"Tortilla Machine with a production of 3000 to 5000 tortillas per hour and works with Rollers (you can change the size of cutters at any time)\",\"breadcrumb\":{\"@id\":\"https:\\\/\\\/supertortillamachines.com\\\/product\\\/c9000-automatic-corn-tortilla-machine\\\/#breadcrumb\"},\"inLanguage\":\"es\",\"potentialAction\":[{\"@type\":\"ReadAction\",\"target\":[\"https:\\\/\\\/supertortillamachines.com\\\/product\\\/c9000-automatic-corn-tortilla-machine\\\/\"]}]},{\"@type\":\"ImageObject\",\"inLanguage\":\"es\",\"@id\":\"https:\\\/\\\/supertortillamachines.com\\\/product\\\/c9000-automatic-corn-tortilla-machine\\\/#primaryimage\",\"url\":\"https:\\\/\\\/supertortillamachines.com\\\/wp-content\\\/uploads\\\/2025\\\/07\\\/c9000-0.jpg\",\"contentUrl\":\"https:\\\/\\\/supertortillamachines.com\\\/wp-content\\\/uploads\\\/2025\\\/07\\\/c9000-0.jpg\",\"width\":1200,\"height\":1200,\"caption\":\"C9000 Automatic corn tortilla machine\"},{\"@type\":\"BreadcrumbList\",\"@id\":\"https:\\\/\\\/supertortillamachines.com\\\/product\\\/c9000-automatic-corn-tortilla-machine\\\/#breadcrumb\",\"itemListElement\":[{\"@type\":\"ListItem\",\"position\":1,\"name\":\"Home\",\"item\":\"https:\\\/\\\/supertortillamachines.com\\\/\"},{\"@type\":\"ListItem\",\"position\":2,\"name\":\"Shop\",\"item\":\"https:\\\/\\\/supertortillamachines.com\\\/shop\\\/\"},{\"@type\":\"ListItem\",\"position\":3,\"name\":\"C9000 Automatic Corn Tortilla Machine C-0810-3-5-G\"}]},{\"@type\":\"WebSite\",\"@id\":\"https:\\\/\\\/supertortillamachines.com\\\/#website\",\"url\":\"https:\\\/\\\/supertortillamachines.com\\\/\",\"name\":\"SUPER TORTILLA MACHINES\",\"description\":\"The best Mexican Tortilla Machines\",\"publisher\":{\"@id\":\"https:\\\/\\\/supertortillamachines.com\\\/#organization\"},\"potentialAction\":[{\"@type\":\"SearchAction\",\"target\":{\"@type\":\"EntryPoint\",\"urlTemplate\":\"https:\\\/\\\/supertortillamachines.com\\\/?s={search_term_string}\"},\"query-input\":{\"@type\":\"PropertyValueSpecification\",\"valueRequired\":true,\"valueName\":\"search_term_string\"}}],\"inLanguage\":\"es\"},{\"@type\":\"Organization\",\"@id\":\"https:\\\/\\\/supertortillamachines.com\\\/#organization\",\"name\":\"SUPER TORTILLA MACHINES\",\"url\":\"https:\\\/\\\/supertortillamachines.com\\\/\",\"logo\":{\"@type\":\"ImageObject\",\"inLanguage\":\"es\",\"@id\":\"https:\\\/\\\/supertortillamachines.com\\\/#\\\/schema\\\/logo\\\/image\\\/\",\"url\":\"https:\\\/\\\/supertortillamachines.com\\\/wp-content\\\/uploads\\\/2025\\\/07\\\/Supertortilla.jpg\",\"contentUrl\":\"https:\\\/\\\/supertortillamachines.com\\\/wp-content\\\/uploads\\\/2025\\\/07\\\/Supertortilla.jpg\",\"width\":221,\"height\":177,\"caption\":\" SUPER TORTILLA MACHINES \"},\"image\":{\"@id\":\"https:\\\/\\\/supertortillamachines.com\\\/#\\\/schema\\\/logo\\\/image\\\/\"}}]}<\/script>\n<!-- \/ Yoast SEO plugin. -->","yoast_head_json":{"title":"C9000 Automatic Corn Tortilla Machine C-0810-3-5-G - SUPER TORTILLA MACHINES","description":"Tortilladora con una producci\u00f3n de 3000 a 5000 tortillas por hora y funciona con Rodillos (se puede cambiar el tama\u00f1o de los cortadores en cualquier momento)","robots":{"index":"index","follow":"follow","max-snippet":"max-snippet:-1","max-image-preview":"max-image-preview:large","max-video-preview":"max-video-preview:-1"},"canonical":"https:\/\/supertortillamachines.com\/es\/producto\/c9000-maquina-automatica-de-tortilla-de-maiz\/","og_locale":"es_MX","og_type":"article","og_title":"C9000 Automatic Corn Tortilla Machine C-0810-3-5-G - SUPER TORTILLA MACHINES","og_description":"Tortilla Machine with a production of 3000 to 5000 tortillas per hour and works with Rollers (you can change the size of cutters at any time)","og_url":"https:\/\/supertortillamachines.com\/es\/producto\/c9000-maquina-automatica-de-tortilla-de-maiz\/","og_site_name":"SUPER TORTILLA MACHINES","article_modified_time":"2025-12-01T20:14:59+00:00","og_image":[{"width":1200,"height":1200,"url":"https:\/\/supertortillamachines.com\/wp-content\/uploads\/2025\/07\/c9000-0.jpg","type":"image\/jpeg"}],"twitter_card":"summary_large_image","twitter_misc":{"Tiempo de lectura":"3 minutos"},"schema":{"@context":"https:\/\/schema.org","@graph":[{"@type":"WebPage","@id":"https:\/\/supertortillamachines.com\/product\/c9000-automatic-corn-tortilla-machine\/","url":"https:\/\/supertortillamachines.com\/product\/c9000-automatic-corn-tortilla-machine\/","name":"C9000 Automatic Corn Tortilla Machine C-0810-3-5-G - SUPER TORTILLA MACHINES","isPartOf":{"@id":"https:\/\/supertortillamachines.com\/#website"},"primaryImageOfPage":{"@id":"https:\/\/supertortillamachines.com\/product\/c9000-automatic-corn-tortilla-machine\/#primaryimage"},"image":{"@id":"https:\/\/supertortillamachines.com\/product\/c9000-automatic-corn-tortilla-machine\/#primaryimage"},"thumbnailUrl":"https:\/\/supertortillamachines.com\/wp-content\/uploads\/2025\/07\/c9000-0.jpg","datePublished":"2025-07-23T15:27:54+00:00","dateModified":"2025-12-01T20:14:59+00:00","description":"Tortilladora con una producci\u00f3n de 3000 a 5000 tortillas por hora y funciona con Rodillos (se puede cambiar el tama\u00f1o de los cortadores en cualquier momento)","breadcrumb":{"@id":"https:\/\/supertortillamachines.com\/product\/c9000-automatic-corn-tortilla-machine\/#breadcrumb"},"inLanguage":"es","potentialAction":[{"@type":"ReadAction","target":["https:\/\/supertortillamachines.com\/product\/c9000-automatic-corn-tortilla-machine\/"]}]},{"@type":"ImageObject","inLanguage":"es","@id":"https:\/\/supertortillamachines.com\/product\/c9000-automatic-corn-tortilla-machine\/#primaryimage","url":"https:\/\/supertortillamachines.com\/wp-content\/uploads\/2025\/07\/c9000-0.jpg","contentUrl":"https:\/\/supertortillamachines.com\/wp-content\/uploads\/2025\/07\/c9000-0.jpg","width":1200,"height":1200,"caption":"C9000 Automatic corn tortilla machine"},{"@type":"BreadcrumbList","@id":"https:\/\/supertortillamachines.com\/product\/c9000-automatic-corn-tortilla-machine\/#breadcrumb","itemListElement":[{"@type":"ListItem","position":1,"name":"Home","item":"https:\/\/supertortillamachines.com\/"},{"@type":"ListItem","position":2,"name":"Shop","item":"https:\/\/supertortillamachines.com\/shop\/"},{"@type":"ListItem","position":3,"name":"C9000 Automatic Corn Tortilla Machine C-0810-3-5-G"}]},{"@type":"WebSite","@id":"https:\/\/supertortillamachines.com\/#website","url":"https:\/\/supertortillamachines.com\/","name":"SUPER TORTILLADORAS","description":"Las mejores Tortilladoras Mexicanas","publisher":{"@id":"https:\/\/supertortillamachines.com\/#organization"},"potentialAction":[{"@type":"SearchAction","target":{"@type":"EntryPoint","urlTemplate":"https:\/\/supertortillamachines.com\/?s={search_term_string}"},"query-input":{"@type":"PropertyValueSpecification","valueRequired":true,"valueName":"search_term_string"}}],"inLanguage":"es"},{"@type":"Organization","@id":"https:\/\/supertortillamachines.com\/#organization","name":"SUPER TORTILLADORAS","url":"https:\/\/supertortillamachines.com\/","logo":{"@type":"ImageObject","inLanguage":"es","@id":"https:\/\/supertortillamachines.com\/#\/schema\/logo\/image\/","url":"https:\/\/supertortillamachines.com\/wp-content\/uploads\/2025\/07\/Supertortilla.jpg","contentUrl":"https:\/\/supertortillamachines.com\/wp-content\/uploads\/2025\/07\/Supertortilla.jpg","width":221,"height":177,"caption":" SUPER TORTILLA MACHINES "},"image":{"@id":"https:\/\/supertortillamachines.com\/#\/schema\/logo\/image\/"}}]}},"jetpack_sharing_enabled":true,"_links":{"self":[{"href":"https:\/\/supertortillamachines.com\/es\/wp-json\/wp\/v2\/product\/390","targetHints":{"allow":["GET"]}}],"collection":[{"href":"https:\/\/supertortillamachines.com\/es\/wp-json\/wp\/v2\/product"}],"about":[{"href":"https:\/\/supertortillamachines.com\/es\/wp-json\/wp\/v2\/types\/product"}],"wp:featuredmedia":[{"embeddable":true,"href":"https:\/\/supertortillamachines.com\/es\/wp-json\/wp\/v2\/media\/392"}],"wp:attachment":[{"href":"https:\/\/supertortillamachines.com\/es\/wp-json\/wp\/v2\/media?parent=390"}],"wp:term":[{"taxonomy":"product_brand","embeddable":true,"href":"https:\/\/supertortillamachines.com\/es\/wp-json\/wp\/v2\/product_brand?post=390"},{"taxonomy":"product_cat","embeddable":true,"href":"https:\/\/supertortillamachines.com\/es\/wp-json\/wp\/v2\/product_cat?post=390"},{"taxonomy":"product_tag","embeddable":true,"href":"https:\/\/supertortillamachines.com\/es\/wp-json\/wp\/v2\/product_tag?post=390"}],"curies":[{"name":"wp","href":"https:\/\/api.w.org\/{rel}","templated":true}]}}