{"id":421,"date":"2025-07-23T21:36:44","date_gmt":"2025-07-23T21:36:44","guid":{"rendered":"https:\/\/supertortillamachines.com\/?post_type=product&#038;p=421"},"modified":"2025-12-01T20:09:24","modified_gmt":"2025-12-01T20:09:24","slug":"maquina-de-tortillas-de-maiz-c3000","status":"publish","type":"product","link":"https:\/\/supertortillamachines.com\/es\/product\/c3000-corn-tortilla-machine\/","title":{"rendered":"C3000 Corn Tortilla Machine C-0810-3-7-G"},"content":{"rendered":"<p>\u00a1\u00a1\u00a1\u00a1Esta m\u00e1quina es ideal para iniciar su negocio de tortillas de ma\u00edz o para instalarla en su restaurante y empezar a ofrecer tortillas de ma\u00edz reci\u00e9n hechas a sus clientes !!!!<\/p>\n<p>Solo necesitas un hombre o mujer para operar esta maquina, necesitas un espacio peque\u00f1o para acomodarla. No lo dudes, esta es la forma m\u00e1s f\u00e1cil de empezar en el rentable negocio de la tortilla.<\/p>\n<p>Las caracter\u00edsticas de la m\u00e1quina son<\/p>\n<ul>\n<li>Esta m\u00e1quina es excelente para una peque\u00f1a tortiller\u00eda o para un restaurante.<\/li>\n<li>Formato peque\u00f1o<\/li>\n<li>Operaci\u00f3n de un solo hombre<\/li>\n<li>Te preparas para comer tortillas totalmente cocidas<\/li>\n<li>Elabora tortillas de nixtamal (ma\u00edz cocido) y maseca (harina de ma\u00edz).<\/li>\n<\/ul>\n<p>\u00a1\u00a1\u00a1Puedes hacer hasta 30 kg de tortillas por hora!!! S\u00f3lo tienes que poner la masa y la m\u00e1quina te dar\u00e1 tortillas totalmente cocidas, tortillas calientes y listas para comer<\/p>\n<p><strong>CARACTER\u00cdSTICAS DEL ART\u00cdCULO<\/strong><\/p>\n<ul>\n<li>De 1000 a 1500 tortillas por hora<\/li>\n<li>220 voltios 60 Hz puede ajustarse f\u00e1cilmente para 220 <strong>50 Hz<\/strong><\/li>\n<li>Peso neto 1200 lbs.<\/li>\n<li>Dimensiones de la m\u00e1quina 51\u2033 Altura m\u00e1xima, 110\u2033 Longitud, 23\u2033 Ancho<\/li>\n<li>Parrilla autom\u00e1tica calentada por gas propano o gas natural.<\/li>\n<li>Parrilla autom\u00e1tica<\/li>\n<li>Esta m\u00e1quina tiene un sistema turbo que le permitir\u00e1 ahorrar hasta 50% de gas en comparaci\u00f3n con las m\u00e1quinas con quemadores normales.<\/li>\n<\/ul>\n<h3>Hay tres opciones para estas m\u00e1quinas<\/h3>\n<h4><b>B\u00e1sico<\/b><\/h4>\n<p>La m\u00e1quina perfecta Para iniciar su negocio. Necesita encender el horno con un mechero.<\/p>\n<h4><b>Equipado<\/b><\/h4>\n<p>Es la m\u00e1quina perfecta para iniciar su negocio y est\u00e1 equipada con todo lo siguiente<\/p>\n<ul>\n<li>V\u00e1lvulas de gas el\u00e9ctricas para controlar el encendido.<\/li>\n<li>Encendido electr\u00f3nico con sensores de retroalimentaci\u00f3n. S\u00f3lo hay que pulsar un bot\u00f3n y la m\u00e1quina se enciende sola, y en caso de fallo de encendido se protege y cierra todas las v\u00e1lvulas de gas.<\/li>\n<li>Control de velocidad de la m\u00e1quina<\/li>\n<li>Control de temperatura para facilitar la mejor temperatura de cocci\u00f3n de la tortilla.<\/li>\n<\/ul>\n<h4><b>Certificado NSF<\/b><\/h4>\n<p>Es la m\u00e1quina perfecta para poner en marcha su negocio.<br \/>\nTiene todo lo que tiene la m\u00e1quina Equipped, adem\u00e1s de los materiales necesarios y est\u00e1 certificada por NSF.<\/p>\n<p>Puede ver que Super Tortilla Machines est\u00e1 registrada y certificada por NSF en el siguiente enlace. <a href=\"https:\/\/info.nsf.org\/Certified\/Food\/Listings.asp?Company=C0568767&amp;Standard=169\">Listado certificado NSF<\/a><\/p>\n<p><strong>Mira c\u00f3mo funciona en los siguientes v\u00eddeos<\/strong><\/p>\n<p><center><div class=\"lyte-wrapper\" style=\"width:640px;max-width:100%;margin:5px auto;\"><div class=\"lyMe\" id=\"WYL_Y7r4Q3IXCVc\"><div id=\"lyte_Y7r4Q3IXCVc\" data-src=\"https:\/\/supertortillamachines.com\/wp-content\/plugins\/wp-youtube-lyte\/lyteCache.php?origThumbUrl=%2F%2Fi.ytimg.com%2Fvi%2FY7r4Q3IXCVc%2Fhqdefault.jpg\" class=\"pL\"><div class=\"tC\"><div class=\"tT\"><\/div><\/div><div class=\"play\"><\/div><div class=\"ctrl\"><div class=\"Lctrl\"><\/div><div class=\"Rctrl\"><\/div><\/div><\/div><noscript><a href=\"https:\/\/youtu.be\/Y7r4Q3IXCVc\" rel=\"nofollow\"><img fetchpriority=\"high\" decoding=\"async\" src=\"https:\/\/supertortillamachines.com\/wp-content\/plugins\/wp-youtube-lyte\/lyteCache.php?origThumbUrl=https%3A%2F%2Fi.ytimg.com%2Fvi%2FY7r4Q3IXCVc%2F0.jpg\" alt=\"Miniatura de v\u00eddeo de YouTube\" width=\"640\" height=\"340\" \/><br \/>Ver este video en YouTube<\/a><\/noscript><\/div><\/div><div class=\"lL\" style=\"max-width:100%;width:640px;margin:5px auto;\"><\/div><\/center>Nota: La m\u00e1quina C3000 del v\u00eddeo tiene un alimentador y un enfriador de 5 etapas. (Esas dos m\u00e1quinas se venden por separado).<br \/>\nEstas m\u00e1quinas se fabrican bajo pedido y tardamos 15 d\u00edas laborables en enviarle su m\u00e1quina. Por favor, tenga esto en cuenta cuando haga su pedido.<\/p>\n<p>No lo dudes, tambi\u00e9n somos vendedores en ebay y puedes ver que somos un vendedor de confianza en<\/p>\n<div><a href=\"http:\/\/feedback.ebay.com\/ws\/eBayISAPI.dll?ViewFeedback2&amp;userid=woodandheat&amp;ftab=AllFeedback\">http:\/\/feedback.ebay.com\/ws\/eBayISAPI.dll?ViewFeedback2&amp;userid=woodandheat&amp;ftab=AllFeedback<\/a><\/div>\n<div><a href=\"http:\/\/weebly-link\/607398779830849657\">www.supertortillamachines.com<\/a><\/div>\n<p>Es la mejor opci\u00f3n en M\u00e1quinas tortilladoras de ma\u00edz para producci\u00f3n industrial. Somos una empresa con presencia en M\u00e9xico y Estados Unidos. Nuestras maquinas son de calidad hechas en Mexico y exportadas a nuestro almacen en USA. Es por eso que podemos enviar a un precio muy competitivo dentro de los EE.UU. y en todo el mundo.<\/p>\n<p>Si usted est\u00e1 en los EE.UU. ser\u00e1 muy f\u00e1cil comprar de nosotros, porque somos una corporaci\u00f3n de EE.UU., usted no tendr\u00e1 que lidiar con las aduanas en cualquier momento. Usted s\u00f3lo tiene que pedir y recibir\u00e1 su m\u00e1quina en cualquier direcci\u00f3n de EE.UU. dentro de los estados continentales.<\/p>\n<p>Nota importante: Esta m\u00e1quina no est\u00e1 dise\u00f1ada para TORTILLAS DE HARINA DE TRIGO.<\/p>","protected":false},"excerpt":{"rendered":"<p>Maquinas Tortilladoras de Maiz que pueden producir de 1000 a 1500 tortillas por hora, puede hacer hasta 30 kg de tortillas por hora! solo necesita una persona para operar.<\/p>\n<p>NSF Certificate optional, certificate number: C-0810-3-7-G<br \/>\n<a href=\"https:\/\/info.nsf.org\/Certified\/Food\/Listings.asp?Company=C0568767&amp;Standard=169\" target=\"_blank\" rel=\"noopener\">Click here to see the NSF listings<\/a>.<\/p>","protected":false},"featured_media":423,"template":"","meta":{"om_disable_all_campaigns":false,"_monsterinsights_skip_tracking":false,"_monsterinsights_sitenote_active":false,"_monsterinsights_sitenote_note":"","_monsterinsights_sitenote_category":0},"product_brand":[57],"product_cat":[58,60],"product_tag":[88,21,22,73],"class_list":{"0":"post-421","1":"product","2":"type-product","3":"status-publish","4":"has-post-thumbnail","6":"product_brand-super-tortilla-machines","7":"product_cat-corn-flour-tortilla-machines","8":"product_cat-industrial-production-corn-flour-tortilla-machines","9":"product_tag-corn","10":"product_tag-flour","11":"product_tag-machine","12":"product_tag-tortilla","14":"first","15":"instock","16":"shipping-taxable","17":"purchasable","18":"product-type-variable"},"yoast_head":"<!-- This site is optimized with the Yoast SEO plugin v27.4 - https:\/\/yoast.com\/product\/yoast-seo-wordpress\/ -->\n<title>C3000 Corn Tortilla Machine C-0810-3-7-G - SUPER TORTILLA MACHINES<\/title>\n<meta name=\"description\" content=\"Corn Tortilla Machines that can produce 1000 to 1500 tortillas per hour, you can make up to 30 kg of tortillas per hour! just need one person to operate.\" \/>\n<meta name=\"robots\" content=\"index, follow, max-snippet:-1, max-image-preview:large, max-video-preview:-1\" \/>\n<link rel=\"canonical\" href=\"https:\/\/supertortillamachines.com\/es\/producto\/maquina-de-tortillas-de-maiz-c3000\/\" \/>\n<meta property=\"og:locale\" content=\"es_MX\" \/>\n<meta property=\"og:type\" content=\"article\" \/>\n<meta property=\"og:title\" content=\"C3000 Corn Tortilla Machine C-0810-3-7-G - SUPER TORTILLA MACHINES\" \/>\n<meta property=\"og:description\" content=\"Corn Tortilla Machines that can produce 1000 to 1500 tortillas per hour, you can make up to 30 kg of tortillas per hour! just need one person to operate.\" \/>\n<meta property=\"og:url\" content=\"https:\/\/supertortillamachines.com\/es\/producto\/maquina-de-tortillas-de-maiz-c3000\/\" \/>\n<meta property=\"og:site_name\" content=\"SUPER TORTILLA MACHINES\" \/>\n<meta property=\"article:modified_time\" content=\"2025-12-01T20:09:24+00:00\" \/>\n<meta property=\"og:image\" content=\"https:\/\/supertortillamachines.com\/wp-content\/uploads\/2025\/07\/C3000-1.jpg\" \/>\n\t<meta property=\"og:image:width\" content=\"960\" \/>\n\t<meta property=\"og:image:height\" content=\"720\" \/>\n\t<meta property=\"og:image:type\" content=\"image\/jpeg\" \/>\n<meta name=\"twitter:card\" content=\"summary_large_image\" \/>\n<meta name=\"twitter:label1\" content=\"Tiempo de lectura\" \/>\n\t<meta name=\"twitter:data1\" content=\"3 minutos\" \/>\n<script type=\"application\/ld+json\" class=\"yoast-schema-graph\">{\"@context\":\"https:\\\/\\\/schema.org\",\"@graph\":[{\"@type\":\"WebPage\",\"@id\":\"https:\\\/\\\/supertortillamachines.com\\\/product\\\/c3000-corn-tortilla-machine\\\/\",\"url\":\"https:\\\/\\\/supertortillamachines.com\\\/product\\\/c3000-corn-tortilla-machine\\\/\",\"name\":\"C3000 Corn Tortilla Machine C-0810-3-7-G - SUPER TORTILLA MACHINES\",\"isPartOf\":{\"@id\":\"https:\\\/\\\/supertortillamachines.com\\\/#website\"},\"primaryImageOfPage\":{\"@id\":\"https:\\\/\\\/supertortillamachines.com\\\/product\\\/c3000-corn-tortilla-machine\\\/#primaryimage\"},\"image\":{\"@id\":\"https:\\\/\\\/supertortillamachines.com\\\/product\\\/c3000-corn-tortilla-machine\\\/#primaryimage\"},\"thumbnailUrl\":\"https:\\\/\\\/supertortillamachines.com\\\/wp-content\\\/uploads\\\/2025\\\/07\\\/C3000-1.jpg\",\"datePublished\":\"2025-07-23T21:36:44+00:00\",\"dateModified\":\"2025-12-01T20:09:24+00:00\",\"description\":\"Corn Tortilla Machines that can produce 1000 to 1500 tortillas per hour, you can make up to 30 kg of tortillas per hour! just need one person to operate.\",\"breadcrumb\":{\"@id\":\"https:\\\/\\\/supertortillamachines.com\\\/product\\\/c3000-corn-tortilla-machine\\\/#breadcrumb\"},\"inLanguage\":\"es\",\"potentialAction\":[{\"@type\":\"ReadAction\",\"target\":[\"https:\\\/\\\/supertortillamachines.com\\\/product\\\/c3000-corn-tortilla-machine\\\/\"]}]},{\"@type\":\"ImageObject\",\"inLanguage\":\"es\",\"@id\":\"https:\\\/\\\/supertortillamachines.com\\\/product\\\/c3000-corn-tortilla-machine\\\/#primaryimage\",\"url\":\"https:\\\/\\\/supertortillamachines.com\\\/wp-content\\\/uploads\\\/2025\\\/07\\\/C3000-1.jpg\",\"contentUrl\":\"https:\\\/\\\/supertortillamachines.com\\\/wp-content\\\/uploads\\\/2025\\\/07\\\/C3000-1.jpg\",\"width\":960,\"height\":720,\"caption\":\"C3000 Corn Tortilla Machine\"},{\"@type\":\"BreadcrumbList\",\"@id\":\"https:\\\/\\\/supertortillamachines.com\\\/product\\\/c3000-corn-tortilla-machine\\\/#breadcrumb\",\"itemListElement\":[{\"@type\":\"ListItem\",\"position\":1,\"name\":\"Home\",\"item\":\"https:\\\/\\\/supertortillamachines.com\\\/\"},{\"@type\":\"ListItem\",\"position\":2,\"name\":\"Shop\",\"item\":\"https:\\\/\\\/supertortillamachines.com\\\/shop\\\/\"},{\"@type\":\"ListItem\",\"position\":3,\"name\":\"C3000 Corn Tortilla Machine C-0810-3-7-G\"}]},{\"@type\":\"WebSite\",\"@id\":\"https:\\\/\\\/supertortillamachines.com\\\/#website\",\"url\":\"https:\\\/\\\/supertortillamachines.com\\\/\",\"name\":\"SUPER TORTILLA MACHINES\",\"description\":\"The best Mexican Tortilla Machines\",\"publisher\":{\"@id\":\"https:\\\/\\\/supertortillamachines.com\\\/#organization\"},\"potentialAction\":[{\"@type\":\"SearchAction\",\"target\":{\"@type\":\"EntryPoint\",\"urlTemplate\":\"https:\\\/\\\/supertortillamachines.com\\\/?s={search_term_string}\"},\"query-input\":{\"@type\":\"PropertyValueSpecification\",\"valueRequired\":true,\"valueName\":\"search_term_string\"}}],\"inLanguage\":\"es\"},{\"@type\":\"Organization\",\"@id\":\"https:\\\/\\\/supertortillamachines.com\\\/#organization\",\"name\":\"SUPER TORTILLA MACHINES\",\"url\":\"https:\\\/\\\/supertortillamachines.com\\\/\",\"logo\":{\"@type\":\"ImageObject\",\"inLanguage\":\"es\",\"@id\":\"https:\\\/\\\/supertortillamachines.com\\\/#\\\/schema\\\/logo\\\/image\\\/\",\"url\":\"https:\\\/\\\/supertortillamachines.com\\\/wp-content\\\/uploads\\\/2025\\\/07\\\/Supertortilla.jpg\",\"contentUrl\":\"https:\\\/\\\/supertortillamachines.com\\\/wp-content\\\/uploads\\\/2025\\\/07\\\/Supertortilla.jpg\",\"width\":221,\"height\":177,\"caption\":\" SUPER TORTILLA MACHINES \"},\"image\":{\"@id\":\"https:\\\/\\\/supertortillamachines.com\\\/#\\\/schema\\\/logo\\\/image\\\/\"}}]}<\/script>\n<!-- \/ Yoast SEO plugin. -->","yoast_head_json":{"title":"C3000 Corn Tortilla Machine C-0810-3-7-G - SUPER TORTILLA MACHINES","description":"Maquinas Tortilladoras de Maiz que pueden producir de 1000 a 1500 tortillas por hora, puede hacer hasta 30 kg de tortillas por hora! solo necesita una persona para operar.","robots":{"index":"index","follow":"follow","max-snippet":"max-snippet:-1","max-image-preview":"max-image-preview:large","max-video-preview":"max-video-preview:-1"},"canonical":"https:\/\/supertortillamachines.com\/es\/producto\/maquina-de-tortillas-de-maiz-c3000\/","og_locale":"es_MX","og_type":"article","og_title":"C3000 Corn Tortilla Machine C-0810-3-7-G - SUPER TORTILLA MACHINES","og_description":"Corn Tortilla Machines that can produce 1000 to 1500 tortillas per hour, you can make up to 30 kg of tortillas per hour! just need one person to operate.","og_url":"https:\/\/supertortillamachines.com\/es\/producto\/maquina-de-tortillas-de-maiz-c3000\/","og_site_name":"SUPER TORTILLA MACHINES","article_modified_time":"2025-12-01T20:09:24+00:00","og_image":[{"width":960,"height":720,"url":"https:\/\/supertortillamachines.com\/wp-content\/uploads\/2025\/07\/C3000-1.jpg","type":"image\/jpeg"}],"twitter_card":"summary_large_image","twitter_misc":{"Tiempo de lectura":"3 minutos"},"schema":{"@context":"https:\/\/schema.org","@graph":[{"@type":"WebPage","@id":"https:\/\/supertortillamachines.com\/product\/c3000-corn-tortilla-machine\/","url":"https:\/\/supertortillamachines.com\/product\/c3000-corn-tortilla-machine\/","name":"C3000 Corn Tortilla Machine C-0810-3-7-G - SUPER TORTILLA MACHINES","isPartOf":{"@id":"https:\/\/supertortillamachines.com\/#website"},"primaryImageOfPage":{"@id":"https:\/\/supertortillamachines.com\/product\/c3000-corn-tortilla-machine\/#primaryimage"},"image":{"@id":"https:\/\/supertortillamachines.com\/product\/c3000-corn-tortilla-machine\/#primaryimage"},"thumbnailUrl":"https:\/\/supertortillamachines.com\/wp-content\/uploads\/2025\/07\/C3000-1.jpg","datePublished":"2025-07-23T21:36:44+00:00","dateModified":"2025-12-01T20:09:24+00:00","description":"Maquinas Tortilladoras de Maiz que pueden producir de 1000 a 1500 tortillas por hora, puede hacer hasta 30 kg de tortillas por hora! solo necesita una persona para operar.","breadcrumb":{"@id":"https:\/\/supertortillamachines.com\/product\/c3000-corn-tortilla-machine\/#breadcrumb"},"inLanguage":"es","potentialAction":[{"@type":"ReadAction","target":["https:\/\/supertortillamachines.com\/product\/c3000-corn-tortilla-machine\/"]}]},{"@type":"ImageObject","inLanguage":"es","@id":"https:\/\/supertortillamachines.com\/product\/c3000-corn-tortilla-machine\/#primaryimage","url":"https:\/\/supertortillamachines.com\/wp-content\/uploads\/2025\/07\/C3000-1.jpg","contentUrl":"https:\/\/supertortillamachines.com\/wp-content\/uploads\/2025\/07\/C3000-1.jpg","width":960,"height":720,"caption":"C3000 Corn Tortilla Machine"},{"@type":"BreadcrumbList","@id":"https:\/\/supertortillamachines.com\/product\/c3000-corn-tortilla-machine\/#breadcrumb","itemListElement":[{"@type":"ListItem","position":1,"name":"Home","item":"https:\/\/supertortillamachines.com\/"},{"@type":"ListItem","position":2,"name":"Shop","item":"https:\/\/supertortillamachines.com\/shop\/"},{"@type":"ListItem","position":3,"name":"C3000 Corn Tortilla Machine C-0810-3-7-G"}]},{"@type":"WebSite","@id":"https:\/\/supertortillamachines.com\/#website","url":"https:\/\/supertortillamachines.com\/","name":"SUPER TORTILLADORAS","description":"Las mejores Tortilladoras Mexicanas","publisher":{"@id":"https:\/\/supertortillamachines.com\/#organization"},"potentialAction":[{"@type":"SearchAction","target":{"@type":"EntryPoint","urlTemplate":"https:\/\/supertortillamachines.com\/?s={search_term_string}"},"query-input":{"@type":"PropertyValueSpecification","valueRequired":true,"valueName":"search_term_string"}}],"inLanguage":"es"},{"@type":"Organization","@id":"https:\/\/supertortillamachines.com\/#organization","name":"SUPER TORTILLADORAS","url":"https:\/\/supertortillamachines.com\/","logo":{"@type":"ImageObject","inLanguage":"es","@id":"https:\/\/supertortillamachines.com\/#\/schema\/logo\/image\/","url":"https:\/\/supertortillamachines.com\/wp-content\/uploads\/2025\/07\/Supertortilla.jpg","contentUrl":"https:\/\/supertortillamachines.com\/wp-content\/uploads\/2025\/07\/Supertortilla.jpg","width":221,"height":177,"caption":" SUPER TORTILLA MACHINES "},"image":{"@id":"https:\/\/supertortillamachines.com\/#\/schema\/logo\/image\/"}}]}},"jetpack_sharing_enabled":true,"_links":{"self":[{"href":"https:\/\/supertortillamachines.com\/es\/wp-json\/wp\/v2\/product\/421","targetHints":{"allow":["GET"]}}],"collection":[{"href":"https:\/\/supertortillamachines.com\/es\/wp-json\/wp\/v2\/product"}],"about":[{"href":"https:\/\/supertortillamachines.com\/es\/wp-json\/wp\/v2\/types\/product"}],"wp:featuredmedia":[{"embeddable":true,"href":"https:\/\/supertortillamachines.com\/es\/wp-json\/wp\/v2\/media\/423"}],"wp:attachment":[{"href":"https:\/\/supertortillamachines.com\/es\/wp-json\/wp\/v2\/media?parent=421"}],"wp:term":[{"taxonomy":"product_brand","embeddable":true,"href":"https:\/\/supertortillamachines.com\/es\/wp-json\/wp\/v2\/product_brand?post=421"},{"taxonomy":"product_cat","embeddable":true,"href":"https:\/\/supertortillamachines.com\/es\/wp-json\/wp\/v2\/product_cat?post=421"},{"taxonomy":"product_tag","embeddable":true,"href":"https:\/\/supertortillamachines.com\/es\/wp-json\/wp\/v2\/product_tag?post=421"}],"curies":[{"name":"wp","href":"https:\/\/api.w.org\/{rel}","templated":true}]}}