{"id":463,"date":"2025-07-25T15:41:07","date_gmt":"2025-07-25T15:41:07","guid":{"rendered":"https:\/\/supertortillamachines.com\/?post_type=product&#038;p=463"},"modified":"2025-11-24T21:34:14","modified_gmt":"2025-11-24T21:34:14","slug":"c1000-tortilladora-de-maiz-cabezal-diseno-compacto","status":"publish","type":"product","link":"https:\/\/supertortillamachines.com\/es\/product\/c1000-corn-tortilla-machine-head-compact-design\/","title":{"rendered":"C1000 Cabezal de Tortilladora de Ma\u00edz - Dise\u00f1o Compacto"},"content":{"rendered":"<p>Esta es una gran m\u00e1quina para iniciar su negocio de tortillas de ma\u00edz o para instalarla en su restaurante y empezar a ofrecer tortillas de ma\u00edz reci\u00e9n hechas a sus clientes.<\/p>\n<p>Solo necesitas un hombre o mujer para operar esta maquina, necesitas un espacio peque\u00f1o para acomodarla. No lo dudes, esta es la forma m\u00e1s f\u00e1cil de empezar en el rentable negocio de la tortilla.<\/p>\n<p>Tiene un dise\u00f1o muy compacto<\/p>\n<p>Las caracter\u00edsticas de la m\u00e1quina son:<\/p>\n<ul>\n<li>Esta m\u00e1quina es excelente para una peque\u00f1a f\u00e1brica de tortillas o para un restaurante.<\/li>\n<li>Factor de forma peque\u00f1o.<\/li>\n<li>Operaci\u00f3n de un solo hombre.<\/li>\n<li>Se obtienen tortillas listas para ser terminadas de cocinar en una parrilla. (la parrilla se vende por separado)<\/li>\n<li>Elabora tortillas de nixtamal (ma\u00edz cocido) y maseca (harina de ma\u00edz).<\/li>\n<li>Incluye 1 cortador de 4,72\u2033 y 6,3\u2033 de di\u00e1metro.<\/li>\n<li>Otros tama\u00f1os de cuchillas disponibles.<\/li>\n<\/ul>\n<p>\u00a1Puedes hacer hasta 30 kg de tortillas por hora! S\u00f3lo tienes que poner la masa y la m\u00e1quina te dar\u00e1 las tortillas para terminar de cocinarlas en una parrilla.<\/p>\n<p><strong>CARACTER\u00cdSTICAS DEL ART\u00cdCULO<\/strong><\/p>\n<ul>\n<li>De 600 a 1000 tortillas por hora.<\/li>\n<li>220 voltios 60 Hz puede ajustarse f\u00e1cilmente para 220 50 Hz.<\/li>\n<li>Peso neto 300 lbs.<\/li>\n<li>Dimensiones de la m\u00e1quina 47\u2033 Altura m\u00e1xima, 27\u2033 Longitud, 16\u2033 Ancho.<\/li>\n<li>Termina de cocinar la tortilla en una parrilla normal.<\/li>\n<\/ul>\n<p><strong>Mira c\u00f3mo funciona en los siguientes v\u00eddeos<\/strong><\/p>\n<p><center><div class=\"lyte-wrapper\" style=\"width:640px;max-width:100%;margin:5px auto;\"><div class=\"lyMe\" id=\"WYL_LUmsg9lhd70\"><div id=\"lyte_LUmsg9lhd70\" data-src=\"https:\/\/supertortillamachines.com\/wp-content\/plugins\/wp-youtube-lyte\/lyteCache.php?origThumbUrl=%2F%2Fi.ytimg.com%2Fvi%2FLUmsg9lhd70%2Fhqdefault.jpg\" class=\"pL\"><div class=\"tC\"><div class=\"tT\"><\/div><\/div><div class=\"play\"><\/div><div class=\"ctrl\"><div class=\"Lctrl\"><\/div><div class=\"Rctrl\"><\/div><\/div><\/div><noscript><a href=\"https:\/\/youtu.be\/LUmsg9lhd70\" rel=\"nofollow\"><img fetchpriority=\"high\" decoding=\"async\" src=\"https:\/\/supertortillamachines.com\/wp-content\/plugins\/wp-youtube-lyte\/lyteCache.php?origThumbUrl=https%3A%2F%2Fi.ytimg.com%2Fvi%2FLUmsg9lhd70%2F0.jpg\" alt=\"Miniatura de v\u00eddeo de YouTube\" width=\"640\" height=\"340\" \/><br \/>Ver este video en YouTube<\/a><\/noscript><\/div><\/div><div class=\"lL\" style=\"max-width:100%;width:640px;margin:5px auto;\"><\/div><br \/>\n<div class=\"lyte-wrapper\" style=\"width:640px;max-width:100%;margin:5px auto;\"><div class=\"lyMe\" id=\"WYL_M1WTn18I0EM\"><div id=\"lyte_M1WTn18I0EM\" data-src=\"https:\/\/supertortillamachines.com\/wp-content\/plugins\/wp-youtube-lyte\/lyteCache.php?origThumbUrl=%2F%2Fi.ytimg.com%2Fvi%2FM1WTn18I0EM%2Fhqdefault.jpg\" class=\"pL\"><div class=\"tC\"><div class=\"tT\"><\/div><\/div><div class=\"play\"><\/div><div class=\"ctrl\"><div class=\"Lctrl\"><\/div><div class=\"Rctrl\"><\/div><\/div><\/div><noscript><a href=\"https:\/\/youtu.be\/M1WTn18I0EM\" rel=\"nofollow\"><img decoding=\"async\" src=\"https:\/\/supertortillamachines.com\/wp-content\/plugins\/wp-youtube-lyte\/lyteCache.php?origThumbUrl=https%3A%2F%2Fi.ytimg.com%2Fvi%2FM1WTn18I0EM%2F0.jpg\" alt=\"Miniatura de v\u00eddeo de YouTube\" width=\"640\" height=\"340\" \/><br \/>Ver este video en YouTube<\/a><\/noscript><\/div><\/div><div class=\"lL\" style=\"max-width:100%;width:640px;margin:5px auto;\"><\/div><\/center>Estas m\u00e1quinas se fabrican bajo pedido y tardamos 15 d\u00edas laborables en enviarle su m\u00e1quina. Por favor, tenga esto en cuenta cuando haga su pedido.<\/p>\n<p>No lo dudes, tambi\u00e9n somos vendedores en ebay y puedes ver que somos un vendedor de confianza en<\/p>\n<div><a href=\"https:\/\/feedback.ebay.com\/ws\/eBayISAPI.dll?ViewFeedback2&amp;userid=woodandheat&amp;ftab=AllFeedback\">Ebay<\/a><\/div>\n<div><a href=\"https:\/\/supertortillamachines.com\/es\/\">www.supertortillamachines.com<\/a><\/div>\n<p>Es la mejor opci\u00f3n en M\u00e1quinas tortilladoras de ma\u00edz para producci\u00f3n industrial. Somos una empresa con presencia en M\u00e9xico y Estados Unidos. Nuestras maquinas son de calidad hechas en Mexico y exportadas a nuestro almacen en USA. Es por eso que podemos enviar a un precio muy competitivo dentro de los EE.UU. y en todo el mundo.<\/p>\n<p>Si usted est\u00e1 en los EE.UU. ser\u00e1 muy f\u00e1cil comprar de nosotros, porque somos una corporaci\u00f3n de EE.UU., usted no tendr\u00e1 que lidiar con las aduanas en cualquier momento. Usted s\u00f3lo tiene que pedir y recibir\u00e1 su m\u00e1quina en cualquier direcci\u00f3n de EE.UU. dentro de los estados continentales.<\/p>\n<p>Nota importante: Esta m\u00e1quina no est\u00e1 dise\u00f1ada para TORTILLAS DE HARINA DE TRIGO.<\/p>","protected":false},"excerpt":{"rendered":"<p>Esta es una gran m\u00e1quina para comenzar su negocio de Tortillas de Ma\u00edz o para instalarla en su restaurante y ofrecer tortillas de ma\u00edz reci\u00e9n hechas a sus clientes.<\/p>","protected":false},"featured_media":1580,"template":"","meta":{"om_disable_all_campaigns":false,"_monsterinsights_skip_tracking":false,"_monsterinsights_sitenote_active":false,"_monsterinsights_sitenote_note":"","_monsterinsights_sitenote_category":0},"product_brand":[57],"product_cat":[61,58],"product_tag":[88,21,22,73],"class_list":{"0":"post-463","1":"product","2":"type-product","3":"status-publish","4":"has-post-thumbnail","6":"product_brand-super-tortilla-machines","7":"product_cat-commercial-production-corn-flour-tortilla-machines","8":"product_cat-corn-flour-tortilla-machines","9":"product_tag-corn","10":"product_tag-flour","11":"product_tag-machine","12":"product_tag-tortilla","14":"first","15":"instock","16":"shipping-taxable","17":"purchasable","18":"product-type-variable"},"yoast_head":"<!-- This site is optimized with the Yoast SEO plugin v27.4 - https:\/\/yoast.com\/product\/yoast-seo-wordpress\/ -->\n<title>C1000 Corn Tortilla Machine Head - Compact Design - SUPER TORTILLA MACHINES<\/title>\n<meta name=\"description\" content=\"This is a great machine to start your Corn Tortilla business or to install it in your restaurant and offer just made fresh corn tortillas to your customers.\" \/>\n<meta name=\"robots\" content=\"index, follow, max-snippet:-1, max-image-preview:large, max-video-preview:-1\" \/>\n<link rel=\"canonical\" href=\"https:\/\/supertortillamachines.com\/es\/producto\/c1000-tortilladora-de-maiz-cabezal-diseno-compacto\/\" \/>\n<meta property=\"og:locale\" content=\"es_MX\" \/>\n<meta property=\"og:type\" content=\"article\" \/>\n<meta property=\"og:title\" content=\"C1000 Corn Tortilla Machine Head - Compact Design - SUPER TORTILLA MACHINES\" \/>\n<meta property=\"og:description\" content=\"This is a great machine to start your Corn Tortilla business or to install it in your restaurant and offer just made fresh corn tortillas to your customers.\" \/>\n<meta property=\"og:url\" content=\"https:\/\/supertortillamachines.com\/es\/producto\/c1000-tortilladora-de-maiz-cabezal-diseno-compacto\/\" \/>\n<meta property=\"og:site_name\" content=\"SUPER TORTILLA MACHINES\" \/>\n<meta property=\"article:modified_time\" content=\"2025-11-24T21:34:14+00:00\" \/>\n<meta property=\"og:image\" content=\"https:\/\/supertortillamachines.com\/wp-content\/uploads\/2025\/07\/c1000-corn-tortilla.jpg\" \/>\n\t<meta property=\"og:image:width\" content=\"1500\" \/>\n\t<meta property=\"og:image:height\" content=\"1125\" \/>\n\t<meta property=\"og:image:type\" content=\"image\/jpeg\" \/>\n<meta name=\"twitter:card\" content=\"summary_large_image\" \/>\n<meta name=\"twitter:label1\" content=\"Tiempo de lectura\" \/>\n\t<meta name=\"twitter:data1\" content=\"2 minutos\" \/>\n<script type=\"application\/ld+json\" class=\"yoast-schema-graph\">{\"@context\":\"https:\\\/\\\/schema.org\",\"@graph\":[{\"@type\":\"WebPage\",\"@id\":\"https:\\\/\\\/supertortillamachines.com\\\/product\\\/c1000-corn-tortilla-machine-head-compact-design\\\/\",\"url\":\"https:\\\/\\\/supertortillamachines.com\\\/product\\\/c1000-corn-tortilla-machine-head-compact-design\\\/\",\"name\":\"C1000 Corn Tortilla Machine Head - Compact Design - SUPER TORTILLA MACHINES\",\"isPartOf\":{\"@id\":\"https:\\\/\\\/supertortillamachines.com\\\/#website\"},\"primaryImageOfPage\":{\"@id\":\"https:\\\/\\\/supertortillamachines.com\\\/product\\\/c1000-corn-tortilla-machine-head-compact-design\\\/#primaryimage\"},\"image\":{\"@id\":\"https:\\\/\\\/supertortillamachines.com\\\/product\\\/c1000-corn-tortilla-machine-head-compact-design\\\/#primaryimage\"},\"thumbnailUrl\":\"https:\\\/\\\/supertortillamachines.com\\\/wp-content\\\/uploads\\\/2025\\\/07\\\/c1000-corn-tortilla.jpg\",\"datePublished\":\"2025-07-25T15:41:07+00:00\",\"dateModified\":\"2025-11-24T21:34:14+00:00\",\"description\":\"This is a great machine to start your Corn Tortilla business or to install it in your restaurant and offer just made fresh corn tortillas to your customers.\",\"breadcrumb\":{\"@id\":\"https:\\\/\\\/supertortillamachines.com\\\/product\\\/c1000-corn-tortilla-machine-head-compact-design\\\/#breadcrumb\"},\"inLanguage\":\"es\",\"potentialAction\":[{\"@type\":\"ReadAction\",\"target\":[\"https:\\\/\\\/supertortillamachines.com\\\/product\\\/c1000-corn-tortilla-machine-head-compact-design\\\/\"]}]},{\"@type\":\"ImageObject\",\"inLanguage\":\"es\",\"@id\":\"https:\\\/\\\/supertortillamachines.com\\\/product\\\/c1000-corn-tortilla-machine-head-compact-design\\\/#primaryimage\",\"url\":\"https:\\\/\\\/supertortillamachines.com\\\/wp-content\\\/uploads\\\/2025\\\/07\\\/c1000-corn-tortilla.jpg\",\"contentUrl\":\"https:\\\/\\\/supertortillamachines.com\\\/wp-content\\\/uploads\\\/2025\\\/07\\\/c1000-corn-tortilla.jpg\",\"width\":1500,\"height\":1125,\"caption\":\"C1000 Corn Tortilla Machine\"},{\"@type\":\"BreadcrumbList\",\"@id\":\"https:\\\/\\\/supertortillamachines.com\\\/product\\\/c1000-corn-tortilla-machine-head-compact-design\\\/#breadcrumb\",\"itemListElement\":[{\"@type\":\"ListItem\",\"position\":1,\"name\":\"Home\",\"item\":\"https:\\\/\\\/supertortillamachines.com\\\/\"},{\"@type\":\"ListItem\",\"position\":2,\"name\":\"Shop\",\"item\":\"https:\\\/\\\/supertortillamachines.com\\\/shop\\\/\"},{\"@type\":\"ListItem\",\"position\":3,\"name\":\"C1000 Corn Tortilla Machine Head &#8211; Compact Design\"}]},{\"@type\":\"WebSite\",\"@id\":\"https:\\\/\\\/supertortillamachines.com\\\/#website\",\"url\":\"https:\\\/\\\/supertortillamachines.com\\\/\",\"name\":\"SUPER TORTILLA MACHINES\",\"description\":\"The best Mexican Tortilla Machines\",\"publisher\":{\"@id\":\"https:\\\/\\\/supertortillamachines.com\\\/#organization\"},\"potentialAction\":[{\"@type\":\"SearchAction\",\"target\":{\"@type\":\"EntryPoint\",\"urlTemplate\":\"https:\\\/\\\/supertortillamachines.com\\\/?s={search_term_string}\"},\"query-input\":{\"@type\":\"PropertyValueSpecification\",\"valueRequired\":true,\"valueName\":\"search_term_string\"}}],\"inLanguage\":\"es\"},{\"@type\":\"Organization\",\"@id\":\"https:\\\/\\\/supertortillamachines.com\\\/#organization\",\"name\":\"SUPER TORTILLA MACHINES\",\"url\":\"https:\\\/\\\/supertortillamachines.com\\\/\",\"logo\":{\"@type\":\"ImageObject\",\"inLanguage\":\"es\",\"@id\":\"https:\\\/\\\/supertortillamachines.com\\\/#\\\/schema\\\/logo\\\/image\\\/\",\"url\":\"https:\\\/\\\/supertortillamachines.com\\\/wp-content\\\/uploads\\\/2025\\\/07\\\/Supertortilla.jpg\",\"contentUrl\":\"https:\\\/\\\/supertortillamachines.com\\\/wp-content\\\/uploads\\\/2025\\\/07\\\/Supertortilla.jpg\",\"width\":221,\"height\":177,\"caption\":\" SUPER TORTILLA MACHINES \"},\"image\":{\"@id\":\"https:\\\/\\\/supertortillamachines.com\\\/#\\\/schema\\\/logo\\\/image\\\/\"}}]}<\/script>\n<!-- \/ Yoast SEO plugin. -->","yoast_head_json":{"title":"Cabezal de Tortilladora de Ma\u00edz C1000 - Dise\u00f1o Compacto - SUPER TORTILLA MACHINES","description":"Esta es una gran m\u00e1quina para comenzar su negocio de Tortillas de Ma\u00edz o para instalarla en su restaurante y ofrecer tortillas de ma\u00edz reci\u00e9n hechas a sus clientes.","robots":{"index":"index","follow":"follow","max-snippet":"max-snippet:-1","max-image-preview":"max-image-preview:large","max-video-preview":"max-video-preview:-1"},"canonical":"https:\/\/supertortillamachines.com\/es\/producto\/c1000-tortilladora-de-maiz-cabezal-diseno-compacto\/","og_locale":"es_MX","og_type":"article","og_title":"C1000 Corn Tortilla Machine Head - Compact Design - SUPER TORTILLA MACHINES","og_description":"This is a great machine to start your Corn Tortilla business or to install it in your restaurant and offer just made fresh corn tortillas to your customers.","og_url":"https:\/\/supertortillamachines.com\/es\/producto\/c1000-tortilladora-de-maiz-cabezal-diseno-compacto\/","og_site_name":"SUPER TORTILLA MACHINES","article_modified_time":"2025-11-24T21:34:14+00:00","og_image":[{"width":1500,"height":1125,"url":"https:\/\/supertortillamachines.com\/wp-content\/uploads\/2025\/07\/c1000-corn-tortilla.jpg","type":"image\/jpeg"}],"twitter_card":"summary_large_image","twitter_misc":{"Tiempo de lectura":"2 minutos"},"schema":{"@context":"https:\/\/schema.org","@graph":[{"@type":"WebPage","@id":"https:\/\/supertortillamachines.com\/product\/c1000-corn-tortilla-machine-head-compact-design\/","url":"https:\/\/supertortillamachines.com\/product\/c1000-corn-tortilla-machine-head-compact-design\/","name":"Cabezal de Tortilladora de Ma\u00edz C1000 - Dise\u00f1o Compacto - SUPER TORTILLA MACHINES","isPartOf":{"@id":"https:\/\/supertortillamachines.com\/#website"},"primaryImageOfPage":{"@id":"https:\/\/supertortillamachines.com\/product\/c1000-corn-tortilla-machine-head-compact-design\/#primaryimage"},"image":{"@id":"https:\/\/supertortillamachines.com\/product\/c1000-corn-tortilla-machine-head-compact-design\/#primaryimage"},"thumbnailUrl":"https:\/\/supertortillamachines.com\/wp-content\/uploads\/2025\/07\/c1000-corn-tortilla.jpg","datePublished":"2025-07-25T15:41:07+00:00","dateModified":"2025-11-24T21:34:14+00:00","description":"Esta es una gran m\u00e1quina para comenzar su negocio de Tortillas de Ma\u00edz o para instalarla en su restaurante y ofrecer tortillas de ma\u00edz reci\u00e9n hechas a sus clientes.","breadcrumb":{"@id":"https:\/\/supertortillamachines.com\/product\/c1000-corn-tortilla-machine-head-compact-design\/#breadcrumb"},"inLanguage":"es","potentialAction":[{"@type":"ReadAction","target":["https:\/\/supertortillamachines.com\/product\/c1000-corn-tortilla-machine-head-compact-design\/"]}]},{"@type":"ImageObject","inLanguage":"es","@id":"https:\/\/supertortillamachines.com\/product\/c1000-corn-tortilla-machine-head-compact-design\/#primaryimage","url":"https:\/\/supertortillamachines.com\/wp-content\/uploads\/2025\/07\/c1000-corn-tortilla.jpg","contentUrl":"https:\/\/supertortillamachines.com\/wp-content\/uploads\/2025\/07\/c1000-corn-tortilla.jpg","width":1500,"height":1125,"caption":"C1000 Corn Tortilla Machine"},{"@type":"BreadcrumbList","@id":"https:\/\/supertortillamachines.com\/product\/c1000-corn-tortilla-machine-head-compact-design\/#breadcrumb","itemListElement":[{"@type":"ListItem","position":1,"name":"Home","item":"https:\/\/supertortillamachines.com\/"},{"@type":"ListItem","position":2,"name":"Shop","item":"https:\/\/supertortillamachines.com\/shop\/"},{"@type":"ListItem","position":3,"name":"C1000 Corn Tortilla Machine Head &#8211; Compact Design"}]},{"@type":"WebSite","@id":"https:\/\/supertortillamachines.com\/#website","url":"https:\/\/supertortillamachines.com\/","name":"SUPER TORTILLADORAS","description":"Las mejores Tortilladoras Mexicanas","publisher":{"@id":"https:\/\/supertortillamachines.com\/#organization"},"potentialAction":[{"@type":"SearchAction","target":{"@type":"EntryPoint","urlTemplate":"https:\/\/supertortillamachines.com\/?s={search_term_string}"},"query-input":{"@type":"PropertyValueSpecification","valueRequired":true,"valueName":"search_term_string"}}],"inLanguage":"es"},{"@type":"Organization","@id":"https:\/\/supertortillamachines.com\/#organization","name":"SUPER TORTILLADORAS","url":"https:\/\/supertortillamachines.com\/","logo":{"@type":"ImageObject","inLanguage":"es","@id":"https:\/\/supertortillamachines.com\/#\/schema\/logo\/image\/","url":"https:\/\/supertortillamachines.com\/wp-content\/uploads\/2025\/07\/Supertortilla.jpg","contentUrl":"https:\/\/supertortillamachines.com\/wp-content\/uploads\/2025\/07\/Supertortilla.jpg","width":221,"height":177,"caption":" SUPER TORTILLA MACHINES "},"image":{"@id":"https:\/\/supertortillamachines.com\/#\/schema\/logo\/image\/"}}]}},"jetpack_sharing_enabled":true,"_links":{"self":[{"href":"https:\/\/supertortillamachines.com\/es\/wp-json\/wp\/v2\/product\/463","targetHints":{"allow":["GET"]}}],"collection":[{"href":"https:\/\/supertortillamachines.com\/es\/wp-json\/wp\/v2\/product"}],"about":[{"href":"https:\/\/supertortillamachines.com\/es\/wp-json\/wp\/v2\/types\/product"}],"wp:featuredmedia":[{"embeddable":true,"href":"https:\/\/supertortillamachines.com\/es\/wp-json\/wp\/v2\/media\/1580"}],"wp:attachment":[{"href":"https:\/\/supertortillamachines.com\/es\/wp-json\/wp\/v2\/media?parent=463"}],"wp:term":[{"taxonomy":"product_brand","embeddable":true,"href":"https:\/\/supertortillamachines.com\/es\/wp-json\/wp\/v2\/product_brand?post=463"},{"taxonomy":"product_cat","embeddable":true,"href":"https:\/\/supertortillamachines.com\/es\/wp-json\/wp\/v2\/product_cat?post=463"},{"taxonomy":"product_tag","embeddable":true,"href":"https:\/\/supertortillamachines.com\/es\/wp-json\/wp\/v2\/product_tag?post=463"}],"curies":[{"name":"wp","href":"https:\/\/api.w.org\/{rel}","templated":true}]}}