{"id":465,"date":"2025-07-25T17:48:56","date_gmt":"2025-07-25T17:48:56","guid":{"rendered":"https:\/\/supertortillamachines.com\/?post_type=product&#038;p=465"},"modified":"2025-09-18T16:35:56","modified_gmt":"2025-09-18T16:35:56","slug":"c500-maquina-de-tortillas-de-maiz-restaurantero","status":"publish","type":"product","link":"https:\/\/supertortillamachines.com\/es\/product\/c500-corn-tortilla-machine-restaurantero\/","title":{"rendered":"Tortilladora de ma\u00edz C500"},"content":{"rendered":"<p>Esta es una gran m\u00e1quina para iniciar la producci\u00f3n de tortillas de ma\u00edz para su negocio o para instalarla en su casa y empezar a ofrecer tortillas de ma\u00edz reci\u00e9n hechas frescas a sus clientes o familiares.<\/p>\n<p>S\u00f3lo se necesita una persona para manejar esta m\u00e1quina, se necesita un espacio peque\u00f1o para acomodarla.<\/p>\n<p>Tiene un dise\u00f1o muy compacto, f\u00e1cilmente colocable en cualquier mesa de trabajo.<\/p>\n<p>Las caracter\u00edsticas de la m\u00e1quina son:<\/p>\n<ul>\n<li>Esta m\u00e1quina es excelente para una peque\u00f1a f\u00e1brica de tortillas o para un restaurante.<\/li>\n<li>Factor de forma peque\u00f1o.<\/li>\n<li>Operaci\u00f3n de un solo hombre.<\/li>\n<li>Se obtienen tortillas listas para ser terminadas de cocinar en una parrilla. (la parrilla se vende por separado por $520.00).<\/li>\n<li>Elabora tortillas de nixtamal (ma\u00edz cocido) y maseca (harina de ma\u00edz).<\/li>\n<li>Incluye 1 cortador de 4,00\u2033 a 7,5\u2033 de di\u00e1metro.<\/li>\n<li>Otros tama\u00f1os de cuchillas disponibles.<\/li>\n<\/ul>\n<p>Puedes hacer hasta 30 kg de tortillas por hora!!!.S\u00f3lo tienes que poner la masa y la m\u00e1quina te dar\u00e1 tortillas totalmente cocidas, tortillas calientes y listas para comer<\/p>\n<p><strong>CARACTER\u00cdSTICAS DEL ART\u00cdCULO<\/strong><\/p>\n<ul>\n<li>De 1 a 1000 tortillas por hora.<\/li>\n<li>220 voltios.<\/li>\n<li>Velocidad variable.<\/li>\n<li>110v <strong>50 Hz (ajustable bajo pedido).<\/strong><\/li>\n<li>Peso neto 148 lbs.<\/li>\n<li>Dimensiones de la m\u00e1quina 27\u2033 Altura m\u00e1xima, 29,9\u2033 Longitud, 29\u2033 Ancho.<\/li>\n<li>Termina de cocinar la tortilla en una parrilla normal.<\/li>\n<\/ul>\n<p><center><div class=\"lyte-wrapper\" style=\"width:640px;max-width:100%;margin:5px auto;\"><div class=\"lyMe\" id=\"WYL_wOU7O5N-ihw\"><div id=\"lyte_wOU7O5N-ihw\" data-src=\"https:\/\/supertortillamachines.com\/wp-content\/plugins\/wp-youtube-lyte\/lyteCache.php?origThumbUrl=%2F%2Fi.ytimg.com%2Fvi%2FwOU7O5N-ihw%2Fhqdefault.jpg\" class=\"pL\"><div class=\"tC\"><div class=\"tT\"><\/div><\/div><div class=\"play\"><\/div><div class=\"ctrl\"><div class=\"Lctrl\"><\/div><div class=\"Rctrl\"><\/div><\/div><\/div><noscript><a href=\"https:\/\/youtu.be\/wOU7O5N-ihw\" rel=\"nofollow\"><img fetchpriority=\"high\" decoding=\"async\" src=\"https:\/\/supertortillamachines.com\/wp-content\/plugins\/wp-youtube-lyte\/lyteCache.php?origThumbUrl=https%3A%2F%2Fi.ytimg.com%2Fvi%2FwOU7O5N-ihw%2F0.jpg\" alt=\"Miniatura de v\u00eddeo de YouTube\" width=\"640\" height=\"340\" \/><br \/>Ver este video en YouTube<\/a><\/noscript><\/div><\/div><div class=\"lL\" style=\"max-width:100%;width:640px;margin:5px auto;\"><\/div><\/center>Estas m\u00e1quinas se fabrican bajo pedido y tardamos 30 d\u00edas laborables en enviarle su m\u00e1quina. Por favor, t\u00e9ngalo en cuenta a la hora de realizar su pedido.<\/p>\n<p>No lo dudes, tambi\u00e9n somos vendedores en ebay y puedes ver que somos un vendedor de confianza en<\/p>\n<div><a href=\"http:\/\/feedback.ebay.com\/ws\/eBayISAPI.dll?ViewFeedback2&amp;userid=woodandheat&amp;ftab=AllFeedback\">http:\/\/feedback.ebay.com\/ws\/eBayISAPI.dll?ViewFeedback2&amp;userid=woodandheat&amp;ftab=AllFeedback<\/a><\/div>\n<div><a href=\"https:\/\/supertortillamachines.com\/es\/\">supertortillamachines.com<\/a><\/div>\n<div>\n<p>Es la mejor opci\u00f3n en M\u00e1quinas tortilladoras de ma\u00edz para producci\u00f3n industrial. Somos una empresa con presencia en M\u00e9xico y Estados Unidos. Nuestras maquinas son de calidad hechas en Mexico y exportadas a nuestro almacen en USA. Es por eso que podemos enviar a un precio muy competitivo dentro de los EE.UU. y en todo el mundo.<\/p>\n<p>Si usted est\u00e1 en los EE.UU. ser\u00e1 muy f\u00e1cil comprar de nosotros, porque somos una corporaci\u00f3n de EE.UU., usted no tendr\u00e1 que lidiar con las aduanas en cualquier momento. Usted s\u00f3lo tiene que pedir y recibir\u00e1 su m\u00e1quina en cualquier direcci\u00f3n de EE.UU. dentro de los estados continentales.<\/p>\n<p>Nota importante: Esta m\u00e1quina no est\u00e1 dise\u00f1ada para TORTILLAS DE HARINA DE TRIGO.<\/p>\n<\/div>","protected":false},"excerpt":{"rendered":"<p>Esta es una gran m\u00e1quina para iniciar la producci\u00f3n de tortillas de ma\u00edz para su negocio o para instalarla en su casa y empezar a ofrecer tortillas de ma\u00edz reci\u00e9n hechas frescas a sus clientes o familiares.<\/p>\n<p>Puede hacer hasta 30 kg de tortillas o de 1 a 1000 tortillas por hora.<\/p>","protected":false},"featured_media":466,"template":"","meta":{"om_disable_all_campaigns":false,"_monsterinsights_skip_tracking":false,"_monsterinsights_sitenote_active":false,"_monsterinsights_sitenote_note":"","_monsterinsights_sitenote_category":0},"product_brand":[57],"product_cat":[61,58],"product_tag":[88,21,22,73],"class_list":{"0":"post-465","1":"product","2":"type-product","3":"status-publish","4":"has-post-thumbnail","6":"product_brand-super-tortilla-machines","7":"product_cat-commercial-production-corn-flour-tortilla-machines","8":"product_cat-corn-flour-tortilla-machines","9":"product_tag-corn","10":"product_tag-flour","11":"product_tag-machine","12":"product_tag-tortilla","14":"first","15":"instock","16":"featured","17":"shipping-taxable","18":"purchasable","19":"product-type-variable"},"yoast_head":"<!-- This site is optimized with the Yoast SEO plugin v27.5 - https:\/\/yoast.com\/product\/yoast-seo-wordpress\/ -->\n<title>C500 Corn Tortilla Machine - SUPER TORTILLA MACHINES<\/title>\n<meta name=\"description\" content=\"This is a great machine to start corn tortilla production for your business or your house and start offering just made fresh Corn tortillas.\" \/>\n<meta name=\"robots\" content=\"index, follow, max-snippet:-1, max-image-preview:large, max-video-preview:-1\" \/>\n<link rel=\"canonical\" href=\"https:\/\/supertortillamachines.com\/es\/producto\/c500-maquina-de-tortillas-de-maiz-restaurantero\/\" \/>\n<meta property=\"og:locale\" content=\"es_MX\" \/>\n<meta property=\"og:type\" content=\"article\" \/>\n<meta property=\"og:title\" content=\"C500 Corn Tortilla Machine - SUPER TORTILLA MACHINES\" \/>\n<meta property=\"og:description\" content=\"This is a great machine to start corn tortilla production for your business or your house and start offering just made fresh Corn tortillas.\" \/>\n<meta property=\"og:url\" content=\"https:\/\/supertortillamachines.com\/es\/producto\/c500-maquina-de-tortillas-de-maiz-restaurantero\/\" \/>\n<meta property=\"og:site_name\" content=\"SUPER TORTILLA MACHINES\" \/>\n<meta property=\"article:modified_time\" content=\"2025-09-18T16:35:56+00:00\" \/>\n<meta property=\"og:image\" content=\"https:\/\/supertortillamachines.com\/wp-content\/uploads\/2025\/07\/c500-corn-tortilla-machine-3.jpg\" \/>\n\t<meta property=\"og:image:width\" content=\"1200\" \/>\n\t<meta property=\"og:image:height\" content=\"1472\" \/>\n\t<meta property=\"og:image:type\" content=\"image\/jpeg\" \/>\n<meta name=\"twitter:card\" content=\"summary_large_image\" \/>\n<meta name=\"twitter:label1\" content=\"Tiempo de lectura\" \/>\n\t<meta name=\"twitter:data1\" content=\"2 minutos\" \/>\n<script type=\"application\/ld+json\" class=\"yoast-schema-graph\">{\"@context\":\"https:\\\/\\\/schema.org\",\"@graph\":[{\"@type\":\"WebPage\",\"@id\":\"https:\\\/\\\/supertortillamachines.com\\\/product\\\/c500-corn-tortilla-machine-restaurantero\\\/\",\"url\":\"https:\\\/\\\/supertortillamachines.com\\\/product\\\/c500-corn-tortilla-machine-restaurantero\\\/\",\"name\":\"C500 Corn Tortilla Machine - SUPER TORTILLA MACHINES\",\"isPartOf\":{\"@id\":\"https:\\\/\\\/supertortillamachines.com\\\/#website\"},\"primaryImageOfPage\":{\"@id\":\"https:\\\/\\\/supertortillamachines.com\\\/product\\\/c500-corn-tortilla-machine-restaurantero\\\/#primaryimage\"},\"image\":{\"@id\":\"https:\\\/\\\/supertortillamachines.com\\\/product\\\/c500-corn-tortilla-machine-restaurantero\\\/#primaryimage\"},\"thumbnailUrl\":\"https:\\\/\\\/supertortillamachines.com\\\/wp-content\\\/uploads\\\/2025\\\/07\\\/c500-corn-tortilla-machine-3.jpg\",\"datePublished\":\"2025-07-25T17:48:56+00:00\",\"dateModified\":\"2025-09-18T16:35:56+00:00\",\"description\":\"This is a great machine to start corn tortilla production for your business or your house and start offering just made fresh Corn tortillas.\",\"breadcrumb\":{\"@id\":\"https:\\\/\\\/supertortillamachines.com\\\/product\\\/c500-corn-tortilla-machine-restaurantero\\\/#breadcrumb\"},\"inLanguage\":\"es\",\"potentialAction\":[{\"@type\":\"ReadAction\",\"target\":[\"https:\\\/\\\/supertortillamachines.com\\\/product\\\/c500-corn-tortilla-machine-restaurantero\\\/\"]}]},{\"@type\":\"ImageObject\",\"inLanguage\":\"es\",\"@id\":\"https:\\\/\\\/supertortillamachines.com\\\/product\\\/c500-corn-tortilla-machine-restaurantero\\\/#primaryimage\",\"url\":\"https:\\\/\\\/supertortillamachines.com\\\/wp-content\\\/uploads\\\/2025\\\/07\\\/c500-corn-tortilla-machine-3.jpg\",\"contentUrl\":\"https:\\\/\\\/supertortillamachines.com\\\/wp-content\\\/uploads\\\/2025\\\/07\\\/c500-corn-tortilla-machine-3.jpg\",\"width\":1200,\"height\":1472,\"caption\":\"C500 Corn Tortilla-Machine\"},{\"@type\":\"BreadcrumbList\",\"@id\":\"https:\\\/\\\/supertortillamachines.com\\\/product\\\/c500-corn-tortilla-machine-restaurantero\\\/#breadcrumb\",\"itemListElement\":[{\"@type\":\"ListItem\",\"position\":1,\"name\":\"Home\",\"item\":\"https:\\\/\\\/supertortillamachines.com\\\/\"},{\"@type\":\"ListItem\",\"position\":2,\"name\":\"Shop\",\"item\":\"https:\\\/\\\/supertortillamachines.com\\\/shop\\\/\"},{\"@type\":\"ListItem\",\"position\":3,\"name\":\"C500 Corn Tortilla Machine\"}]},{\"@type\":\"WebSite\",\"@id\":\"https:\\\/\\\/supertortillamachines.com\\\/#website\",\"url\":\"https:\\\/\\\/supertortillamachines.com\\\/\",\"name\":\"SUPER TORTILLA MACHINES\",\"description\":\"The best Mexican Tortilla Machines\",\"publisher\":{\"@id\":\"https:\\\/\\\/supertortillamachines.com\\\/#organization\"},\"potentialAction\":[{\"@type\":\"SearchAction\",\"target\":{\"@type\":\"EntryPoint\",\"urlTemplate\":\"https:\\\/\\\/supertortillamachines.com\\\/?s={search_term_string}\"},\"query-input\":{\"@type\":\"PropertyValueSpecification\",\"valueRequired\":true,\"valueName\":\"search_term_string\"}}],\"inLanguage\":\"es\"},{\"@type\":\"Organization\",\"@id\":\"https:\\\/\\\/supertortillamachines.com\\\/#organization\",\"name\":\"SUPER TORTILLA MACHINES\",\"url\":\"https:\\\/\\\/supertortillamachines.com\\\/\",\"logo\":{\"@type\":\"ImageObject\",\"inLanguage\":\"es\",\"@id\":\"https:\\\/\\\/supertortillamachines.com\\\/#\\\/schema\\\/logo\\\/image\\\/\",\"url\":\"https:\\\/\\\/supertortillamachines.com\\\/wp-content\\\/uploads\\\/2025\\\/07\\\/Supertortilla.jpg\",\"contentUrl\":\"https:\\\/\\\/supertortillamachines.com\\\/wp-content\\\/uploads\\\/2025\\\/07\\\/Supertortilla.jpg\",\"width\":221,\"height\":177,\"caption\":\" SUPER TORTILLA MACHINES \"},\"image\":{\"@id\":\"https:\\\/\\\/supertortillamachines.com\\\/#\\\/schema\\\/logo\\\/image\\\/\"}}]}<\/script>\n<!-- \/ Yoast SEO plugin. -->","yoast_head_json":{"title":"Tortilladora de Ma\u00edz C500 - SUPER TORTILLA MACHINES","description":"Esta es una gran m\u00e1quina para iniciar la producci\u00f3n de tortillas de ma\u00edz para su negocio o su casa y empezar a ofrecer reci\u00e9n hecho tortillas de ma\u00edz fresco.","robots":{"index":"index","follow":"follow","max-snippet":"max-snippet:-1","max-image-preview":"max-image-preview:large","max-video-preview":"max-video-preview:-1"},"canonical":"https:\/\/supertortillamachines.com\/es\/producto\/c500-maquina-de-tortillas-de-maiz-restaurantero\/","og_locale":"es_MX","og_type":"article","og_title":"C500 Corn Tortilla Machine - SUPER TORTILLA MACHINES","og_description":"This is a great machine to start corn tortilla production for your business or your house and start offering just made fresh Corn tortillas.","og_url":"https:\/\/supertortillamachines.com\/es\/producto\/c500-maquina-de-tortillas-de-maiz-restaurantero\/","og_site_name":"SUPER TORTILLA MACHINES","article_modified_time":"2025-09-18T16:35:56+00:00","og_image":[{"width":1200,"height":1472,"url":"https:\/\/supertortillamachines.com\/wp-content\/uploads\/2025\/07\/c500-corn-tortilla-machine-3.jpg","type":"image\/jpeg"}],"twitter_card":"summary_large_image","twitter_misc":{"Tiempo de lectura":"2 minutos"},"schema":{"@context":"https:\/\/schema.org","@graph":[{"@type":"WebPage","@id":"https:\/\/supertortillamachines.com\/product\/c500-corn-tortilla-machine-restaurantero\/","url":"https:\/\/supertortillamachines.com\/product\/c500-corn-tortilla-machine-restaurantero\/","name":"Tortilladora de Ma\u00edz C500 - SUPER TORTILLA MACHINES","isPartOf":{"@id":"https:\/\/supertortillamachines.com\/#website"},"primaryImageOfPage":{"@id":"https:\/\/supertortillamachines.com\/product\/c500-corn-tortilla-machine-restaurantero\/#primaryimage"},"image":{"@id":"https:\/\/supertortillamachines.com\/product\/c500-corn-tortilla-machine-restaurantero\/#primaryimage"},"thumbnailUrl":"https:\/\/supertortillamachines.com\/wp-content\/uploads\/2025\/07\/c500-corn-tortilla-machine-3.jpg","datePublished":"2025-07-25T17:48:56+00:00","dateModified":"2025-09-18T16:35:56+00:00","description":"Esta es una gran m\u00e1quina para iniciar la producci\u00f3n de tortillas de ma\u00edz para su negocio o su casa y empezar a ofrecer reci\u00e9n hecho tortillas de ma\u00edz fresco.","breadcrumb":{"@id":"https:\/\/supertortillamachines.com\/product\/c500-corn-tortilla-machine-restaurantero\/#breadcrumb"},"inLanguage":"es","potentialAction":[{"@type":"ReadAction","target":["https:\/\/supertortillamachines.com\/product\/c500-corn-tortilla-machine-restaurantero\/"]}]},{"@type":"ImageObject","inLanguage":"es","@id":"https:\/\/supertortillamachines.com\/product\/c500-corn-tortilla-machine-restaurantero\/#primaryimage","url":"https:\/\/supertortillamachines.com\/wp-content\/uploads\/2025\/07\/c500-corn-tortilla-machine-3.jpg","contentUrl":"https:\/\/supertortillamachines.com\/wp-content\/uploads\/2025\/07\/c500-corn-tortilla-machine-3.jpg","width":1200,"height":1472,"caption":"C500 Corn Tortilla-Machine"},{"@type":"BreadcrumbList","@id":"https:\/\/supertortillamachines.com\/product\/c500-corn-tortilla-machine-restaurantero\/#breadcrumb","itemListElement":[{"@type":"ListItem","position":1,"name":"Home","item":"https:\/\/supertortillamachines.com\/"},{"@type":"ListItem","position":2,"name":"Shop","item":"https:\/\/supertortillamachines.com\/shop\/"},{"@type":"ListItem","position":3,"name":"C500 Corn Tortilla Machine"}]},{"@type":"WebSite","@id":"https:\/\/supertortillamachines.com\/#website","url":"https:\/\/supertortillamachines.com\/","name":"SUPER TORTILLADORAS","description":"Las mejores Tortilladoras Mexicanas","publisher":{"@id":"https:\/\/supertortillamachines.com\/#organization"},"potentialAction":[{"@type":"SearchAction","target":{"@type":"EntryPoint","urlTemplate":"https:\/\/supertortillamachines.com\/?s={search_term_string}"},"query-input":{"@type":"PropertyValueSpecification","valueRequired":true,"valueName":"search_term_string"}}],"inLanguage":"es"},{"@type":"Organization","@id":"https:\/\/supertortillamachines.com\/#organization","name":"SUPER TORTILLADORAS","url":"https:\/\/supertortillamachines.com\/","logo":{"@type":"ImageObject","inLanguage":"es","@id":"https:\/\/supertortillamachines.com\/#\/schema\/logo\/image\/","url":"https:\/\/supertortillamachines.com\/wp-content\/uploads\/2025\/07\/Supertortilla.jpg","contentUrl":"https:\/\/supertortillamachines.com\/wp-content\/uploads\/2025\/07\/Supertortilla.jpg","width":221,"height":177,"caption":" SUPER TORTILLA MACHINES "},"image":{"@id":"https:\/\/supertortillamachines.com\/#\/schema\/logo\/image\/"}}]}},"jetpack_sharing_enabled":true,"_links":{"self":[{"href":"https:\/\/supertortillamachines.com\/es\/wp-json\/wp\/v2\/product\/465","targetHints":{"allow":["GET"]}}],"collection":[{"href":"https:\/\/supertortillamachines.com\/es\/wp-json\/wp\/v2\/product"}],"about":[{"href":"https:\/\/supertortillamachines.com\/es\/wp-json\/wp\/v2\/types\/product"}],"wp:featuredmedia":[{"embeddable":true,"href":"https:\/\/supertortillamachines.com\/es\/wp-json\/wp\/v2\/media\/466"}],"wp:attachment":[{"href":"https:\/\/supertortillamachines.com\/es\/wp-json\/wp\/v2\/media?parent=465"}],"wp:term":[{"taxonomy":"product_brand","embeddable":true,"href":"https:\/\/supertortillamachines.com\/es\/wp-json\/wp\/v2\/product_brand?post=465"},{"taxonomy":"product_cat","embeddable":true,"href":"https:\/\/supertortillamachines.com\/es\/wp-json\/wp\/v2\/product_cat?post=465"},{"taxonomy":"product_tag","embeddable":true,"href":"https:\/\/supertortillamachines.com\/es\/wp-json\/wp\/v2\/product_tag?post=465"}],"curies":[{"name":"wp","href":"https:\/\/api.w.org\/{rel}","templated":true}]}}