{"id":481,"date":"2025-07-25T20:45:01","date_gmt":"2025-07-25T20:45:01","guid":{"rendered":"https:\/\/supertortillamachines.com\/?post_type=product&#038;p=481"},"modified":"2025-12-18T14:24:25","modified_gmt":"2025-12-18T14:24:25","slug":"freidora-para-totopos-y-tostadas","status":"publish","type":"product","link":"https:\/\/supertortillamachines.com\/es\/product\/fryer-for-totopos-and-tostadas\/","title":{"rendered":"Freidora para Totopos y Tostadas"},"content":{"rendered":"<p>\u00a1\u00a1\u00a1\u00a1Esta es una gran m\u00e1quina para empezar a hacer totopos fritos y tostadas!!!!<\/p>\n<p>Solo necesitas un hombre o mujer para operar estas maquinas, necesitas un espacio peque\u00f1o para acomodarla. No lo dudes, esta es la forma m\u00e1s f\u00e1cil de empezar en el rentable negocio de la tortilla.<\/p>\n<p>Tiene un dise\u00f1o muy compacto<\/p>\n<p>Las caracter\u00edsticas de la m\u00e1quina son<\/p>\n<ul>\n<li>Acero inoxidable.<\/li>\n<li>Formato peque\u00f1o<\/li>\n<li>Operaci\u00f3n de un solo hombre<\/li>\n<li>Usted puede hacer de 4,5 libras por corte<\/li>\n<li>Elabora totopos y tostadas de Nixtamal (ma\u00edz cocido) y maseca (harina de ma\u00edz).<\/li>\n<li>Corta 6 u 8 totopos y tiras<\/li>\n<li>Corta hasta 6.3\u2033 Tortillas<\/li>\n<\/ul>\n<p><strong>CARACTER\u00cdSTICAS DEL ART\u00cdCULO<\/strong><\/p>\n<ul>\n<li>\u00a04,5 libras por corte<\/li>\n<li>Para gas natural o propano<\/li>\n<li>Peso neto 121 lbs.<\/li>\n<li>Dimensiones de la m\u00e1quina: 35.5\u2033 Largo, 43.5\u2033 Ancho. 44\u2033 Altura<\/li>\n<li>Incluye 3 cortadores diferentes<\/li>\n<\/ul>\n<p><strong>Mira c\u00f3mo funciona en los siguientes v\u00eddeos<\/strong><\/p>\n<div class=\"lyte-wrapper\" style=\"width:640px;max-width:100%;margin:5px auto;\"><div class=\"lyMe\" id=\"WYL_2gfUpj4A5zk\"><div id=\"lyte_2gfUpj4A5zk\" data-src=\"https:\/\/supertortillamachines.com\/wp-content\/plugins\/wp-youtube-lyte\/lyteCache.php?origThumbUrl=%2F%2Fi.ytimg.com%2Fvi%2F2gfUpj4A5zk%2Fhqdefault.jpg\" class=\"pL\"><div class=\"tC\"><div class=\"tT\"><\/div><\/div><div class=\"play\"><\/div><div class=\"ctrl\"><div class=\"Lctrl\"><\/div><div class=\"Rctrl\"><\/div><\/div><\/div><noscript><a href=\"https:\/\/youtu.be\/2gfUpj4A5zk\" rel=\"nofollow\"><img fetchpriority=\"high\" decoding=\"async\" src=\"https:\/\/supertortillamachines.com\/wp-content\/plugins\/wp-youtube-lyte\/lyteCache.php?origThumbUrl=https%3A%2F%2Fi.ytimg.com%2Fvi%2F2gfUpj4A5zk%2F0.jpg\" alt=\"Miniatura de v\u00eddeo de YouTube\" width=\"640\" height=\"340\" \/><br \/>Ver este video en YouTube<\/a><\/noscript><\/div><\/div><div class=\"lL\" style=\"max-width:100%;width:640px;margin:5px auto;\"><\/div><\/p>\n<div>Estas m\u00e1quinas se fabrican bajo pedido y tardamos 15 d\u00edas laborables en enviarle su m\u00e1quina. Por favor, tenga esto en cuenta cuando haga su pedido.<\/div>\n<p>No lo dudes, tambi\u00e9n somos vendedores en ebay y puedes ver que somos un vendedor de confianza en <a href=\"https:\/\/feedback.ebay.com\/ws\/eBayISAPI.dll?ViewFeedback2&amp;userid=woodandheat&amp;ftab=AllFeedback\">eBay<\/a><\/p>\n<div><\/div>\n<div><a href=\"https:\/\/supertortillamachines.com\/es\/\">www.supertortillamachines.com<\/a><\/div>\n<div>Es la mejor opci\u00f3n en M\u00e1quinas tortilladoras de ma\u00edz para producci\u00f3n industrial. Somos una empresa con presencia en M\u00e9xico y Estados Unidos. Nuestras maquinas son de calidad hechas en Mexico y exportadas a nuestro almacen en USA. Es por eso que podemos enviar a un precio muy competitivo dentro de los EE.UU. y en todo el mundo.<\/div>\n<div><\/div>\n<div>Si usted est\u00e1 en los EE.UU. ser\u00e1 muy f\u00e1cil comprar de nosotros, porque somos una corporaci\u00f3n de EE.UU., usted no tendr\u00e1 que lidiar con las aduanas en cualquier momento. Usted s\u00f3lo tiene que pedir y recibir\u00e1 su m\u00e1quina en cualquier direcci\u00f3n de EE.UU. dentro de los estados continentales.<\/div>\n<div>\n<p>Nota importante: Esta m\u00e1quina no est\u00e1 dise\u00f1ada para TORTILLAS DE HARINA DE TRIGO.<\/p>\n<\/div>","protected":false},"excerpt":{"rendered":"<p>\u00a1Esta es una gran m\u00e1quina para empezar a hacer totopos fritos y tostadas! Corta 6 u 8 totopos y tiras, y hasta 6.3\u2033 Tortillas.<\/p>","protected":false},"featured_media":1572,"template":"","meta":{"om_disable_all_campaigns":false,"_monsterinsights_skip_tracking":false,"_monsterinsights_sitenote_active":false,"_monsterinsights_sitenote_note":"","_monsterinsights_sitenote_category":0},"product_brand":[57],"product_cat":[61,120,58],"product_tag":[91,97,93,96],"class_list":{"0":"post-481","1":"product","2":"type-product","3":"status-publish","4":"has-post-thumbnail","6":"product_brand-super-tortilla-machines","7":"product_cat-commercial-production-corn-flour-tortilla-machines","8":"product_cat-components","9":"product_cat-corn-flour-tortilla-machines","10":"product_tag-fryer","11":"product_tag-nacho","12":"product_tag-tostada","13":"product_tag-totopo","15":"first","16":"instock","17":"shipping-taxable","18":"purchasable","19":"product-type-variable"},"yoast_head":"<!-- This site is optimized with the Yoast SEO plugin v27.3 - https:\/\/yoast.com\/product\/yoast-seo-wordpress\/ -->\n<title>Fryer for Totopos and Tostadas - SUPER TORTILLA MACHINES<\/title>\n<meta name=\"description\" content=\"This is a great machine to start making fried totopos and tostadas! Cuts 6 or 8 totopos and strips, and up to 6.3&quot; Tortillas.\" \/>\n<meta name=\"robots\" content=\"index, follow, max-snippet:-1, max-image-preview:large, max-video-preview:-1\" \/>\n<link rel=\"canonical\" href=\"https:\/\/supertortillamachines.com\/es\/producto\/freidora-para-totopos-y-tostadas\/\" \/>\n<meta property=\"og:locale\" content=\"es_MX\" \/>\n<meta property=\"og:type\" content=\"article\" \/>\n<meta property=\"og:title\" content=\"Fryer for Totopos and Tostadas - SUPER TORTILLA MACHINES\" \/>\n<meta property=\"og:description\" content=\"This is a great machine to start making fried totopos and tostadas! Cuts 6 or 8 totopos and strips, and up to 6.3&quot; Tortillas.\" \/>\n<meta property=\"og:url\" content=\"https:\/\/supertortillamachines.com\/es\/producto\/freidora-para-totopos-y-tostadas\/\" \/>\n<meta property=\"og:site_name\" content=\"SUPER TORTILLA MACHINES\" \/>\n<meta property=\"article:modified_time\" content=\"2025-12-18T14:24:25+00:00\" \/>\n<meta property=\"og:image\" content=\"https:\/\/supertortillamachines.com\/wp-content\/uploads\/2025\/07\/fryer-totopos-1.jpg\" \/>\n\t<meta property=\"og:image:width\" content=\"1500\" \/>\n\t<meta property=\"og:image:height\" content=\"1125\" \/>\n\t<meta property=\"og:image:type\" content=\"image\/jpeg\" \/>\n<meta name=\"twitter:card\" content=\"summary_large_image\" \/>\n<meta name=\"twitter:label1\" content=\"Tiempo de lectura\" \/>\n\t<meta name=\"twitter:data1\" content=\"2 minutos\" \/>\n<script type=\"application\/ld+json\" class=\"yoast-schema-graph\">{\"@context\":\"https:\\\/\\\/schema.org\",\"@graph\":[{\"@type\":\"WebPage\",\"@id\":\"https:\\\/\\\/supertortillamachines.com\\\/product\\\/fryer-for-totopos-and-tostadas\\\/\",\"url\":\"https:\\\/\\\/supertortillamachines.com\\\/product\\\/fryer-for-totopos-and-tostadas\\\/\",\"name\":\"Fryer for Totopos and Tostadas - SUPER TORTILLA MACHINES\",\"isPartOf\":{\"@id\":\"https:\\\/\\\/supertortillamachines.com\\\/#website\"},\"primaryImageOfPage\":{\"@id\":\"https:\\\/\\\/supertortillamachines.com\\\/product\\\/fryer-for-totopos-and-tostadas\\\/#primaryimage\"},\"image\":{\"@id\":\"https:\\\/\\\/supertortillamachines.com\\\/product\\\/fryer-for-totopos-and-tostadas\\\/#primaryimage\"},\"thumbnailUrl\":\"https:\\\/\\\/supertortillamachines.com\\\/wp-content\\\/uploads\\\/2025\\\/07\\\/fryer-totopos-1.jpg\",\"datePublished\":\"2025-07-25T20:45:01+00:00\",\"dateModified\":\"2025-12-18T14:24:25+00:00\",\"description\":\"This is a great machine to start making fried totopos and tostadas! Cuts 6 or 8 totopos and strips, and up to 6.3\\\" Tortillas.\",\"breadcrumb\":{\"@id\":\"https:\\\/\\\/supertortillamachines.com\\\/product\\\/fryer-for-totopos-and-tostadas\\\/#breadcrumb\"},\"inLanguage\":\"es\",\"potentialAction\":[{\"@type\":\"ReadAction\",\"target\":[\"https:\\\/\\\/supertortillamachines.com\\\/product\\\/fryer-for-totopos-and-tostadas\\\/\"]}]},{\"@type\":\"ImageObject\",\"inLanguage\":\"es\",\"@id\":\"https:\\\/\\\/supertortillamachines.com\\\/product\\\/fryer-for-totopos-and-tostadas\\\/#primaryimage\",\"url\":\"https:\\\/\\\/supertortillamachines.com\\\/wp-content\\\/uploads\\\/2025\\\/07\\\/fryer-totopos-1.jpg\",\"contentUrl\":\"https:\\\/\\\/supertortillamachines.com\\\/wp-content\\\/uploads\\\/2025\\\/07\\\/fryer-totopos-1.jpg\",\"width\":1500,\"height\":1125,\"caption\":\"Totopos Fryer\"},{\"@type\":\"BreadcrumbList\",\"@id\":\"https:\\\/\\\/supertortillamachines.com\\\/product\\\/fryer-for-totopos-and-tostadas\\\/#breadcrumb\",\"itemListElement\":[{\"@type\":\"ListItem\",\"position\":1,\"name\":\"Home\",\"item\":\"https:\\\/\\\/supertortillamachines.com\\\/\"},{\"@type\":\"ListItem\",\"position\":2,\"name\":\"Shop\",\"item\":\"https:\\\/\\\/supertortillamachines.com\\\/shop\\\/\"},{\"@type\":\"ListItem\",\"position\":3,\"name\":\"Fryer for Totopos and Tostadas\"}]},{\"@type\":\"WebSite\",\"@id\":\"https:\\\/\\\/supertortillamachines.com\\\/#website\",\"url\":\"https:\\\/\\\/supertortillamachines.com\\\/\",\"name\":\"SUPER TORTILLA MACHINES\",\"description\":\"The best Mexican Tortilla Machines\",\"publisher\":{\"@id\":\"https:\\\/\\\/supertortillamachines.com\\\/#organization\"},\"potentialAction\":[{\"@type\":\"SearchAction\",\"target\":{\"@type\":\"EntryPoint\",\"urlTemplate\":\"https:\\\/\\\/supertortillamachines.com\\\/?s={search_term_string}\"},\"query-input\":{\"@type\":\"PropertyValueSpecification\",\"valueRequired\":true,\"valueName\":\"search_term_string\"}}],\"inLanguage\":\"es\"},{\"@type\":\"Organization\",\"@id\":\"https:\\\/\\\/supertortillamachines.com\\\/#organization\",\"name\":\"SUPER TORTILLA MACHINES\",\"url\":\"https:\\\/\\\/supertortillamachines.com\\\/\",\"logo\":{\"@type\":\"ImageObject\",\"inLanguage\":\"es\",\"@id\":\"https:\\\/\\\/supertortillamachines.com\\\/#\\\/schema\\\/logo\\\/image\\\/\",\"url\":\"https:\\\/\\\/supertortillamachines.com\\\/wp-content\\\/uploads\\\/2025\\\/07\\\/Supertortilla.jpg\",\"contentUrl\":\"https:\\\/\\\/supertortillamachines.com\\\/wp-content\\\/uploads\\\/2025\\\/07\\\/Supertortilla.jpg\",\"width\":221,\"height\":177,\"caption\":\" SUPER TORTILLA MACHINES \"},\"image\":{\"@id\":\"https:\\\/\\\/supertortillamachines.com\\\/#\\\/schema\\\/logo\\\/image\\\/\"}}]}<\/script>\n<!-- \/ Yoast SEO plugin. -->","yoast_head_json":{"title":"Freidora para Totopos y Tostadas - SUPER TORTILLA MACHINES","description":"\u00a1Esta es una gran m\u00e1quina para empezar a hacer totopos fritos y tostadas! Corta 6 u 8 totopos y tiras, y Tortillas de hasta 6.3\".","robots":{"index":"index","follow":"follow","max-snippet":"max-snippet:-1","max-image-preview":"max-image-preview:large","max-video-preview":"max-video-preview:-1"},"canonical":"https:\/\/supertortillamachines.com\/es\/producto\/freidora-para-totopos-y-tostadas\/","og_locale":"es_MX","og_type":"article","og_title":"Fryer for Totopos and Tostadas - SUPER TORTILLA MACHINES","og_description":"This is a great machine to start making fried totopos and tostadas! Cuts 6 or 8 totopos and strips, and up to 6.3\" Tortillas.","og_url":"https:\/\/supertortillamachines.com\/es\/producto\/freidora-para-totopos-y-tostadas\/","og_site_name":"SUPER TORTILLA MACHINES","article_modified_time":"2025-12-18T14:24:25+00:00","og_image":[{"width":1500,"height":1125,"url":"https:\/\/supertortillamachines.com\/wp-content\/uploads\/2025\/07\/fryer-totopos-1.jpg","type":"image\/jpeg"}],"twitter_card":"summary_large_image","twitter_misc":{"Tiempo de lectura":"2 minutos"},"schema":{"@context":"https:\/\/schema.org","@graph":[{"@type":"WebPage","@id":"https:\/\/supertortillamachines.com\/product\/fryer-for-totopos-and-tostadas\/","url":"https:\/\/supertortillamachines.com\/product\/fryer-for-totopos-and-tostadas\/","name":"Freidora para Totopos y Tostadas - SUPER TORTILLA MACHINES","isPartOf":{"@id":"https:\/\/supertortillamachines.com\/#website"},"primaryImageOfPage":{"@id":"https:\/\/supertortillamachines.com\/product\/fryer-for-totopos-and-tostadas\/#primaryimage"},"image":{"@id":"https:\/\/supertortillamachines.com\/product\/fryer-for-totopos-and-tostadas\/#primaryimage"},"thumbnailUrl":"https:\/\/supertortillamachines.com\/wp-content\/uploads\/2025\/07\/fryer-totopos-1.jpg","datePublished":"2025-07-25T20:45:01+00:00","dateModified":"2025-12-18T14:24:25+00:00","description":"\u00a1Esta es una gran m\u00e1quina para empezar a hacer totopos fritos y tostadas! Corta 6 u 8 totopos y tiras, y Tortillas de hasta 6.3\".","breadcrumb":{"@id":"https:\/\/supertortillamachines.com\/product\/fryer-for-totopos-and-tostadas\/#breadcrumb"},"inLanguage":"es","potentialAction":[{"@type":"ReadAction","target":["https:\/\/supertortillamachines.com\/product\/fryer-for-totopos-and-tostadas\/"]}]},{"@type":"ImageObject","inLanguage":"es","@id":"https:\/\/supertortillamachines.com\/product\/fryer-for-totopos-and-tostadas\/#primaryimage","url":"https:\/\/supertortillamachines.com\/wp-content\/uploads\/2025\/07\/fryer-totopos-1.jpg","contentUrl":"https:\/\/supertortillamachines.com\/wp-content\/uploads\/2025\/07\/fryer-totopos-1.jpg","width":1500,"height":1125,"caption":"Totopos Fryer"},{"@type":"BreadcrumbList","@id":"https:\/\/supertortillamachines.com\/product\/fryer-for-totopos-and-tostadas\/#breadcrumb","itemListElement":[{"@type":"ListItem","position":1,"name":"Home","item":"https:\/\/supertortillamachines.com\/"},{"@type":"ListItem","position":2,"name":"Shop","item":"https:\/\/supertortillamachines.com\/shop\/"},{"@type":"ListItem","position":3,"name":"Fryer for Totopos and Tostadas"}]},{"@type":"WebSite","@id":"https:\/\/supertortillamachines.com\/#website","url":"https:\/\/supertortillamachines.com\/","name":"SUPER TORTILLADORAS","description":"Las mejores Tortilladoras Mexicanas","publisher":{"@id":"https:\/\/supertortillamachines.com\/#organization"},"potentialAction":[{"@type":"SearchAction","target":{"@type":"EntryPoint","urlTemplate":"https:\/\/supertortillamachines.com\/?s={search_term_string}"},"query-input":{"@type":"PropertyValueSpecification","valueRequired":true,"valueName":"search_term_string"}}],"inLanguage":"es"},{"@type":"Organization","@id":"https:\/\/supertortillamachines.com\/#organization","name":"SUPER TORTILLADORAS","url":"https:\/\/supertortillamachines.com\/","logo":{"@type":"ImageObject","inLanguage":"es","@id":"https:\/\/supertortillamachines.com\/#\/schema\/logo\/image\/","url":"https:\/\/supertortillamachines.com\/wp-content\/uploads\/2025\/07\/Supertortilla.jpg","contentUrl":"https:\/\/supertortillamachines.com\/wp-content\/uploads\/2025\/07\/Supertortilla.jpg","width":221,"height":177,"caption":" SUPER TORTILLA MACHINES "},"image":{"@id":"https:\/\/supertortillamachines.com\/#\/schema\/logo\/image\/"}}]}},"jetpack_sharing_enabled":true,"_links":{"self":[{"href":"https:\/\/supertortillamachines.com\/es\/wp-json\/wp\/v2\/product\/481","targetHints":{"allow":["GET"]}}],"collection":[{"href":"https:\/\/supertortillamachines.com\/es\/wp-json\/wp\/v2\/product"}],"about":[{"href":"https:\/\/supertortillamachines.com\/es\/wp-json\/wp\/v2\/types\/product"}],"wp:featuredmedia":[{"embeddable":true,"href":"https:\/\/supertortillamachines.com\/es\/wp-json\/wp\/v2\/media\/1572"}],"wp:attachment":[{"href":"https:\/\/supertortillamachines.com\/es\/wp-json\/wp\/v2\/media?parent=481"}],"wp:term":[{"taxonomy":"product_brand","embeddable":true,"href":"https:\/\/supertortillamachines.com\/es\/wp-json\/wp\/v2\/product_brand?post=481"},{"taxonomy":"product_cat","embeddable":true,"href":"https:\/\/supertortillamachines.com\/es\/wp-json\/wp\/v2\/product_cat?post=481"},{"taxonomy":"product_tag","embeddable":true,"href":"https:\/\/supertortillamachines.com\/es\/wp-json\/wp\/v2\/product_tag?post=481"}],"curies":[{"name":"wp","href":"https:\/\/api.w.org\/{rel}","templated":true}]}}