{"id":484,"date":"2025-07-25T21:16:25","date_gmt":"2025-07-25T21:16:25","guid":{"rendered":"https:\/\/supertortillamachines.com\/?post_type=product&#038;p=484"},"modified":"2025-09-18T16:35:55","modified_gmt":"2025-09-18T16:35:55","slug":"enfriador-de-tortillas-9-nivel-alta-produccion","status":"publish","type":"product","link":"https:\/\/supertortillamachines.com\/es\/product\/tortilla-cooler-9-level-high-production\/","title":{"rendered":"Enfriador de tortillas 9 niveles Alta producci\u00f3n"},"content":{"rendered":"<p><strong>DESCRIPCI\u00d3N DEL ART\u00cdCULO\u00a0<\/strong><\/p>\n<p>\u00a1\u00a1\u00a1\u00a1Esta es una gran m\u00e1quina para completar su equipo de tortilladoras de alta producci\u00f3n !!!!<\/p>\n<p>Esta m\u00e1quina se utiliza para enfriar las tortillas que acaban de salir de la parrilla y as\u00ed poder envasarlas, ya que no se pueden envasar si est\u00e1n demasiado calientes. De esta m\u00e1quina saldr\u00e1n tortillas listas para envasar.<\/p>\n<p>&nbsp;<\/p>\n<div class=\"hdvideomaxwidth\">\n<div class=\"hdvideowrapper\"><div class=\"lyte-wrapper\" style=\"width:640px;max-width:100%;margin:5px auto;\"><div class=\"lyMe\" id=\"WYL_YKsrJYQBhP0\"><div id=\"lyte_YKsrJYQBhP0\" data-src=\"https:\/\/supertortillamachines.com\/wp-content\/plugins\/wp-youtube-lyte\/lyteCache.php?origThumbUrl=%2F%2Fi.ytimg.com%2Fvi%2FYKsrJYQBhP0%2Fhqdefault.jpg\" class=\"pL\"><div class=\"tC\"><div class=\"tT\"><\/div><\/div><div class=\"play\"><\/div><div class=\"ctrl\"><div class=\"Lctrl\"><\/div><div class=\"Rctrl\"><\/div><\/div><\/div><noscript><a href=\"https:\/\/youtu.be\/YKsrJYQBhP0\" rel=\"nofollow\"><img fetchpriority=\"high\" decoding=\"async\" src=\"https:\/\/supertortillamachines.com\/wp-content\/plugins\/wp-youtube-lyte\/lyteCache.php?origThumbUrl=https%3A%2F%2Fi.ytimg.com%2Fvi%2FYKsrJYQBhP0%2F0.jpg\" alt=\"Miniatura de v\u00eddeo de YouTube\" width=\"640\" height=\"340\" \/><br \/>Ver este video en YouTube<\/a><\/noscript><\/div><\/div><div class=\"lL\" style=\"max-width:100%;width:640px;margin:5px auto;\"><\/div><\/div>\n<\/div>\n<div class=\"hdvideomaxwidth\">\n<div class=\"hdvideowrapper\"><div class=\"lyte-wrapper\" style=\"width:640px;max-width:100%;margin:5px auto;\"><div class=\"lyMe\" id=\"WYL_h6beYr4uNeo\"><div id=\"lyte_h6beYr4uNeo\" data-src=\"https:\/\/supertortillamachines.com\/wp-content\/plugins\/wp-youtube-lyte\/lyteCache.php?origThumbUrl=%2F%2Fi.ytimg.com%2Fvi%2Fh6beYr4uNeo%2Fhqdefault.jpg\" class=\"pL\"><div class=\"tC\"><div class=\"tT\"><\/div><\/div><div class=\"play\"><\/div><div class=\"ctrl\"><div class=\"Lctrl\"><\/div><div class=\"Rctrl\"><\/div><\/div><\/div><noscript><a href=\"https:\/\/youtu.be\/h6beYr4uNeo\" rel=\"nofollow\"><img decoding=\"async\" src=\"https:\/\/supertortillamachines.com\/wp-content\/plugins\/wp-youtube-lyte\/lyteCache.php?origThumbUrl=https%3A%2F%2Fi.ytimg.com%2Fvi%2Fh6beYr4uNeo%2F0.jpg\" alt=\"Miniatura de v\u00eddeo de YouTube\" width=\"640\" height=\"340\" \/><br \/>Ver este video en YouTube<\/a><\/noscript><\/div><\/div><div class=\"lL\" style=\"max-width:100%;width:640px;margin:5px auto;\"><\/div><\/div>\n<\/div>\n<hr \/>\n<p><strong>CARACTER\u00cdSTICAS<\/strong><\/p>\n<p>&nbsp;<\/p>\n<ul>\n<li>Para tortilla de ma\u00edz y harina de trigo<\/li>\n<li>Enfr\u00eda las tortillas a temperatura ambiente para poder envasarlas<\/li>\n<li>9 Niveles<\/li>\n<\/ul>\n<p>&nbsp;<\/p>\n<hr \/>\n<p><strong>CARACTER\u00cdSTICAS DEL ART\u00cdCULO Y DETALLES T\u00c9CNICOS<\/strong><\/p>\n<table class=\"table table-bordered\">\n<tbody>\n<tr>\n<td>Especificaciones el\u00e9ctricas:<\/td>\n<td>\u00a0 \u00a0 \u00a0 \u00a0 \u00a0 \u00a0 110v 60Hz \/ 220-240v 60H<\/td>\n<\/tr>\n<tr>\n<td><\/td>\n<td><\/td>\n<\/tr>\n<tr>\n<td>Dimensiones de la m\u00e1quina:<\/td>\n<td>\n<blockquote><p>Longitud de 20 pies, transportador de 36\u2033 de ancho<\/p><\/blockquote>\n<\/td>\n<\/tr>\n<\/tbody>\n<\/table>\n<p>&nbsp;<\/p>\n<div>Estas m\u00e1quinas se fabrican bajo pedido y tardamos entre 50 y 60 d\u00edas laborables en enviarle su m\u00e1quina. Por favor, t\u00e9ngalo en cuenta a la hora de realizar su pedido.<\/div>\n<div>\n<div><\/div>\n<\/div>\n<p>No lo dudes, tambi\u00e9n somos vendedores en ebay y puedes ver que somos un vendedor de confianza en<\/p>\n<p>&nbsp;<\/p>\n<div><\/div>\n<div><a href=\"http:\/\/feedback.ebay.com\/ws\/eBayISAPI.dll?ViewFeedback2&amp;userid=woodandheat&amp;ftab=AllFeedback\">http:\/\/feedback.ebay.com\/ws\/eBayISAPI.dll?ViewFeedback2&amp;userid=woodandheat&amp;ftab=AllFeedback<\/a><\/div>\n<div><a href=\"http:\/\/weebly-link\/607398779830849657\">www.supertortillamachines.com<\/a><\/div>\n<div>Es la mejor opci\u00f3n en M\u00e1quinas tortilladoras de ma\u00edz para producci\u00f3n industrial. Somos una empresa con presencia en M\u00e9xico y Estados Unidos. Nuestras maquinas son de calidad hechas en Mexico y exportadas a nuestro almacen en USA. Es por eso que podemos enviar a un precio muy competitivo dentro de los EE.UU. y en todo el mundo.<\/div>\n<div><\/div>\n<div><\/div>\n<div>Si usted est\u00e1 en los EE.UU. ser\u00e1 muy f\u00e1cil comprar de nosotros, porque somos una corporaci\u00f3n de EE.UU., usted no tendr\u00e1 que lidiar con las aduanas en cualquier momento. Usted s\u00f3lo tiene que pedir y recibir\u00e1 su m\u00e1quina en cualquier direcci\u00f3n de EE.UU. dentro de los estados continentales.<\/div>\n<div><\/div>\n<div><\/div>","protected":false},"excerpt":{"rendered":"<p>Esta m\u00e1quina sirve para enfriar las tortillas que acaban de salir de la parrilla para poder envasarlas, ya que no se pueden envasar si est\u00e1n demasiado calientes.<\/p>","protected":false},"featured_media":485,"template":"","meta":{"om_disable_all_campaigns":false,"_monsterinsights_skip_tracking":false,"_monsterinsights_sitenote_active":false,"_monsterinsights_sitenote_note":"","_monsterinsights_sitenote_category":0},"product_brand":[57],"product_cat":[61,58],"product_tag":[98,99,73],"class_list":{"0":"post-484","1":"product","2":"type-product","3":"status-publish","4":"has-post-thumbnail","6":"product_brand-super-tortilla-machines","7":"product_cat-commercial-production-corn-flour-tortilla-machines","8":"product_cat-corn-flour-tortilla-machines","9":"product_tag-cooler","10":"product_tag-packaging","11":"product_tag-tortilla","13":"first","14":"instock","15":"shipping-taxable","16":"purchasable","17":"product-type-variable"},"yoast_head":"<!-- This site is optimized with the Yoast SEO plugin v27.3 - https:\/\/yoast.com\/product\/yoast-seo-wordpress\/ -->\n<title>Tortilla Cooler 9 Levels High production - SUPER TORTILLA MACHINES<\/title>\n<meta name=\"description\" content=\"This machine is used to cool down the tortillas that just come from the grill so you can package them, because they can not be package if they are too hot.\" \/>\n<meta name=\"robots\" content=\"index, follow, max-snippet:-1, max-image-preview:large, max-video-preview:-1\" \/>\n<link rel=\"canonical\" href=\"https:\/\/supertortillamachines.com\/es\/producto\/enfriador-de-tortillas-9-nivel-alta-produccion\/\" \/>\n<meta property=\"og:locale\" content=\"es_MX\" \/>\n<meta property=\"og:type\" content=\"article\" \/>\n<meta property=\"og:title\" content=\"Tortilla Cooler 9 Levels High production - SUPER TORTILLA MACHINES\" \/>\n<meta property=\"og:description\" content=\"This machine is used to cool down the tortillas that just come from the grill so you can package them, because they can not be package if they are too hot.\" \/>\n<meta property=\"og:url\" content=\"https:\/\/supertortillamachines.com\/es\/producto\/enfriador-de-tortillas-9-nivel-alta-produccion\/\" \/>\n<meta property=\"og:site_name\" content=\"SUPER TORTILLA MACHINES\" \/>\n<meta property=\"article:modified_time\" content=\"2025-09-18T16:35:55+00:00\" \/>\n<meta property=\"og:image\" content=\"https:\/\/supertortillamachines.com\/wp-content\/uploads\/2025\/07\/tortilla-cooler-9-levels-1.jpg\" \/>\n\t<meta property=\"og:image:width\" content=\"1440\" \/>\n\t<meta property=\"og:image:height\" content=\"1080\" \/>\n\t<meta property=\"og:image:type\" content=\"image\/jpeg\" \/>\n<meta name=\"twitter:card\" content=\"summary_large_image\" \/>\n<meta name=\"twitter:label1\" content=\"Tiempo de lectura\" \/>\n\t<meta name=\"twitter:data1\" content=\"2 minutos\" \/>\n<script type=\"application\/ld+json\" class=\"yoast-schema-graph\">{\"@context\":\"https:\\\/\\\/schema.org\",\"@graph\":[{\"@type\":\"WebPage\",\"@id\":\"https:\\\/\\\/supertortillamachines.com\\\/es\\\/producto\\\/enfriador-de-tortillas-9-nivel-alta-produccion\\\/\",\"url\":\"https:\\\/\\\/supertortillamachines.com\\\/es\\\/producto\\\/enfriador-de-tortillas-9-nivel-alta-produccion\\\/\",\"name\":\"Tortilla Cooler 9 Levels High production - SUPER TORTILLA MACHINES\",\"isPartOf\":{\"@id\":\"https:\\\/\\\/supertortillamachines.com\\\/#website\"},\"primaryImageOfPage\":{\"@id\":\"https:\\\/\\\/supertortillamachines.com\\\/es\\\/producto\\\/enfriador-de-tortillas-9-nivel-alta-produccion\\\/#primaryimage\"},\"image\":{\"@id\":\"https:\\\/\\\/supertortillamachines.com\\\/es\\\/producto\\\/enfriador-de-tortillas-9-nivel-alta-produccion\\\/#primaryimage\"},\"thumbnailUrl\":\"https:\\\/\\\/supertortillamachines.com\\\/wp-content\\\/uploads\\\/2025\\\/07\\\/tortilla-cooler-9-levels-1.jpg\",\"datePublished\":\"2025-07-25T21:16:25+00:00\",\"dateModified\":\"2025-09-18T16:35:55+00:00\",\"description\":\"This machine is used to cool down the tortillas that just come from the grill so you can package them, because they can not be package if they are too hot.\",\"breadcrumb\":{\"@id\":\"https:\\\/\\\/supertortillamachines.com\\\/es\\\/producto\\\/enfriador-de-tortillas-9-nivel-alta-produccion\\\/#breadcrumb\"},\"inLanguage\":\"es\",\"potentialAction\":[{\"@type\":\"ReadAction\",\"target\":[\"https:\\\/\\\/supertortillamachines.com\\\/es\\\/producto\\\/enfriador-de-tortillas-9-nivel-alta-produccion\\\/\"]}]},{\"@type\":\"ImageObject\",\"inLanguage\":\"es\",\"@id\":\"https:\\\/\\\/supertortillamachines.com\\\/es\\\/producto\\\/enfriador-de-tortillas-9-nivel-alta-produccion\\\/#primaryimage\",\"url\":\"https:\\\/\\\/supertortillamachines.com\\\/wp-content\\\/uploads\\\/2025\\\/07\\\/tortilla-cooler-9-levels-1.jpg\",\"contentUrl\":\"https:\\\/\\\/supertortillamachines.com\\\/wp-content\\\/uploads\\\/2025\\\/07\\\/tortilla-cooler-9-levels-1.jpg\",\"width\":1440,\"height\":1080,\"caption\":\"Tortilla Cooler 9 Levels\"},{\"@type\":\"BreadcrumbList\",\"@id\":\"https:\\\/\\\/supertortillamachines.com\\\/es\\\/producto\\\/enfriador-de-tortillas-9-nivel-alta-produccion\\\/#breadcrumb\",\"itemListElement\":[{\"@type\":\"ListItem\",\"position\":1,\"name\":\"Home\",\"item\":\"https:\\\/\\\/supertortillamachines.com\\\/\"},{\"@type\":\"ListItem\",\"position\":2,\"name\":\"Shop\",\"item\":\"https:\\\/\\\/supertortillamachines.com\\\/shop\\\/\"},{\"@type\":\"ListItem\",\"position\":3,\"name\":\"Tortilla Cooler 9 Levels High production\"}]},{\"@type\":\"WebSite\",\"@id\":\"https:\\\/\\\/supertortillamachines.com\\\/#website\",\"url\":\"https:\\\/\\\/supertortillamachines.com\\\/\",\"name\":\"SUPER TORTILLA MACHINES\",\"description\":\"The best Mexican Tortilla Machines\",\"publisher\":{\"@id\":\"https:\\\/\\\/supertortillamachines.com\\\/#organization\"},\"potentialAction\":[{\"@type\":\"SearchAction\",\"target\":{\"@type\":\"EntryPoint\",\"urlTemplate\":\"https:\\\/\\\/supertortillamachines.com\\\/?s={search_term_string}\"},\"query-input\":{\"@type\":\"PropertyValueSpecification\",\"valueRequired\":true,\"valueName\":\"search_term_string\"}}],\"inLanguage\":\"es\"},{\"@type\":\"Organization\",\"@id\":\"https:\\\/\\\/supertortillamachines.com\\\/#organization\",\"name\":\"SUPER TORTILLA MACHINES\",\"url\":\"https:\\\/\\\/supertortillamachines.com\\\/\",\"logo\":{\"@type\":\"ImageObject\",\"inLanguage\":\"es\",\"@id\":\"https:\\\/\\\/supertortillamachines.com\\\/#\\\/schema\\\/logo\\\/image\\\/\",\"url\":\"https:\\\/\\\/supertortillamachines.com\\\/wp-content\\\/uploads\\\/2025\\\/07\\\/Supertortilla.jpg\",\"contentUrl\":\"https:\\\/\\\/supertortillamachines.com\\\/wp-content\\\/uploads\\\/2025\\\/07\\\/Supertortilla.jpg\",\"width\":221,\"height\":177,\"caption\":\" SUPER TORTILLA MACHINES \"},\"image\":{\"@id\":\"https:\\\/\\\/supertortillamachines.com\\\/#\\\/schema\\\/logo\\\/image\\\/\"}}]}<\/script>\n<!-- \/ Yoast SEO plugin. -->","yoast_head_json":{"title":"Enfriador de Tortillas 9 Niveles Alta producci\u00f3n - SUPER TORTILLA MACHINES","description":"Esta m\u00e1quina sirve para enfriar las tortillas que acaban de salir de la parrilla para poder envasarlas, ya que no se pueden envasar si est\u00e1n demasiado calientes.","robots":{"index":"index","follow":"follow","max-snippet":"max-snippet:-1","max-image-preview":"max-image-preview:large","max-video-preview":"max-video-preview:-1"},"canonical":"https:\/\/supertortillamachines.com\/es\/producto\/enfriador-de-tortillas-9-nivel-alta-produccion\/","og_locale":"es_MX","og_type":"article","og_title":"Tortilla Cooler 9 Levels High production - SUPER TORTILLA MACHINES","og_description":"This machine is used to cool down the tortillas that just come from the grill so you can package them, because they can not be package if they are too hot.","og_url":"https:\/\/supertortillamachines.com\/es\/producto\/enfriador-de-tortillas-9-nivel-alta-produccion\/","og_site_name":"SUPER TORTILLA MACHINES","article_modified_time":"2025-09-18T16:35:55+00:00","og_image":[{"width":1440,"height":1080,"url":"https:\/\/supertortillamachines.com\/wp-content\/uploads\/2025\/07\/tortilla-cooler-9-levels-1.jpg","type":"image\/jpeg"}],"twitter_card":"summary_large_image","twitter_misc":{"Tiempo de lectura":"2 minutos"},"schema":{"@context":"https:\/\/schema.org","@graph":[{"@type":"WebPage","@id":"https:\/\/supertortillamachines.com\/es\/producto\/enfriador-de-tortillas-9-nivel-alta-produccion\/","url":"https:\/\/supertortillamachines.com\/es\/producto\/enfriador-de-tortillas-9-nivel-alta-produccion\/","name":"Enfriador de Tortillas 9 Niveles Alta producci\u00f3n - SUPER TORTILLA MACHINES","isPartOf":{"@id":"https:\/\/supertortillamachines.com\/#website"},"primaryImageOfPage":{"@id":"https:\/\/supertortillamachines.com\/es\/producto\/enfriador-de-tortillas-9-nivel-alta-produccion\/#primaryimage"},"image":{"@id":"https:\/\/supertortillamachines.com\/es\/producto\/enfriador-de-tortillas-9-nivel-alta-produccion\/#primaryimage"},"thumbnailUrl":"https:\/\/supertortillamachines.com\/wp-content\/uploads\/2025\/07\/tortilla-cooler-9-levels-1.jpg","datePublished":"2025-07-25T21:16:25+00:00","dateModified":"2025-09-18T16:35:55+00:00","description":"Esta m\u00e1quina sirve para enfriar las tortillas que acaban de salir de la parrilla para poder envasarlas, ya que no se pueden envasar si est\u00e1n demasiado calientes.","breadcrumb":{"@id":"https:\/\/supertortillamachines.com\/es\/producto\/enfriador-de-tortillas-9-nivel-alta-produccion\/#breadcrumb"},"inLanguage":"es","potentialAction":[{"@type":"ReadAction","target":["https:\/\/supertortillamachines.com\/es\/producto\/enfriador-de-tortillas-9-nivel-alta-produccion\/"]}]},{"@type":"ImageObject","inLanguage":"es","@id":"https:\/\/supertortillamachines.com\/es\/producto\/enfriador-de-tortillas-9-nivel-alta-produccion\/#primaryimage","url":"https:\/\/supertortillamachines.com\/wp-content\/uploads\/2025\/07\/tortilla-cooler-9-levels-1.jpg","contentUrl":"https:\/\/supertortillamachines.com\/wp-content\/uploads\/2025\/07\/tortilla-cooler-9-levels-1.jpg","width":1440,"height":1080,"caption":"Tortilla Cooler 9 Levels"},{"@type":"BreadcrumbList","@id":"https:\/\/supertortillamachines.com\/es\/producto\/enfriador-de-tortillas-9-nivel-alta-produccion\/#breadcrumb","itemListElement":[{"@type":"ListItem","position":1,"name":"Home","item":"https:\/\/supertortillamachines.com\/"},{"@type":"ListItem","position":2,"name":"Shop","item":"https:\/\/supertortillamachines.com\/shop\/"},{"@type":"ListItem","position":3,"name":"Tortilla Cooler 9 Levels High production"}]},{"@type":"WebSite","@id":"https:\/\/supertortillamachines.com\/#website","url":"https:\/\/supertortillamachines.com\/","name":"SUPER TORTILLADORAS","description":"Las mejores Tortilladoras Mexicanas","publisher":{"@id":"https:\/\/supertortillamachines.com\/#organization"},"potentialAction":[{"@type":"SearchAction","target":{"@type":"EntryPoint","urlTemplate":"https:\/\/supertortillamachines.com\/?s={search_term_string}"},"query-input":{"@type":"PropertyValueSpecification","valueRequired":true,"valueName":"search_term_string"}}],"inLanguage":"es"},{"@type":"Organization","@id":"https:\/\/supertortillamachines.com\/#organization","name":"SUPER TORTILLADORAS","url":"https:\/\/supertortillamachines.com\/","logo":{"@type":"ImageObject","inLanguage":"es","@id":"https:\/\/supertortillamachines.com\/#\/schema\/logo\/image\/","url":"https:\/\/supertortillamachines.com\/wp-content\/uploads\/2025\/07\/Supertortilla.jpg","contentUrl":"https:\/\/supertortillamachines.com\/wp-content\/uploads\/2025\/07\/Supertortilla.jpg","width":221,"height":177,"caption":" SUPER TORTILLA MACHINES "},"image":{"@id":"https:\/\/supertortillamachines.com\/#\/schema\/logo\/image\/"}}]}},"jetpack_sharing_enabled":true,"_links":{"self":[{"href":"https:\/\/supertortillamachines.com\/es\/wp-json\/wp\/v2\/product\/484","targetHints":{"allow":["GET"]}}],"collection":[{"href":"https:\/\/supertortillamachines.com\/es\/wp-json\/wp\/v2\/product"}],"about":[{"href":"https:\/\/supertortillamachines.com\/es\/wp-json\/wp\/v2\/types\/product"}],"wp:featuredmedia":[{"embeddable":true,"href":"https:\/\/supertortillamachines.com\/es\/wp-json\/wp\/v2\/media\/485"}],"wp:attachment":[{"href":"https:\/\/supertortillamachines.com\/es\/wp-json\/wp\/v2\/media?parent=484"}],"wp:term":[{"taxonomy":"product_brand","embeddable":true,"href":"https:\/\/supertortillamachines.com\/es\/wp-json\/wp\/v2\/product_brand?post=484"},{"taxonomy":"product_cat","embeddable":true,"href":"https:\/\/supertortillamachines.com\/es\/wp-json\/wp\/v2\/product_cat?post=484"},{"taxonomy":"product_tag","embeddable":true,"href":"https:\/\/supertortillamachines.com\/es\/wp-json\/wp\/v2\/product_tag?post=484"}],"curies":[{"name":"wp","href":"https:\/\/api.w.org\/{rel}","templated":true}]}}