{"id":512,"date":"2025-07-26T17:54:04","date_gmt":"2025-07-26T17:54:04","guid":{"rendered":"https:\/\/supertortillamachines.com\/?post_type=product&#038;p=512"},"modified":"2025-09-18T16:34:56","modified_gmt":"2025-09-18T16:34:56","slug":"molino-semiautomatico-para-tortillas-de-maiz-y-tamales","status":"publish","type":"product","link":"https:\/\/supertortillamachines.com\/es\/product\/semi-automatic-grinder-for-corn-tortillas-and-tamales\/","title":{"rendered":"Molino semiautom\u00e1tico para tortillas de ma\u00edz y tamales"},"content":{"rendered":"<p>Con este molino obtendr\u00e1s el mejor Nixtamal para hacer deliciosas tortillas de ma\u00edz y tamales.<\/p>\n<p>S\u00f3lo tienes que poner el ma\u00edz cocido en la bandeja y empezar a alimentar a las piedras de moler y obtendr\u00e1s el mejor Nixtamal (Masa de ma\u00edz).<\/p>\n<p>CARACTER\u00cdSTICAS DEL ART\u00cdCULO<\/p>\n<p>Capacidad de producci\u00f3n<\/p>\n<ul>\n<li>G35 - 1 CV - 35 Kg\/hr Piedra 5<\/li>\n<li>G75 - 3 CV - 75 kg\/h Piedra 5<\/li>\n<li>G150 - 5 CV - 150 kg\/h -Piedra 9<\/li>\n<li>G300 - 10 CV - 300 kg\/h Piedra 9<\/li>\n<li>Bandeja y dep\u00f3sito de agua de acero inoxidable<\/li>\n<li>Piedra de amolar n\u00ba 9 a 10<\/li>\n<\/ul>\n<div><\/div>\n<div>Estas m\u00e1quinas se fabrican bajo pedido y tardamos 15 d\u00edas laborables en enviarle su m\u00e1quina. Por favor, tenga esto en cuenta cuando haga su pedido.<\/div>\n<div>\n<div><\/div>\n<\/div>\n<p>No lo dudes, tambi\u00e9n somos vendedores en ebay y puedes ver que somos un vendedor de confianza en<\/p>\n<div><a href=\"http:\/\/feedback.ebay.com\/ws\/eBayISAPI.dll?ViewFeedback2&amp;userid=woodandheat&amp;ftab=AllFeedback\">http:\/\/feedback.ebay.com\/ws\/eBayISAPI.dll?ViewFeedback2&amp;userid=woodandheat&amp;ftab=AllFeedback<\/a><\/div>\n<div><\/div>\n<div><a href=\"http:\/\/weebly-link\/607398779830849657\">www.supertortillamachines.com<\/a><\/div>\n<div><\/div>\n<div>Es la mejor opci\u00f3n en M\u00e1quinas tortilladoras de ma\u00edz para producci\u00f3n industrial. Somos una empresa con presencia en M\u00e9xico y Estados Unidos. Nuestras maquinas son de calidad hechas en Mexico y exportadas a nuestro almacen en USA. Es por eso que podemos enviar a un precio muy competitivo dentro de los EE.UU. y en todo el mundo.<\/div>\n<div><\/div>\n<div>Si usted est\u00e1 en los EE.UU. ser\u00e1 muy f\u00e1cil comprar de nosotros, porque somos una corporaci\u00f3n de EE.UU., usted no tendr\u00e1 que lidiar con las aduanas en cualquier momento. Usted s\u00f3lo tiene que pedir y recibir\u00e1 su m\u00e1quina en cualquier direcci\u00f3n de EE.UU. dentro de los estados continentales.<\/div>\n<div><\/div>\n<div>NOTA IMPORTANTE: Esta m\u00e1quina no est\u00e1 dise\u00f1ada para TRIGO EN GRANO<\/div>","protected":false},"excerpt":{"rendered":"<p>Con esta m\u00e1quina s\u00f3lo tienes que poner el ma\u00edz cocido en la bandeja y empezar a alimentar a las piedras de la picadora y obtendr\u00e1s el mejor Nixtamal (Masa de ma\u00edz).<\/p>","protected":false},"featured_media":1103,"template":"","meta":{"om_disable_all_campaigns":false,"_monsterinsights_skip_tracking":false,"_monsterinsights_sitenote_active":false,"_monsterinsights_sitenote_note":"","_monsterinsights_sitenote_category":0},"product_brand":[57],"product_cat":[19],"product_tag":[88,104,22],"class_list":{"0":"post-512","1":"product","2":"type-product","3":"status-publish","4":"has-post-thumbnail","6":"product_brand-super-tortilla-machines","7":"product_cat-tortilla-machines","8":"product_tag-corn","9":"product_tag-grinder","10":"product_tag-machine","12":"first","13":"instock","14":"shipping-taxable","15":"purchasable","16":"product-type-variable"},"yoast_head":"<!-- This site is optimized with the Yoast SEO plugin v27.3 - https:\/\/yoast.com\/product\/yoast-seo-wordpress\/ -->\n<title>Semi-Automatic Grinder for corn tortillas and tamales - SUPER TORTILLA MACHINES<\/title>\n<meta name=\"description\" content=\"With this machine just put the cooked corn on the tray and star feeding it to the grinder stones and you will get the best Nixtamal (Corn dough).\" \/>\n<meta name=\"robots\" content=\"index, follow, max-snippet:-1, max-image-preview:large, max-video-preview:-1\" \/>\n<link rel=\"canonical\" href=\"https:\/\/supertortillamachines.com\/es\/producto\/molino-semiautomatico-para-tortillas-de-maiz-y-tamales\/\" \/>\n<meta property=\"og:locale\" content=\"es_MX\" \/>\n<meta property=\"og:type\" content=\"article\" \/>\n<meta property=\"og:title\" content=\"Semi-Automatic Grinder for corn tortillas and tamales - SUPER TORTILLA MACHINES\" \/>\n<meta property=\"og:description\" content=\"With this machine just put the cooked corn on the tray and star feeding it to the grinder stones and you will get the best Nixtamal (Corn dough).\" \/>\n<meta property=\"og:url\" content=\"https:\/\/supertortillamachines.com\/es\/producto\/molino-semiautomatico-para-tortillas-de-maiz-y-tamales\/\" \/>\n<meta property=\"og:site_name\" content=\"SUPER TORTILLA MACHINES\" \/>\n<meta property=\"article:modified_time\" content=\"2025-09-18T16:34:56+00:00\" \/>\n<meta property=\"og:image\" content=\"https:\/\/supertortillamachines.com\/wp-content\/uploads\/2025\/07\/semi-automatic-grinder-jumbo.jpg\" \/>\n\t<meta property=\"og:image:width\" content=\"2000\" \/>\n\t<meta property=\"og:image:height\" content=\"1500\" \/>\n\t<meta property=\"og:image:type\" content=\"image\/jpeg\" \/>\n<meta name=\"twitter:card\" content=\"summary_large_image\" \/>\n<meta name=\"twitter:label1\" content=\"Tiempo de lectura\" \/>\n\t<meta name=\"twitter:data1\" content=\"2 minutos\" \/>\n<script type=\"application\/ld+json\" class=\"yoast-schema-graph\">{\"@context\":\"https:\\\/\\\/schema.org\",\"@graph\":[{\"@type\":\"WebPage\",\"@id\":\"https:\\\/\\\/supertortillamachines.com\\\/product\\\/semi-automatic-grinder-for-corn-tortillas-and-tamales\\\/\",\"url\":\"https:\\\/\\\/supertortillamachines.com\\\/product\\\/semi-automatic-grinder-for-corn-tortillas-and-tamales\\\/\",\"name\":\"Semi-Automatic Grinder for corn tortillas and tamales - SUPER TORTILLA MACHINES\",\"isPartOf\":{\"@id\":\"https:\\\/\\\/supertortillamachines.com\\\/#website\"},\"primaryImageOfPage\":{\"@id\":\"https:\\\/\\\/supertortillamachines.com\\\/product\\\/semi-automatic-grinder-for-corn-tortillas-and-tamales\\\/#primaryimage\"},\"image\":{\"@id\":\"https:\\\/\\\/supertortillamachines.com\\\/product\\\/semi-automatic-grinder-for-corn-tortillas-and-tamales\\\/#primaryimage\"},\"thumbnailUrl\":\"https:\\\/\\\/supertortillamachines.com\\\/wp-content\\\/uploads\\\/2025\\\/07\\\/semi-automatic-grinder-jumbo.jpg\",\"datePublished\":\"2025-07-26T17:54:04+00:00\",\"dateModified\":\"2025-09-18T16:34:56+00:00\",\"description\":\"With this machine just put the cooked corn on the tray and star feeding it to the grinder stones and you will get the best Nixtamal (Corn dough).\",\"breadcrumb\":{\"@id\":\"https:\\\/\\\/supertortillamachines.com\\\/product\\\/semi-automatic-grinder-for-corn-tortillas-and-tamales\\\/#breadcrumb\"},\"inLanguage\":\"es\",\"potentialAction\":[{\"@type\":\"ReadAction\",\"target\":[\"https:\\\/\\\/supertortillamachines.com\\\/product\\\/semi-automatic-grinder-for-corn-tortillas-and-tamales\\\/\"]}]},{\"@type\":\"ImageObject\",\"inLanguage\":\"es\",\"@id\":\"https:\\\/\\\/supertortillamachines.com\\\/product\\\/semi-automatic-grinder-for-corn-tortillas-and-tamales\\\/#primaryimage\",\"url\":\"https:\\\/\\\/supertortillamachines.com\\\/wp-content\\\/uploads\\\/2025\\\/07\\\/semi-automatic-grinder-jumbo.jpg\",\"contentUrl\":\"https:\\\/\\\/supertortillamachines.com\\\/wp-content\\\/uploads\\\/2025\\\/07\\\/semi-automatic-grinder-jumbo.jpg\",\"width\":2000,\"height\":1500,\"caption\":\"Semi-Automatic Grinder for corn tortillas and tamales Jumbo\"},{\"@type\":\"BreadcrumbList\",\"@id\":\"https:\\\/\\\/supertortillamachines.com\\\/product\\\/semi-automatic-grinder-for-corn-tortillas-and-tamales\\\/#breadcrumb\",\"itemListElement\":[{\"@type\":\"ListItem\",\"position\":1,\"name\":\"Home\",\"item\":\"https:\\\/\\\/supertortillamachines.com\\\/\"},{\"@type\":\"ListItem\",\"position\":2,\"name\":\"Shop\",\"item\":\"https:\\\/\\\/supertortillamachines.com\\\/shop\\\/\"},{\"@type\":\"ListItem\",\"position\":3,\"name\":\"Semi-Automatic Grinder for corn tortillas and tamales\"}]},{\"@type\":\"WebSite\",\"@id\":\"https:\\\/\\\/supertortillamachines.com\\\/#website\",\"url\":\"https:\\\/\\\/supertortillamachines.com\\\/\",\"name\":\"SUPER TORTILLA MACHINES\",\"description\":\"The best Mexican Tortilla Machines\",\"publisher\":{\"@id\":\"https:\\\/\\\/supertortillamachines.com\\\/#organization\"},\"potentialAction\":[{\"@type\":\"SearchAction\",\"target\":{\"@type\":\"EntryPoint\",\"urlTemplate\":\"https:\\\/\\\/supertortillamachines.com\\\/?s={search_term_string}\"},\"query-input\":{\"@type\":\"PropertyValueSpecification\",\"valueRequired\":true,\"valueName\":\"search_term_string\"}}],\"inLanguage\":\"es\"},{\"@type\":\"Organization\",\"@id\":\"https:\\\/\\\/supertortillamachines.com\\\/#organization\",\"name\":\"SUPER TORTILLA MACHINES\",\"url\":\"https:\\\/\\\/supertortillamachines.com\\\/\",\"logo\":{\"@type\":\"ImageObject\",\"inLanguage\":\"es\",\"@id\":\"https:\\\/\\\/supertortillamachines.com\\\/#\\\/schema\\\/logo\\\/image\\\/\",\"url\":\"https:\\\/\\\/supertortillamachines.com\\\/wp-content\\\/uploads\\\/2025\\\/07\\\/Supertortilla.jpg\",\"contentUrl\":\"https:\\\/\\\/supertortillamachines.com\\\/wp-content\\\/uploads\\\/2025\\\/07\\\/Supertortilla.jpg\",\"width\":221,\"height\":177,\"caption\":\" SUPER TORTILLA MACHINES \"},\"image\":{\"@id\":\"https:\\\/\\\/supertortillamachines.com\\\/#\\\/schema\\\/logo\\\/image\\\/\"}}]}<\/script>\n<!-- \/ Yoast SEO plugin. -->","yoast_head_json":{"title":"Molino semiautom\u00e1tico para tortillas de ma\u00edz y tamales - SUPER TORTILLA MACHINES","description":"Con esta m\u00e1quina s\u00f3lo tienes que poner el ma\u00edz cocido en la bandeja y empezar a alimentar a las piedras de la picadora y obtendr\u00e1s el mejor Nixtamal (Masa de ma\u00edz).","robots":{"index":"index","follow":"follow","max-snippet":"max-snippet:-1","max-image-preview":"max-image-preview:large","max-video-preview":"max-video-preview:-1"},"canonical":"https:\/\/supertortillamachines.com\/es\/producto\/molino-semiautomatico-para-tortillas-de-maiz-y-tamales\/","og_locale":"es_MX","og_type":"article","og_title":"Semi-Automatic Grinder for corn tortillas and tamales - SUPER TORTILLA MACHINES","og_description":"With this machine just put the cooked corn on the tray and star feeding it to the grinder stones and you will get the best Nixtamal (Corn dough).","og_url":"https:\/\/supertortillamachines.com\/es\/producto\/molino-semiautomatico-para-tortillas-de-maiz-y-tamales\/","og_site_name":"SUPER TORTILLA MACHINES","article_modified_time":"2025-09-18T16:34:56+00:00","og_image":[{"width":2000,"height":1500,"url":"https:\/\/supertortillamachines.com\/wp-content\/uploads\/2025\/07\/semi-automatic-grinder-jumbo.jpg","type":"image\/jpeg"}],"twitter_card":"summary_large_image","twitter_misc":{"Tiempo de lectura":"2 minutos"},"schema":{"@context":"https:\/\/schema.org","@graph":[{"@type":"WebPage","@id":"https:\/\/supertortillamachines.com\/product\/semi-automatic-grinder-for-corn-tortillas-and-tamales\/","url":"https:\/\/supertortillamachines.com\/product\/semi-automatic-grinder-for-corn-tortillas-and-tamales\/","name":"Molino semiautom\u00e1tico para tortillas de ma\u00edz y tamales - SUPER TORTILLA MACHINES","isPartOf":{"@id":"https:\/\/supertortillamachines.com\/#website"},"primaryImageOfPage":{"@id":"https:\/\/supertortillamachines.com\/product\/semi-automatic-grinder-for-corn-tortillas-and-tamales\/#primaryimage"},"image":{"@id":"https:\/\/supertortillamachines.com\/product\/semi-automatic-grinder-for-corn-tortillas-and-tamales\/#primaryimage"},"thumbnailUrl":"https:\/\/supertortillamachines.com\/wp-content\/uploads\/2025\/07\/semi-automatic-grinder-jumbo.jpg","datePublished":"2025-07-26T17:54:04+00:00","dateModified":"2025-09-18T16:34:56+00:00","description":"Con esta m\u00e1quina s\u00f3lo tienes que poner el ma\u00edz cocido en la bandeja y empezar a alimentar a las piedras de la picadora y obtendr\u00e1s el mejor Nixtamal (Masa de ma\u00edz).","breadcrumb":{"@id":"https:\/\/supertortillamachines.com\/product\/semi-automatic-grinder-for-corn-tortillas-and-tamales\/#breadcrumb"},"inLanguage":"es","potentialAction":[{"@type":"ReadAction","target":["https:\/\/supertortillamachines.com\/product\/semi-automatic-grinder-for-corn-tortillas-and-tamales\/"]}]},{"@type":"ImageObject","inLanguage":"es","@id":"https:\/\/supertortillamachines.com\/product\/semi-automatic-grinder-for-corn-tortillas-and-tamales\/#primaryimage","url":"https:\/\/supertortillamachines.com\/wp-content\/uploads\/2025\/07\/semi-automatic-grinder-jumbo.jpg","contentUrl":"https:\/\/supertortillamachines.com\/wp-content\/uploads\/2025\/07\/semi-automatic-grinder-jumbo.jpg","width":2000,"height":1500,"caption":"Semi-Automatic Grinder for corn tortillas and tamales Jumbo"},{"@type":"BreadcrumbList","@id":"https:\/\/supertortillamachines.com\/product\/semi-automatic-grinder-for-corn-tortillas-and-tamales\/#breadcrumb","itemListElement":[{"@type":"ListItem","position":1,"name":"Home","item":"https:\/\/supertortillamachines.com\/"},{"@type":"ListItem","position":2,"name":"Shop","item":"https:\/\/supertortillamachines.com\/shop\/"},{"@type":"ListItem","position":3,"name":"Semi-Automatic Grinder for corn tortillas and tamales"}]},{"@type":"WebSite","@id":"https:\/\/supertortillamachines.com\/#website","url":"https:\/\/supertortillamachines.com\/","name":"SUPER TORTILLADORAS","description":"Las mejores Tortilladoras Mexicanas","publisher":{"@id":"https:\/\/supertortillamachines.com\/#organization"},"potentialAction":[{"@type":"SearchAction","target":{"@type":"EntryPoint","urlTemplate":"https:\/\/supertortillamachines.com\/?s={search_term_string}"},"query-input":{"@type":"PropertyValueSpecification","valueRequired":true,"valueName":"search_term_string"}}],"inLanguage":"es"},{"@type":"Organization","@id":"https:\/\/supertortillamachines.com\/#organization","name":"SUPER TORTILLADORAS","url":"https:\/\/supertortillamachines.com\/","logo":{"@type":"ImageObject","inLanguage":"es","@id":"https:\/\/supertortillamachines.com\/#\/schema\/logo\/image\/","url":"https:\/\/supertortillamachines.com\/wp-content\/uploads\/2025\/07\/Supertortilla.jpg","contentUrl":"https:\/\/supertortillamachines.com\/wp-content\/uploads\/2025\/07\/Supertortilla.jpg","width":221,"height":177,"caption":" SUPER TORTILLA MACHINES "},"image":{"@id":"https:\/\/supertortillamachines.com\/#\/schema\/logo\/image\/"}}]}},"jetpack_sharing_enabled":true,"_links":{"self":[{"href":"https:\/\/supertortillamachines.com\/es\/wp-json\/wp\/v2\/product\/512","targetHints":{"allow":["GET"]}}],"collection":[{"href":"https:\/\/supertortillamachines.com\/es\/wp-json\/wp\/v2\/product"}],"about":[{"href":"https:\/\/supertortillamachines.com\/es\/wp-json\/wp\/v2\/types\/product"}],"wp:featuredmedia":[{"embeddable":true,"href":"https:\/\/supertortillamachines.com\/es\/wp-json\/wp\/v2\/media\/1103"}],"wp:attachment":[{"href":"https:\/\/supertortillamachines.com\/es\/wp-json\/wp\/v2\/media?parent=512"}],"wp:term":[{"taxonomy":"product_brand","embeddable":true,"href":"https:\/\/supertortillamachines.com\/es\/wp-json\/wp\/v2\/product_brand?post=512"},{"taxonomy":"product_cat","embeddable":true,"href":"https:\/\/supertortillamachines.com\/es\/wp-json\/wp\/v2\/product_cat?post=512"},{"taxonomy":"product_tag","embeddable":true,"href":"https:\/\/supertortillamachines.com\/es\/wp-json\/wp\/v2\/product_tag?post=512"}],"curies":[{"name":"wp","href":"https:\/\/api.w.org\/{rel}","templated":true}]}}