{"id":536,"date":"2025-07-28T18:18:30","date_gmt":"2025-07-28T18:18:30","guid":{"rendered":"https:\/\/supertortillamachines.com\/?post_type=product&#038;p=536"},"modified":"2025-09-18T16:01:41","modified_gmt":"2025-09-18T16:01:41","slug":"prensa-industrial-de-tortillas-de-harina-de-alta-produccion","status":"publish","type":"product","link":"https:\/\/supertortillamachines.com\/es\/product\/high-production-industrial-flour-tortilla-press\/","title":{"rendered":"Prensa para tortillas de harina de alta producci\u00f3n"},"content":{"rendered":"<p>L\u00ednea de Tortillas de Harina de Alta Producci\u00f3n 36 x 36in Prensa<\/p>\n<h5>\u00a1\u00a1PIDA PRESUPUESTO!!<\/h5>\n<h2>PRENSA PARA TORTILLAS DE ALTA PRODUCCION<\/h2>\n<p>Nuestras m\u00e1quinas har\u00e1n de su negocio una gran empresa altamente rentable. Han sido dise\u00f1adas para producir grandes cantidades de tortillas con menos mano de obra.<\/p>\n<p>Podemos fabricar desde m\u00e1quinas de 18\u2033 x 18\u2033 hasta 36\u2033 x 36\u2033 de ancho que producir\u00e1n hasta 14.400 tortillas por hora.<\/p>\n<p>Si tienes pensado crecer somos tu opci\u00f3n, \u00a1no lo dudes y contacta con nosotros!<\/p>\n<div class=\"lyte-wrapper\" style=\"width:640px;max-width:100%;margin:5px auto;\"><div class=\"lyMe\" id=\"WYL_Typ3XknQF0U\"><div id=\"lyte_Typ3XknQF0U\" data-src=\"https:\/\/supertortillamachines.com\/wp-content\/plugins\/wp-youtube-lyte\/lyteCache.php?origThumbUrl=%2F%2Fi.ytimg.com%2Fvi%2FTyp3XknQF0U%2Fhqdefault.jpg\" class=\"pL\"><div class=\"tC\"><div class=\"tT\"><\/div><\/div><div class=\"play\"><\/div><div class=\"ctrl\"><div class=\"Lctrl\"><\/div><div class=\"Rctrl\"><\/div><\/div><\/div><noscript><a href=\"https:\/\/youtu.be\/Typ3XknQF0U\" rel=\"nofollow\"><img fetchpriority=\"high\" decoding=\"async\" src=\"https:\/\/supertortillamachines.com\/wp-content\/plugins\/wp-youtube-lyte\/lyteCache.php?origThumbUrl=https%3A%2F%2Fi.ytimg.com%2Fvi%2FTyp3XknQF0U%2F0.jpg\" alt=\"Miniatura de v\u00eddeo de YouTube\" width=\"640\" height=\"340\" \/><br \/>Ver este video en YouTube<\/a><\/noscript><\/div><\/div><div class=\"lL\" style=\"max-width:100%;width:640px;margin:5px auto;\"><\/div><\/p>\n<p>\u00a1\u00a1\u00a1D\u00cdGANOS SUS NECESIDADES Y P\u00cdDANOS PRESUPUESTO DE ESTA L\u00cdNEA DE TORTILLAS DE HARINA !!!<\/p>","protected":false},"excerpt":{"rendered":"<p>L\u00ednea de Tortillas de Harina de Alta Producci\u00f3n 36 x 36 in Prensa para hacer tortillas de harina en grandes cantidades, \u00a1mejore su negocio con esta pr\u00e1ctica m\u00e1quina!<\/p>","protected":false},"featured_media":537,"template":"","meta":{"om_disable_all_campaigns":false,"_monsterinsights_skip_tracking":false,"_monsterinsights_sitenote_active":false,"_monsterinsights_sitenote_note":"","_monsterinsights_sitenote_category":0},"product_brand":[57],"product_cat":[65,59],"product_tag":[21,106,73],"class_list":{"0":"post-536","1":"product","2":"type-product","3":"status-publish","4":"has-post-thumbnail","6":"product_brand-super-tortilla-machines","7":"product_cat-industrial-production-wheat-flour-tortilla-machines","8":"product_cat-wheat-flour-tortilla-machines","9":"product_tag-flour","10":"product_tag-press","11":"product_tag-tortilla","13":"first","14":"instock","15":"shipping-taxable","16":"product-type-simple"},"yoast_head":"<!-- This site is optimized with the Yoast SEO plugin v27.4 - https:\/\/yoast.com\/product\/yoast-seo-wordpress\/ -->\n<title>High Production Flour Tortilla Press - SUPER TORTILLA MACHINES<\/title>\n<meta name=\"description\" content=\"High Production Flour Tortilla Line 36 x 36 in Press for making flour tortillas in high quantities, upgrade your business with this practical machine!\" \/>\n<meta name=\"robots\" content=\"index, follow, max-snippet:-1, max-image-preview:large, max-video-preview:-1\" \/>\n<link rel=\"canonical\" href=\"https:\/\/supertortillamachines.com\/es\/producto\/prensa-industrial-de-tortillas-de-harina-de-alta-produccion\/\" \/>\n<meta property=\"og:locale\" content=\"es_MX\" \/>\n<meta property=\"og:type\" content=\"article\" \/>\n<meta property=\"og:title\" content=\"High Production Flour Tortilla Press - SUPER TORTILLA MACHINES\" \/>\n<meta property=\"og:description\" content=\"High Production Flour Tortilla Line 36 x 36 in Press for making flour tortillas in high quantities, upgrade your business with this practical machine!\" \/>\n<meta property=\"og:url\" content=\"https:\/\/supertortillamachines.com\/es\/producto\/prensa-industrial-de-tortillas-de-harina-de-alta-produccion\/\" \/>\n<meta property=\"og:site_name\" content=\"SUPER TORTILLA MACHINES\" \/>\n<meta property=\"article:modified_time\" content=\"2025-09-18T16:01:41+00:00\" \/>\n<meta property=\"og:image\" content=\"https:\/\/supertortillamachines.com\/wp-content\/uploads\/2025\/07\/t36-flour-tortilla-press.jpg\" \/>\n\t<meta property=\"og:image:width\" content=\"840\" \/>\n\t<meta property=\"og:image:height\" content=\"568\" \/>\n\t<meta property=\"og:image:type\" content=\"image\/jpeg\" \/>\n<meta name=\"twitter:card\" content=\"summary_large_image\" \/>\n<meta name=\"twitter:label1\" content=\"Tiempo de lectura\" \/>\n\t<meta name=\"twitter:data1\" content=\"1 minuto\" \/>\n<script type=\"application\/ld+json\" class=\"yoast-schema-graph\">{\"@context\":\"https:\\\/\\\/schema.org\",\"@graph\":[{\"@type\":\"WebPage\",\"@id\":\"https:\\\/\\\/supertortillamachines.com\\\/product\\\/high-production-industrial-flour-tortilla-press\\\/\",\"url\":\"https:\\\/\\\/supertortillamachines.com\\\/product\\\/high-production-industrial-flour-tortilla-press\\\/\",\"name\":\"High Production Flour Tortilla Press - SUPER TORTILLA MACHINES\",\"isPartOf\":{\"@id\":\"https:\\\/\\\/supertortillamachines.com\\\/#website\"},\"primaryImageOfPage\":{\"@id\":\"https:\\\/\\\/supertortillamachines.com\\\/product\\\/high-production-industrial-flour-tortilla-press\\\/#primaryimage\"},\"image\":{\"@id\":\"https:\\\/\\\/supertortillamachines.com\\\/product\\\/high-production-industrial-flour-tortilla-press\\\/#primaryimage\"},\"thumbnailUrl\":\"https:\\\/\\\/supertortillamachines.com\\\/wp-content\\\/uploads\\\/2025\\\/07\\\/t36-flour-tortilla-press.jpg\",\"datePublished\":\"2025-07-28T18:18:30+00:00\",\"dateModified\":\"2025-09-18T16:01:41+00:00\",\"description\":\"High Production Flour Tortilla Line 36 x 36 in Press for making flour tortillas in high quantities, upgrade your business with this practical machine!\",\"breadcrumb\":{\"@id\":\"https:\\\/\\\/supertortillamachines.com\\\/product\\\/high-production-industrial-flour-tortilla-press\\\/#breadcrumb\"},\"inLanguage\":\"es\",\"potentialAction\":[{\"@type\":\"ReadAction\",\"target\":[\"https:\\\/\\\/supertortillamachines.com\\\/product\\\/high-production-industrial-flour-tortilla-press\\\/\"]}]},{\"@type\":\"ImageObject\",\"inLanguage\":\"es\",\"@id\":\"https:\\\/\\\/supertortillamachines.com\\\/product\\\/high-production-industrial-flour-tortilla-press\\\/#primaryimage\",\"url\":\"https:\\\/\\\/supertortillamachines.com\\\/wp-content\\\/uploads\\\/2025\\\/07\\\/t36-flour-tortilla-press.jpg\",\"contentUrl\":\"https:\\\/\\\/supertortillamachines.com\\\/wp-content\\\/uploads\\\/2025\\\/07\\\/t36-flour-tortilla-press.jpg\",\"width\":840,\"height\":568,\"caption\":\"T36 Flour Tortilla Press\"},{\"@type\":\"BreadcrumbList\",\"@id\":\"https:\\\/\\\/supertortillamachines.com\\\/product\\\/high-production-industrial-flour-tortilla-press\\\/#breadcrumb\",\"itemListElement\":[{\"@type\":\"ListItem\",\"position\":1,\"name\":\"Home\",\"item\":\"https:\\\/\\\/supertortillamachines.com\\\/\"},{\"@type\":\"ListItem\",\"position\":2,\"name\":\"Shop\",\"item\":\"https:\\\/\\\/supertortillamachines.com\\\/shop\\\/\"},{\"@type\":\"ListItem\",\"position\":3,\"name\":\"High Production Flour Tortilla Press\"}]},{\"@type\":\"WebSite\",\"@id\":\"https:\\\/\\\/supertortillamachines.com\\\/#website\",\"url\":\"https:\\\/\\\/supertortillamachines.com\\\/\",\"name\":\"SUPER TORTILLA MACHINES\",\"description\":\"The best Mexican Tortilla Machines\",\"publisher\":{\"@id\":\"https:\\\/\\\/supertortillamachines.com\\\/#organization\"},\"potentialAction\":[{\"@type\":\"SearchAction\",\"target\":{\"@type\":\"EntryPoint\",\"urlTemplate\":\"https:\\\/\\\/supertortillamachines.com\\\/?s={search_term_string}\"},\"query-input\":{\"@type\":\"PropertyValueSpecification\",\"valueRequired\":true,\"valueName\":\"search_term_string\"}}],\"inLanguage\":\"es\"},{\"@type\":\"Organization\",\"@id\":\"https:\\\/\\\/supertortillamachines.com\\\/#organization\",\"name\":\"SUPER TORTILLA MACHINES\",\"url\":\"https:\\\/\\\/supertortillamachines.com\\\/\",\"logo\":{\"@type\":\"ImageObject\",\"inLanguage\":\"es\",\"@id\":\"https:\\\/\\\/supertortillamachines.com\\\/#\\\/schema\\\/logo\\\/image\\\/\",\"url\":\"https:\\\/\\\/supertortillamachines.com\\\/wp-content\\\/uploads\\\/2025\\\/07\\\/Supertortilla.jpg\",\"contentUrl\":\"https:\\\/\\\/supertortillamachines.com\\\/wp-content\\\/uploads\\\/2025\\\/07\\\/Supertortilla.jpg\",\"width\":221,\"height\":177,\"caption\":\" SUPER TORTILLA MACHINES \"},\"image\":{\"@id\":\"https:\\\/\\\/supertortillamachines.com\\\/#\\\/schema\\\/logo\\\/image\\\/\"}}]}<\/script>\n<!-- \/ Yoast SEO plugin. -->","yoast_head_json":{"title":"Prensa para Tortillas de Harina de Alta Producci\u00f3n - SUPER TORTILLA MACHINES","description":"L\u00ednea de Tortillas de Harina de Alta Producci\u00f3n 36 x 36 in Prensa para hacer tortillas de harina en grandes cantidades, \u00a1mejore su negocio con esta pr\u00e1ctica m\u00e1quina!","robots":{"index":"index","follow":"follow","max-snippet":"max-snippet:-1","max-image-preview":"max-image-preview:large","max-video-preview":"max-video-preview:-1"},"canonical":"https:\/\/supertortillamachines.com\/es\/producto\/prensa-industrial-de-tortillas-de-harina-de-alta-produccion\/","og_locale":"es_MX","og_type":"article","og_title":"High Production Flour Tortilla Press - SUPER TORTILLA MACHINES","og_description":"High Production Flour Tortilla Line 36 x 36 in Press for making flour tortillas in high quantities, upgrade your business with this practical machine!","og_url":"https:\/\/supertortillamachines.com\/es\/producto\/prensa-industrial-de-tortillas-de-harina-de-alta-produccion\/","og_site_name":"SUPER TORTILLA MACHINES","article_modified_time":"2025-09-18T16:01:41+00:00","og_image":[{"width":840,"height":568,"url":"https:\/\/supertortillamachines.com\/wp-content\/uploads\/2025\/07\/t36-flour-tortilla-press.jpg","type":"image\/jpeg"}],"twitter_card":"summary_large_image","twitter_misc":{"Tiempo de lectura":"1 minuto"},"schema":{"@context":"https:\/\/schema.org","@graph":[{"@type":"WebPage","@id":"https:\/\/supertortillamachines.com\/product\/high-production-industrial-flour-tortilla-press\/","url":"https:\/\/supertortillamachines.com\/product\/high-production-industrial-flour-tortilla-press\/","name":"Prensa para Tortillas de Harina de Alta Producci\u00f3n - SUPER TORTILLA MACHINES","isPartOf":{"@id":"https:\/\/supertortillamachines.com\/#website"},"primaryImageOfPage":{"@id":"https:\/\/supertortillamachines.com\/product\/high-production-industrial-flour-tortilla-press\/#primaryimage"},"image":{"@id":"https:\/\/supertortillamachines.com\/product\/high-production-industrial-flour-tortilla-press\/#primaryimage"},"thumbnailUrl":"https:\/\/supertortillamachines.com\/wp-content\/uploads\/2025\/07\/t36-flour-tortilla-press.jpg","datePublished":"2025-07-28T18:18:30+00:00","dateModified":"2025-09-18T16:01:41+00:00","description":"L\u00ednea de Tortillas de Harina de Alta Producci\u00f3n 36 x 36 in Prensa para hacer tortillas de harina en grandes cantidades, \u00a1mejore su negocio con esta pr\u00e1ctica m\u00e1quina!","breadcrumb":{"@id":"https:\/\/supertortillamachines.com\/product\/high-production-industrial-flour-tortilla-press\/#breadcrumb"},"inLanguage":"es","potentialAction":[{"@type":"ReadAction","target":["https:\/\/supertortillamachines.com\/product\/high-production-industrial-flour-tortilla-press\/"]}]},{"@type":"ImageObject","inLanguage":"es","@id":"https:\/\/supertortillamachines.com\/product\/high-production-industrial-flour-tortilla-press\/#primaryimage","url":"https:\/\/supertortillamachines.com\/wp-content\/uploads\/2025\/07\/t36-flour-tortilla-press.jpg","contentUrl":"https:\/\/supertortillamachines.com\/wp-content\/uploads\/2025\/07\/t36-flour-tortilla-press.jpg","width":840,"height":568,"caption":"T36 Flour Tortilla Press"},{"@type":"BreadcrumbList","@id":"https:\/\/supertortillamachines.com\/product\/high-production-industrial-flour-tortilla-press\/#breadcrumb","itemListElement":[{"@type":"ListItem","position":1,"name":"Home","item":"https:\/\/supertortillamachines.com\/"},{"@type":"ListItem","position":2,"name":"Shop","item":"https:\/\/supertortillamachines.com\/shop\/"},{"@type":"ListItem","position":3,"name":"High Production Flour Tortilla Press"}]},{"@type":"WebSite","@id":"https:\/\/supertortillamachines.com\/#website","url":"https:\/\/supertortillamachines.com\/","name":"SUPER TORTILLADORAS","description":"Las mejores Tortilladoras Mexicanas","publisher":{"@id":"https:\/\/supertortillamachines.com\/#organization"},"potentialAction":[{"@type":"SearchAction","target":{"@type":"EntryPoint","urlTemplate":"https:\/\/supertortillamachines.com\/?s={search_term_string}"},"query-input":{"@type":"PropertyValueSpecification","valueRequired":true,"valueName":"search_term_string"}}],"inLanguage":"es"},{"@type":"Organization","@id":"https:\/\/supertortillamachines.com\/#organization","name":"SUPER TORTILLADORAS","url":"https:\/\/supertortillamachines.com\/","logo":{"@type":"ImageObject","inLanguage":"es","@id":"https:\/\/supertortillamachines.com\/#\/schema\/logo\/image\/","url":"https:\/\/supertortillamachines.com\/wp-content\/uploads\/2025\/07\/Supertortilla.jpg","contentUrl":"https:\/\/supertortillamachines.com\/wp-content\/uploads\/2025\/07\/Supertortilla.jpg","width":221,"height":177,"caption":" SUPER TORTILLA MACHINES "},"image":{"@id":"https:\/\/supertortillamachines.com\/#\/schema\/logo\/image\/"}}]}},"jetpack_sharing_enabled":true,"_links":{"self":[{"href":"https:\/\/supertortillamachines.com\/es\/wp-json\/wp\/v2\/product\/536","targetHints":{"allow":["GET"]}}],"collection":[{"href":"https:\/\/supertortillamachines.com\/es\/wp-json\/wp\/v2\/product"}],"about":[{"href":"https:\/\/supertortillamachines.com\/es\/wp-json\/wp\/v2\/types\/product"}],"wp:featuredmedia":[{"embeddable":true,"href":"https:\/\/supertortillamachines.com\/es\/wp-json\/wp\/v2\/media\/537"}],"wp:attachment":[{"href":"https:\/\/supertortillamachines.com\/es\/wp-json\/wp\/v2\/media?parent=536"}],"wp:term":[{"taxonomy":"product_brand","embeddable":true,"href":"https:\/\/supertortillamachines.com\/es\/wp-json\/wp\/v2\/product_brand?post=536"},{"taxonomy":"product_cat","embeddable":true,"href":"https:\/\/supertortillamachines.com\/es\/wp-json\/wp\/v2\/product_cat?post=536"},{"taxonomy":"product_tag","embeddable":true,"href":"https:\/\/supertortillamachines.com\/es\/wp-json\/wp\/v2\/product_tag?post=536"}],"curies":[{"name":"wp","href":"https:\/\/api.w.org\/{rel}","templated":true}]}}