{"id":546,"date":"2025-07-28T18:54:48","date_gmt":"2025-07-28T18:54:48","guid":{"rendered":"https:\/\/supertortillamachines.com\/?post_type=product&#038;p=546"},"modified":"2025-09-18T16:02:01","modified_gmt":"2025-09-18T16:02:01","slug":"linea-de-tortilla-de-harina-de-alta-produccion-32x32in-prensa","status":"publish","type":"product","link":"https:\/\/supertortillamachines.com\/es\/product\/high-production-flour-tortilla-line-32x32in-press\/","title":{"rendered":"L\u00ednea de tortilla de harina de alta producci\u00f3n 32x32in prensa"},"content":{"rendered":"<h2>PRENSA PARA TORTILLAS DE HARINA DE ALTA PRODUCCI\u00d3N, 32 X 32<\/h2>\n<p>Esta es una maquina maravillosa que puede prensar hasta 9 tortillas a la vez.  Producira de 5,000 a 21,000 tortillas por hora! tiene bajo consumo de gas y energia lo que le ahorrara dinero y tiempo y al mejor precio!<\/p>\n<p>Complete su l\u00ednea con nuestro Horno para Tortillas de Alta Producci\u00f3n.  Un conjunto que le encantar\u00e1.<\/p>\n<p>\u00a1\u00a1\u00a1D\u00cdGANOS SUS NECESIDADES Y P\u00cdDANOS PRESUPUESTO DE ESTA L\u00cdNEA DE TORTILLAS DE HARINA !!!<\/p>\n<div class=\"videomaxwidth\">\n<div class=\"videowrapper\"><div class=\"lyte-wrapper\" style=\"width:640px;max-width:100%;margin:5px auto;\"><div class=\"lyMe\" id=\"WYL_7duBRCqByIw\"><div id=\"lyte_7duBRCqByIw\" data-src=\"https:\/\/supertortillamachines.com\/wp-content\/plugins\/wp-youtube-lyte\/lyteCache.php?origThumbUrl=%2F%2Fi.ytimg.com%2Fvi%2F7duBRCqByIw%2Fhqdefault.jpg\" class=\"pL\"><div class=\"tC\"><div class=\"tT\"><\/div><\/div><div class=\"play\"><\/div><div class=\"ctrl\"><div class=\"Lctrl\"><\/div><div class=\"Rctrl\"><\/div><\/div><\/div><noscript><a href=\"https:\/\/youtu.be\/7duBRCqByIw\" rel=\"nofollow\"><img fetchpriority=\"high\" decoding=\"async\" src=\"https:\/\/supertortillamachines.com\/wp-content\/plugins\/wp-youtube-lyte\/lyteCache.php?origThumbUrl=https%3A%2F%2Fi.ytimg.com%2Fvi%2F7duBRCqByIw%2F0.jpg\" alt=\"Miniatura de v\u00eddeo de YouTube\" width=\"640\" height=\"340\" \/><br \/>Ver este video en YouTube<\/a><\/noscript><\/div><\/div><div class=\"lL\" style=\"max-width:100%;width:640px;margin:5px auto;\"><\/div><\/div>\n<\/div>\n<p>&nbsp;<\/p>\n<div>Estas m\u00e1quinas se fabrican bajo pedido y tardamos 15 d\u00edas laborables en enviarle su m\u00e1quina. Por favor, tenga esto en cuenta cuando haga su pedido.<\/div>\n<div>\n<div><\/div>\n<\/div>\n<p>No lo dudes, tambi\u00e9n somos vendedores en ebay y puedes ver que somos un vendedor de confianza en<\/p>\n<div><a href=\"https:\/\/feedback.ebay.com\/ws\/eBayISAPI.dll?ViewFeedback2&amp;userid=woodandheat&amp;ftab=AllFeedback\">http:\/\/feedback.ebay.com\/ws\/eBayISAPI.dll?ViewFeedback2&amp;userid=woodandheat&amp;ftab=AllFeedback<\/a><\/div>\n<div><a href=\"https:\/\/weebly-link\/607398779830849657\">www.supertortillamachines.com<\/a><\/div>\n<div>Es la mejor opci\u00f3n en M\u00e1quinas tortilladoras de ma\u00edz para producci\u00f3n industrial. Somos una empresa con presencia en M\u00e9xico y Estados Unidos. Nuestras maquinas son de calidad hechas en Mexico y exportadas a nuestro almacen en USA. Es por eso que podemos enviar a un precio muy competitivo dentro de los EE.UU. y en todo el mundo.<\/div>\n<div>\n<div><\/div>\n<\/div>\n<div>Si usted est\u00e1 en los EE.UU. ser\u00e1 muy f\u00e1cil comprar de nosotros, porque somos una corporaci\u00f3n de EE.UU., usted no tendr\u00e1 que lidiar con las aduanas en cualquier momento. Usted s\u00f3lo tiene que pedir y recibir\u00e1 su m\u00e1quina en cualquier direcci\u00f3n de EE.UU. dentro de los estados continentales.<\/div>\n<div><\/div>\n<div>Nota importante:<\/div>\n<div>Esta m\u00e1quina no est\u00e1 dise\u00f1ada para la TORTILLA DE MA\u00cdZ.<\/div>\n<p>&nbsp;<\/p>\n<p>&nbsp;<\/p>","protected":false},"excerpt":{"rendered":"<p>Esta es una m\u00e1quina maravillosa que puede prensar hasta 9 tortillas a la vez.  \u00a1Producir\u00e1 de 5,000 a 21,000 tortillas por hora!<\/p>","protected":false},"featured_media":547,"template":"","meta":{"om_disable_all_campaigns":false,"_monsterinsights_skip_tracking":false,"_monsterinsights_sitenote_active":false,"_monsterinsights_sitenote_note":"","_monsterinsights_sitenote_category":0},"product_brand":[57],"product_cat":[65,59],"product_tag":[21,74,106,69,73],"class_list":{"0":"post-546","1":"product","2":"type-product","3":"status-publish","4":"has-post-thumbnail","6":"product_brand-super-tortilla-machines","7":"product_cat-industrial-production-wheat-flour-tortilla-machines","8":"product_cat-wheat-flour-tortilla-machines","9":"product_tag-flour","10":"product_tag-line","11":"product_tag-press","12":"product_tag-production","13":"product_tag-tortilla","15":"first","16":"instock","17":"shipping-taxable","18":"product-type-variable"},"yoast_head":"<!-- This site is optimized with the Yoast SEO plugin v27.4 - https:\/\/yoast.com\/product\/yoast-seo-wordpress\/ -->\n<title>High Production Flour Tortilla Line 32x32in press - SUPER TORTILLA MACHINES<\/title>\n<meta name=\"description\" content=\"This is a wonderful machine which may press up to 9 tortillas at the time.\u00a0 It will produce from 5,000 to 21,000 tortillas per hour!\" \/>\n<meta name=\"robots\" content=\"index, follow, max-snippet:-1, max-image-preview:large, max-video-preview:-1\" \/>\n<link rel=\"canonical\" href=\"https:\/\/supertortillamachines.com\/es\/producto\/linea-de-tortilla-de-harina-de-alta-produccion-32x32in-prensa\/\" \/>\n<meta property=\"og:locale\" content=\"es_MX\" \/>\n<meta property=\"og:type\" content=\"article\" \/>\n<meta property=\"og:title\" content=\"High Production Flour Tortilla Line 32x32in press - SUPER TORTILLA MACHINES\" \/>\n<meta property=\"og:description\" content=\"This is a wonderful machine which may press up to 9 tortillas at the time.\u00a0 It will produce from 5,000 to 21,000 tortillas per hour!\" \/>\n<meta property=\"og:url\" content=\"https:\/\/supertortillamachines.com\/es\/producto\/linea-de-tortilla-de-harina-de-alta-produccion-32x32in-prensa\/\" \/>\n<meta property=\"og:site_name\" content=\"SUPER TORTILLA MACHINES\" \/>\n<meta property=\"article:modified_time\" content=\"2025-09-18T16:02:01+00:00\" \/>\n<meta property=\"og:image\" content=\"https:\/\/supertortillamachines.com\/wp-content\/uploads\/2025\/07\/stacker-counter.jpg\" \/>\n\t<meta property=\"og:image:width\" content=\"1805\" \/>\n\t<meta property=\"og:image:height\" content=\"917\" \/>\n\t<meta property=\"og:image:type\" content=\"image\/jpeg\" \/>\n<meta name=\"twitter:card\" content=\"summary_large_image\" \/>\n<meta name=\"twitter:label1\" content=\"Tiempo de lectura\" \/>\n\t<meta name=\"twitter:data1\" content=\"2 minutos\" \/>\n<script type=\"application\/ld+json\" class=\"yoast-schema-graph\">{\"@context\":\"https:\\\/\\\/schema.org\",\"@graph\":[{\"@type\":\"WebPage\",\"@id\":\"https:\\\/\\\/supertortillamachines.com\\\/product\\\/high-production-flour-tortilla-line-32x32in-press\\\/\",\"url\":\"https:\\\/\\\/supertortillamachines.com\\\/product\\\/high-production-flour-tortilla-line-32x32in-press\\\/\",\"name\":\"High Production Flour Tortilla Line 32x32in press - SUPER TORTILLA MACHINES\",\"isPartOf\":{\"@id\":\"https:\\\/\\\/supertortillamachines.com\\\/#website\"},\"primaryImageOfPage\":{\"@id\":\"https:\\\/\\\/supertortillamachines.com\\\/product\\\/high-production-flour-tortilla-line-32x32in-press\\\/#primaryimage\"},\"image\":{\"@id\":\"https:\\\/\\\/supertortillamachines.com\\\/product\\\/high-production-flour-tortilla-line-32x32in-press\\\/#primaryimage\"},\"thumbnailUrl\":\"https:\\\/\\\/supertortillamachines.com\\\/wp-content\\\/uploads\\\/2025\\\/07\\\/stacker-counter.jpg\",\"datePublished\":\"2025-07-28T18:54:48+00:00\",\"dateModified\":\"2025-09-18T16:02:01+00:00\",\"description\":\"This is a wonderful machine which may press up to 9 tortillas at the time.\u00a0 It will produce from 5,000 to 21,000 tortillas per hour!\",\"breadcrumb\":{\"@id\":\"https:\\\/\\\/supertortillamachines.com\\\/product\\\/high-production-flour-tortilla-line-32x32in-press\\\/#breadcrumb\"},\"inLanguage\":\"es\",\"potentialAction\":[{\"@type\":\"ReadAction\",\"target\":[\"https:\\\/\\\/supertortillamachines.com\\\/product\\\/high-production-flour-tortilla-line-32x32in-press\\\/\"]}]},{\"@type\":\"ImageObject\",\"inLanguage\":\"es\",\"@id\":\"https:\\\/\\\/supertortillamachines.com\\\/product\\\/high-production-flour-tortilla-line-32x32in-press\\\/#primaryimage\",\"url\":\"https:\\\/\\\/supertortillamachines.com\\\/wp-content\\\/uploads\\\/2025\\\/07\\\/stacker-counter.jpg\",\"contentUrl\":\"https:\\\/\\\/supertortillamachines.com\\\/wp-content\\\/uploads\\\/2025\\\/07\\\/stacker-counter.jpg\",\"width\":1805,\"height\":917,\"caption\":\"stacker counter\"},{\"@type\":\"BreadcrumbList\",\"@id\":\"https:\\\/\\\/supertortillamachines.com\\\/product\\\/high-production-flour-tortilla-line-32x32in-press\\\/#breadcrumb\",\"itemListElement\":[{\"@type\":\"ListItem\",\"position\":1,\"name\":\"Home\",\"item\":\"https:\\\/\\\/supertortillamachines.com\\\/\"},{\"@type\":\"ListItem\",\"position\":2,\"name\":\"Shop\",\"item\":\"https:\\\/\\\/supertortillamachines.com\\\/shop\\\/\"},{\"@type\":\"ListItem\",\"position\":3,\"name\":\"High Production Flour Tortilla Line 32x32in press\"}]},{\"@type\":\"WebSite\",\"@id\":\"https:\\\/\\\/supertortillamachines.com\\\/#website\",\"url\":\"https:\\\/\\\/supertortillamachines.com\\\/\",\"name\":\"SUPER TORTILLA MACHINES\",\"description\":\"The best Mexican Tortilla Machines\",\"publisher\":{\"@id\":\"https:\\\/\\\/supertortillamachines.com\\\/#organization\"},\"potentialAction\":[{\"@type\":\"SearchAction\",\"target\":{\"@type\":\"EntryPoint\",\"urlTemplate\":\"https:\\\/\\\/supertortillamachines.com\\\/?s={search_term_string}\"},\"query-input\":{\"@type\":\"PropertyValueSpecification\",\"valueRequired\":true,\"valueName\":\"search_term_string\"}}],\"inLanguage\":\"es\"},{\"@type\":\"Organization\",\"@id\":\"https:\\\/\\\/supertortillamachines.com\\\/#organization\",\"name\":\"SUPER TORTILLA MACHINES\",\"url\":\"https:\\\/\\\/supertortillamachines.com\\\/\",\"logo\":{\"@type\":\"ImageObject\",\"inLanguage\":\"es\",\"@id\":\"https:\\\/\\\/supertortillamachines.com\\\/#\\\/schema\\\/logo\\\/image\\\/\",\"url\":\"https:\\\/\\\/supertortillamachines.com\\\/wp-content\\\/uploads\\\/2025\\\/07\\\/Supertortilla.jpg\",\"contentUrl\":\"https:\\\/\\\/supertortillamachines.com\\\/wp-content\\\/uploads\\\/2025\\\/07\\\/Supertortilla.jpg\",\"width\":221,\"height\":177,\"caption\":\" SUPER TORTILLA MACHINES \"},\"image\":{\"@id\":\"https:\\\/\\\/supertortillamachines.com\\\/#\\\/schema\\\/logo\\\/image\\\/\"}}]}<\/script>\n<!-- \/ Yoast SEO plugin. -->","yoast_head_json":{"title":"Linea Alta Produccion Tortilla Harina 32x32in prensa - SUPER TORTILLA MACHINES","description":"Esta es una m\u00e1quina maravillosa que puede prensar hasta 9 tortillas a la vez.  \u00a1Producir\u00e1 de 5,000 a 21,000 tortillas por hora!","robots":{"index":"index","follow":"follow","max-snippet":"max-snippet:-1","max-image-preview":"max-image-preview:large","max-video-preview":"max-video-preview:-1"},"canonical":"https:\/\/supertortillamachines.com\/es\/producto\/linea-de-tortilla-de-harina-de-alta-produccion-32x32in-prensa\/","og_locale":"es_MX","og_type":"article","og_title":"High Production Flour Tortilla Line 32x32in press - SUPER TORTILLA MACHINES","og_description":"This is a wonderful machine which may press up to 9 tortillas at the time.\u00a0 It will produce from 5,000 to 21,000 tortillas per hour!","og_url":"https:\/\/supertortillamachines.com\/es\/producto\/linea-de-tortilla-de-harina-de-alta-produccion-32x32in-prensa\/","og_site_name":"SUPER TORTILLA MACHINES","article_modified_time":"2025-09-18T16:02:01+00:00","og_image":[{"width":1805,"height":917,"url":"https:\/\/supertortillamachines.com\/wp-content\/uploads\/2025\/07\/stacker-counter.jpg","type":"image\/jpeg"}],"twitter_card":"summary_large_image","twitter_misc":{"Tiempo de lectura":"2 minutos"},"schema":{"@context":"https:\/\/schema.org","@graph":[{"@type":"WebPage","@id":"https:\/\/supertortillamachines.com\/product\/high-production-flour-tortilla-line-32x32in-press\/","url":"https:\/\/supertortillamachines.com\/product\/high-production-flour-tortilla-line-32x32in-press\/","name":"Linea Alta Produccion Tortilla Harina 32x32in prensa - SUPER TORTILLA MACHINES","isPartOf":{"@id":"https:\/\/supertortillamachines.com\/#website"},"primaryImageOfPage":{"@id":"https:\/\/supertortillamachines.com\/product\/high-production-flour-tortilla-line-32x32in-press\/#primaryimage"},"image":{"@id":"https:\/\/supertortillamachines.com\/product\/high-production-flour-tortilla-line-32x32in-press\/#primaryimage"},"thumbnailUrl":"https:\/\/supertortillamachines.com\/wp-content\/uploads\/2025\/07\/stacker-counter.jpg","datePublished":"2025-07-28T18:54:48+00:00","dateModified":"2025-09-18T16:02:01+00:00","description":"Esta es una m\u00e1quina maravillosa que puede prensar hasta 9 tortillas a la vez.  \u00a1Producir\u00e1 de 5,000 a 21,000 tortillas por hora!","breadcrumb":{"@id":"https:\/\/supertortillamachines.com\/product\/high-production-flour-tortilla-line-32x32in-press\/#breadcrumb"},"inLanguage":"es","potentialAction":[{"@type":"ReadAction","target":["https:\/\/supertortillamachines.com\/product\/high-production-flour-tortilla-line-32x32in-press\/"]}]},{"@type":"ImageObject","inLanguage":"es","@id":"https:\/\/supertortillamachines.com\/product\/high-production-flour-tortilla-line-32x32in-press\/#primaryimage","url":"https:\/\/supertortillamachines.com\/wp-content\/uploads\/2025\/07\/stacker-counter.jpg","contentUrl":"https:\/\/supertortillamachines.com\/wp-content\/uploads\/2025\/07\/stacker-counter.jpg","width":1805,"height":917,"caption":"stacker counter"},{"@type":"BreadcrumbList","@id":"https:\/\/supertortillamachines.com\/product\/high-production-flour-tortilla-line-32x32in-press\/#breadcrumb","itemListElement":[{"@type":"ListItem","position":1,"name":"Home","item":"https:\/\/supertortillamachines.com\/"},{"@type":"ListItem","position":2,"name":"Shop","item":"https:\/\/supertortillamachines.com\/shop\/"},{"@type":"ListItem","position":3,"name":"High Production Flour Tortilla Line 32x32in press"}]},{"@type":"WebSite","@id":"https:\/\/supertortillamachines.com\/#website","url":"https:\/\/supertortillamachines.com\/","name":"SUPER TORTILLADORAS","description":"Las mejores Tortilladoras Mexicanas","publisher":{"@id":"https:\/\/supertortillamachines.com\/#organization"},"potentialAction":[{"@type":"SearchAction","target":{"@type":"EntryPoint","urlTemplate":"https:\/\/supertortillamachines.com\/?s={search_term_string}"},"query-input":{"@type":"PropertyValueSpecification","valueRequired":true,"valueName":"search_term_string"}}],"inLanguage":"es"},{"@type":"Organization","@id":"https:\/\/supertortillamachines.com\/#organization","name":"SUPER TORTILLADORAS","url":"https:\/\/supertortillamachines.com\/","logo":{"@type":"ImageObject","inLanguage":"es","@id":"https:\/\/supertortillamachines.com\/#\/schema\/logo\/image\/","url":"https:\/\/supertortillamachines.com\/wp-content\/uploads\/2025\/07\/Supertortilla.jpg","contentUrl":"https:\/\/supertortillamachines.com\/wp-content\/uploads\/2025\/07\/Supertortilla.jpg","width":221,"height":177,"caption":" SUPER TORTILLA MACHINES "},"image":{"@id":"https:\/\/supertortillamachines.com\/#\/schema\/logo\/image\/"}}]}},"jetpack_sharing_enabled":true,"_links":{"self":[{"href":"https:\/\/supertortillamachines.com\/es\/wp-json\/wp\/v2\/product\/546","targetHints":{"allow":["GET"]}}],"collection":[{"href":"https:\/\/supertortillamachines.com\/es\/wp-json\/wp\/v2\/product"}],"about":[{"href":"https:\/\/supertortillamachines.com\/es\/wp-json\/wp\/v2\/types\/product"}],"wp:featuredmedia":[{"embeddable":true,"href":"https:\/\/supertortillamachines.com\/es\/wp-json\/wp\/v2\/media\/547"}],"wp:attachment":[{"href":"https:\/\/supertortillamachines.com\/es\/wp-json\/wp\/v2\/media?parent=546"}],"wp:term":[{"taxonomy":"product_brand","embeddable":true,"href":"https:\/\/supertortillamachines.com\/es\/wp-json\/wp\/v2\/product_brand?post=546"},{"taxonomy":"product_cat","embeddable":true,"href":"https:\/\/supertortillamachines.com\/es\/wp-json\/wp\/v2\/product_cat?post=546"},{"taxonomy":"product_tag","embeddable":true,"href":"https:\/\/supertortillamachines.com\/es\/wp-json\/wp\/v2\/product_tag?post=546"}],"curies":[{"name":"wp","href":"https:\/\/api.w.org\/{rel}","templated":true}]}}