{"id":554,"date":"2025-07-28T20:16:05","date_gmt":"2025-07-28T20:16:05","guid":{"rendered":"https:\/\/supertortillamachines.com\/?post_type=product&#038;p=554"},"modified":"2025-09-18T16:35:56","modified_gmt":"2025-09-18T16:35:56","slug":"prensa-electrica-para-tortillas-de-trigo-y-maiz-10","status":"publish","type":"product","link":"https:\/\/supertortillamachines.com\/es\/product\/electric-tortilla-press-maker-for-wheat-and-corn-tortillas-10\/","title":{"rendered":"Tortillera el\u00e9ctrica para tortillas de trigo y ma\u00edz 10\u2033."},"content":{"rendered":"<p>PRENSA PARA TORTILLAS EL\u00c9CTRICA<\/p>\n<p>Esta es una gran m\u00e1quina para hacer sus propias tortillas de harina de trigo caseras para comer en casa, para vender o para ofrecer tortillas de harina reci\u00e9n hechas frescas a sus clientes en un peque\u00f1o restaurante.<\/p>\n<p>S\u00f3lo tienes que poner la bola de masa en la prensa, luego mover la palanca de la m\u00e1quina y obtendr\u00e1s una tortilla extendida para luego ponerla en una plancha o comal y terminar de cocinarla.<\/p>\n<p><span class=\"ff2 fc2 fs10 fb\">CARACTER\u00cdSTICAS DEL ART\u00cdCULO<\/span><span class=\"ff1 fc0 fs10\"><br \/>\n<\/span><\/p>\n<ul>\n<li>La prensa para tortillas calentada hace tortillas de harina de 10\u2033 sin usar un rodillo<\/li>\n<li>Fabricado en aluminio fundido sin \u00f3xido de calidad comercial, con un atractivo acabado chapado.<span class=\"ff1 fc0 fs10\">\u00a0<\/span><\/li>\n<li><span class=\"ff1 fc0 fs10\">Peso neto 10 lbs.<\/span><\/li>\n<li><span class=\"ff1 fc0 fs10\">110v voltios, 250 vatios. Patas y asas aisladas para uso sobre encimera.<\/span><\/li>\n<li>Aplana y precocina las tortillas en 3-4 segundos. Terminar la cocci\u00f3n en la plancha o comal.<\/li>\n<li><span class=\"ff2 fc0 fs10\">Utiliza la misma tecnolog\u00eda de ajuste de masa con placa calentada que las m\u00e1quinas comerciales.<\/span><\/li>\n<\/ul>\n<h3><a href=\"http:\/\/supertortillamachines.com\/es\/\" target=\"_blank\" rel=\"noopener\">www.supertortillamachines.com<\/a><\/h3>\n<div>Es la mejor opci\u00f3n en M\u00e1quinas tortilladoras de ma\u00edz para producci\u00f3n industrial. Somos una empresa con presencia en M\u00e9xico y Estados Unidos. Nuestras maquinas son de calidad hechas en Mexico y exportadas a nuestro almacen en USA. Es por eso que podemos enviar a un precio muy competitivo dentro de los EE.UU. y en todo el mundo.<\/div>\n<div>\n<\/div>\n<div><\/div>\n<div>Si usted est\u00e1 en los EE.UU. ser\u00e1 muy f\u00e1cil comprar de nosotros, porque somos una corporaci\u00f3n de EE.UU., usted no tendr\u00e1 que lidiar con las aduanas en cualquier momento. Usted s\u00f3lo tiene que pedir y recibir\u00e1 su m\u00e1quina en cualquier direcci\u00f3n de EE.UU. dentro de los estados continentales.<\/div>\n<div><\/div>\n<div><\/div>\n<div>Nota importante:<\/div>\n<div>Esta m\u00e1quina no est\u00e1 dise\u00f1ada para TORTILLAS DE MA\u00cdZ.<\/div>\n<p>&nbsp;<\/p>\n<div><\/div>","protected":false},"excerpt":{"rendered":"<p>Gran m\u00e1quina para hacer sus propias tortillas de harina de trigo caseras para comer en casa, para vender o para ofrecer tortillas de harina reci\u00e9n hechas frescas a sus clientes.<\/p>","protected":false},"featured_media":555,"template":"","meta":{"om_disable_all_campaigns":false,"_monsterinsights_skip_tracking":false,"_monsterinsights_sitenote_active":false,"_monsterinsights_sitenote_note":"","_monsterinsights_sitenote_category":0},"product_brand":[57],"product_cat":[19],"product_tag":[112,90,106,73],"class_list":{"0":"post-554","1":"product","2":"type-product","3":"status-publish","4":"has-post-thumbnail","6":"product_brand-super-tortilla-machines","7":"product_cat-tortilla-machines","8":"product_tag-comal","9":"product_tag-electric","10":"product_tag-press","11":"product_tag-tortilla","13":"first","14":"instock","15":"shipping-taxable","16":"purchasable","17":"product-type-variable"},"yoast_head":"<!-- This site is optimized with the Yoast SEO plugin v27.3 - https:\/\/yoast.com\/product\/yoast-seo-wordpress\/ -->\n<title>Electric Tortilla Press Maker for wheat and corn tortillas 10&quot; - SUPER TORTILLA MACHINES<\/title>\n<meta name=\"description\" content=\"Great machine to make your own home made wheat flour tortillas to eat at home,\u00a0to sell or to offer just made fresh flour tortillas to your customers\" \/>\n<meta name=\"robots\" content=\"index, follow, max-snippet:-1, max-image-preview:large, max-video-preview:-1\" \/>\n<link rel=\"canonical\" href=\"https:\/\/supertortillamachines.com\/es\/producto\/prensa-electrica-para-tortillas-de-trigo-y-maiz-10\/\" \/>\n<meta property=\"og:locale\" content=\"es_MX\" \/>\n<meta property=\"og:type\" content=\"article\" \/>\n<meta property=\"og:title\" content=\"Electric Tortilla Press Maker for wheat and corn tortillas 10&quot; - SUPER TORTILLA MACHINES\" \/>\n<meta property=\"og:description\" content=\"Great machine to make your own home made wheat flour tortillas to eat at home,\u00a0to sell or to offer just made fresh flour tortillas to your customers\" \/>\n<meta property=\"og:url\" content=\"https:\/\/supertortillamachines.com\/es\/producto\/prensa-electrica-para-tortillas-de-trigo-y-maiz-10\/\" \/>\n<meta property=\"og:site_name\" content=\"SUPER TORTILLA MACHINES\" \/>\n<meta property=\"article:modified_time\" content=\"2025-09-18T16:35:56+00:00\" \/>\n<meta property=\"og:image\" content=\"https:\/\/supertortillamachines.com\/wp-content\/uploads\/2025\/07\/press.jpg\" \/>\n\t<meta property=\"og:image:width\" content=\"550\" \/>\n\t<meta property=\"og:image:height\" content=\"550\" \/>\n\t<meta property=\"og:image:type\" content=\"image\/jpeg\" \/>\n<meta name=\"twitter:card\" content=\"summary_large_image\" \/>\n<meta name=\"twitter:label1\" content=\"Tiempo de lectura\" \/>\n\t<meta name=\"twitter:data1\" content=\"2 minutos\" \/>\n<script type=\"application\/ld+json\" class=\"yoast-schema-graph\">{\"@context\":\"https:\\\/\\\/schema.org\",\"@graph\":[{\"@type\":\"WebPage\",\"@id\":\"https:\\\/\\\/supertortillamachines.com\\\/product\\\/electric-tortilla-press-maker-for-wheat-and-corn-tortillas-10\\\/\",\"url\":\"https:\\\/\\\/supertortillamachines.com\\\/product\\\/electric-tortilla-press-maker-for-wheat-and-corn-tortillas-10\\\/\",\"name\":\"Electric Tortilla Press Maker for wheat and corn tortillas 10\\\" - SUPER TORTILLA MACHINES\",\"isPartOf\":{\"@id\":\"https:\\\/\\\/supertortillamachines.com\\\/#website\"},\"primaryImageOfPage\":{\"@id\":\"https:\\\/\\\/supertortillamachines.com\\\/product\\\/electric-tortilla-press-maker-for-wheat-and-corn-tortillas-10\\\/#primaryimage\"},\"image\":{\"@id\":\"https:\\\/\\\/supertortillamachines.com\\\/product\\\/electric-tortilla-press-maker-for-wheat-and-corn-tortillas-10\\\/#primaryimage\"},\"thumbnailUrl\":\"https:\\\/\\\/supertortillamachines.com\\\/wp-content\\\/uploads\\\/2025\\\/07\\\/press.jpg\",\"datePublished\":\"2025-07-28T20:16:05+00:00\",\"dateModified\":\"2025-09-18T16:35:56+00:00\",\"description\":\"Great machine to make your own home made wheat flour tortillas to eat at home,\u00a0to sell or to offer just made fresh flour tortillas to your customers\",\"breadcrumb\":{\"@id\":\"https:\\\/\\\/supertortillamachines.com\\\/product\\\/electric-tortilla-press-maker-for-wheat-and-corn-tortillas-10\\\/#breadcrumb\"},\"inLanguage\":\"es\",\"potentialAction\":[{\"@type\":\"ReadAction\",\"target\":[\"https:\\\/\\\/supertortillamachines.com\\\/product\\\/electric-tortilla-press-maker-for-wheat-and-corn-tortillas-10\\\/\"]}]},{\"@type\":\"ImageObject\",\"inLanguage\":\"es\",\"@id\":\"https:\\\/\\\/supertortillamachines.com\\\/product\\\/electric-tortilla-press-maker-for-wheat-and-corn-tortillas-10\\\/#primaryimage\",\"url\":\"https:\\\/\\\/supertortillamachines.com\\\/wp-content\\\/uploads\\\/2025\\\/07\\\/press.jpg\",\"contentUrl\":\"https:\\\/\\\/supertortillamachines.com\\\/wp-content\\\/uploads\\\/2025\\\/07\\\/press.jpg\",\"width\":550,\"height\":550,\"caption\":\"Manual Tortilla Press\"},{\"@type\":\"BreadcrumbList\",\"@id\":\"https:\\\/\\\/supertortillamachines.com\\\/product\\\/electric-tortilla-press-maker-for-wheat-and-corn-tortillas-10\\\/#breadcrumb\",\"itemListElement\":[{\"@type\":\"ListItem\",\"position\":1,\"name\":\"Home\",\"item\":\"https:\\\/\\\/supertortillamachines.com\\\/\"},{\"@type\":\"ListItem\",\"position\":2,\"name\":\"Shop\",\"item\":\"https:\\\/\\\/supertortillamachines.com\\\/shop\\\/\"},{\"@type\":\"ListItem\",\"position\":3,\"name\":\"Electric Tortilla Press Maker for wheat and corn tortillas 10&#8243;\"}]},{\"@type\":\"WebSite\",\"@id\":\"https:\\\/\\\/supertortillamachines.com\\\/#website\",\"url\":\"https:\\\/\\\/supertortillamachines.com\\\/\",\"name\":\"SUPER TORTILLA MACHINES\",\"description\":\"The best Mexican Tortilla Machines\",\"publisher\":{\"@id\":\"https:\\\/\\\/supertortillamachines.com\\\/#organization\"},\"potentialAction\":[{\"@type\":\"SearchAction\",\"target\":{\"@type\":\"EntryPoint\",\"urlTemplate\":\"https:\\\/\\\/supertortillamachines.com\\\/?s={search_term_string}\"},\"query-input\":{\"@type\":\"PropertyValueSpecification\",\"valueRequired\":true,\"valueName\":\"search_term_string\"}}],\"inLanguage\":\"es\"},{\"@type\":\"Organization\",\"@id\":\"https:\\\/\\\/supertortillamachines.com\\\/#organization\",\"name\":\"SUPER TORTILLA MACHINES\",\"url\":\"https:\\\/\\\/supertortillamachines.com\\\/\",\"logo\":{\"@type\":\"ImageObject\",\"inLanguage\":\"es\",\"@id\":\"https:\\\/\\\/supertortillamachines.com\\\/#\\\/schema\\\/logo\\\/image\\\/\",\"url\":\"https:\\\/\\\/supertortillamachines.com\\\/wp-content\\\/uploads\\\/2025\\\/07\\\/Supertortilla.jpg\",\"contentUrl\":\"https:\\\/\\\/supertortillamachines.com\\\/wp-content\\\/uploads\\\/2025\\\/07\\\/Supertortilla.jpg\",\"width\":221,\"height\":177,\"caption\":\" SUPER TORTILLA MACHINES \"},\"image\":{\"@id\":\"https:\\\/\\\/supertortillamachines.com\\\/#\\\/schema\\\/logo\\\/image\\\/\"}}]}<\/script>\n<!-- \/ Yoast SEO plugin. -->","yoast_head_json":{"title":"Tortilladora el\u00e9ctrica para tortillas de trigo y ma\u00edz 10\" - SUPER TORTILLA MACHINES","description":"Gran m\u00e1quina para hacer tus propias tortillas de harina de trigo caseras para comer en casa, para vender o para ofrecer tortillas de harina reci\u00e9n hechas frescas a tus clientes.","robots":{"index":"index","follow":"follow","max-snippet":"max-snippet:-1","max-image-preview":"max-image-preview:large","max-video-preview":"max-video-preview:-1"},"canonical":"https:\/\/supertortillamachines.com\/es\/producto\/prensa-electrica-para-tortillas-de-trigo-y-maiz-10\/","og_locale":"es_MX","og_type":"article","og_title":"Electric Tortilla Press Maker for wheat and corn tortillas 10\" - SUPER TORTILLA MACHINES","og_description":"Great machine to make your own home made wheat flour tortillas to eat at home,\u00a0to sell or to offer just made fresh flour tortillas to your customers","og_url":"https:\/\/supertortillamachines.com\/es\/producto\/prensa-electrica-para-tortillas-de-trigo-y-maiz-10\/","og_site_name":"SUPER TORTILLA MACHINES","article_modified_time":"2025-09-18T16:35:56+00:00","og_image":[{"width":550,"height":550,"url":"https:\/\/supertortillamachines.com\/wp-content\/uploads\/2025\/07\/press.jpg","type":"image\/jpeg"}],"twitter_card":"summary_large_image","twitter_misc":{"Tiempo de lectura":"2 minutos"},"schema":{"@context":"https:\/\/schema.org","@graph":[{"@type":"WebPage","@id":"https:\/\/supertortillamachines.com\/product\/electric-tortilla-press-maker-for-wheat-and-corn-tortillas-10\/","url":"https:\/\/supertortillamachines.com\/product\/electric-tortilla-press-maker-for-wheat-and-corn-tortillas-10\/","name":"Tortilladora el\u00e9ctrica para tortillas de trigo y ma\u00edz 10\" - SUPER TORTILLA MACHINES","isPartOf":{"@id":"https:\/\/supertortillamachines.com\/#website"},"primaryImageOfPage":{"@id":"https:\/\/supertortillamachines.com\/product\/electric-tortilla-press-maker-for-wheat-and-corn-tortillas-10\/#primaryimage"},"image":{"@id":"https:\/\/supertortillamachines.com\/product\/electric-tortilla-press-maker-for-wheat-and-corn-tortillas-10\/#primaryimage"},"thumbnailUrl":"https:\/\/supertortillamachines.com\/wp-content\/uploads\/2025\/07\/press.jpg","datePublished":"2025-07-28T20:16:05+00:00","dateModified":"2025-09-18T16:35:56+00:00","description":"Gran m\u00e1quina para hacer tus propias tortillas de harina de trigo caseras para comer en casa, para vender o para ofrecer tortillas de harina reci\u00e9n hechas frescas a tus clientes.","breadcrumb":{"@id":"https:\/\/supertortillamachines.com\/product\/electric-tortilla-press-maker-for-wheat-and-corn-tortillas-10\/#breadcrumb"},"inLanguage":"es","potentialAction":[{"@type":"ReadAction","target":["https:\/\/supertortillamachines.com\/product\/electric-tortilla-press-maker-for-wheat-and-corn-tortillas-10\/"]}]},{"@type":"ImageObject","inLanguage":"es","@id":"https:\/\/supertortillamachines.com\/product\/electric-tortilla-press-maker-for-wheat-and-corn-tortillas-10\/#primaryimage","url":"https:\/\/supertortillamachines.com\/wp-content\/uploads\/2025\/07\/press.jpg","contentUrl":"https:\/\/supertortillamachines.com\/wp-content\/uploads\/2025\/07\/press.jpg","width":550,"height":550,"caption":"Manual Tortilla Press"},{"@type":"BreadcrumbList","@id":"https:\/\/supertortillamachines.com\/product\/electric-tortilla-press-maker-for-wheat-and-corn-tortillas-10\/#breadcrumb","itemListElement":[{"@type":"ListItem","position":1,"name":"Home","item":"https:\/\/supertortillamachines.com\/"},{"@type":"ListItem","position":2,"name":"Shop","item":"https:\/\/supertortillamachines.com\/shop\/"},{"@type":"ListItem","position":3,"name":"Electric Tortilla Press Maker for wheat and corn tortillas 10&#8243;"}]},{"@type":"WebSite","@id":"https:\/\/supertortillamachines.com\/#website","url":"https:\/\/supertortillamachines.com\/","name":"SUPER TORTILLADORAS","description":"Las mejores Tortilladoras Mexicanas","publisher":{"@id":"https:\/\/supertortillamachines.com\/#organization"},"potentialAction":[{"@type":"SearchAction","target":{"@type":"EntryPoint","urlTemplate":"https:\/\/supertortillamachines.com\/?s={search_term_string}"},"query-input":{"@type":"PropertyValueSpecification","valueRequired":true,"valueName":"search_term_string"}}],"inLanguage":"es"},{"@type":"Organization","@id":"https:\/\/supertortillamachines.com\/#organization","name":"SUPER TORTILLADORAS","url":"https:\/\/supertortillamachines.com\/","logo":{"@type":"ImageObject","inLanguage":"es","@id":"https:\/\/supertortillamachines.com\/#\/schema\/logo\/image\/","url":"https:\/\/supertortillamachines.com\/wp-content\/uploads\/2025\/07\/Supertortilla.jpg","contentUrl":"https:\/\/supertortillamachines.com\/wp-content\/uploads\/2025\/07\/Supertortilla.jpg","width":221,"height":177,"caption":" SUPER TORTILLA MACHINES "},"image":{"@id":"https:\/\/supertortillamachines.com\/#\/schema\/logo\/image\/"}}]}},"jetpack_sharing_enabled":true,"_links":{"self":[{"href":"https:\/\/supertortillamachines.com\/es\/wp-json\/wp\/v2\/product\/554","targetHints":{"allow":["GET"]}}],"collection":[{"href":"https:\/\/supertortillamachines.com\/es\/wp-json\/wp\/v2\/product"}],"about":[{"href":"https:\/\/supertortillamachines.com\/es\/wp-json\/wp\/v2\/types\/product"}],"wp:featuredmedia":[{"embeddable":true,"href":"https:\/\/supertortillamachines.com\/es\/wp-json\/wp\/v2\/media\/555"}],"wp:attachment":[{"href":"https:\/\/supertortillamachines.com\/es\/wp-json\/wp\/v2\/media?parent=554"}],"wp:term":[{"taxonomy":"product_brand","embeddable":true,"href":"https:\/\/supertortillamachines.com\/es\/wp-json\/wp\/v2\/product_brand?post=554"},{"taxonomy":"product_cat","embeddable":true,"href":"https:\/\/supertortillamachines.com\/es\/wp-json\/wp\/v2\/product_cat?post=554"},{"taxonomy":"product_tag","embeddable":true,"href":"https:\/\/supertortillamachines.com\/es\/wp-json\/wp\/v2\/product_tag?post=554"}],"curies":[{"name":"wp","href":"https:\/\/api.w.org\/{rel}","templated":true}]}}