{"id":647,"date":"2025-07-30T22:12:01","date_gmt":"2025-07-30T22:12:01","guid":{"rendered":"https:\/\/supertortillamachines.com\/?post_type=product&#038;p=647"},"modified":"2025-09-18T16:36:13","modified_gmt":"2025-09-18T16:36:13","slug":"molino-de-camarada-para-maiz-nixtamal-pequeno","status":"publish","type":"product","link":"https:\/\/supertortillamachines.com\/es\/product\/camarada-grinder-for-corn-nixtamal-small\/","title":{"rendered":"Molino Camarada para ma\u00edz Nixtamal Peque\u00f1o"},"content":{"rendered":"<p>Excelente equipo para moler ma\u00edz y nixtamal para una mejor producci\u00f3n de harina de ma\u00edz.<\/p>\n<p><b>Caracter\u00edsticas<\/b><\/p>\n<p>Molino de Nixtamal semiautom\u00e1tico.<\/p>\n<ul>\n<li>Producci\u00f3n 80-100 Kgs<\/li>\n<li>Motor de 2 CV<\/li>\n<li>6\u2033 Piedra<\/li>\n<li>Caracter\u00edsticas<\/li>\n<li>Monof\u00e1sico 110\/220 voltios<\/li>\n<\/ul>\n<p>No lo dudes, tambi\u00e9n somos vendedores en ebay y puedes ver que somos un vendedor de confianza en<\/p>\n<div><\/div>\n<div><a href=\"http:\/\/feedback.ebay.com\/ws\/eBayISAPI.dll?ViewFeedback2&amp;userid=woodandheat&amp;ftab=AllFeedback\">http:\/\/feedback.ebay.com\/ws\/eBayISAPI.dll?ViewFeedback2&amp;userid=woodandheat&amp;ftab=AllFeedback<\/a><\/div>\n<div><\/div>\n<div><a href=\"http:\/\/weebly-link\/607398779830849657\">www.supertortillamachines.com<\/a><\/div>\n<div><\/div>\n<div>Es la mejor opci\u00f3n en M\u00e1quinas tortilladoras de ma\u00edz para producci\u00f3n industrial. Somos una empresa con presencia en M\u00e9xico y Estados Unidos. Nuestras maquinas son de calidad hechas en Mexico y exportadas a nuestro almacen en USA. Es por eso que podemos enviar a un precio muy competitivo dentro de los EE.UU. y en todo el mundo.<\/div>\n<div><\/div>\n<div>Si usted est\u00e1 en los EE.UU. ser\u00e1 muy f\u00e1cil comprar de nosotros, porque somos una corporaci\u00f3n de EE.UU., usted no tendr\u00e1 que lidiar con las aduanas en cualquier momento. Usted s\u00f3lo tiene que pedir y recibir\u00e1 su m\u00e1quina en cualquier direcci\u00f3n de EE.UU. dentro de los estados continentales.<\/div>\n<div><\/div>\n<div>NOTA IMPORTANTE: Esta m\u00e1quina no est\u00e1 dise\u00f1ada para TRIGO EN GRANO<\/div>","protected":false},"excerpt":{"rendered":"<p>Excelente equipo para moler ma\u00edz y nixtamal para una mejor producci\u00f3n de harina de ma\u00edz.<\/p>","protected":false},"featured_media":648,"template":"","meta":{"om_disable_all_campaigns":false,"_monsterinsights_skip_tracking":false,"_monsterinsights_sitenote_active":false,"_monsterinsights_sitenote_note":"","_monsterinsights_sitenote_category":0},"product_brand":[57],"product_cat":[58,19],"product_tag":[124,88,104,22,89],"class_list":{"0":"post-647","1":"product","2":"type-product","3":"status-publish","4":"has-post-thumbnail","6":"product_brand-super-tortilla-machines","7":"product_cat-corn-flour-tortilla-machines","8":"product_cat-tortilla-machines","9":"product_tag-camarada","10":"product_tag-corn","11":"product_tag-grinder","12":"product_tag-machine","13":"product_tag-nixtamal","15":"first","16":"instock","17":"shipping-taxable","18":"purchasable","19":"product-type-variable"},"yoast_head":"<!-- This site is optimized with the Yoast SEO plugin v27.4 - https:\/\/yoast.com\/product\/yoast-seo-wordpress\/ -->\n<title>Camarada Grinder for corn Nixtamal Small - SUPER TORTILLA MACHINES<\/title>\n<meta name=\"description\" content=\"Excellent equipment for grinding corn and nixtamal for better corn flour production.\" \/>\n<meta name=\"robots\" content=\"index, follow, max-snippet:-1, max-image-preview:large, max-video-preview:-1\" \/>\n<link rel=\"canonical\" href=\"https:\/\/supertortillamachines.com\/es\/producto\/molino-de-camarada-para-maiz-nixtamal-pequeno\/\" \/>\n<meta property=\"og:locale\" content=\"es_MX\" \/>\n<meta property=\"og:type\" content=\"article\" \/>\n<meta property=\"og:title\" content=\"Camarada Grinder for corn Nixtamal Small - SUPER TORTILLA MACHINES\" \/>\n<meta property=\"og:description\" content=\"Excellent equipment for grinding corn and nixtamal for better corn flour production.\" \/>\n<meta property=\"og:url\" content=\"https:\/\/supertortillamachines.com\/es\/producto\/molino-de-camarada-para-maiz-nixtamal-pequeno\/\" \/>\n<meta property=\"og:site_name\" content=\"SUPER TORTILLA MACHINES\" \/>\n<meta property=\"article:modified_time\" content=\"2025-09-18T16:36:13+00:00\" \/>\n<meta property=\"og:image\" content=\"https:\/\/supertortillamachines.com\/wp-content\/uploads\/2025\/07\/grinder-mixtamal-1.jpg\" \/>\n\t<meta property=\"og:image:width\" content=\"1068\" \/>\n\t<meta property=\"og:image:height\" content=\"1115\" \/>\n\t<meta property=\"og:image:type\" content=\"image\/jpeg\" \/>\n<meta name=\"twitter:card\" content=\"summary_large_image\" \/>\n<meta name=\"twitter:label1\" content=\"Tiempo de lectura\" \/>\n\t<meta name=\"twitter:data1\" content=\"1 minuto\" \/>\n<script type=\"application\/ld+json\" class=\"yoast-schema-graph\">{\"@context\":\"https:\\\/\\\/schema.org\",\"@graph\":[{\"@type\":\"WebPage\",\"@id\":\"https:\\\/\\\/supertortillamachines.com\\\/product\\\/camarada-grinder-for-corn-nixtamal-small\\\/\",\"url\":\"https:\\\/\\\/supertortillamachines.com\\\/product\\\/camarada-grinder-for-corn-nixtamal-small\\\/\",\"name\":\"Camarada Grinder for corn Nixtamal Small - SUPER TORTILLA MACHINES\",\"isPartOf\":{\"@id\":\"https:\\\/\\\/supertortillamachines.com\\\/#website\"},\"primaryImageOfPage\":{\"@id\":\"https:\\\/\\\/supertortillamachines.com\\\/product\\\/camarada-grinder-for-corn-nixtamal-small\\\/#primaryimage\"},\"image\":{\"@id\":\"https:\\\/\\\/supertortillamachines.com\\\/product\\\/camarada-grinder-for-corn-nixtamal-small\\\/#primaryimage\"},\"thumbnailUrl\":\"https:\\\/\\\/supertortillamachines.com\\\/wp-content\\\/uploads\\\/2025\\\/07\\\/grinder-mixtamal-1.jpg\",\"datePublished\":\"2025-07-30T22:12:01+00:00\",\"dateModified\":\"2025-09-18T16:36:13+00:00\",\"description\":\"Excellent equipment for grinding corn and nixtamal for better corn flour production.\",\"breadcrumb\":{\"@id\":\"https:\\\/\\\/supertortillamachines.com\\\/product\\\/camarada-grinder-for-corn-nixtamal-small\\\/#breadcrumb\"},\"inLanguage\":\"es\",\"potentialAction\":[{\"@type\":\"ReadAction\",\"target\":[\"https:\\\/\\\/supertortillamachines.com\\\/product\\\/camarada-grinder-for-corn-nixtamal-small\\\/\"]}]},{\"@type\":\"ImageObject\",\"inLanguage\":\"es\",\"@id\":\"https:\\\/\\\/supertortillamachines.com\\\/product\\\/camarada-grinder-for-corn-nixtamal-small\\\/#primaryimage\",\"url\":\"https:\\\/\\\/supertortillamachines.com\\\/wp-content\\\/uploads\\\/2025\\\/07\\\/grinder-mixtamal-1.jpg\",\"contentUrl\":\"https:\\\/\\\/supertortillamachines.com\\\/wp-content\\\/uploads\\\/2025\\\/07\\\/grinder-mixtamal-1.jpg\",\"width\":1068,\"height\":1115,\"caption\":\"Grinder Mixtamal\"},{\"@type\":\"BreadcrumbList\",\"@id\":\"https:\\\/\\\/supertortillamachines.com\\\/product\\\/camarada-grinder-for-corn-nixtamal-small\\\/#breadcrumb\",\"itemListElement\":[{\"@type\":\"ListItem\",\"position\":1,\"name\":\"Home\",\"item\":\"https:\\\/\\\/supertortillamachines.com\\\/\"},{\"@type\":\"ListItem\",\"position\":2,\"name\":\"Shop\",\"item\":\"https:\\\/\\\/supertortillamachines.com\\\/shop\\\/\"},{\"@type\":\"ListItem\",\"position\":3,\"name\":\"Camarada Grinder for corn Nixtamal Small\"}]},{\"@type\":\"WebSite\",\"@id\":\"https:\\\/\\\/supertortillamachines.com\\\/#website\",\"url\":\"https:\\\/\\\/supertortillamachines.com\\\/\",\"name\":\"SUPER TORTILLA MACHINES\",\"description\":\"The best Mexican Tortilla Machines\",\"publisher\":{\"@id\":\"https:\\\/\\\/supertortillamachines.com\\\/#organization\"},\"potentialAction\":[{\"@type\":\"SearchAction\",\"target\":{\"@type\":\"EntryPoint\",\"urlTemplate\":\"https:\\\/\\\/supertortillamachines.com\\\/?s={search_term_string}\"},\"query-input\":{\"@type\":\"PropertyValueSpecification\",\"valueRequired\":true,\"valueName\":\"search_term_string\"}}],\"inLanguage\":\"es\"},{\"@type\":\"Organization\",\"@id\":\"https:\\\/\\\/supertortillamachines.com\\\/#organization\",\"name\":\"SUPER TORTILLA MACHINES\",\"url\":\"https:\\\/\\\/supertortillamachines.com\\\/\",\"logo\":{\"@type\":\"ImageObject\",\"inLanguage\":\"es\",\"@id\":\"https:\\\/\\\/supertortillamachines.com\\\/#\\\/schema\\\/logo\\\/image\\\/\",\"url\":\"https:\\\/\\\/supertortillamachines.com\\\/wp-content\\\/uploads\\\/2025\\\/07\\\/Supertortilla.jpg\",\"contentUrl\":\"https:\\\/\\\/supertortillamachines.com\\\/wp-content\\\/uploads\\\/2025\\\/07\\\/Supertortilla.jpg\",\"width\":221,\"height\":177,\"caption\":\" SUPER TORTILLA MACHINES \"},\"image\":{\"@id\":\"https:\\\/\\\/supertortillamachines.com\\\/#\\\/schema\\\/logo\\\/image\\\/\"}}]}<\/script>\n<!-- \/ Yoast SEO plugin. -->","yoast_head_json":{"title":"Molino Camarada para ma\u00edz Nixtamal Peque\u00f1o - SUPER TORTILLA MACHINES","description":"Excelente equipo para moler ma\u00edz y nixtamal para una mejor producci\u00f3n de harina de ma\u00edz.","robots":{"index":"index","follow":"follow","max-snippet":"max-snippet:-1","max-image-preview":"max-image-preview:large","max-video-preview":"max-video-preview:-1"},"canonical":"https:\/\/supertortillamachines.com\/es\/producto\/molino-de-camarada-para-maiz-nixtamal-pequeno\/","og_locale":"es_MX","og_type":"article","og_title":"Camarada Grinder for corn Nixtamal Small - SUPER TORTILLA MACHINES","og_description":"Excellent equipment for grinding corn and nixtamal for better corn flour production.","og_url":"https:\/\/supertortillamachines.com\/es\/producto\/molino-de-camarada-para-maiz-nixtamal-pequeno\/","og_site_name":"SUPER TORTILLA MACHINES","article_modified_time":"2025-09-18T16:36:13+00:00","og_image":[{"width":1068,"height":1115,"url":"https:\/\/supertortillamachines.com\/wp-content\/uploads\/2025\/07\/grinder-mixtamal-1.jpg","type":"image\/jpeg"}],"twitter_card":"summary_large_image","twitter_misc":{"Tiempo de lectura":"1 minuto"},"schema":{"@context":"https:\/\/schema.org","@graph":[{"@type":"WebPage","@id":"https:\/\/supertortillamachines.com\/product\/camarada-grinder-for-corn-nixtamal-small\/","url":"https:\/\/supertortillamachines.com\/product\/camarada-grinder-for-corn-nixtamal-small\/","name":"Molino Camarada para ma\u00edz Nixtamal Peque\u00f1o - SUPER TORTILLA MACHINES","isPartOf":{"@id":"https:\/\/supertortillamachines.com\/#website"},"primaryImageOfPage":{"@id":"https:\/\/supertortillamachines.com\/product\/camarada-grinder-for-corn-nixtamal-small\/#primaryimage"},"image":{"@id":"https:\/\/supertortillamachines.com\/product\/camarada-grinder-for-corn-nixtamal-small\/#primaryimage"},"thumbnailUrl":"https:\/\/supertortillamachines.com\/wp-content\/uploads\/2025\/07\/grinder-mixtamal-1.jpg","datePublished":"2025-07-30T22:12:01+00:00","dateModified":"2025-09-18T16:36:13+00:00","description":"Excelente equipo para moler ma\u00edz y nixtamal para una mejor producci\u00f3n de harina de ma\u00edz.","breadcrumb":{"@id":"https:\/\/supertortillamachines.com\/product\/camarada-grinder-for-corn-nixtamal-small\/#breadcrumb"},"inLanguage":"es","potentialAction":[{"@type":"ReadAction","target":["https:\/\/supertortillamachines.com\/product\/camarada-grinder-for-corn-nixtamal-small\/"]}]},{"@type":"ImageObject","inLanguage":"es","@id":"https:\/\/supertortillamachines.com\/product\/camarada-grinder-for-corn-nixtamal-small\/#primaryimage","url":"https:\/\/supertortillamachines.com\/wp-content\/uploads\/2025\/07\/grinder-mixtamal-1.jpg","contentUrl":"https:\/\/supertortillamachines.com\/wp-content\/uploads\/2025\/07\/grinder-mixtamal-1.jpg","width":1068,"height":1115,"caption":"Grinder Mixtamal"},{"@type":"BreadcrumbList","@id":"https:\/\/supertortillamachines.com\/product\/camarada-grinder-for-corn-nixtamal-small\/#breadcrumb","itemListElement":[{"@type":"ListItem","position":1,"name":"Home","item":"https:\/\/supertortillamachines.com\/"},{"@type":"ListItem","position":2,"name":"Shop","item":"https:\/\/supertortillamachines.com\/shop\/"},{"@type":"ListItem","position":3,"name":"Camarada Grinder for corn Nixtamal Small"}]},{"@type":"WebSite","@id":"https:\/\/supertortillamachines.com\/#website","url":"https:\/\/supertortillamachines.com\/","name":"SUPER TORTILLADORAS","description":"Las mejores Tortilladoras Mexicanas","publisher":{"@id":"https:\/\/supertortillamachines.com\/#organization"},"potentialAction":[{"@type":"SearchAction","target":{"@type":"EntryPoint","urlTemplate":"https:\/\/supertortillamachines.com\/?s={search_term_string}"},"query-input":{"@type":"PropertyValueSpecification","valueRequired":true,"valueName":"search_term_string"}}],"inLanguage":"es"},{"@type":"Organization","@id":"https:\/\/supertortillamachines.com\/#organization","name":"SUPER TORTILLADORAS","url":"https:\/\/supertortillamachines.com\/","logo":{"@type":"ImageObject","inLanguage":"es","@id":"https:\/\/supertortillamachines.com\/#\/schema\/logo\/image\/","url":"https:\/\/supertortillamachines.com\/wp-content\/uploads\/2025\/07\/Supertortilla.jpg","contentUrl":"https:\/\/supertortillamachines.com\/wp-content\/uploads\/2025\/07\/Supertortilla.jpg","width":221,"height":177,"caption":" SUPER TORTILLA MACHINES "},"image":{"@id":"https:\/\/supertortillamachines.com\/#\/schema\/logo\/image\/"}}]}},"jetpack_sharing_enabled":true,"_links":{"self":[{"href":"https:\/\/supertortillamachines.com\/es\/wp-json\/wp\/v2\/product\/647","targetHints":{"allow":["GET"]}}],"collection":[{"href":"https:\/\/supertortillamachines.com\/es\/wp-json\/wp\/v2\/product"}],"about":[{"href":"https:\/\/supertortillamachines.com\/es\/wp-json\/wp\/v2\/types\/product"}],"wp:featuredmedia":[{"embeddable":true,"href":"https:\/\/supertortillamachines.com\/es\/wp-json\/wp\/v2\/media\/648"}],"wp:attachment":[{"href":"https:\/\/supertortillamachines.com\/es\/wp-json\/wp\/v2\/media?parent=647"}],"wp:term":[{"taxonomy":"product_brand","embeddable":true,"href":"https:\/\/supertortillamachines.com\/es\/wp-json\/wp\/v2\/product_brand?post=647"},{"taxonomy":"product_cat","embeddable":true,"href":"https:\/\/supertortillamachines.com\/es\/wp-json\/wp\/v2\/product_cat?post=647"},{"taxonomy":"product_tag","embeddable":true,"href":"https:\/\/supertortillamachines.com\/es\/wp-json\/wp\/v2\/product_tag?post=647"}],"curies":[{"name":"wp","href":"https:\/\/api.w.org\/{rel}","templated":true}]}}