{"id":653,"date":"2025-07-31T15:41:04","date_gmt":"2025-07-31T15:41:04","guid":{"rendered":"https:\/\/supertortillamachines.com\/?post_type=product&#038;p=653"},"modified":"2025-12-18T14:20:49","modified_gmt":"2025-12-18T14:20:49","slug":"cortadora-y-boleadora-automatica-de-masa-de-trigo-boleadora-divisora","status":"publish","type":"product","link":"https:\/\/supertortillamachines.com\/es\/product\/automatic-wheat-dough-cutter-and-rounder-divider-rounder\/","title":{"rendered":"Cortadora y Boleadora Autom\u00e1tica de Masa de Trigo (Boleadora Divisora)"},"content":{"rendered":"<h3>Cortadora y Boleadora Autom\u00e1tica de Masa de Trigo para la Producci\u00f3n de Tortillas<\/h3>\n<p>&nbsp;<\/p>\n<h4>Cortadora y Boleadora de Masa de Alto Rendimiento para Tortillas de Harina<\/h4>\n<p>&nbsp;<\/p>\n<p>Nuestra m\u00e1quina cortadora y dobladora est\u00e1 dise\u00f1ada para agilizar el primer y m\u00e1s importante paso de la producci\u00f3n de tortillas de harina: preparar la bola de masa perfecta. Dise\u00f1ada para restaurantes y fabricantes de tortillas a gran escala, esta m\u00e1quina divide autom\u00e1ticamente la masa fresca en porciones iguales y les da forma de bolas uniformes, garantizando consistencia, velocidad y eficiencia en cada lote.<\/p>\n<p>&nbsp;<\/p>\n<p>Con su robusto sistema de corte y mecanismo de redondeo de precisi\u00f3n, elimina el trabajo manual y reduce los residuos, permitiendo a su negocio producir grandes vol\u00famenes de tortillas con precisi\u00f3n y fiabilidad. Tanto si dirige un restaurante con mucha actividad como una f\u00e1brica de tortillas a gran escala, esta m\u00e1quina garantiza piezas de masa uniformes listas para el prensado, ayud\u00e1ndole a ofrecer un producto que haga que los clientes vuelvan.<\/p>\n<p>&nbsp;<\/p>\n<p>Invierta en eficacia, consistencia y durabilidad: la cortadora y redondeadora es la elecci\u00f3n inteligente para las empresas que necesitan seguir el ritmo de la creciente demanda manteniendo la calidad en cada paso.<\/p>\n<p>&nbsp;<\/p>\n<div class=\"image-grid\">\n<div class=\"image-card\">\n<p><img decoding=\"async\" src=\"\/wp-content\/uploads\/2025\/07\/characteristic-wheat-dough-cutter-and-rounder-2.jpg\" alt=\"Etapa 1 - Alimentar la masa\" \/><\/p>\n<h5>1. Alimentaci\u00f3n de la masa<\/h5>\n<p>La masa se introduce en la bandeja de la m\u00e1quina, donde un mecanismo de torsi\u00f3n giratorio la empuja hacia delante para procesarla con precisi\u00f3n.<\/p>\n<\/div>\n<div class=\"image-card\">\n<p><img decoding=\"async\" src=\"\/wp-content\/uploads\/2025\/07\/characteristic-wheat-dough-cutter-and-rounder-3.jpg\" alt=\"Paso 2 - Cortar en porciones iguales\" \/><\/p>\n<h5>2. Cortar en porciones iguales<\/h5>\n<p>Un cortador giratorio divide la masa en trozos consistentes, garantizando que cada porci\u00f3n sea uniforme en tama\u00f1o y peso.<\/p>\n<\/div>\n<div class=\"image-card\">\n<p><img decoding=\"async\" src=\"\/wp-content\/uploads\/2025\/07\/characteristic-wheat-dough-cutter-and-rounder-4.jpg\" alt=\"Paso 3 - Formar bolas perfectas\" \/><\/p>\n<h5>3. Formar bolas perfectas<\/h5>\n<p>Los trozos de masa ruedan por el transportador, formando bolas lisas listas para la producci\u00f3n de tortillas de harina.<\/p>\n<\/div>\n<\/div>\n<p>Caracter\u00edsticas:<\/p>\n<ul>\n<li>Coge la masa de trigo para tortillas directamente de la batidora ponla en este cortador y obtendr\u00e1s trozos de bola de masa del mismo tama\u00f1o que te servir\u00e1n para conseguir unas tortillas de tama\u00f1o muy consistente.<\/li>\n<\/ul>\n<p>&nbsp;<\/p>\n<p>Caracter\u00edsticas:<\/p>\n<ul>\n<li>Capacidad de producci\u00f3n: 60 piezas por minuto<\/li>\n<li>Control de velocidad<\/li>\n<li>Fabricado con acero inoxidable<\/li>\n<\/ul>\n<p><img fetchpriority=\"high\" decoding=\"async\" width=\"1500\" height=\"1125\" class=\"wp-image-1144 imgDescripcion\" src=\"https:\/\/supertortillamachines.com\/wp-content\/uploads\/2025\/07\/infografia-wheat-dough-cutter-and-rounder.png\" alt=\"Cortadora y redondeadora de masa de trigo Infographic\" srcset=\"https:\/\/supertortillamachines.com\/wp-content\/uploads\/2025\/07\/infografia-wheat-dough-cutter-and-rounder.png 1500w, https:\/\/supertortillamachines.com\/wp-content\/uploads\/2025\/07\/infografia-wheat-dough-cutter-and-rounder-300x225.png 300w, https:\/\/supertortillamachines.com\/wp-content\/uploads\/2025\/07\/infografia-wheat-dough-cutter-and-rounder-1365x1024.png 1365w, https:\/\/supertortillamachines.com\/wp-content\/uploads\/2025\/07\/infografia-wheat-dough-cutter-and-rounder-768x576.png 768w, https:\/\/supertortillamachines.com\/wp-content\/uploads\/2025\/07\/infografia-wheat-dough-cutter-and-rounder-16x12.png 16w, https:\/\/supertortillamachines.com\/wp-content\/uploads\/2025\/07\/infografia-wheat-dough-cutter-and-rounder-600x450.png 600w, https:\/\/supertortillamachines.com\/wp-content\/uploads\/2025\/07\/infografia-wheat-dough-cutter-and-rounder-64x48.png 64w\" sizes=\"(max-width: 1500px) 100vw, 1500px\" \/><br \/>\n<center>Cortadora y redondeadora de masa de trigo Infographic<\/center><\/p>\n<p>&nbsp;<\/p>\n<p>Dimensiones:<\/p>\n<ul>\n<li>Altura: 65\u2033 \/ 1,65 n<\/li>\n<li>Anchura: 1,15 m<\/li>\n<li>Profundidad: 55 in \/ 1,40 m<\/li>\n<li>Peso 510 kg \/ 1250 lb<\/li>\n<\/ul>\n<p><img decoding=\"async\" width=\"1500\" height=\"1125\" class=\"wp-image-1145 imgDescripcion\" src=\"https:\/\/supertortillamachines.com\/wp-content\/uploads\/2025\/07\/cotas-wheat-dough-cutter-and-rounder-1.png\" alt=\"Dimensiones cortador y redondeador de masa de trigo\" srcset=\"https:\/\/supertortillamachines.com\/wp-content\/uploads\/2025\/07\/cotas-wheat-dough-cutter-and-rounder-1.png 1500w, https:\/\/supertortillamachines.com\/wp-content\/uploads\/2025\/07\/cotas-wheat-dough-cutter-and-rounder-1-300x225.png 300w, https:\/\/supertortillamachines.com\/wp-content\/uploads\/2025\/07\/cotas-wheat-dough-cutter-and-rounder-1-1365x1024.png 1365w, https:\/\/supertortillamachines.com\/wp-content\/uploads\/2025\/07\/cotas-wheat-dough-cutter-and-rounder-1-768x576.png 768w, https:\/\/supertortillamachines.com\/wp-content\/uploads\/2025\/07\/cotas-wheat-dough-cutter-and-rounder-1-16x12.png 16w, https:\/\/supertortillamachines.com\/wp-content\/uploads\/2025\/07\/cotas-wheat-dough-cutter-and-rounder-1-600x450.png 600w, https:\/\/supertortillamachines.com\/wp-content\/uploads\/2025\/07\/cotas-wheat-dough-cutter-and-rounder-1-64x48.png 64w\" sizes=\"(max-width: 1500px) 100vw, 1500px\" \/><br \/>\n<center>Dimensiones cortador y redondeador de masa de trigo<\/center>&nbsp;<\/p>\n<p>Vea el siguiente v\u00eddeo de la cortadora de masa autom\u00e1tica CUT200 trabajando junto con la redondeadora de bolas de masa R200.<\/p>\n<p>&nbsp;<\/p>\n<div class=\"lyte-wrapper\" style=\"width:640px;max-width:100%;margin:5px auto;\"><div class=\"lyMe\" id=\"WYL_XMzGuoepSCQ\"><div id=\"lyte_XMzGuoepSCQ\" data-src=\"https:\/\/supertortillamachines.com\/wp-content\/plugins\/wp-youtube-lyte\/lyteCache.php?origThumbUrl=%2F%2Fi.ytimg.com%2Fvi%2FXMzGuoepSCQ%2Fhqdefault.jpg\" class=\"pL\"><div class=\"tC\"><div class=\"tT\"><\/div><\/div><div class=\"play\"><\/div><div class=\"ctrl\"><div class=\"Lctrl\"><\/div><div class=\"Rctrl\"><\/div><\/div><\/div><noscript><a href=\"https:\/\/youtu.be\/XMzGuoepSCQ\" rel=\"nofollow\"><img decoding=\"async\" src=\"https:\/\/supertortillamachines.com\/wp-content\/plugins\/wp-youtube-lyte\/lyteCache.php?origThumbUrl=https%3A%2F%2Fi.ytimg.com%2Fvi%2FXMzGuoepSCQ%2F0.jpg\" alt=\"Miniatura de v\u00eddeo de YouTube\" width=\"640\" height=\"340\" \/><br \/>Ver este video en YouTube<\/a><\/noscript><\/div><\/div><div class=\"lL\" style=\"max-width:100%;width:640px;margin:5px auto;\"><\/div><\/p>\n<p>&nbsp;<\/p>\n<p>Estas m\u00e1quinas se fabrican bajo pedido y tardamos 15 d\u00edas laborables en enviarle su m\u00e1quina. Por favor, tenga esto en cuenta cuando haga su pedido.<\/p>\n<p>&nbsp;<\/p>\n<p>No lo dudes, tambi\u00e9n somos vendedores en ebay y puedes ver que somos un vendedor de confianza en<\/p>\n<p><a href=\"https:\/\/feedback.ebay.com\/ws\/eBayISAPI.dll?ViewFeedback2&amp;userid=woodandheat&amp;ftab=AllFeedback\">https:\/\/feedback.ebay.com\/ws\/eBayISAPI.dll?ViewFeedback2&amp;userid=woodandheat&amp;ftab=AllFeedback<\/a><\/p>\n<p>&nbsp;<\/p>\n<p><a href=\"https:\/\/supertortillamachines.com\/es\/\">www.supertortillamachines.com<\/a><\/p>\n<p>&nbsp;<\/p>\n<p>Es la mejor opci\u00f3n en m\u00e1quinas tortilladoras de harina para producci\u00f3n industrial. Somos una empresa con presencia en M\u00e9xico y Estados Unidos. Nuestras maquinas son de calidad hechas en Mexico y exportadas a nuestro almacen en USA. Es por eso que podemos enviar a un precio muy competitivo dentro de los EE.UU. y en todo el mundo.<\/p>\n<p>&nbsp;<\/p>\n<p>Si usted est\u00e1 en los EE.UU. ser\u00e1 muy f\u00e1cil comprar de nosotros, porque somos una corporaci\u00f3n de EE.UU., usted no tendr\u00e1 que lidiar con las aduanas en cualquier momento. Usted s\u00f3lo tiene que pedir y recibir\u00e1 su m\u00e1quina en cualquier direcci\u00f3n de EE.UU. dentro de los estados continentales.<\/p>","protected":false},"excerpt":{"rendered":"<p>Cortadora y redondeadora autom\u00e1tica de masa para tortillas de harina. Aumente la producci\u00f3n, garantice la uniformidad y reduzca los costes de mano de obra de su negocio.<\/p>\n<p>Nuestra m\u00e1quina cortadora y dobladora est\u00e1 dise\u00f1ada para agilizar el primer y m\u00e1s importante paso de la producci\u00f3n de tortillas de harina: preparar la bola de masa perfecta. Dise\u00f1ada para restaurantes y fabricantes de tortillas a gran escala, esta m\u00e1quina divide autom\u00e1ticamente la masa fresca en porciones iguales y les da forma de bolas uniformes, garantizando consistencia, velocidad y eficiencia en cada lote.<\/p>","protected":false},"featured_media":1091,"template":"","meta":{"om_disable_all_campaigns":false,"_monsterinsights_skip_tracking":false,"_monsterinsights_sitenote_active":false,"_monsterinsights_sitenote_note":"","_monsterinsights_sitenote_category":0},"product_brand":[57],"product_cat":[120,19,59],"product_tag":[109,108,22,115,66],"class_list":{"0":"post-653","1":"product","2":"type-product","3":"status-publish","4":"has-post-thumbnail","6":"product_brand-super-tortilla-machines","7":"product_cat-components","8":"product_cat-tortilla-machines","9":"product_cat-wheat-flour-tortilla-machines","10":"product_tag-cutter","11":"product_tag-dough","12":"product_tag-machine","13":"product_tag-rounder","14":"product_tag-wheat","16":"first","17":"instock","18":"shipping-taxable","19":"purchasable","20":"product-type-variable"},"yoast_head":"<!-- This site is optimized with the Yoast SEO plugin v27.3 - https:\/\/yoast.com\/product\/yoast-seo-wordpress\/ -->\n<title>Automatic Wheat Dough Cutter and Rounder (Divider rounder) - SUPER TORTILLA MACHINES<\/title>\n<meta name=\"description\" content=\"Automatic dough cutter and rounder for flour tortillas. Increase production, ensure consistency, and reduce labor costs for your business.\" \/>\n<meta name=\"robots\" content=\"index, follow, max-snippet:-1, max-image-preview:large, max-video-preview:-1\" \/>\n<link rel=\"canonical\" href=\"https:\/\/supertortillamachines.com\/es\/producto\/cortadora-y-boleadora-automatica-de-masa-de-trigo-boleadora-divisora\/\" \/>\n<meta property=\"og:locale\" content=\"es_MX\" \/>\n<meta property=\"og:type\" content=\"article\" \/>\n<meta property=\"og:title\" content=\"Automatic Wheat Dough Cutter and Rounder (Divider rounder) - SUPER TORTILLA MACHINES\" \/>\n<meta property=\"og:description\" content=\"Automatic dough cutter and rounder for flour tortillas. Increase production, ensure consistency, and reduce labor costs for your business.\" \/>\n<meta property=\"og:url\" content=\"https:\/\/supertortillamachines.com\/es\/producto\/cortadora-y-boleadora-automatica-de-masa-de-trigo-boleadora-divisora\/\" \/>\n<meta property=\"og:site_name\" content=\"SUPER TORTILLA MACHINES\" \/>\n<meta property=\"article:modified_time\" content=\"2025-12-18T14:20:49+00:00\" \/>\n<meta property=\"og:image\" content=\"https:\/\/supertortillamachines.com\/wp-content\/uploads\/2025\/07\/wheat-dough-cutter-and-rounder-1.jpg\" \/>\n\t<meta property=\"og:image:width\" content=\"1500\" \/>\n\t<meta property=\"og:image:height\" content=\"1125\" \/>\n\t<meta property=\"og:image:type\" content=\"image\/jpeg\" \/>\n<meta name=\"twitter:card\" content=\"summary_large_image\" \/>\n<meta name=\"twitter:label1\" content=\"Tiempo de lectura\" \/>\n\t<meta name=\"twitter:data1\" content=\"4 minutos\" \/>\n<script type=\"application\/ld+json\" class=\"yoast-schema-graph\">{\"@context\":\"https:\\\/\\\/schema.org\",\"@graph\":[{\"@type\":\"WebPage\",\"@id\":\"https:\\\/\\\/supertortillamachines.com\\\/product\\\/automatic-wheat-dough-cutter-and-rounder-divider-rounder\\\/\",\"url\":\"https:\\\/\\\/supertortillamachines.com\\\/product\\\/automatic-wheat-dough-cutter-and-rounder-divider-rounder\\\/\",\"name\":\"Automatic Wheat Dough Cutter and Rounder (Divider rounder) - SUPER TORTILLA MACHINES\",\"isPartOf\":{\"@id\":\"https:\\\/\\\/supertortillamachines.com\\\/#website\"},\"primaryImageOfPage\":{\"@id\":\"https:\\\/\\\/supertortillamachines.com\\\/product\\\/automatic-wheat-dough-cutter-and-rounder-divider-rounder\\\/#primaryimage\"},\"image\":{\"@id\":\"https:\\\/\\\/supertortillamachines.com\\\/product\\\/automatic-wheat-dough-cutter-and-rounder-divider-rounder\\\/#primaryimage\"},\"thumbnailUrl\":\"https:\\\/\\\/supertortillamachines.com\\\/wp-content\\\/uploads\\\/2025\\\/07\\\/wheat-dough-cutter-and-rounder-1.jpg\",\"datePublished\":\"2025-07-31T15:41:04+00:00\",\"dateModified\":\"2025-12-18T14:20:49+00:00\",\"description\":\"Automatic dough cutter and rounder for flour tortillas. Increase production, ensure consistency, and reduce labor costs for your business.\",\"breadcrumb\":{\"@id\":\"https:\\\/\\\/supertortillamachines.com\\\/product\\\/automatic-wheat-dough-cutter-and-rounder-divider-rounder\\\/#breadcrumb\"},\"inLanguage\":\"es\",\"potentialAction\":[{\"@type\":\"ReadAction\",\"target\":[\"https:\\\/\\\/supertortillamachines.com\\\/product\\\/automatic-wheat-dough-cutter-and-rounder-divider-rounder\\\/\"]}]},{\"@type\":\"ImageObject\",\"inLanguage\":\"es\",\"@id\":\"https:\\\/\\\/supertortillamachines.com\\\/product\\\/automatic-wheat-dough-cutter-and-rounder-divider-rounder\\\/#primaryimage\",\"url\":\"https:\\\/\\\/supertortillamachines.com\\\/wp-content\\\/uploads\\\/2025\\\/07\\\/wheat-dough-cutter-and-rounder-1.jpg\",\"contentUrl\":\"https:\\\/\\\/supertortillamachines.com\\\/wp-content\\\/uploads\\\/2025\\\/07\\\/wheat-dough-cutter-and-rounder-1.jpg\",\"width\":1500,\"height\":1125,\"caption\":\"wheat dough cutter and rounder\"},{\"@type\":\"BreadcrumbList\",\"@id\":\"https:\\\/\\\/supertortillamachines.com\\\/product\\\/automatic-wheat-dough-cutter-and-rounder-divider-rounder\\\/#breadcrumb\",\"itemListElement\":[{\"@type\":\"ListItem\",\"position\":1,\"name\":\"Home\",\"item\":\"https:\\\/\\\/supertortillamachines.com\\\/\"},{\"@type\":\"ListItem\",\"position\":2,\"name\":\"Shop\",\"item\":\"https:\\\/\\\/supertortillamachines.com\\\/shop\\\/\"},{\"@type\":\"ListItem\",\"position\":3,\"name\":\"Automatic Wheat Dough Cutter and Rounder (Divider rounder)\"}]},{\"@type\":\"WebSite\",\"@id\":\"https:\\\/\\\/supertortillamachines.com\\\/#website\",\"url\":\"https:\\\/\\\/supertortillamachines.com\\\/\",\"name\":\"SUPER TORTILLA MACHINES\",\"description\":\"The best Mexican Tortilla Machines\",\"publisher\":{\"@id\":\"https:\\\/\\\/supertortillamachines.com\\\/#organization\"},\"potentialAction\":[{\"@type\":\"SearchAction\",\"target\":{\"@type\":\"EntryPoint\",\"urlTemplate\":\"https:\\\/\\\/supertortillamachines.com\\\/?s={search_term_string}\"},\"query-input\":{\"@type\":\"PropertyValueSpecification\",\"valueRequired\":true,\"valueName\":\"search_term_string\"}}],\"inLanguage\":\"es\"},{\"@type\":\"Organization\",\"@id\":\"https:\\\/\\\/supertortillamachines.com\\\/#organization\",\"name\":\"SUPER TORTILLA MACHINES\",\"url\":\"https:\\\/\\\/supertortillamachines.com\\\/\",\"logo\":{\"@type\":\"ImageObject\",\"inLanguage\":\"es\",\"@id\":\"https:\\\/\\\/supertortillamachines.com\\\/#\\\/schema\\\/logo\\\/image\\\/\",\"url\":\"https:\\\/\\\/supertortillamachines.com\\\/wp-content\\\/uploads\\\/2025\\\/07\\\/Supertortilla.jpg\",\"contentUrl\":\"https:\\\/\\\/supertortillamachines.com\\\/wp-content\\\/uploads\\\/2025\\\/07\\\/Supertortilla.jpg\",\"width\":221,\"height\":177,\"caption\":\" SUPER TORTILLA MACHINES \"},\"image\":{\"@id\":\"https:\\\/\\\/supertortillamachines.com\\\/#\\\/schema\\\/logo\\\/image\\\/\"}}]}<\/script>\n<!-- \/ Yoast SEO plugin. -->","yoast_head_json":{"title":"Cortadora y Boleadora Autom\u00e1tica de Masa de Trigo (Boleadora Divisora) - SUPER TORTILLA MACHINES","description":"Cortadora y redondeadora autom\u00e1tica de masa para tortillas de harina. Aumente la producci\u00f3n, garantice la uniformidad y reduzca los costes de mano de obra de su negocio.","robots":{"index":"index","follow":"follow","max-snippet":"max-snippet:-1","max-image-preview":"max-image-preview:large","max-video-preview":"max-video-preview:-1"},"canonical":"https:\/\/supertortillamachines.com\/es\/producto\/cortadora-y-boleadora-automatica-de-masa-de-trigo-boleadora-divisora\/","og_locale":"es_MX","og_type":"article","og_title":"Automatic Wheat Dough Cutter and Rounder (Divider rounder) - SUPER TORTILLA MACHINES","og_description":"Automatic dough cutter and rounder for flour tortillas. Increase production, ensure consistency, and reduce labor costs for your business.","og_url":"https:\/\/supertortillamachines.com\/es\/producto\/cortadora-y-boleadora-automatica-de-masa-de-trigo-boleadora-divisora\/","og_site_name":"SUPER TORTILLA MACHINES","article_modified_time":"2025-12-18T14:20:49+00:00","og_image":[{"width":1500,"height":1125,"url":"https:\/\/supertortillamachines.com\/wp-content\/uploads\/2025\/07\/wheat-dough-cutter-and-rounder-1.jpg","type":"image\/jpeg"}],"twitter_card":"summary_large_image","twitter_misc":{"Tiempo de lectura":"4 minutos"},"schema":{"@context":"https:\/\/schema.org","@graph":[{"@type":"WebPage","@id":"https:\/\/supertortillamachines.com\/product\/automatic-wheat-dough-cutter-and-rounder-divider-rounder\/","url":"https:\/\/supertortillamachines.com\/product\/automatic-wheat-dough-cutter-and-rounder-divider-rounder\/","name":"Cortadora y Boleadora Autom\u00e1tica de Masa de Trigo (Boleadora Divisora) - SUPER TORTILLA MACHINES","isPartOf":{"@id":"https:\/\/supertortillamachines.com\/#website"},"primaryImageOfPage":{"@id":"https:\/\/supertortillamachines.com\/product\/automatic-wheat-dough-cutter-and-rounder-divider-rounder\/#primaryimage"},"image":{"@id":"https:\/\/supertortillamachines.com\/product\/automatic-wheat-dough-cutter-and-rounder-divider-rounder\/#primaryimage"},"thumbnailUrl":"https:\/\/supertortillamachines.com\/wp-content\/uploads\/2025\/07\/wheat-dough-cutter-and-rounder-1.jpg","datePublished":"2025-07-31T15:41:04+00:00","dateModified":"2025-12-18T14:20:49+00:00","description":"Cortadora y redondeadora autom\u00e1tica de masa para tortillas de harina. Aumente la producci\u00f3n, garantice la uniformidad y reduzca los costes de mano de obra de su negocio.","breadcrumb":{"@id":"https:\/\/supertortillamachines.com\/product\/automatic-wheat-dough-cutter-and-rounder-divider-rounder\/#breadcrumb"},"inLanguage":"es","potentialAction":[{"@type":"ReadAction","target":["https:\/\/supertortillamachines.com\/product\/automatic-wheat-dough-cutter-and-rounder-divider-rounder\/"]}]},{"@type":"ImageObject","inLanguage":"es","@id":"https:\/\/supertortillamachines.com\/product\/automatic-wheat-dough-cutter-and-rounder-divider-rounder\/#primaryimage","url":"https:\/\/supertortillamachines.com\/wp-content\/uploads\/2025\/07\/wheat-dough-cutter-and-rounder-1.jpg","contentUrl":"https:\/\/supertortillamachines.com\/wp-content\/uploads\/2025\/07\/wheat-dough-cutter-and-rounder-1.jpg","width":1500,"height":1125,"caption":"wheat dough cutter and rounder"},{"@type":"BreadcrumbList","@id":"https:\/\/supertortillamachines.com\/product\/automatic-wheat-dough-cutter-and-rounder-divider-rounder\/#breadcrumb","itemListElement":[{"@type":"ListItem","position":1,"name":"Home","item":"https:\/\/supertortillamachines.com\/"},{"@type":"ListItem","position":2,"name":"Shop","item":"https:\/\/supertortillamachines.com\/shop\/"},{"@type":"ListItem","position":3,"name":"Automatic Wheat Dough Cutter and Rounder (Divider rounder)"}]},{"@type":"WebSite","@id":"https:\/\/supertortillamachines.com\/#website","url":"https:\/\/supertortillamachines.com\/","name":"SUPER TORTILLADORAS","description":"Las mejores Tortilladoras Mexicanas","publisher":{"@id":"https:\/\/supertortillamachines.com\/#organization"},"potentialAction":[{"@type":"SearchAction","target":{"@type":"EntryPoint","urlTemplate":"https:\/\/supertortillamachines.com\/?s={search_term_string}"},"query-input":{"@type":"PropertyValueSpecification","valueRequired":true,"valueName":"search_term_string"}}],"inLanguage":"es"},{"@type":"Organization","@id":"https:\/\/supertortillamachines.com\/#organization","name":"SUPER TORTILLADORAS","url":"https:\/\/supertortillamachines.com\/","logo":{"@type":"ImageObject","inLanguage":"es","@id":"https:\/\/supertortillamachines.com\/#\/schema\/logo\/image\/","url":"https:\/\/supertortillamachines.com\/wp-content\/uploads\/2025\/07\/Supertortilla.jpg","contentUrl":"https:\/\/supertortillamachines.com\/wp-content\/uploads\/2025\/07\/Supertortilla.jpg","width":221,"height":177,"caption":" SUPER TORTILLA MACHINES "},"image":{"@id":"https:\/\/supertortillamachines.com\/#\/schema\/logo\/image\/"}}]}},"jetpack_sharing_enabled":true,"_links":{"self":[{"href":"https:\/\/supertortillamachines.com\/es\/wp-json\/wp\/v2\/product\/653","targetHints":{"allow":["GET"]}}],"collection":[{"href":"https:\/\/supertortillamachines.com\/es\/wp-json\/wp\/v2\/product"}],"about":[{"href":"https:\/\/supertortillamachines.com\/es\/wp-json\/wp\/v2\/types\/product"}],"wp:featuredmedia":[{"embeddable":true,"href":"https:\/\/supertortillamachines.com\/es\/wp-json\/wp\/v2\/media\/1091"}],"wp:attachment":[{"href":"https:\/\/supertortillamachines.com\/es\/wp-json\/wp\/v2\/media?parent=653"}],"wp:term":[{"taxonomy":"product_brand","embeddable":true,"href":"https:\/\/supertortillamachines.com\/es\/wp-json\/wp\/v2\/product_brand?post=653"},{"taxonomy":"product_cat","embeddable":true,"href":"https:\/\/supertortillamachines.com\/es\/wp-json\/wp\/v2\/product_cat?post=653"},{"taxonomy":"product_tag","embeddable":true,"href":"https:\/\/supertortillamachines.com\/es\/wp-json\/wp\/v2\/product_tag?post=653"}],"curies":[{"name":"wp","href":"https:\/\/api.w.org\/{rel}","templated":true}]}}