{"id":656,"date":"2025-07-31T15:54:24","date_gmt":"2025-07-31T15:54:24","guid":{"rendered":"https:\/\/supertortillamachines.com\/?post_type=product&#038;p=656"},"modified":"2025-12-18T14:20:35","modified_gmt":"2025-12-18T14:20:35","slug":"cortadora-automatica-de-masa-de-trigo-cut200","status":"publish","type":"product","link":"https:\/\/supertortillamachines.com\/es\/product\/automatic-wheat-dough-cutter-cut200\/","title":{"rendered":"Cortadora autom\u00e1tica de masa de trigo CUT200"},"content":{"rendered":"<h4>Cortadora autom\u00e1tica de masa de trigo para la producci\u00f3n de tortillas<\/h4>\n<div>MODELO: CUT200<\/div>\n<div>Caracter\u00edsticas<\/div>\n<div>\n<ul>\n<li>Coge la masa de tortilla de trigo directamente de la batidora ponla en este cortador y obtendr\u00e1s trozos de masa del mismo tama\u00f1o que te servir\u00e1n para conseguir unas tortillas de tama\u00f1o muy consistente.<\/li>\n<li>Puede trabajar sola o integrada con la redondeadora de masa Modelo R200 para obtener bolas de masa del mismo tama\u00f1o perfectamente cortadas y redondeadas para un tama\u00f1o y forma consistentes de las tortillas.<\/li>\n<\/ul>\n<\/div>\n<div>\n<div>Caracter\u00edsticas<\/div>\n<div>\n<ul>\n<li>Capacidad de producci\u00f3n: 60 piezas por minuto<\/li>\n<li>Control de velocidad<\/li>\n<li>Fabricado con acero inoxidable<\/li>\n<\/ul>\n<\/div>\n<\/div>\n<div>Dimensiones<\/div>\n<div>\n<div>\n<ul>\n<li>Altura: 1,65 m<\/li>\n<li>Ancho: 27 \u00bd in \/ 0,70 m<\/li>\n<li>Profundidad: 41 in \/ 1,05 m<\/li>\n<\/ul>\n<\/div>\n<div><\/div>\n<div><\/div>\n<\/div>\n<div>Vea el siguiente v\u00eddeo de la cortadora de masa autom\u00e1tica CUT200 trabajando junto con la redondeadora de bolas de masa R200.<\/div>\n<div><\/div>\n<div class=\"hdvideomaxwidth\">\n<div class=\"hdvideowrapper\"><div class=\"lyte-wrapper\" style=\"width:640px;max-width:100%;margin:5px auto;\"><div class=\"lyMe\" id=\"WYL_qdLWfePAiK0\"><div id=\"lyte_qdLWfePAiK0\" data-src=\"https:\/\/supertortillamachines.com\/wp-content\/plugins\/wp-youtube-lyte\/lyteCache.php?origThumbUrl=%2F%2Fi.ytimg.com%2Fvi%2FqdLWfePAiK0%2Fhqdefault.jpg\" class=\"pL\"><div class=\"tC\"><div class=\"tT\"><\/div><\/div><div class=\"play\"><\/div><div class=\"ctrl\"><div class=\"Lctrl\"><\/div><div class=\"Rctrl\"><\/div><\/div><\/div><noscript><a href=\"https:\/\/youtu.be\/qdLWfePAiK0\" rel=\"nofollow\"><img fetchpriority=\"high\" decoding=\"async\" src=\"https:\/\/supertortillamachines.com\/wp-content\/plugins\/wp-youtube-lyte\/lyteCache.php?origThumbUrl=https%3A%2F%2Fi.ytimg.com%2Fvi%2FqdLWfePAiK0%2F0.jpg\" alt=\"Miniatura de v\u00eddeo de YouTube\" width=\"640\" height=\"340\" \/><br \/>Ver este video en YouTube<\/a><\/noscript><\/div><\/div><div class=\"lL\" style=\"max-width:100%;width:640px;margin:5px auto;\"><\/div><\/div>\n<div class=\"hdvideowrapper\"><\/div>\n<div class=\"hdvideowrapper\">\n<p>Estas m\u00e1quinas se fabrican bajo pedido y tardamos 15 d\u00edas laborables en enviarle su m\u00e1quina. Por favor, tenga esto en cuenta cuando haga su pedido.<\/p>\n<p>&nbsp;<\/p>\n<div><\/div>\n<div>No lo dudes, tambi\u00e9n somos vendedores en ebay y puedes ver que somos un vendedor de confianza en<\/div>\n<div><\/div>\n<div><a href=\"http:\/\/feedback.ebay.com\/ws\/eBayISAPI.dll?ViewFeedback2&amp;userid=woodandheat&amp;ftab=AllFeedback\">http:\/\/feedback.ebay.com\/ws\/eBayISAPI.dll?ViewFeedback2&amp;userid=woodandheat&amp;ftab=AllFeedback<\/a><\/div>\n<div><\/div>\n<div><a href=\"http:\/\/weebly-link\/607398779830849657\">www.supertortillamachines.com<\/a><\/div>\n<div>Es la mejor opci\u00f3n en m\u00e1quinas tortilladoras de harina para producci\u00f3n industrial. Somos una empresa con presencia en M\u00e9xico y Estados Unidos. Nuestras maquinas son de calidad hechas en Mexico y exportadas a nuestro almacen en USA. Es por eso que podemos enviar a un precio muy competitivo dentro de los EE.UU. y en todo el mundo.<\/div>\n<div><\/div>\n<div><\/div>\n<div>Si usted est\u00e1 en los EE.UU. ser\u00e1 muy f\u00e1cil comprar de nosotros, porque somos una corporaci\u00f3n de EE.UU., usted no tendr\u00e1 que lidiar con las aduanas en cualquier momento. Usted s\u00f3lo tiene que pedir y recibir\u00e1 su m\u00e1quina en cualquier direcci\u00f3n de EE.UU. dentro de los estados continentales.<\/div>\n<div><\/div>\n<\/div>\n<\/div>","protected":false},"excerpt":{"rendered":"<p>Coge la masa de tortilla de trigo directamente de la batidora ponla en este cortador y obtendr\u00e1s trozos de masa del mismo tama\u00f1o para conseguir tortillas de tama\u00f1o consistente.<\/p>","protected":false},"featured_media":657,"template":"","meta":{"om_disable_all_campaigns":false,"_monsterinsights_skip_tracking":false,"_monsterinsights_sitenote_active":false,"_monsterinsights_sitenote_note":"","_monsterinsights_sitenote_category":0},"product_brand":[57],"product_cat":[120,19,59],"product_tag":[127,109,108,66],"class_list":{"0":"post-656","1":"product","2":"type-product","3":"status-publish","4":"has-post-thumbnail","6":"product_brand-super-tortilla-machines","7":"product_cat-components","8":"product_cat-tortilla-machines","9":"product_cat-wheat-flour-tortilla-machines","10":"product_tag-automatic","11":"product_tag-cutter","12":"product_tag-dough","13":"product_tag-wheat","15":"first","16":"instock","17":"shipping-taxable","18":"purchasable","19":"product-type-simple"},"yoast_head":"<!-- This site is optimized with the Yoast SEO plugin v27.4 - https:\/\/yoast.com\/product\/yoast-seo-wordpress\/ -->\n<title>Automatic Wheat Dough Cutter CUT200 - SUPER TORTILLA MACHINES<\/title>\n<meta name=\"description\" content=\"Take the tortilla wheat dough directly from the mixer put it in this cutter and you will get same size dough pieces to get consistent sized tortillas.\" \/>\n<meta name=\"robots\" content=\"index, follow, max-snippet:-1, max-image-preview:large, max-video-preview:-1\" \/>\n<link rel=\"canonical\" href=\"https:\/\/supertortillamachines.com\/es\/producto\/cortadora-automatica-de-masa-de-trigo-cut200\/\" \/>\n<meta property=\"og:locale\" content=\"es_MX\" \/>\n<meta property=\"og:type\" content=\"article\" \/>\n<meta property=\"og:title\" content=\"Automatic Wheat Dough Cutter CUT200 - SUPER TORTILLA MACHINES\" \/>\n<meta property=\"og:description\" content=\"Take the tortilla wheat dough directly from the mixer put it in this cutter and you will get same size dough pieces to get consistent sized tortillas.\" \/>\n<meta property=\"og:url\" content=\"https:\/\/supertortillamachines.com\/es\/producto\/cortadora-automatica-de-masa-de-trigo-cut200\/\" \/>\n<meta property=\"og:site_name\" content=\"SUPER TORTILLA MACHINES\" \/>\n<meta property=\"article:modified_time\" content=\"2025-12-18T14:20:35+00:00\" \/>\n<meta property=\"og:image\" content=\"https:\/\/supertortillamachines.com\/wp-content\/uploads\/2025\/07\/CUT200-2.jpg\" \/>\n\t<meta property=\"og:image:width\" content=\"720\" \/>\n\t<meta property=\"og:image:height\" content=\"960\" \/>\n\t<meta property=\"og:image:type\" content=\"image\/jpeg\" \/>\n<meta name=\"twitter:card\" content=\"summary_large_image\" \/>\n<meta name=\"twitter:label1\" content=\"Tiempo de lectura\" \/>\n\t<meta name=\"twitter:data1\" content=\"2 minutos\" \/>\n<script type=\"application\/ld+json\" class=\"yoast-schema-graph\">{\"@context\":\"https:\\\/\\\/schema.org\",\"@graph\":[{\"@type\":\"WebPage\",\"@id\":\"https:\\\/\\\/supertortillamachines.com\\\/product\\\/automatic-wheat-dough-cutter-cut200\\\/\",\"url\":\"https:\\\/\\\/supertortillamachines.com\\\/product\\\/automatic-wheat-dough-cutter-cut200\\\/\",\"name\":\"Automatic Wheat Dough Cutter CUT200 - SUPER TORTILLA MACHINES\",\"isPartOf\":{\"@id\":\"https:\\\/\\\/supertortillamachines.com\\\/#website\"},\"primaryImageOfPage\":{\"@id\":\"https:\\\/\\\/supertortillamachines.com\\\/product\\\/automatic-wheat-dough-cutter-cut200\\\/#primaryimage\"},\"image\":{\"@id\":\"https:\\\/\\\/supertortillamachines.com\\\/product\\\/automatic-wheat-dough-cutter-cut200\\\/#primaryimage\"},\"thumbnailUrl\":\"https:\\\/\\\/supertortillamachines.com\\\/wp-content\\\/uploads\\\/2025\\\/07\\\/CUT200-2.jpg\",\"datePublished\":\"2025-07-31T15:54:24+00:00\",\"dateModified\":\"2025-12-18T14:20:35+00:00\",\"description\":\"Take the tortilla wheat dough directly from the mixer put it in this cutter and you will get same size dough pieces to get consistent sized tortillas.\",\"breadcrumb\":{\"@id\":\"https:\\\/\\\/supertortillamachines.com\\\/product\\\/automatic-wheat-dough-cutter-cut200\\\/#breadcrumb\"},\"inLanguage\":\"es\",\"potentialAction\":[{\"@type\":\"ReadAction\",\"target\":[\"https:\\\/\\\/supertortillamachines.com\\\/product\\\/automatic-wheat-dough-cutter-cut200\\\/\"]}]},{\"@type\":\"ImageObject\",\"inLanguage\":\"es\",\"@id\":\"https:\\\/\\\/supertortillamachines.com\\\/product\\\/automatic-wheat-dough-cutter-cut200\\\/#primaryimage\",\"url\":\"https:\\\/\\\/supertortillamachines.com\\\/wp-content\\\/uploads\\\/2025\\\/07\\\/CUT200-2.jpg\",\"contentUrl\":\"https:\\\/\\\/supertortillamachines.com\\\/wp-content\\\/uploads\\\/2025\\\/07\\\/CUT200-2.jpg\",\"width\":720,\"height\":960,\"caption\":\"Dough Cutter\"},{\"@type\":\"BreadcrumbList\",\"@id\":\"https:\\\/\\\/supertortillamachines.com\\\/product\\\/automatic-wheat-dough-cutter-cut200\\\/#breadcrumb\",\"itemListElement\":[{\"@type\":\"ListItem\",\"position\":1,\"name\":\"Home\",\"item\":\"https:\\\/\\\/supertortillamachines.com\\\/\"},{\"@type\":\"ListItem\",\"position\":2,\"name\":\"Shop\",\"item\":\"https:\\\/\\\/supertortillamachines.com\\\/shop\\\/\"},{\"@type\":\"ListItem\",\"position\":3,\"name\":\"Automatic Wheat Dough Cutter CUT200\"}]},{\"@type\":\"WebSite\",\"@id\":\"https:\\\/\\\/supertortillamachines.com\\\/#website\",\"url\":\"https:\\\/\\\/supertortillamachines.com\\\/\",\"name\":\"SUPER TORTILLA MACHINES\",\"description\":\"The best Mexican Tortilla Machines\",\"publisher\":{\"@id\":\"https:\\\/\\\/supertortillamachines.com\\\/#organization\"},\"potentialAction\":[{\"@type\":\"SearchAction\",\"target\":{\"@type\":\"EntryPoint\",\"urlTemplate\":\"https:\\\/\\\/supertortillamachines.com\\\/?s={search_term_string}\"},\"query-input\":{\"@type\":\"PropertyValueSpecification\",\"valueRequired\":true,\"valueName\":\"search_term_string\"}}],\"inLanguage\":\"es\"},{\"@type\":\"Organization\",\"@id\":\"https:\\\/\\\/supertortillamachines.com\\\/#organization\",\"name\":\"SUPER TORTILLA MACHINES\",\"url\":\"https:\\\/\\\/supertortillamachines.com\\\/\",\"logo\":{\"@type\":\"ImageObject\",\"inLanguage\":\"es\",\"@id\":\"https:\\\/\\\/supertortillamachines.com\\\/#\\\/schema\\\/logo\\\/image\\\/\",\"url\":\"https:\\\/\\\/supertortillamachines.com\\\/wp-content\\\/uploads\\\/2025\\\/07\\\/Supertortilla.jpg\",\"contentUrl\":\"https:\\\/\\\/supertortillamachines.com\\\/wp-content\\\/uploads\\\/2025\\\/07\\\/Supertortilla.jpg\",\"width\":221,\"height\":177,\"caption\":\" SUPER TORTILLA MACHINES \"},\"image\":{\"@id\":\"https:\\\/\\\/supertortillamachines.com\\\/#\\\/schema\\\/logo\\\/image\\\/\"}}]}<\/script>\n<!-- \/ Yoast SEO plugin. -->","yoast_head_json":{"title":"Cortadora autom\u00e1tica de masa de trigo CUT200 - SUPER TORTILLA MACHINES","description":"Coge la masa de tortilla de trigo directamente de la batidora ponla en este cortador y obtendr\u00e1s trozos de masa del mismo tama\u00f1o para conseguir tortillas de tama\u00f1o consistente.","robots":{"index":"index","follow":"follow","max-snippet":"max-snippet:-1","max-image-preview":"max-image-preview:large","max-video-preview":"max-video-preview:-1"},"canonical":"https:\/\/supertortillamachines.com\/es\/producto\/cortadora-automatica-de-masa-de-trigo-cut200\/","og_locale":"es_MX","og_type":"article","og_title":"Automatic Wheat Dough Cutter CUT200 - SUPER TORTILLA MACHINES","og_description":"Take the tortilla wheat dough directly from the mixer put it in this cutter and you will get same size dough pieces to get consistent sized tortillas.","og_url":"https:\/\/supertortillamachines.com\/es\/producto\/cortadora-automatica-de-masa-de-trigo-cut200\/","og_site_name":"SUPER TORTILLA MACHINES","article_modified_time":"2025-12-18T14:20:35+00:00","og_image":[{"width":720,"height":960,"url":"https:\/\/supertortillamachines.com\/wp-content\/uploads\/2025\/07\/CUT200-2.jpg","type":"image\/jpeg"}],"twitter_card":"summary_large_image","twitter_misc":{"Tiempo de lectura":"2 minutos"},"schema":{"@context":"https:\/\/schema.org","@graph":[{"@type":"WebPage","@id":"https:\/\/supertortillamachines.com\/product\/automatic-wheat-dough-cutter-cut200\/","url":"https:\/\/supertortillamachines.com\/product\/automatic-wheat-dough-cutter-cut200\/","name":"Cortadora autom\u00e1tica de masa de trigo CUT200 - SUPER TORTILLA MACHINES","isPartOf":{"@id":"https:\/\/supertortillamachines.com\/#website"},"primaryImageOfPage":{"@id":"https:\/\/supertortillamachines.com\/product\/automatic-wheat-dough-cutter-cut200\/#primaryimage"},"image":{"@id":"https:\/\/supertortillamachines.com\/product\/automatic-wheat-dough-cutter-cut200\/#primaryimage"},"thumbnailUrl":"https:\/\/supertortillamachines.com\/wp-content\/uploads\/2025\/07\/CUT200-2.jpg","datePublished":"2025-07-31T15:54:24+00:00","dateModified":"2025-12-18T14:20:35+00:00","description":"Coge la masa de tortilla de trigo directamente de la batidora ponla en este cortador y obtendr\u00e1s trozos de masa del mismo tama\u00f1o para conseguir tortillas de tama\u00f1o consistente.","breadcrumb":{"@id":"https:\/\/supertortillamachines.com\/product\/automatic-wheat-dough-cutter-cut200\/#breadcrumb"},"inLanguage":"es","potentialAction":[{"@type":"ReadAction","target":["https:\/\/supertortillamachines.com\/product\/automatic-wheat-dough-cutter-cut200\/"]}]},{"@type":"ImageObject","inLanguage":"es","@id":"https:\/\/supertortillamachines.com\/product\/automatic-wheat-dough-cutter-cut200\/#primaryimage","url":"https:\/\/supertortillamachines.com\/wp-content\/uploads\/2025\/07\/CUT200-2.jpg","contentUrl":"https:\/\/supertortillamachines.com\/wp-content\/uploads\/2025\/07\/CUT200-2.jpg","width":720,"height":960,"caption":"Dough Cutter"},{"@type":"BreadcrumbList","@id":"https:\/\/supertortillamachines.com\/product\/automatic-wheat-dough-cutter-cut200\/#breadcrumb","itemListElement":[{"@type":"ListItem","position":1,"name":"Home","item":"https:\/\/supertortillamachines.com\/"},{"@type":"ListItem","position":2,"name":"Shop","item":"https:\/\/supertortillamachines.com\/shop\/"},{"@type":"ListItem","position":3,"name":"Automatic Wheat Dough Cutter CUT200"}]},{"@type":"WebSite","@id":"https:\/\/supertortillamachines.com\/#website","url":"https:\/\/supertortillamachines.com\/","name":"SUPER TORTILLADORAS","description":"Las mejores Tortilladoras Mexicanas","publisher":{"@id":"https:\/\/supertortillamachines.com\/#organization"},"potentialAction":[{"@type":"SearchAction","target":{"@type":"EntryPoint","urlTemplate":"https:\/\/supertortillamachines.com\/?s={search_term_string}"},"query-input":{"@type":"PropertyValueSpecification","valueRequired":true,"valueName":"search_term_string"}}],"inLanguage":"es"},{"@type":"Organization","@id":"https:\/\/supertortillamachines.com\/#organization","name":"SUPER TORTILLADORAS","url":"https:\/\/supertortillamachines.com\/","logo":{"@type":"ImageObject","inLanguage":"es","@id":"https:\/\/supertortillamachines.com\/#\/schema\/logo\/image\/","url":"https:\/\/supertortillamachines.com\/wp-content\/uploads\/2025\/07\/Supertortilla.jpg","contentUrl":"https:\/\/supertortillamachines.com\/wp-content\/uploads\/2025\/07\/Supertortilla.jpg","width":221,"height":177,"caption":" SUPER TORTILLA MACHINES "},"image":{"@id":"https:\/\/supertortillamachines.com\/#\/schema\/logo\/image\/"}}]}},"jetpack_sharing_enabled":true,"_links":{"self":[{"href":"https:\/\/supertortillamachines.com\/es\/wp-json\/wp\/v2\/product\/656","targetHints":{"allow":["GET"]}}],"collection":[{"href":"https:\/\/supertortillamachines.com\/es\/wp-json\/wp\/v2\/product"}],"about":[{"href":"https:\/\/supertortillamachines.com\/es\/wp-json\/wp\/v2\/types\/product"}],"wp:featuredmedia":[{"embeddable":true,"href":"https:\/\/supertortillamachines.com\/es\/wp-json\/wp\/v2\/media\/657"}],"wp:attachment":[{"href":"https:\/\/supertortillamachines.com\/es\/wp-json\/wp\/v2\/media?parent=656"}],"wp:term":[{"taxonomy":"product_brand","embeddable":true,"href":"https:\/\/supertortillamachines.com\/es\/wp-json\/wp\/v2\/product_brand?post=656"},{"taxonomy":"product_cat","embeddable":true,"href":"https:\/\/supertortillamachines.com\/es\/wp-json\/wp\/v2\/product_cat?post=656"},{"taxonomy":"product_tag","embeddable":true,"href":"https:\/\/supertortillamachines.com\/es\/wp-json\/wp\/v2\/product_tag?post=656"}],"curies":[{"name":"wp","href":"https:\/\/api.w.org\/{rel}","templated":true}]}}