{"id":663,"date":"2025-07-31T16:48:17","date_gmt":"2025-07-31T16:48:17","guid":{"rendered":"https:\/\/supertortillamachines.com\/?post_type=product&#038;p=663"},"modified":"2025-09-18T16:02:08","modified_gmt":"2025-09-18T16:02:08","slug":"sistema-automatico-de-coccion-de-maiz","status":"publish","type":"product","link":"https:\/\/supertortillamachines.com\/es\/product\/automatic-corn-cooking-system\/","title":{"rendered":"Sistema autom\u00e1tico de cocci\u00f3n de ma\u00edz"},"content":{"rendered":"<h1 style=\"font-weight: 500;\">\u00a0 \u00a0 \u00a0 \u00a0 \u00a0 \u00a0 \u00a0 \u00a0 \u00a0 \u00a0 \u00a0 \u00a0 \u00a0 \u00a0 \u00a0SISTEMA AUTOM\u00c1TICO DE COCCI\u00d3N DE MA\u00cdZ<\/h1>\n<p>\u00a1\u00a1\u00a1\u00a1Esta m\u00e1quina es ideal para iniciar su negocio de tortillas de ma\u00edz o para instalarla en su restaurante y empezar a ofrecer tortillas de ma\u00edz reci\u00e9n hechas a sus clientes !!!!<\/p>\n<p><b>INCLUYE:<\/b><\/p>\n<h4 style=\"font-weight: 500;\"><b>\u00a0Elevador de ma\u00edz.<\/b><\/h4>\n<p>-Elevador con sinf\u00edn y motor de 1hp y polea para llevar el ma\u00edz crudo a la paila (Cocedor de Ma\u00edz).<\/p>\n<p>-Fabricado en acero inoxidable<\/p>\n<p><b><strong>Paila autom\u00e1tica (cocedora de ma\u00edz) de 1000 kg<\/strong><\/b><\/p>\n<p>-Capacidad para cocinar hasta 1000 kg.<\/p>\n<p>-Una media ca\u00f1a de acero inoxidable.<\/p>\n<p>-Mecanizado, eje, palas y tornillos en acero inoxidable.<\/p>\n<p>-Motor y reductor reforzados.<\/p>\n<p>-Puerta de salida reforzada.<\/p>\n<p>-Termostato para controlar la temperatura.<\/p>\n<p>-Tapa protectora superior, protege y almacena el calor.<\/p>\n<p>-Tapas de acero inoxidable y fibra de vidrio.<\/p>\n<p>-Escaleras y andamios seg\u00fan altura y necesidades<\/p>\n<p>o\u00a0<b><strong>Paila autom\u00e1tica (cocedora de ma\u00edz) 300, 500 750 kg<\/strong><\/b><\/p>\n<p>-Diferentes capacidades, para hornear, 300, 500, 750kg<\/p>\n<p>-Una media ca\u00f1a de acero inoxidable.<\/p>\n<p>-Mecanizado, flecha, palas y tornillos de acero inoxidable.<\/p>\n<p>-Motor y reductor reforzados.<\/p>\n<p>-Puerta de salida reforzada.<\/p>\n<p>-Termostato para controlar la temperatura.<\/p>\n<p>-Tapa protectora superior, protege y almacena el calor.<\/p>\n<p>-Tapas de acero inoxidable y fibra de vidrio.<\/p>\n<p>-Escaleras y andamios seg\u00fan la altura y las necesidades del cliente<\/p>\n<p><b><strong>Enjuagadora autom\u00e1tica<\/strong><\/b><\/p>\n<p>-Transportar el nixtamal al cono del molino para molerlo.<\/p>\n<p>-Fabricado en acero inoxidable 304.<\/p>\n<p>-Sinf\u00edn de acero inoxidable.<\/p>\n<p>-Motor monof\u00e1sico y trif\u00e1sico de 1 CV.<\/p>\n<p>-Interruptor reversible.<\/p>\n<p>-Tiene desag\u00fce, grifo y entrada de agua.<\/p>\n<h5 style=\"font-weight: 500;\">o\u00a0\u00a0<b><strong>Enjuagadora manual<br \/>\n<\/strong><\/b>\u00a0\u00a0\u00a0\u00a0 \u00a0\u00a0\u00a0\u00a0\u00a0 \u00a0- Ayuda a eliminar el exceso de cal en el nixtamal.<\/h5>\n<h5 style=\"font-weight: 500;\"><\/h5>\n<h1 style=\"font-weight: 500;\">SOLICITAR PRESUPUESTO<\/h1>\n<p>Estas m\u00e1quinas se fabrican bajo pedido y tardamos 36 d\u00edas laborables en enviarle su m\u00e1quina. Por favor, t\u00e9ngalo en cuenta a la hora de realizar su pedido.<\/p>\n<p>No lo dudes, tambi\u00e9n somos vendedores en ebay y puedes ver que somos un vendedor de confianza en<\/p>\n<p><a href=\"http:\/\/feedback.ebay.com\/ws\/eBayISAPI.dll?ViewFeedback2&amp;userid=woodandheat&amp;ftab=AllFeedback\">http:\/\/feedback.ebay.com\/ws\/eBayISAPI.dll?ViewFeedback2&amp;userid=woodandheat&amp;ftab=AllFeedback<\/a><\/p>\n<p><a href=\"http:\/\/weebly-link\/607398779830849657\">www.supertortillamachines.com<\/a><\/p>\n<p>Es la mejor opci\u00f3n en M\u00e1quinas tortilladoras de ma\u00edz para producci\u00f3n industrial. Somos una empresa con presencia en M\u00e9xico y Estados Unidos. Nuestras maquinas son de calidad hechas en Mexico y exportadas a nuestro almacen en USA. Es por eso que podemos enviar a un precio muy competitivo dentro de los EE.UU. y en todo el mundo.<\/p>\n<p>&nbsp;<\/p>\n<p>Si usted est\u00e1 en los EE.UU. ser\u00e1 muy f\u00e1cil comprar de nosotros, porque somos una corporaci\u00f3n de EE.UU., usted no tendr\u00e1 que lidiar con las aduanas en cualquier momento. Usted s\u00f3lo tiene que pedir y recibir\u00e1 su m\u00e1quina en cualquier direcci\u00f3n de EE.UU. dentro de los estados continentales.<\/p>\n<p>Nota importante:<\/p>\n<p>Esta m\u00e1quina no est\u00e1 dise\u00f1ada para TORTILLAS DE HARINA DE TRIGO.<\/p>","protected":false},"excerpt":{"rendered":"<p>Esta es una gran m\u00e1quina para comenzar su negocio de tortillas de ma\u00edz o para instalar. Cocina el ma\u00edz para prepararlo para el proceso de fabricaci\u00f3n de tortillas.<\/p>","protected":false},"featured_media":664,"template":"","meta":{"om_disable_all_campaigns":false,"_monsterinsights_skip_tracking":false,"_monsterinsights_sitenote_active":false,"_monsterinsights_sitenote_note":"","_monsterinsights_sitenote_category":0},"product_brand":[],"product_cat":[19],"product_tag":[127,122,88],"class_list":{"0":"post-663","1":"product","2":"type-product","3":"status-publish","4":"has-post-thumbnail","6":"product_cat-tortilla-machines","7":"product_tag-automatic","8":"product_tag-cooking","9":"product_tag-corn","11":"first","12":"instock","13":"shipping-taxable","14":"product-type-variable"},"yoast_head":"<!-- This site is optimized with the Yoast SEO plugin v27.4 - https:\/\/yoast.com\/product\/yoast-seo-wordpress\/ -->\n<title>Automatic Corn Cooking System - SUPER TORTILLA MACHINES<\/title>\n<meta name=\"description\" content=\"This is a great machine to start your Corn tortilla business or to install. Cooks corn to prepare for the tortilla making process.\" \/>\n<meta name=\"robots\" content=\"index, follow, max-snippet:-1, max-image-preview:large, max-video-preview:-1\" \/>\n<link rel=\"canonical\" href=\"https:\/\/supertortillamachines.com\/es\/producto\/sistema-automatico-de-coccion-de-maiz\/\" \/>\n<meta property=\"og:locale\" content=\"es_MX\" \/>\n<meta property=\"og:type\" content=\"article\" \/>\n<meta property=\"og:title\" content=\"Automatic Corn Cooking System - SUPER TORTILLA MACHINES\" \/>\n<meta property=\"og:description\" content=\"This is a great machine to start your Corn tortilla business or to install. Cooks corn to prepare for the tortilla making process.\" \/>\n<meta property=\"og:url\" content=\"https:\/\/supertortillamachines.com\/es\/producto\/sistema-automatico-de-coccion-de-maiz\/\" \/>\n<meta property=\"og:site_name\" content=\"SUPER TORTILLA MACHINES\" \/>\n<meta property=\"article:modified_time\" content=\"2025-09-18T16:02:08+00:00\" \/>\n<meta property=\"og:image\" content=\"https:\/\/supertortillamachines.com\/wp-content\/uploads\/2025\/07\/Nixtamalization-Plant-Large.jpg\" \/>\n\t<meta property=\"og:image:width\" content=\"1440\" \/>\n\t<meta property=\"og:image:height\" content=\"1080\" \/>\n\t<meta property=\"og:image:type\" content=\"image\/jpeg\" \/>\n<meta name=\"twitter:card\" content=\"summary_large_image\" \/>\n<meta name=\"twitter:label1\" content=\"Tiempo de lectura\" \/>\n\t<meta name=\"twitter:data1\" content=\"2 minutos\" \/>\n<script type=\"application\/ld+json\" class=\"yoast-schema-graph\">{\"@context\":\"https:\\\/\\\/schema.org\",\"@graph\":[{\"@type\":\"WebPage\",\"@id\":\"https:\\\/\\\/supertortillamachines.com\\\/product\\\/automatic-corn-cooking-system\\\/\",\"url\":\"https:\\\/\\\/supertortillamachines.com\\\/product\\\/automatic-corn-cooking-system\\\/\",\"name\":\"Automatic Corn Cooking System - SUPER TORTILLA MACHINES\",\"isPartOf\":{\"@id\":\"https:\\\/\\\/supertortillamachines.com\\\/#website\"},\"primaryImageOfPage\":{\"@id\":\"https:\\\/\\\/supertortillamachines.com\\\/product\\\/automatic-corn-cooking-system\\\/#primaryimage\"},\"image\":{\"@id\":\"https:\\\/\\\/supertortillamachines.com\\\/product\\\/automatic-corn-cooking-system\\\/#primaryimage\"},\"thumbnailUrl\":\"https:\\\/\\\/supertortillamachines.com\\\/wp-content\\\/uploads\\\/2025\\\/07\\\/Nixtamalization-Plant-Large.jpg\",\"datePublished\":\"2025-07-31T16:48:17+00:00\",\"dateModified\":\"2025-09-18T16:02:08+00:00\",\"description\":\"This is a great machine to start your Corn tortilla business or to install. Cooks corn to prepare for the tortilla making process.\",\"breadcrumb\":{\"@id\":\"https:\\\/\\\/supertortillamachines.com\\\/product\\\/automatic-corn-cooking-system\\\/#breadcrumb\"},\"inLanguage\":\"es\",\"potentialAction\":[{\"@type\":\"ReadAction\",\"target\":[\"https:\\\/\\\/supertortillamachines.com\\\/product\\\/automatic-corn-cooking-system\\\/\"]}]},{\"@type\":\"ImageObject\",\"inLanguage\":\"es\",\"@id\":\"https:\\\/\\\/supertortillamachines.com\\\/product\\\/automatic-corn-cooking-system\\\/#primaryimage\",\"url\":\"https:\\\/\\\/supertortillamachines.com\\\/wp-content\\\/uploads\\\/2025\\\/07\\\/Nixtamalization-Plant-Large.jpg\",\"contentUrl\":\"https:\\\/\\\/supertortillamachines.com\\\/wp-content\\\/uploads\\\/2025\\\/07\\\/Nixtamalization-Plant-Large.jpg\",\"width\":1440,\"height\":1080,\"caption\":\"Automatic Corn Cooking System\"},{\"@type\":\"BreadcrumbList\",\"@id\":\"https:\\\/\\\/supertortillamachines.com\\\/product\\\/automatic-corn-cooking-system\\\/#breadcrumb\",\"itemListElement\":[{\"@type\":\"ListItem\",\"position\":1,\"name\":\"Home\",\"item\":\"https:\\\/\\\/supertortillamachines.com\\\/\"},{\"@type\":\"ListItem\",\"position\":2,\"name\":\"Shop\",\"item\":\"https:\\\/\\\/supertortillamachines.com\\\/shop\\\/\"},{\"@type\":\"ListItem\",\"position\":3,\"name\":\"Automatic Corn Cooking System\"}]},{\"@type\":\"WebSite\",\"@id\":\"https:\\\/\\\/supertortillamachines.com\\\/#website\",\"url\":\"https:\\\/\\\/supertortillamachines.com\\\/\",\"name\":\"SUPER TORTILLA MACHINES\",\"description\":\"The best Mexican Tortilla Machines\",\"publisher\":{\"@id\":\"https:\\\/\\\/supertortillamachines.com\\\/#organization\"},\"potentialAction\":[{\"@type\":\"SearchAction\",\"target\":{\"@type\":\"EntryPoint\",\"urlTemplate\":\"https:\\\/\\\/supertortillamachines.com\\\/?s={search_term_string}\"},\"query-input\":{\"@type\":\"PropertyValueSpecification\",\"valueRequired\":true,\"valueName\":\"search_term_string\"}}],\"inLanguage\":\"es\"},{\"@type\":\"Organization\",\"@id\":\"https:\\\/\\\/supertortillamachines.com\\\/#organization\",\"name\":\"SUPER TORTILLA MACHINES\",\"url\":\"https:\\\/\\\/supertortillamachines.com\\\/\",\"logo\":{\"@type\":\"ImageObject\",\"inLanguage\":\"es\",\"@id\":\"https:\\\/\\\/supertortillamachines.com\\\/#\\\/schema\\\/logo\\\/image\\\/\",\"url\":\"https:\\\/\\\/supertortillamachines.com\\\/wp-content\\\/uploads\\\/2025\\\/07\\\/Supertortilla.jpg\",\"contentUrl\":\"https:\\\/\\\/supertortillamachines.com\\\/wp-content\\\/uploads\\\/2025\\\/07\\\/Supertortilla.jpg\",\"width\":221,\"height\":177,\"caption\":\" SUPER TORTILLA MACHINES \"},\"image\":{\"@id\":\"https:\\\/\\\/supertortillamachines.com\\\/#\\\/schema\\\/logo\\\/image\\\/\"}}]}<\/script>\n<!-- \/ Yoast SEO plugin. -->","yoast_head_json":{"title":"Sistema autom\u00e1tico de cocci\u00f3n de ma\u00edz - SUPER TORTILLA MACHINES","description":"Esta es una gran m\u00e1quina para comenzar su negocio de tortillas de ma\u00edz o para instalar. Cocina el ma\u00edz para prepararlo para el proceso de fabricaci\u00f3n de tortillas.","robots":{"index":"index","follow":"follow","max-snippet":"max-snippet:-1","max-image-preview":"max-image-preview:large","max-video-preview":"max-video-preview:-1"},"canonical":"https:\/\/supertortillamachines.com\/es\/producto\/sistema-automatico-de-coccion-de-maiz\/","og_locale":"es_MX","og_type":"article","og_title":"Automatic Corn Cooking System - SUPER TORTILLA MACHINES","og_description":"This is a great machine to start your Corn tortilla business or to install. Cooks corn to prepare for the tortilla making process.","og_url":"https:\/\/supertortillamachines.com\/es\/producto\/sistema-automatico-de-coccion-de-maiz\/","og_site_name":"SUPER TORTILLA MACHINES","article_modified_time":"2025-09-18T16:02:08+00:00","og_image":[{"width":1440,"height":1080,"url":"https:\/\/supertortillamachines.com\/wp-content\/uploads\/2025\/07\/Nixtamalization-Plant-Large.jpg","type":"image\/jpeg"}],"twitter_card":"summary_large_image","twitter_misc":{"Tiempo de lectura":"2 minutos"},"schema":{"@context":"https:\/\/schema.org","@graph":[{"@type":"WebPage","@id":"https:\/\/supertortillamachines.com\/product\/automatic-corn-cooking-system\/","url":"https:\/\/supertortillamachines.com\/product\/automatic-corn-cooking-system\/","name":"Sistema autom\u00e1tico de cocci\u00f3n de ma\u00edz - SUPER TORTILLA MACHINES","isPartOf":{"@id":"https:\/\/supertortillamachines.com\/#website"},"primaryImageOfPage":{"@id":"https:\/\/supertortillamachines.com\/product\/automatic-corn-cooking-system\/#primaryimage"},"image":{"@id":"https:\/\/supertortillamachines.com\/product\/automatic-corn-cooking-system\/#primaryimage"},"thumbnailUrl":"https:\/\/supertortillamachines.com\/wp-content\/uploads\/2025\/07\/Nixtamalization-Plant-Large.jpg","datePublished":"2025-07-31T16:48:17+00:00","dateModified":"2025-09-18T16:02:08+00:00","description":"Esta es una gran m\u00e1quina para comenzar su negocio de tortillas de ma\u00edz o para instalar. Cocina el ma\u00edz para prepararlo para el proceso de fabricaci\u00f3n de tortillas.","breadcrumb":{"@id":"https:\/\/supertortillamachines.com\/product\/automatic-corn-cooking-system\/#breadcrumb"},"inLanguage":"es","potentialAction":[{"@type":"ReadAction","target":["https:\/\/supertortillamachines.com\/product\/automatic-corn-cooking-system\/"]}]},{"@type":"ImageObject","inLanguage":"es","@id":"https:\/\/supertortillamachines.com\/product\/automatic-corn-cooking-system\/#primaryimage","url":"https:\/\/supertortillamachines.com\/wp-content\/uploads\/2025\/07\/Nixtamalization-Plant-Large.jpg","contentUrl":"https:\/\/supertortillamachines.com\/wp-content\/uploads\/2025\/07\/Nixtamalization-Plant-Large.jpg","width":1440,"height":1080,"caption":"Automatic Corn Cooking System"},{"@type":"BreadcrumbList","@id":"https:\/\/supertortillamachines.com\/product\/automatic-corn-cooking-system\/#breadcrumb","itemListElement":[{"@type":"ListItem","position":1,"name":"Home","item":"https:\/\/supertortillamachines.com\/"},{"@type":"ListItem","position":2,"name":"Shop","item":"https:\/\/supertortillamachines.com\/shop\/"},{"@type":"ListItem","position":3,"name":"Automatic Corn Cooking System"}]},{"@type":"WebSite","@id":"https:\/\/supertortillamachines.com\/#website","url":"https:\/\/supertortillamachines.com\/","name":"SUPER TORTILLADORAS","description":"Las mejores Tortilladoras Mexicanas","publisher":{"@id":"https:\/\/supertortillamachines.com\/#organization"},"potentialAction":[{"@type":"SearchAction","target":{"@type":"EntryPoint","urlTemplate":"https:\/\/supertortillamachines.com\/?s={search_term_string}"},"query-input":{"@type":"PropertyValueSpecification","valueRequired":true,"valueName":"search_term_string"}}],"inLanguage":"es"},{"@type":"Organization","@id":"https:\/\/supertortillamachines.com\/#organization","name":"SUPER TORTILLADORAS","url":"https:\/\/supertortillamachines.com\/","logo":{"@type":"ImageObject","inLanguage":"es","@id":"https:\/\/supertortillamachines.com\/#\/schema\/logo\/image\/","url":"https:\/\/supertortillamachines.com\/wp-content\/uploads\/2025\/07\/Supertortilla.jpg","contentUrl":"https:\/\/supertortillamachines.com\/wp-content\/uploads\/2025\/07\/Supertortilla.jpg","width":221,"height":177,"caption":" SUPER TORTILLA MACHINES "},"image":{"@id":"https:\/\/supertortillamachines.com\/#\/schema\/logo\/image\/"}}]}},"jetpack_sharing_enabled":true,"_links":{"self":[{"href":"https:\/\/supertortillamachines.com\/es\/wp-json\/wp\/v2\/product\/663","targetHints":{"allow":["GET"]}}],"collection":[{"href":"https:\/\/supertortillamachines.com\/es\/wp-json\/wp\/v2\/product"}],"about":[{"href":"https:\/\/supertortillamachines.com\/es\/wp-json\/wp\/v2\/types\/product"}],"wp:featuredmedia":[{"embeddable":true,"href":"https:\/\/supertortillamachines.com\/es\/wp-json\/wp\/v2\/media\/664"}],"wp:attachment":[{"href":"https:\/\/supertortillamachines.com\/es\/wp-json\/wp\/v2\/media?parent=663"}],"wp:term":[{"taxonomy":"product_brand","embeddable":true,"href":"https:\/\/supertortillamachines.com\/es\/wp-json\/wp\/v2\/product_brand?post=663"},{"taxonomy":"product_cat","embeddable":true,"href":"https:\/\/supertortillamachines.com\/es\/wp-json\/wp\/v2\/product_cat?post=663"},{"taxonomy":"product_tag","embeddable":true,"href":"https:\/\/supertortillamachines.com\/es\/wp-json\/wp\/v2\/product_tag?post=663"}],"curies":[{"name":"wp","href":"https:\/\/api.w.org\/{rel}","templated":true}]}}