{"id":671,"date":"2025-07-31T20:37:27","date_gmt":"2025-07-31T20:37:27","guid":{"rendered":"https:\/\/supertortillamachines.com\/?post_type=product&#038;p=671"},"modified":"2025-09-18T16:36:00","modified_gmt":"2025-09-18T16:36:00","slug":"tortillero-industrial-5-niveles-acero-inoxidable","status":"publish","type":"product","link":"https:\/\/supertortillamachines.com\/es\/product\/industrial-tortilla-cooler-5-levels-stainless-steel\/","title":{"rendered":"Enfriador de Tortillas de 5 Niveles Acero Inoxidable - Ventiladores No Incluidos"},"content":{"rendered":"<h3><strong>DESCRIPCI\u00d3N DEL ART\u00cdCULO<\/strong><\/h3>\n<h3>\u00a1\u00a1\u00a1\u00a1Esta es una gran m\u00e1quina para empezar su negocio de tortillas o para instalarla en su restaurante y empezar a ofrecer tortillas reci\u00e9n hechas a sus clientes !!!!<\/h3>\n<p>Esta m\u00e1quina se utiliza para enfriar las tortillas que acaban de salir de la parrilla y as\u00ed poder envasarlas, ya que no se pueden envasar si est\u00e1n demasiado calientes. De esta m\u00e1quina saldr\u00e1n tortillas listas para envasar.<\/p>\n<p>Puede colocar esta m\u00e1quina junto a una parrilla o una m\u00e1quina como nuestra T5000 (prensa con parrilla de banda automatizada).<\/p>\n<p><strong>CARACTER\u00cdSTICAS<\/strong><\/p>\n<ul>\n<li>Para tortilla de ma\u00edz y harina de trigo<\/li>\n<li>Enfr\u00eda las tortillas a temperatura ambiente para poder envasarlas<\/li>\n<li>5 Niveles (disponemos de varios modelos y tama\u00f1os)<\/li>\n<\/ul>\n<p>&nbsp;<\/p>\n<hr \/>\n<p><strong>CARACTER\u00cdSTICAS DEL ART\u00cdCULO Y DETALLES T\u00c9CNICOS<\/strong><\/p>\n<p>Especificaciones el\u00e9ctricas: 110 v 60 Hz \/ 220 v 60 Hz<\/p>\n<ul>\n<li>Peso neto 450 lbs.<\/li>\n<li>Dimensiones de la m\u00e1quina 53\u2033 Altura c 146\u2033 Longitud x 15\u2033 Ancho<\/li>\n<li>Transportador de 14\u2033 de ancho.<\/li>\n<li>Di\u00e1metro m\u00e1ximo de la tortilla 13 1\/2\u2033.<\/li>\n<\/ul>\n<p><b>Nota: Ventiladores no incluidos<\/b><\/p>\n<hr \/>\n<p><strong>\u00a0<\/strong><\/p>\n<div><strong>Mira c\u00f3mo funciona en el siguiente v\u00eddeo<\/strong><\/div>\n<div><\/div>\n<div class=\"lyte-wrapper\" style=\"width:640px;max-width:100%;margin:5px auto;\"><div class=\"lyMe\" id=\"WYL_h6beYr4uNeo\"><div id=\"lyte_h6beYr4uNeo\" data-src=\"https:\/\/supertortillamachines.com\/wp-content\/plugins\/wp-youtube-lyte\/lyteCache.php?origThumbUrl=%2F%2Fi.ytimg.com%2Fvi%2Fh6beYr4uNeo%2Fhqdefault.jpg\" class=\"pL\"><div class=\"tC\"><div class=\"tT\"><\/div><\/div><div class=\"play\"><\/div><div class=\"ctrl\"><div class=\"Lctrl\"><\/div><div class=\"Rctrl\"><\/div><\/div><\/div><noscript><a href=\"https:\/\/youtu.be\/h6beYr4uNeo\" rel=\"nofollow\"><img fetchpriority=\"high\" decoding=\"async\" src=\"https:\/\/supertortillamachines.com\/wp-content\/plugins\/wp-youtube-lyte\/lyteCache.php?origThumbUrl=https%3A%2F%2Fi.ytimg.com%2Fvi%2Fh6beYr4uNeo%2F0.jpg\" alt=\"Miniatura de v\u00eddeo de YouTube\" width=\"640\" height=\"340\" \/><br \/>Ver este video en YouTube<\/a><\/noscript><\/div><\/div><div class=\"lL\" style=\"max-width:100%;width:640px;margin:5px auto;\"><\/div><\/p>\n<div class=\"lyte-wrapper\" style=\"width:640px;max-width:100%;margin:5px auto;\"><div class=\"lyMe\" id=\"WYL_mr_ryDkC-FA\"><div id=\"lyte_mr_ryDkC-FA\" data-src=\"https:\/\/supertortillamachines.com\/wp-content\/plugins\/wp-youtube-lyte\/lyteCache.php?origThumbUrl=%2F%2Fi.ytimg.com%2Fvi%2Fmr_ryDkC-FA%2Fhqdefault.jpg\" class=\"pL\"><div class=\"tC\"><div class=\"tT\"><\/div><\/div><div class=\"play\"><\/div><div class=\"ctrl\"><div class=\"Lctrl\"><\/div><div class=\"Rctrl\"><\/div><\/div><\/div><noscript><a href=\"https:\/\/youtu.be\/mr_ryDkC-FA\" rel=\"nofollow\"><img decoding=\"async\" src=\"https:\/\/supertortillamachines.com\/wp-content\/plugins\/wp-youtube-lyte\/lyteCache.php?origThumbUrl=https%3A%2F%2Fi.ytimg.com%2Fvi%2Fmr_ryDkC-FA%2F0.jpg\" alt=\"Miniatura de v\u00eddeo de YouTube\" width=\"640\" height=\"340\" \/><br \/>Ver este video en YouTube<\/a><\/noscript><\/div><\/div><div class=\"lL\" style=\"max-width:100%;width:640px;margin:5px auto;\"><\/div><\/p>\n<div>Estas m\u00e1quinas se fabrican bajo pedido y tardamos 15 d\u00edas laborables en enviarle su m\u00e1quina. Por favor, tenga esto en cuenta cuando haga su pedido.<\/div>\n<div>\n<div><\/div>\n<\/div>\n<p>No lo dudes, tambi\u00e9n somos vendedores en ebay y puedes ver que somos un vendedor de confianza en<\/p>\n<div><a href=\"http:\/\/feedback.ebay.com\/ws\/eBayISAPI.dll?ViewFeedback2&amp;userid=woodandheat&amp;ftab=AllFeedback\">http:\/\/feedback.ebay.com\/ws\/eBayISAPI.dll?ViewFeedback2&amp;userid=woodandheat&amp;ftab=AllFeedback<\/a><\/div>\n<div><a href=\"http:\/\/weebly-link\/607398779830849657\">www.supertortillamachines.com<\/a><\/div>\n<div><\/div>\n<div>Es la mejor opci\u00f3n en M\u00e1quinas tortilladoras de ma\u00edz para producci\u00f3n industrial. Somos una empresa con presencia en M\u00e9xico y Estados Unidos. Nuestras maquinas son de calidad hechas en Mexico y exportadas a nuestro almacen en USA. Es por eso que podemos enviar a un precio muy competitivo dentro de los EE.UU. y en todo el mundo.<\/div>\n<div><\/div>\n<div><\/div>\n<div>Si usted est\u00e1 en los EE.UU. ser\u00e1 muy f\u00e1cil comprar de nosotros, porque somos una corporaci\u00f3n de EE.UU., usted no tendr\u00e1 que lidiar con las aduanas en cualquier momento. Usted s\u00f3lo tiene que pedir y recibir\u00e1 su m\u00e1quina en cualquier direcci\u00f3n de EE.UU. dentro de los estados continentales.<\/div>\n<div><\/div>","protected":false},"excerpt":{"rendered":"<p>Esta m\u00e1quina se utiliza para enfriar las tortillas que acaban de salir de la parrilla y as\u00ed poder envasarlas, ya que no se pueden envasar si est\u00e1n demasiado calientes. De esta m\u00e1quina saldr\u00e1n tortillas listas para envasar.<\/p>","protected":false},"featured_media":1283,"template":"","meta":{"om_disable_all_campaigns":false,"_monsterinsights_skip_tracking":false,"_monsterinsights_sitenote_active":false,"_monsterinsights_sitenote_note":"","_monsterinsights_sitenote_category":0},"product_brand":[57],"product_cat":[61,58],"product_tag":[98,99,73],"class_list":{"0":"post-671","1":"product","2":"type-product","3":"status-publish","4":"has-post-thumbnail","6":"product_brand-super-tortilla-machines","7":"product_cat-commercial-production-corn-flour-tortilla-machines","8":"product_cat-corn-flour-tortilla-machines","9":"product_tag-cooler","10":"product_tag-packaging","11":"product_tag-tortilla","13":"first","14":"instock","15":"shipping-taxable","16":"purchasable","17":"product-type-variable"},"yoast_head":"<!-- This site is optimized with the Yoast SEO plugin v27.4 - https:\/\/yoast.com\/product\/yoast-seo-wordpress\/ -->\n<title>5 Levels Tortilla Cooler Stainless Steel - Fans Not Included - SUPER TORTILLA MACHINES<\/title>\n<meta name=\"description\" content=\"This machine is used to cool down the tortillas that just come from the grill so you can package them, because they can not be package if they are too hot.\" \/>\n<meta name=\"robots\" content=\"index, follow, max-snippet:-1, max-image-preview:large, max-video-preview:-1\" \/>\n<link rel=\"canonical\" href=\"https:\/\/supertortillamachines.com\/es\/producto\/tortillero-industrial-5-niveles-acero-inoxidable\/\" \/>\n<meta property=\"og:locale\" content=\"es_MX\" \/>\n<meta property=\"og:type\" content=\"article\" \/>\n<meta property=\"og:title\" content=\"5 Levels Tortilla Cooler Stainless Steel - Fans Not Included - SUPER TORTILLA MACHINES\" \/>\n<meta property=\"og:description\" content=\"This machine is used to cool down the tortillas that just come from the grill so you can package them, because they can not be package if they are too hot.\" \/>\n<meta property=\"og:url\" content=\"https:\/\/supertortillamachines.com\/es\/producto\/tortillero-industrial-5-niveles-acero-inoxidable\/\" \/>\n<meta property=\"og:site_name\" content=\"SUPER TORTILLA MACHINES\" \/>\n<meta property=\"article:modified_time\" content=\"2025-09-18T16:36:00+00:00\" \/>\n<meta property=\"og:image\" content=\"https:\/\/supertortillamachines.com\/wp-content\/uploads\/2025\/07\/s-l1600.png\" \/>\n\t<meta property=\"og:image:width\" content=\"1600\" \/>\n\t<meta property=\"og:image:height\" content=\"924\" \/>\n\t<meta property=\"og:image:type\" content=\"image\/png\" \/>\n<meta name=\"twitter:card\" content=\"summary_large_image\" \/>\n<meta name=\"twitter:label1\" content=\"Tiempo de lectura\" \/>\n\t<meta name=\"twitter:data1\" content=\"2 minutos\" \/>\n<script type=\"application\/ld+json\" class=\"yoast-schema-graph\">{\"@context\":\"https:\\\/\\\/schema.org\",\"@graph\":[{\"@type\":\"WebPage\",\"@id\":\"https:\\\/\\\/supertortillamachines.com\\\/product\\\/industrial-tortilla-cooler-5-levels-stainless-steel\\\/\",\"url\":\"https:\\\/\\\/supertortillamachines.com\\\/product\\\/industrial-tortilla-cooler-5-levels-stainless-steel\\\/\",\"name\":\"5 Levels Tortilla Cooler Stainless Steel - Fans Not Included - SUPER TORTILLA MACHINES\",\"isPartOf\":{\"@id\":\"https:\\\/\\\/supertortillamachines.com\\\/#website\"},\"primaryImageOfPage\":{\"@id\":\"https:\\\/\\\/supertortillamachines.com\\\/product\\\/industrial-tortilla-cooler-5-levels-stainless-steel\\\/#primaryimage\"},\"image\":{\"@id\":\"https:\\\/\\\/supertortillamachines.com\\\/product\\\/industrial-tortilla-cooler-5-levels-stainless-steel\\\/#primaryimage\"},\"thumbnailUrl\":\"https:\\\/\\\/supertortillamachines.com\\\/wp-content\\\/uploads\\\/2025\\\/07\\\/s-l1600.png\",\"datePublished\":\"2025-07-31T20:37:27+00:00\",\"dateModified\":\"2025-09-18T16:36:00+00:00\",\"description\":\"This machine is used to cool down the tortillas that just come from the grill so you can package them, because they can not be package if they are too hot.\",\"breadcrumb\":{\"@id\":\"https:\\\/\\\/supertortillamachines.com\\\/product\\\/industrial-tortilla-cooler-5-levels-stainless-steel\\\/#breadcrumb\"},\"inLanguage\":\"es\",\"potentialAction\":[{\"@type\":\"ReadAction\",\"target\":[\"https:\\\/\\\/supertortillamachines.com\\\/product\\\/industrial-tortilla-cooler-5-levels-stainless-steel\\\/\"]}]},{\"@type\":\"ImageObject\",\"inLanguage\":\"es\",\"@id\":\"https:\\\/\\\/supertortillamachines.com\\\/product\\\/industrial-tortilla-cooler-5-levels-stainless-steel\\\/#primaryimage\",\"url\":\"https:\\\/\\\/supertortillamachines.com\\\/wp-content\\\/uploads\\\/2025\\\/07\\\/s-l1600.png\",\"contentUrl\":\"https:\\\/\\\/supertortillamachines.com\\\/wp-content\\\/uploads\\\/2025\\\/07\\\/s-l1600.png\",\"width\":1600,\"height\":924},{\"@type\":\"BreadcrumbList\",\"@id\":\"https:\\\/\\\/supertortillamachines.com\\\/product\\\/industrial-tortilla-cooler-5-levels-stainless-steel\\\/#breadcrumb\",\"itemListElement\":[{\"@type\":\"ListItem\",\"position\":1,\"name\":\"Home\",\"item\":\"https:\\\/\\\/supertortillamachines.com\\\/\"},{\"@type\":\"ListItem\",\"position\":2,\"name\":\"Shop\",\"item\":\"https:\\\/\\\/supertortillamachines.com\\\/shop\\\/\"},{\"@type\":\"ListItem\",\"position\":3,\"name\":\"5 Levels Tortilla Cooler Stainless Steel &#8211; Fans Not Included\"}]},{\"@type\":\"WebSite\",\"@id\":\"https:\\\/\\\/supertortillamachines.com\\\/#website\",\"url\":\"https:\\\/\\\/supertortillamachines.com\\\/\",\"name\":\"SUPER TORTILLA MACHINES\",\"description\":\"The best Mexican Tortilla Machines\",\"publisher\":{\"@id\":\"https:\\\/\\\/supertortillamachines.com\\\/#organization\"},\"potentialAction\":[{\"@type\":\"SearchAction\",\"target\":{\"@type\":\"EntryPoint\",\"urlTemplate\":\"https:\\\/\\\/supertortillamachines.com\\\/?s={search_term_string}\"},\"query-input\":{\"@type\":\"PropertyValueSpecification\",\"valueRequired\":true,\"valueName\":\"search_term_string\"}}],\"inLanguage\":\"es\"},{\"@type\":\"Organization\",\"@id\":\"https:\\\/\\\/supertortillamachines.com\\\/#organization\",\"name\":\"SUPER TORTILLA MACHINES\",\"url\":\"https:\\\/\\\/supertortillamachines.com\\\/\",\"logo\":{\"@type\":\"ImageObject\",\"inLanguage\":\"es\",\"@id\":\"https:\\\/\\\/supertortillamachines.com\\\/#\\\/schema\\\/logo\\\/image\\\/\",\"url\":\"https:\\\/\\\/supertortillamachines.com\\\/wp-content\\\/uploads\\\/2025\\\/07\\\/Supertortilla.jpg\",\"contentUrl\":\"https:\\\/\\\/supertortillamachines.com\\\/wp-content\\\/uploads\\\/2025\\\/07\\\/Supertortilla.jpg\",\"width\":221,\"height\":177,\"caption\":\" SUPER TORTILLA MACHINES \"},\"image\":{\"@id\":\"https:\\\/\\\/supertortillamachines.com\\\/#\\\/schema\\\/logo\\\/image\\\/\"}}]}<\/script>\n<!-- \/ Yoast SEO plugin. -->","yoast_head_json":{"title":"Enfriador de Tortillas 5 Niveles Acero Inoxidable - Ventiladores No Incluidos - SUPER TORTILLA MACHINES","description":"Esta m\u00e1quina sirve para enfriar las tortillas que acaban de salir de la parrilla para poder envasarlas, ya que no se pueden envasar si est\u00e1n demasiado calientes.","robots":{"index":"index","follow":"follow","max-snippet":"max-snippet:-1","max-image-preview":"max-image-preview:large","max-video-preview":"max-video-preview:-1"},"canonical":"https:\/\/supertortillamachines.com\/es\/producto\/tortillero-industrial-5-niveles-acero-inoxidable\/","og_locale":"es_MX","og_type":"article","og_title":"5 Levels Tortilla Cooler Stainless Steel - Fans Not Included - SUPER TORTILLA MACHINES","og_description":"This machine is used to cool down the tortillas that just come from the grill so you can package them, because they can not be package if they are too hot.","og_url":"https:\/\/supertortillamachines.com\/es\/producto\/tortillero-industrial-5-niveles-acero-inoxidable\/","og_site_name":"SUPER TORTILLA MACHINES","article_modified_time":"2025-09-18T16:36:00+00:00","og_image":[{"width":1600,"height":924,"url":"https:\/\/supertortillamachines.com\/wp-content\/uploads\/2025\/07\/s-l1600.png","type":"image\/png"}],"twitter_card":"summary_large_image","twitter_misc":{"Tiempo de lectura":"2 minutos"},"schema":{"@context":"https:\/\/schema.org","@graph":[{"@type":"WebPage","@id":"https:\/\/supertortillamachines.com\/product\/industrial-tortilla-cooler-5-levels-stainless-steel\/","url":"https:\/\/supertortillamachines.com\/product\/industrial-tortilla-cooler-5-levels-stainless-steel\/","name":"Enfriador de Tortillas 5 Niveles Acero Inoxidable - Ventiladores No Incluidos - SUPER TORTILLA MACHINES","isPartOf":{"@id":"https:\/\/supertortillamachines.com\/#website"},"primaryImageOfPage":{"@id":"https:\/\/supertortillamachines.com\/product\/industrial-tortilla-cooler-5-levels-stainless-steel\/#primaryimage"},"image":{"@id":"https:\/\/supertortillamachines.com\/product\/industrial-tortilla-cooler-5-levels-stainless-steel\/#primaryimage"},"thumbnailUrl":"https:\/\/supertortillamachines.com\/wp-content\/uploads\/2025\/07\/s-l1600.png","datePublished":"2025-07-31T20:37:27+00:00","dateModified":"2025-09-18T16:36:00+00:00","description":"Esta m\u00e1quina sirve para enfriar las tortillas que acaban de salir de la parrilla para poder envasarlas, ya que no se pueden envasar si est\u00e1n demasiado calientes.","breadcrumb":{"@id":"https:\/\/supertortillamachines.com\/product\/industrial-tortilla-cooler-5-levels-stainless-steel\/#breadcrumb"},"inLanguage":"es","potentialAction":[{"@type":"ReadAction","target":["https:\/\/supertortillamachines.com\/product\/industrial-tortilla-cooler-5-levels-stainless-steel\/"]}]},{"@type":"ImageObject","inLanguage":"es","@id":"https:\/\/supertortillamachines.com\/product\/industrial-tortilla-cooler-5-levels-stainless-steel\/#primaryimage","url":"https:\/\/supertortillamachines.com\/wp-content\/uploads\/2025\/07\/s-l1600.png","contentUrl":"https:\/\/supertortillamachines.com\/wp-content\/uploads\/2025\/07\/s-l1600.png","width":1600,"height":924},{"@type":"BreadcrumbList","@id":"https:\/\/supertortillamachines.com\/product\/industrial-tortilla-cooler-5-levels-stainless-steel\/#breadcrumb","itemListElement":[{"@type":"ListItem","position":1,"name":"Home","item":"https:\/\/supertortillamachines.com\/"},{"@type":"ListItem","position":2,"name":"Shop","item":"https:\/\/supertortillamachines.com\/shop\/"},{"@type":"ListItem","position":3,"name":"5 Levels Tortilla Cooler Stainless Steel &#8211; Fans Not Included"}]},{"@type":"WebSite","@id":"https:\/\/supertortillamachines.com\/#website","url":"https:\/\/supertortillamachines.com\/","name":"SUPER TORTILLADORAS","description":"Las mejores Tortilladoras Mexicanas","publisher":{"@id":"https:\/\/supertortillamachines.com\/#organization"},"potentialAction":[{"@type":"SearchAction","target":{"@type":"EntryPoint","urlTemplate":"https:\/\/supertortillamachines.com\/?s={search_term_string}"},"query-input":{"@type":"PropertyValueSpecification","valueRequired":true,"valueName":"search_term_string"}}],"inLanguage":"es"},{"@type":"Organization","@id":"https:\/\/supertortillamachines.com\/#organization","name":"SUPER TORTILLADORAS","url":"https:\/\/supertortillamachines.com\/","logo":{"@type":"ImageObject","inLanguage":"es","@id":"https:\/\/supertortillamachines.com\/#\/schema\/logo\/image\/","url":"https:\/\/supertortillamachines.com\/wp-content\/uploads\/2025\/07\/Supertortilla.jpg","contentUrl":"https:\/\/supertortillamachines.com\/wp-content\/uploads\/2025\/07\/Supertortilla.jpg","width":221,"height":177,"caption":" SUPER TORTILLA MACHINES "},"image":{"@id":"https:\/\/supertortillamachines.com\/#\/schema\/logo\/image\/"}}]}},"jetpack_sharing_enabled":true,"_links":{"self":[{"href":"https:\/\/supertortillamachines.com\/es\/wp-json\/wp\/v2\/product\/671","targetHints":{"allow":["GET"]}}],"collection":[{"href":"https:\/\/supertortillamachines.com\/es\/wp-json\/wp\/v2\/product"}],"about":[{"href":"https:\/\/supertortillamachines.com\/es\/wp-json\/wp\/v2\/types\/product"}],"wp:featuredmedia":[{"embeddable":true,"href":"https:\/\/supertortillamachines.com\/es\/wp-json\/wp\/v2\/media\/1283"}],"wp:attachment":[{"href":"https:\/\/supertortillamachines.com\/es\/wp-json\/wp\/v2\/media?parent=671"}],"wp:term":[{"taxonomy":"product_brand","embeddable":true,"href":"https:\/\/supertortillamachines.com\/es\/wp-json\/wp\/v2\/product_brand?post=671"},{"taxonomy":"product_cat","embeddable":true,"href":"https:\/\/supertortillamachines.com\/es\/wp-json\/wp\/v2\/product_cat?post=671"},{"taxonomy":"product_tag","embeddable":true,"href":"https:\/\/supertortillamachines.com\/es\/wp-json\/wp\/v2\/product_tag?post=671"}],"curies":[{"name":"wp","href":"https:\/\/api.w.org\/{rel}","templated":true}]}}