{"id":951,"date":"2025-08-08T16:42:34","date_gmt":"2025-08-08T16:42:34","guid":{"rendered":"http:\/\/supertortillamachines.com\/?post_type=product&#038;p=951"},"modified":"2025-09-18T16:36:13","modified_gmt":"2025-09-18T16:36:13","slug":"c1500-maquina-de-tortillas-de-maiz-para-gorditas-y-arepas","status":"publish","type":"product","link":"https:\/\/supertortillamachines.com\/es\/product\/c1500-corn-tortilla-machine-for-gorditas-and-arepas\/","title":{"rendered":"C1500 Gorditas y Arepas Tortilladora de Ma\u00edz Cabezal - Dise\u00f1o Compacto"},"content":{"rendered":"<p>Esta es una gran m\u00e1quina para iniciar su negocio de tortillas de ma\u00edz o para instalarla en su restaurante y empezar a ofrecer tortillas de ma\u00edz reci\u00e9n hechas a sus clientes.<\/p>\n<p>Solo necesitas un hombre o mujer para operar esta maquina, necesitas un espacio peque\u00f1o para acomodarla. No lo dudes, esta es la forma m\u00e1s f\u00e1cil de empezar en el rentable negocio de la tortilla.<\/p>\n<p>Tiene un dise\u00f1o muy compacto<\/p>\n<p>Las caracter\u00edsticas de la m\u00e1quina son<\/p>\n<ul>\n<li>Esta m\u00e1quina es excelente para una peque\u00f1a f\u00e1brica de tortillas o para un restaurante.<\/li>\n<li>Formato peque\u00f1o<\/li>\n<li>Operaci\u00f3n de un solo hombre<\/li>\n<li>Se obtienen tortillas listas para ser terminadas de cocinar en una parrilla. (la parrilla se vende por separado por $520.00)<\/li>\n<li>Elabora tortillas de nixtamal (ma\u00edz cocido) y maseca (harina de ma\u00edz).<\/li>\n<li>Incluye 1 cortador de 4,72\u2033 y 6,3\u2033 de di\u00e1metro.<\/li>\n<li>Otros tama\u00f1os de cuchillas disponibles<\/li>\n<\/ul>\n<p>Puedes hacer hasta 30 kg de tortillas por hora!!!.Solo tienes que poner la masa y la m\u00e1quina te dar\u00e1 las tortillas para terminar de cocinarlas en una parrilla.<\/p>\n<p>CARACTER\u00cdSTICAS DEL ART\u00cdCULO<\/p>\n<ul>\n<li>600 a 1000 tortillas, gorditas o arepas por hora<\/li>\n<li>Capacidad de grosor: de 2 mm a 8,5 mm<\/li>\n<li>220 voltios 60 Hz puede ajustarse f\u00e1cilmente para 220-50Hz<\/li>\n<li>Peso neto 300 lbs.<\/li>\n<li>Dimensiones de la m\u00e1quina 47\u2033 Altura m\u00e1xima, 27\u2033 Longitud, 16\u2033 Ancho<\/li>\n<li>Termina de cocinar tu tortilla en una parrilla normal<\/li>\n<\/ul>\n<p>Estas m\u00e1quinas se fabrican bajo pedido y tardamos 15 d\u00edas laborables en enviarle su m\u00e1quina. Por favor, tenga esto en cuenta cuando haga su pedido.<\/p>\n<p>No lo dudes, tambi\u00e9n somos vendedores en ebay y puedes ver que somos un vendedor de confianza en<\/p>\n<div>Ebay<\/div>\n<p>&nbsp;<\/p>\n<div style=\"text-align: center;\"><a href=\"https:\/\/supertortillamachines.com\/es\/\">www.supertortillamachines.com<\/a><\/div>\n<p>Si usted est\u00e1 en los EE.UU. ser\u00e1 muy f\u00e1cil comprar de nosotros, porque somos una corporaci\u00f3n de EE.UU., usted no tendr\u00e1 que lidiar con las aduanas en cualquier momento. Usted s\u00f3lo tiene que pedir y recibir\u00e1 su m\u00e1quina en cualquier direcci\u00f3n de EE.UU. dentro de los estados continentales.<\/p>\n<p>Nota importante: Esta m\u00e1quina no est\u00e1 dise\u00f1ada para TORTILLAS DE HARINA DE TRIGO.<\/p>","protected":false},"excerpt":{"rendered":"<p>Esta es una gran m\u00e1quina para comenzar su negocio de tortillas de Ma\u00edz o para instalarla en su restaurante y comenzar a ofrecer tortillas de Ma\u00edz frescas a sus clientes.<\/p>","protected":false},"featured_media":952,"template":"","meta":{"om_disable_all_campaigns":false,"_monsterinsights_skip_tracking":false,"_monsterinsights_sitenote_active":false,"_monsterinsights_sitenote_note":"","_monsterinsights_sitenote_category":0},"product_brand":[57],"product_cat":[61,58],"product_tag":[88,132,22,73],"class_list":{"0":"post-951","1":"product","2":"type-product","3":"status-publish","4":"has-post-thumbnail","6":"product_brand-super-tortilla-machines","7":"product_cat-commercial-production-corn-flour-tortilla-machines","8":"product_cat-corn-flour-tortilla-machines","9":"product_tag-corn","10":"product_tag-gorditas","11":"product_tag-machine","12":"product_tag-tortilla","14":"first","15":"instock","16":"shipping-taxable","17":"purchasable","18":"product-type-variable"},"yoast_head":"<!-- This site is optimized with the Yoast SEO plugin v27.4 - https:\/\/yoast.com\/product\/yoast-seo-wordpress\/ -->\n<title>C1500 Gorditas And Arepas Corn Tortilla Machine Head - Compact Design - SUPER TORTILLA MACHINES<\/title>\n<meta name=\"description\" content=\"This is a great machine to start your Corn tortilla business or to install it in your restaurant and start offering fresh Corn tortillas to your customers.\" \/>\n<meta name=\"robots\" content=\"index, follow, max-snippet:-1, max-image-preview:large, max-video-preview:-1\" \/>\n<link rel=\"canonical\" href=\"https:\/\/supertortillamachines.com\/es\/producto\/c1500-maquina-de-tortillas-de-maiz-para-gorditas-y-arepas\/\" \/>\n<meta property=\"og:locale\" content=\"es_MX\" \/>\n<meta property=\"og:type\" content=\"article\" \/>\n<meta property=\"og:title\" content=\"C1500 Gorditas And Arepas Corn Tortilla Machine Head - Compact Design - SUPER TORTILLA MACHINES\" \/>\n<meta property=\"og:description\" content=\"This is a great machine to start your Corn tortilla business or to install it in your restaurant and start offering fresh Corn tortillas to your customers.\" \/>\n<meta property=\"og:url\" content=\"https:\/\/supertortillamachines.com\/es\/producto\/c1500-maquina-de-tortillas-de-maiz-para-gorditas-y-arepas\/\" \/>\n<meta property=\"og:site_name\" content=\"SUPER TORTILLA MACHINES\" \/>\n<meta property=\"article:modified_time\" content=\"2025-09-18T16:36:13+00:00\" \/>\n<meta property=\"og:image\" content=\"https:\/\/supertortillamachines.com\/wp-content\/uploads\/2025\/08\/c1500.jpg\" \/>\n\t<meta property=\"og:image:width\" content=\"600\" \/>\n\t<meta property=\"og:image:height\" content=\"600\" \/>\n\t<meta property=\"og:image:type\" content=\"image\/jpeg\" \/>\n<meta name=\"twitter:card\" content=\"summary_large_image\" \/>\n<meta name=\"twitter:label1\" content=\"Tiempo de lectura\" \/>\n\t<meta name=\"twitter:data1\" content=\"2 minutos\" \/>\n<script type=\"application\/ld+json\" class=\"yoast-schema-graph\">{\"@context\":\"https:\\\/\\\/schema.org\",\"@graph\":[{\"@type\":\"WebPage\",\"@id\":\"https:\\\/\\\/supertortillamachines.com\\\/product\\\/c1500-corn-tortilla-machine-for-gorditas-and-arepas\\\/\",\"url\":\"https:\\\/\\\/supertortillamachines.com\\\/product\\\/c1500-corn-tortilla-machine-for-gorditas-and-arepas\\\/\",\"name\":\"C1500 Gorditas And Arepas Corn Tortilla Machine Head - Compact Design - SUPER TORTILLA MACHINES\",\"isPartOf\":{\"@id\":\"https:\\\/\\\/supertortillamachines.com\\\/#website\"},\"primaryImageOfPage\":{\"@id\":\"https:\\\/\\\/supertortillamachines.com\\\/product\\\/c1500-corn-tortilla-machine-for-gorditas-and-arepas\\\/#primaryimage\"},\"image\":{\"@id\":\"https:\\\/\\\/supertortillamachines.com\\\/product\\\/c1500-corn-tortilla-machine-for-gorditas-and-arepas\\\/#primaryimage\"},\"thumbnailUrl\":\"https:\\\/\\\/supertortillamachines.com\\\/wp-content\\\/uploads\\\/2025\\\/08\\\/c1500.jpg\",\"datePublished\":\"2025-08-08T16:42:34+00:00\",\"dateModified\":\"2025-09-18T16:36:13+00:00\",\"description\":\"This is a great machine to start your Corn tortilla business or to install it in your restaurant and start offering fresh Corn tortillas to your customers.\",\"breadcrumb\":{\"@id\":\"https:\\\/\\\/supertortillamachines.com\\\/product\\\/c1500-corn-tortilla-machine-for-gorditas-and-arepas\\\/#breadcrumb\"},\"inLanguage\":\"es\",\"potentialAction\":[{\"@type\":\"ReadAction\",\"target\":[\"https:\\\/\\\/supertortillamachines.com\\\/product\\\/c1500-corn-tortilla-machine-for-gorditas-and-arepas\\\/\"]}]},{\"@type\":\"ImageObject\",\"inLanguage\":\"es\",\"@id\":\"https:\\\/\\\/supertortillamachines.com\\\/product\\\/c1500-corn-tortilla-machine-for-gorditas-and-arepas\\\/#primaryimage\",\"url\":\"https:\\\/\\\/supertortillamachines.com\\\/wp-content\\\/uploads\\\/2025\\\/08\\\/c1500.jpg\",\"contentUrl\":\"https:\\\/\\\/supertortillamachines.com\\\/wp-content\\\/uploads\\\/2025\\\/08\\\/c1500.jpg\",\"width\":600,\"height\":600,\"caption\":\"c1500\"},{\"@type\":\"BreadcrumbList\",\"@id\":\"https:\\\/\\\/supertortillamachines.com\\\/product\\\/c1500-corn-tortilla-machine-for-gorditas-and-arepas\\\/#breadcrumb\",\"itemListElement\":[{\"@type\":\"ListItem\",\"position\":1,\"name\":\"Home\",\"item\":\"https:\\\/\\\/supertortillamachines.com\\\/\"},{\"@type\":\"ListItem\",\"position\":2,\"name\":\"Shop\",\"item\":\"https:\\\/\\\/supertortillamachines.com\\\/shop\\\/\"},{\"@type\":\"ListItem\",\"position\":3,\"name\":\"C1500 Gorditas And Arepas Corn Tortilla Machine Head &#8211; Compact Design\"}]},{\"@type\":\"WebSite\",\"@id\":\"https:\\\/\\\/supertortillamachines.com\\\/#website\",\"url\":\"https:\\\/\\\/supertortillamachines.com\\\/\",\"name\":\"SUPER TORTILLA MACHINES\",\"description\":\"The best Mexican Tortilla Machines\",\"publisher\":{\"@id\":\"https:\\\/\\\/supertortillamachines.com\\\/#organization\"},\"potentialAction\":[{\"@type\":\"SearchAction\",\"target\":{\"@type\":\"EntryPoint\",\"urlTemplate\":\"https:\\\/\\\/supertortillamachines.com\\\/?s={search_term_string}\"},\"query-input\":{\"@type\":\"PropertyValueSpecification\",\"valueRequired\":true,\"valueName\":\"search_term_string\"}}],\"inLanguage\":\"es\"},{\"@type\":\"Organization\",\"@id\":\"https:\\\/\\\/supertortillamachines.com\\\/#organization\",\"name\":\"SUPER TORTILLA MACHINES\",\"url\":\"https:\\\/\\\/supertortillamachines.com\\\/\",\"logo\":{\"@type\":\"ImageObject\",\"inLanguage\":\"es\",\"@id\":\"https:\\\/\\\/supertortillamachines.com\\\/#\\\/schema\\\/logo\\\/image\\\/\",\"url\":\"https:\\\/\\\/supertortillamachines.com\\\/wp-content\\\/uploads\\\/2025\\\/07\\\/Supertortilla.jpg\",\"contentUrl\":\"https:\\\/\\\/supertortillamachines.com\\\/wp-content\\\/uploads\\\/2025\\\/07\\\/Supertortilla.jpg\",\"width\":221,\"height\":177,\"caption\":\" SUPER TORTILLA MACHINES \"},\"image\":{\"@id\":\"https:\\\/\\\/supertortillamachines.com\\\/#\\\/schema\\\/logo\\\/image\\\/\"}}]}<\/script>\n<!-- \/ Yoast SEO plugin. -->","yoast_head_json":{"title":"C1500 Cabezal de M\u00e1quina de Tortillas de Ma\u00edz Gorditas y Arepas - Dise\u00f1o Compacto - SUPER TORTILLA MACHINES","description":"Esta es una gran m\u00e1quina para comenzar su negocio de tortillas de Ma\u00edz o para instalarla en su restaurante y comenzar a ofrecer tortillas de Ma\u00edz frescas a sus clientes.","robots":{"index":"index","follow":"follow","max-snippet":"max-snippet:-1","max-image-preview":"max-image-preview:large","max-video-preview":"max-video-preview:-1"},"canonical":"https:\/\/supertortillamachines.com\/es\/producto\/c1500-maquina-de-tortillas-de-maiz-para-gorditas-y-arepas\/","og_locale":"es_MX","og_type":"article","og_title":"C1500 Gorditas And Arepas Corn Tortilla Machine Head - Compact Design - SUPER TORTILLA MACHINES","og_description":"This is a great machine to start your Corn tortilla business or to install it in your restaurant and start offering fresh Corn tortillas to your customers.","og_url":"https:\/\/supertortillamachines.com\/es\/producto\/c1500-maquina-de-tortillas-de-maiz-para-gorditas-y-arepas\/","og_site_name":"SUPER TORTILLA MACHINES","article_modified_time":"2025-09-18T16:36:13+00:00","og_image":[{"width":600,"height":600,"url":"https:\/\/supertortillamachines.com\/wp-content\/uploads\/2025\/08\/c1500.jpg","type":"image\/jpeg"}],"twitter_card":"summary_large_image","twitter_misc":{"Tiempo de lectura":"2 minutos"},"schema":{"@context":"https:\/\/schema.org","@graph":[{"@type":"WebPage","@id":"https:\/\/supertortillamachines.com\/product\/c1500-corn-tortilla-machine-for-gorditas-and-arepas\/","url":"https:\/\/supertortillamachines.com\/product\/c1500-corn-tortilla-machine-for-gorditas-and-arepas\/","name":"C1500 Cabezal de M\u00e1quina de Tortillas de Ma\u00edz Gorditas y Arepas - Dise\u00f1o Compacto - SUPER TORTILLA MACHINES","isPartOf":{"@id":"https:\/\/supertortillamachines.com\/#website"},"primaryImageOfPage":{"@id":"https:\/\/supertortillamachines.com\/product\/c1500-corn-tortilla-machine-for-gorditas-and-arepas\/#primaryimage"},"image":{"@id":"https:\/\/supertortillamachines.com\/product\/c1500-corn-tortilla-machine-for-gorditas-and-arepas\/#primaryimage"},"thumbnailUrl":"https:\/\/supertortillamachines.com\/wp-content\/uploads\/2025\/08\/c1500.jpg","datePublished":"2025-08-08T16:42:34+00:00","dateModified":"2025-09-18T16:36:13+00:00","description":"Esta es una gran m\u00e1quina para comenzar su negocio de tortillas de Ma\u00edz o para instalarla en su restaurante y comenzar a ofrecer tortillas de Ma\u00edz frescas a sus clientes.","breadcrumb":{"@id":"https:\/\/supertortillamachines.com\/product\/c1500-corn-tortilla-machine-for-gorditas-and-arepas\/#breadcrumb"},"inLanguage":"es","potentialAction":[{"@type":"ReadAction","target":["https:\/\/supertortillamachines.com\/product\/c1500-corn-tortilla-machine-for-gorditas-and-arepas\/"]}]},{"@type":"ImageObject","inLanguage":"es","@id":"https:\/\/supertortillamachines.com\/product\/c1500-corn-tortilla-machine-for-gorditas-and-arepas\/#primaryimage","url":"https:\/\/supertortillamachines.com\/wp-content\/uploads\/2025\/08\/c1500.jpg","contentUrl":"https:\/\/supertortillamachines.com\/wp-content\/uploads\/2025\/08\/c1500.jpg","width":600,"height":600,"caption":"c1500"},{"@type":"BreadcrumbList","@id":"https:\/\/supertortillamachines.com\/product\/c1500-corn-tortilla-machine-for-gorditas-and-arepas\/#breadcrumb","itemListElement":[{"@type":"ListItem","position":1,"name":"Home","item":"https:\/\/supertortillamachines.com\/"},{"@type":"ListItem","position":2,"name":"Shop","item":"https:\/\/supertortillamachines.com\/shop\/"},{"@type":"ListItem","position":3,"name":"C1500 Gorditas And Arepas Corn Tortilla Machine Head &#8211; Compact Design"}]},{"@type":"WebSite","@id":"https:\/\/supertortillamachines.com\/#website","url":"https:\/\/supertortillamachines.com\/","name":"SUPER TORTILLADORAS","description":"Las mejores Tortilladoras Mexicanas","publisher":{"@id":"https:\/\/supertortillamachines.com\/#organization"},"potentialAction":[{"@type":"SearchAction","target":{"@type":"EntryPoint","urlTemplate":"https:\/\/supertortillamachines.com\/?s={search_term_string}"},"query-input":{"@type":"PropertyValueSpecification","valueRequired":true,"valueName":"search_term_string"}}],"inLanguage":"es"},{"@type":"Organization","@id":"https:\/\/supertortillamachines.com\/#organization","name":"SUPER TORTILLADORAS","url":"https:\/\/supertortillamachines.com\/","logo":{"@type":"ImageObject","inLanguage":"es","@id":"https:\/\/supertortillamachines.com\/#\/schema\/logo\/image\/","url":"https:\/\/supertortillamachines.com\/wp-content\/uploads\/2025\/07\/Supertortilla.jpg","contentUrl":"https:\/\/supertortillamachines.com\/wp-content\/uploads\/2025\/07\/Supertortilla.jpg","width":221,"height":177,"caption":" SUPER TORTILLA MACHINES "},"image":{"@id":"https:\/\/supertortillamachines.com\/#\/schema\/logo\/image\/"}}]}},"jetpack_sharing_enabled":true,"_links":{"self":[{"href":"https:\/\/supertortillamachines.com\/es\/wp-json\/wp\/v2\/product\/951","targetHints":{"allow":["GET"]}}],"collection":[{"href":"https:\/\/supertortillamachines.com\/es\/wp-json\/wp\/v2\/product"}],"about":[{"href":"https:\/\/supertortillamachines.com\/es\/wp-json\/wp\/v2\/types\/product"}],"wp:featuredmedia":[{"embeddable":true,"href":"https:\/\/supertortillamachines.com\/es\/wp-json\/wp\/v2\/media\/952"}],"wp:attachment":[{"href":"https:\/\/supertortillamachines.com\/es\/wp-json\/wp\/v2\/media?parent=951"}],"wp:term":[{"taxonomy":"product_brand","embeddable":true,"href":"https:\/\/supertortillamachines.com\/es\/wp-json\/wp\/v2\/product_brand?post=951"},{"taxonomy":"product_cat","embeddable":true,"href":"https:\/\/supertortillamachines.com\/es\/wp-json\/wp\/v2\/product_cat?post=951"},{"taxonomy":"product_tag","embeddable":true,"href":"https:\/\/supertortillamachines.com\/es\/wp-json\/wp\/v2\/product_tag?post=951"}],"curies":[{"name":"wp","href":"https:\/\/api.w.org\/{rel}","templated":true}]}}