{"id":956,"date":"2025-08-08T17:37:54","date_gmt":"2025-08-08T17:37:54","guid":{"rendered":"https:\/\/supertortillamachines.com\/?post_type=product&#038;p=956"},"modified":"2025-09-18T16:36:13","modified_gmt":"2025-09-18T16:36:13","slug":"all-electric-t3500-maquina-automatica-para-tortillas-de-harina-de-trigo-con-parrilla-manual","status":"publish","type":"product","link":"https:\/\/supertortillamachines.com\/es\/product\/all-electric-t3500-automatic-wheat-flour-tortilla-machine-with-manual-grill\/","title":{"rendered":"All Electric T3500 M\u00e1quina autom\u00e1tica de tortillas de harina de trigo con parrilla manual"},"content":{"rendered":"<p>\u00a1\u00a1\u00a1\u00a1Esta m\u00e1quina es ideal para iniciar su negocio de tortillas de harina o para instalarla en su restaurante y empezar a ofrecer tortillas de harina reci\u00e9n hechas a sus clientes !!!!<\/p>\n<p>\u00a1\u00a1NO NECESITA INSTALACI\u00d3N DE GAS !!<\/p>\n<p>\u00a1\u00a1NO NECESITA CAPOTA NI SALIDA DE AIRE !!<\/p>\n<p>\u00a1\u00a1\u00a1Si a\u00f1ade una m\u00e1quina de tortillas de ma\u00edz C1000, podr\u00e1 hacer tortillas frescas tanto de MA\u00cdZ como de HARINA DE TRIGO para su restaurante o tienda !!!<\/p>\n<p>S\u00f3lo tienes que poner la bola de masa sobre la prensa, entonces la m\u00e1quina autom\u00e1ticamente prensar\u00e1 y extender\u00e1 la tortilla que se deslizar\u00e1 sobre la parrilla, donde podr\u00e1s terminar de cocinarla.<\/p>\n<p>Puede hacer hasta 20 tortillas por minuto, es decir, \u00a1\u00a1\u00a11.200 tortillas por hora!!!.S\u00f3lo tiene que poner las bolas de masa y la m\u00e1quina le dar\u00e1 tortillas totalmente cocidas, calientes y listas para comer.<\/p>\n<p>CARACTER\u00cdSTICAS DEL ART\u00cdCULO<\/p>\n<ul>\n<li>Placas el\u00e9ctricas de 14\u2033, eso significa hasta tortillas de 13\u2033.<\/li>\n<li>220 voltios, 60 Hz (ajustado a 50 Hz bajo pedido)<\/li>\n<li>Peso neto 300 lbs.<\/li>\n<li>Dimensiones de la m\u00e1quina 53\u2033 Altura Max, 71\u2033 Longitud, 32\u2033 Ancho (134,62 cm Max, Altura 180,34 cm Longitud, 55,88 cm ancho).<\/li>\n<li>Superficie de la parrilla 20\u2033 x 48\u2033.<\/li>\n<li>Parrilla con calefacci\u00f3n el\u00e9ctrica.<\/li>\n<\/ul>\n<p><strong>Vea c\u00f3mo funciona en el siguiente v\u00eddeo<\/strong><\/p>\n<p style=\"text-align: center;\"><div class=\"lyte-wrapper\" style=\"width:640px;max-width:100%;margin:5px auto;\"><div class=\"lyMe\" id=\"WYL_HWjel2tvB5Q\"><div id=\"lyte_HWjel2tvB5Q\" data-src=\"https:\/\/supertortillamachines.com\/wp-content\/plugins\/wp-youtube-lyte\/lyteCache.php?origThumbUrl=%2F%2Fi.ytimg.com%2Fvi%2FHWjel2tvB5Q%2Fhqdefault.jpg\" class=\"pL\"><div class=\"tC\"><div class=\"tT\"><\/div><\/div><div class=\"play\"><\/div><div class=\"ctrl\"><div class=\"Lctrl\"><\/div><div class=\"Rctrl\"><\/div><\/div><\/div><noscript><a href=\"https:\/\/youtu.be\/HWjel2tvB5Q\" rel=\"nofollow\"><img fetchpriority=\"high\" decoding=\"async\" src=\"https:\/\/supertortillamachines.com\/wp-content\/plugins\/wp-youtube-lyte\/lyteCache.php?origThumbUrl=https%3A%2F%2Fi.ytimg.com%2Fvi%2FHWjel2tvB5Q%2F0.jpg\" alt=\"Miniatura de v\u00eddeo de YouTube\" width=\"640\" height=\"340\" \/><br \/>Ver este video en YouTube<\/a><\/noscript><\/div><\/div><div class=\"lL\" style=\"max-width:100%;width:640px;margin:5px auto;\"><\/div><\/p>\n<p style=\"text-align: center;\"><div class=\"lyte-wrapper\" style=\"width:640px;max-width:100%;margin:5px auto;\"><div class=\"lyMe\" id=\"WYL_1zcl8Pg1_bE\"><div id=\"lyte_1zcl8Pg1_bE\" data-src=\"https:\/\/supertortillamachines.com\/wp-content\/plugins\/wp-youtube-lyte\/lyteCache.php?origThumbUrl=%2F%2Fi.ytimg.com%2Fvi%2F1zcl8Pg1_bE%2Fhqdefault.jpg\" class=\"pL\"><div class=\"tC\"><div class=\"tT\"><\/div><\/div><div class=\"play\"><\/div><div class=\"ctrl\"><div class=\"Lctrl\"><\/div><div class=\"Rctrl\"><\/div><\/div><\/div><noscript><a href=\"https:\/\/youtu.be\/1zcl8Pg1_bE\" rel=\"nofollow\"><img decoding=\"async\" src=\"https:\/\/supertortillamachines.com\/wp-content\/plugins\/wp-youtube-lyte\/lyteCache.php?origThumbUrl=https%3A%2F%2Fi.ytimg.com%2Fvi%2F1zcl8Pg1_bE%2F0.jpg\" alt=\"Miniatura de v\u00eddeo de YouTube\" width=\"640\" height=\"340\" \/><br \/>Ver este video en YouTube<\/a><\/noscript><\/div><\/div><div class=\"lL\" style=\"max-width:100%;width:640px;margin:5px auto;\"><\/div><\/p>\n<p>Estas m\u00e1quinas se fabrican bajo pedido y tardamos 15 d\u00edas laborables en enviarle su m\u00e1quina. Por favor, tenga esto en cuenta cuando haga su pedido.<\/p>\n<p>No lo dudes, tambi\u00e9n somos vendedores en ebay y puedes ver que somos un vendedor de confianza en<\/p>\n<div><a href=\"http:\/\/feedback.ebay.com\/ws\/eBayISAPI.dll?ViewFeedback2&amp;userid=woodandheat&amp;ftab=AllFeedback\">http:\/\/feedback.ebay.com\/ws\/eBayISAPI.dll?ViewFeedback2&amp;userid=woodandheat&amp;ftab=AllFeedback<\/a><\/div>\n<div><a href=\"http:\/\/weebly-link\/607398779830849657\">www.supertortillamachines.com<\/a><\/div>\n<p>Es la mejor opci\u00f3n en m\u00e1quinas tortilladoras de harina para producci\u00f3n industrial. Somos una empresa con presencia en M\u00e9xico y Estados Unidos. Nuestras maquinas son de calidad hechas en Mexico y exportadas a nuestro almacen en USA. Es por eso que podemos enviar a un precio muy competitivo dentro de los EE.UU. y en todo el mundo.<\/p>\n<p>Si usted est\u00e1 en los EE.UU. ser\u00e1 muy f\u00e1cil comprar de nosotros, porque somos una corporaci\u00f3n de EE.UU., usted no tendr\u00e1 que lidiar con las aduanas en cualquier momento. Usted s\u00f3lo tiene que pedir y recibir\u00e1 su m\u00e1quina en cualquier direcci\u00f3n de EE.UU. dentro de los estados continentales.<\/p>\n<p>Nota importante: Esta m\u00e1quina no est\u00e1 dise\u00f1ada para TORTILLAS DE MA\u00cdZ.<\/p>","protected":false},"excerpt":{"rendered":"<p>Puede hacer hasta 20 tortillas por minuto, es decir, \u00a1\u00a1\u00a11.200 tortillas por hora!!! S\u00f3lo tiene que introducir las bolas de masa y la m\u00e1quina le proporcionar\u00e1 tortillas totalmente cocidas, calientes y listas para comer.<\/p>","protected":false},"featured_media":960,"template":"","meta":{"om_disable_all_campaigns":false,"_monsterinsights_skip_tracking":false,"_monsterinsights_sitenote_active":false,"_monsterinsights_sitenote_note":"","_monsterinsights_sitenote_category":0},"product_brand":[57],"product_cat":[65,59],"product_tag":[21,22,73,66],"class_list":{"0":"post-956","1":"product","2":"type-product","3":"status-publish","4":"has-post-thumbnail","6":"product_brand-super-tortilla-machines","7":"product_cat-industrial-production-wheat-flour-tortilla-machines","8":"product_cat-wheat-flour-tortilla-machines","9":"product_tag-flour","10":"product_tag-machine","11":"product_tag-tortilla","12":"product_tag-wheat","14":"first","15":"instock","16":"shipping-taxable","17":"purchasable","18":"product-type-variable"},"yoast_head":"<!-- This site is optimized with the Yoast SEO plugin v27.4 - https:\/\/yoast.com\/product\/yoast-seo-wordpress\/ -->\n<title>All Electric T3500 Automatic Wheat Flour tortilla machine<\/title>\n<meta name=\"description\" content=\"You can make up to 20 tortillas per minute. You only need to put in the dough balls and the machine will give you fully cooked tortillas.\" \/>\n<meta name=\"robots\" content=\"index, follow, max-snippet:-1, max-image-preview:large, max-video-preview:-1\" \/>\n<link rel=\"canonical\" href=\"https:\/\/supertortillamachines.com\/es\/producto\/all-electric-t3500-maquina-automatica-para-tortillas-de-harina-de-trigo-con-parrilla-manual\/\" \/>\n<meta property=\"og:locale\" content=\"es_MX\" \/>\n<meta property=\"og:type\" content=\"article\" \/>\n<meta property=\"og:title\" content=\"All Electric T3500 Automatic Wheat Flour tortilla machine\" \/>\n<meta property=\"og:description\" content=\"You can make up to 20 tortillas per minute. You only need to put in the dough balls and the machine will give you fully cooked tortillas.\" \/>\n<meta property=\"og:url\" content=\"https:\/\/supertortillamachines.com\/es\/producto\/all-electric-t3500-maquina-automatica-para-tortillas-de-harina-de-trigo-con-parrilla-manual\/\" \/>\n<meta property=\"og:site_name\" content=\"SUPER TORTILLA MACHINES\" \/>\n<meta property=\"article:modified_time\" content=\"2025-09-18T16:36:13+00:00\" \/>\n<meta property=\"og:image\" content=\"https:\/\/supertortillamachines.com\/wp-content\/uploads\/2025\/08\/T3500-All-Electric-2-Small.jpg\" \/>\n\t<meta property=\"og:image:width\" content=\"640\" \/>\n\t<meta property=\"og:image:height\" content=\"480\" \/>\n\t<meta property=\"og:image:type\" content=\"image\/jpeg\" \/>\n<meta name=\"twitter:card\" content=\"summary_large_image\" \/>\n<meta name=\"twitter:label1\" content=\"Tiempo de lectura\" \/>\n\t<meta name=\"twitter:data1\" content=\"2 minutos\" \/>\n<script type=\"application\/ld+json\" class=\"yoast-schema-graph\">{\"@context\":\"https:\\\/\\\/schema.org\",\"@graph\":[{\"@type\":\"WebPage\",\"@id\":\"https:\\\/\\\/supertortillamachines.com\\\/product\\\/all-electric-t3500-automatic-wheat-flour-tortilla-machine-with-manual-grill\\\/\",\"url\":\"https:\\\/\\\/supertortillamachines.com\\\/product\\\/all-electric-t3500-automatic-wheat-flour-tortilla-machine-with-manual-grill\\\/\",\"name\":\"All Electric T3500 Automatic Wheat Flour tortilla machine\",\"isPartOf\":{\"@id\":\"https:\\\/\\\/supertortillamachines.com\\\/#website\"},\"primaryImageOfPage\":{\"@id\":\"https:\\\/\\\/supertortillamachines.com\\\/product\\\/all-electric-t3500-automatic-wheat-flour-tortilla-machine-with-manual-grill\\\/#primaryimage\"},\"image\":{\"@id\":\"https:\\\/\\\/supertortillamachines.com\\\/product\\\/all-electric-t3500-automatic-wheat-flour-tortilla-machine-with-manual-grill\\\/#primaryimage\"},\"thumbnailUrl\":\"https:\\\/\\\/supertortillamachines.com\\\/wp-content\\\/uploads\\\/2025\\\/08\\\/T3500-All-Electric-2-Small.jpg\",\"datePublished\":\"2025-08-08T17:37:54+00:00\",\"dateModified\":\"2025-09-18T16:36:13+00:00\",\"description\":\"You can make up to 20 tortillas per minute. You only need to put in the dough balls and the machine will give you fully cooked tortillas.\",\"breadcrumb\":{\"@id\":\"https:\\\/\\\/supertortillamachines.com\\\/product\\\/all-electric-t3500-automatic-wheat-flour-tortilla-machine-with-manual-grill\\\/#breadcrumb\"},\"inLanguage\":\"es\",\"potentialAction\":[{\"@type\":\"ReadAction\",\"target\":[\"https:\\\/\\\/supertortillamachines.com\\\/product\\\/all-electric-t3500-automatic-wheat-flour-tortilla-machine-with-manual-grill\\\/\"]}]},{\"@type\":\"ImageObject\",\"inLanguage\":\"es\",\"@id\":\"https:\\\/\\\/supertortillamachines.com\\\/product\\\/all-electric-t3500-automatic-wheat-flour-tortilla-machine-with-manual-grill\\\/#primaryimage\",\"url\":\"https:\\\/\\\/supertortillamachines.com\\\/wp-content\\\/uploads\\\/2025\\\/08\\\/T3500-All-Electric-2-Small.jpg\",\"contentUrl\":\"https:\\\/\\\/supertortillamachines.com\\\/wp-content\\\/uploads\\\/2025\\\/08\\\/T3500-All-Electric-2-Small.jpg\",\"width\":640,\"height\":480,\"caption\":\"T3500 All Electric\"},{\"@type\":\"BreadcrumbList\",\"@id\":\"https:\\\/\\\/supertortillamachines.com\\\/product\\\/all-electric-t3500-automatic-wheat-flour-tortilla-machine-with-manual-grill\\\/#breadcrumb\",\"itemListElement\":[{\"@type\":\"ListItem\",\"position\":1,\"name\":\"Home\",\"item\":\"https:\\\/\\\/supertortillamachines.com\\\/\"},{\"@type\":\"ListItem\",\"position\":2,\"name\":\"Shop\",\"item\":\"https:\\\/\\\/supertortillamachines.com\\\/shop\\\/\"},{\"@type\":\"ListItem\",\"position\":3,\"name\":\"All Electric T3500 Automatic Wheat Flour tortilla machine with manual grill\"}]},{\"@type\":\"WebSite\",\"@id\":\"https:\\\/\\\/supertortillamachines.com\\\/#website\",\"url\":\"https:\\\/\\\/supertortillamachines.com\\\/\",\"name\":\"SUPER TORTILLA MACHINES\",\"description\":\"The best Mexican Tortilla Machines\",\"publisher\":{\"@id\":\"https:\\\/\\\/supertortillamachines.com\\\/#organization\"},\"potentialAction\":[{\"@type\":\"SearchAction\",\"target\":{\"@type\":\"EntryPoint\",\"urlTemplate\":\"https:\\\/\\\/supertortillamachines.com\\\/?s={search_term_string}\"},\"query-input\":{\"@type\":\"PropertyValueSpecification\",\"valueRequired\":true,\"valueName\":\"search_term_string\"}}],\"inLanguage\":\"es\"},{\"@type\":\"Organization\",\"@id\":\"https:\\\/\\\/supertortillamachines.com\\\/#organization\",\"name\":\"SUPER TORTILLA MACHINES\",\"url\":\"https:\\\/\\\/supertortillamachines.com\\\/\",\"logo\":{\"@type\":\"ImageObject\",\"inLanguage\":\"es\",\"@id\":\"https:\\\/\\\/supertortillamachines.com\\\/#\\\/schema\\\/logo\\\/image\\\/\",\"url\":\"https:\\\/\\\/supertortillamachines.com\\\/wp-content\\\/uploads\\\/2025\\\/07\\\/Supertortilla.jpg\",\"contentUrl\":\"https:\\\/\\\/supertortillamachines.com\\\/wp-content\\\/uploads\\\/2025\\\/07\\\/Supertortilla.jpg\",\"width\":221,\"height\":177,\"caption\":\" SUPER TORTILLA MACHINES \"},\"image\":{\"@id\":\"https:\\\/\\\/supertortillamachines.com\\\/#\\\/schema\\\/logo\\\/image\\\/\"}}]}<\/script>\n<!-- \/ Yoast SEO plugin. -->","yoast_head_json":{"title":"All Electric T3500 M\u00e1quina autom\u00e1tica de tortillas de harina de trigo","description":"Puede hacer hasta 20 tortillas por minuto. Solo tienes que introducir las bolas de masa y la m\u00e1quina te dar\u00e1 tortillas totalmente cocidas.","robots":{"index":"index","follow":"follow","max-snippet":"max-snippet:-1","max-image-preview":"max-image-preview:large","max-video-preview":"max-video-preview:-1"},"canonical":"https:\/\/supertortillamachines.com\/es\/producto\/all-electric-t3500-maquina-automatica-para-tortillas-de-harina-de-trigo-con-parrilla-manual\/","og_locale":"es_MX","og_type":"article","og_title":"All Electric T3500 Automatic Wheat Flour tortilla machine","og_description":"You can make up to 20 tortillas per minute. You only need to put in the dough balls and the machine will give you fully cooked tortillas.","og_url":"https:\/\/supertortillamachines.com\/es\/producto\/all-electric-t3500-maquina-automatica-para-tortillas-de-harina-de-trigo-con-parrilla-manual\/","og_site_name":"SUPER TORTILLA MACHINES","article_modified_time":"2025-09-18T16:36:13+00:00","og_image":[{"width":640,"height":480,"url":"https:\/\/supertortillamachines.com\/wp-content\/uploads\/2025\/08\/T3500-All-Electric-2-Small.jpg","type":"image\/jpeg"}],"twitter_card":"summary_large_image","twitter_misc":{"Tiempo de lectura":"2 minutos"},"schema":{"@context":"https:\/\/schema.org","@graph":[{"@type":"WebPage","@id":"https:\/\/supertortillamachines.com\/product\/all-electric-t3500-automatic-wheat-flour-tortilla-machine-with-manual-grill\/","url":"https:\/\/supertortillamachines.com\/product\/all-electric-t3500-automatic-wheat-flour-tortilla-machine-with-manual-grill\/","name":"All Electric T3500 M\u00e1quina autom\u00e1tica de tortillas de harina de trigo","isPartOf":{"@id":"https:\/\/supertortillamachines.com\/#website"},"primaryImageOfPage":{"@id":"https:\/\/supertortillamachines.com\/product\/all-electric-t3500-automatic-wheat-flour-tortilla-machine-with-manual-grill\/#primaryimage"},"image":{"@id":"https:\/\/supertortillamachines.com\/product\/all-electric-t3500-automatic-wheat-flour-tortilla-machine-with-manual-grill\/#primaryimage"},"thumbnailUrl":"https:\/\/supertortillamachines.com\/wp-content\/uploads\/2025\/08\/T3500-All-Electric-2-Small.jpg","datePublished":"2025-08-08T17:37:54+00:00","dateModified":"2025-09-18T16:36:13+00:00","description":"Puede hacer hasta 20 tortillas por minuto. Solo tienes que introducir las bolas de masa y la m\u00e1quina te dar\u00e1 tortillas totalmente cocidas.","breadcrumb":{"@id":"https:\/\/supertortillamachines.com\/product\/all-electric-t3500-automatic-wheat-flour-tortilla-machine-with-manual-grill\/#breadcrumb"},"inLanguage":"es","potentialAction":[{"@type":"ReadAction","target":["https:\/\/supertortillamachines.com\/product\/all-electric-t3500-automatic-wheat-flour-tortilla-machine-with-manual-grill\/"]}]},{"@type":"ImageObject","inLanguage":"es","@id":"https:\/\/supertortillamachines.com\/product\/all-electric-t3500-automatic-wheat-flour-tortilla-machine-with-manual-grill\/#primaryimage","url":"https:\/\/supertortillamachines.com\/wp-content\/uploads\/2025\/08\/T3500-All-Electric-2-Small.jpg","contentUrl":"https:\/\/supertortillamachines.com\/wp-content\/uploads\/2025\/08\/T3500-All-Electric-2-Small.jpg","width":640,"height":480,"caption":"T3500 All Electric"},{"@type":"BreadcrumbList","@id":"https:\/\/supertortillamachines.com\/product\/all-electric-t3500-automatic-wheat-flour-tortilla-machine-with-manual-grill\/#breadcrumb","itemListElement":[{"@type":"ListItem","position":1,"name":"Home","item":"https:\/\/supertortillamachines.com\/"},{"@type":"ListItem","position":2,"name":"Shop","item":"https:\/\/supertortillamachines.com\/shop\/"},{"@type":"ListItem","position":3,"name":"All Electric T3500 Automatic Wheat Flour tortilla machine with manual grill"}]},{"@type":"WebSite","@id":"https:\/\/supertortillamachines.com\/#website","url":"https:\/\/supertortillamachines.com\/","name":"SUPER TORTILLADORAS","description":"Las mejores Tortilladoras Mexicanas","publisher":{"@id":"https:\/\/supertortillamachines.com\/#organization"},"potentialAction":[{"@type":"SearchAction","target":{"@type":"EntryPoint","urlTemplate":"https:\/\/supertortillamachines.com\/?s={search_term_string}"},"query-input":{"@type":"PropertyValueSpecification","valueRequired":true,"valueName":"search_term_string"}}],"inLanguage":"es"},{"@type":"Organization","@id":"https:\/\/supertortillamachines.com\/#organization","name":"SUPER TORTILLADORAS","url":"https:\/\/supertortillamachines.com\/","logo":{"@type":"ImageObject","inLanguage":"es","@id":"https:\/\/supertortillamachines.com\/#\/schema\/logo\/image\/","url":"https:\/\/supertortillamachines.com\/wp-content\/uploads\/2025\/07\/Supertortilla.jpg","contentUrl":"https:\/\/supertortillamachines.com\/wp-content\/uploads\/2025\/07\/Supertortilla.jpg","width":221,"height":177,"caption":" SUPER TORTILLA MACHINES "},"image":{"@id":"https:\/\/supertortillamachines.com\/#\/schema\/logo\/image\/"}}]}},"jetpack_sharing_enabled":true,"_links":{"self":[{"href":"https:\/\/supertortillamachines.com\/es\/wp-json\/wp\/v2\/product\/956","targetHints":{"allow":["GET"]}}],"collection":[{"href":"https:\/\/supertortillamachines.com\/es\/wp-json\/wp\/v2\/product"}],"about":[{"href":"https:\/\/supertortillamachines.com\/es\/wp-json\/wp\/v2\/types\/product"}],"wp:featuredmedia":[{"embeddable":true,"href":"https:\/\/supertortillamachines.com\/es\/wp-json\/wp\/v2\/media\/960"}],"wp:attachment":[{"href":"https:\/\/supertortillamachines.com\/es\/wp-json\/wp\/v2\/media?parent=956"}],"wp:term":[{"taxonomy":"product_brand","embeddable":true,"href":"https:\/\/supertortillamachines.com\/es\/wp-json\/wp\/v2\/product_brand?post=956"},{"taxonomy":"product_cat","embeddable":true,"href":"https:\/\/supertortillamachines.com\/es\/wp-json\/wp\/v2\/product_cat?post=956"},{"taxonomy":"product_tag","embeddable":true,"href":"https:\/\/supertortillamachines.com\/es\/wp-json\/wp\/v2\/product_tag?post=956"}],"curies":[{"name":"wp","href":"https:\/\/api.w.org\/{rel}","templated":true}]}}